{"id":955,"date":"2021-10-18T13:52:39","date_gmt":"2021-10-18T17:52:39","guid":{"rendered":"http:\/\/fastfrate-dev.local\/contact-integrated-logistics-trucking-ontario-quebec-2\/"},"modified":"2024-08-09T13:24:17","modified_gmt":"2024-08-09T17:24:17","slug":"integrated-logistics-ontario-et-quebec","status":"publish","type":"page","link":"https:\/\/www.fastfrate.com\/fr\/integrated-logistics-ontario-et-quebec\/","title":{"rendered":"Contactez Integrated Logistics QU\u00c9BEC ET ONTARIO"},"content":{"rendered":"<div id=\"PageWrapperHome\" class=\"section1 Subpage SubpageStandard\">\n<div class=\"SubpageWrapper\">\n<div class=\"SubpageContentWrapper container\">\n<div class=\"ContentSubpageRight col-md-6 col-sm-12 col-xs-12\">\n<div class=\"ContentSubpageFeature hidden-xs hidden-sm\"><img decoding=\"async\" class=\"img-responsive\" src=\"https:\/\/www.fastfrate.com\/wp-content\/uploads\/2021\/10\/feature-image-contact-ontario-quebec.jpg\" alt=\"Ontario, Quebec trucking company\" \/><\/div>\n<\/div>\n<div class=\"ContentSubpageLeft col-md-6 col-sm-12 col-xs-12\">\n<div class=\"breadcrum-top\">CONTACTEZ INTEGRATED LOGISTICS<\/div>\n<div class=\"breadcrum-bottom\">QU\u00c9BEC ET ONTARIO<\/div>\n<div class=\"ContentBody\">\n<h1>Trouvez le terminal Integrated Logistics le plus pr\u00e8s<\/h1>\n<div class=\"column col-md-6 col-sm-6 col-xs-12 no-padding-left\">\n<h3 class=\"contact-h3 red\">Toronto<\/h3>\n<p>9701 Highway 50<br \/>\nWoodbridge, Ontario<br \/>\nCanada L4H 2G4<\/p>\n<p><strong>T\u00e9l:<\/strong>\u00a0905.856.4522<br \/>\n<strong>T\u00e9l:<\/strong>\u00a01.888.894.4007<br \/>\n<strong>Fax:<\/strong>\u00a0905.856.4523<\/p>\n<p><strong>Personne-ressource:<\/strong><a href=\"mailto:DarbyJ@fastfrate.com\"> James Darby <\/a><\/p>\n<\/div>\n<div class=\"column col-md-6 col-sm-6 col-xs-12 no-padding-left\">\n<h3 class=\"contact-h3 red\">Montr\u00e9al<\/h3>\n<p>Fastfrate Consolid\u00e9e Inc.<br \/>\n4415 rue Fairway<br \/>\nLachine, Qu\u00e9bec<br \/>\nCanada H8T 1B5<\/p>\n<p><strong>T\u00e9l:<\/strong>\u00a0514.639.7747<br \/>\n<strong>Fax:<\/strong>\u00a0514.639.9070<\/p>\n<p><strong>Personne-ressource:<\/strong>\u00a0<a href=\"mailto:chehadem@fastfrate.com\">Michel Chehade<\/a><\/p>\n<\/div>\n<\/div>\n<\/div>\n<\/div>\n<\/div>\n<\/div>","protected":false},"excerpt":{"rendered":"<p>CONTACTEZ INTEGRATED LOGISTICS QU\u00c9BEC ET ONTARIO Trouvez le terminal Integrated Logistics le plus pr\u00e8s Toronto 9701 Highway 50 Woodbridge, Ontario Canada L4H 2G4 T\u00e9l:\u00a0905.856.4522 T\u00e9l:\u00a01.888.894.4007 Fax:\u00a0905.856.4523 Personne-ressource: James Darby Montr\u00e9al Fastfrate Consolid\u00e9e Inc. 4415 rue Fairway Lachine, Qu\u00e9bec Canada H8T 1B5 T\u00e9l:\u00a0514.639.7747 Fax:\u00a0514.639.9070 Personne-ressource:\u00a0Michel Chehade<\/p>","protected":false},"author":1,"featured_media":0,"parent":0,"menu_order":0,"comment_status":"closed","ping_status":"closed","template":"page-about-fr.php","meta":{"_acf_changed":false,"footnotes":""},"categories":[8],"tags":[],"class_list":["post-955","page","type-page","status-publish","hentry","category-fr","entry"],"acf":[],"yoast_head":"<!-- This site is optimized with the Yoast SEO plugin v27.5 - https:\/\/yoast.com\/product\/yoast-seo-wordpress\/ -->\n<title>Compagnie de camionnage Ontario, Qu\u00e9bec | Integrated Logistics | Montr\u00e9al, Ottawa, Toronto, Thunder Bay<\/title>\n<meta name=\"description\" content=\"Integrated Logistics est une compagnie de transport de marchandise en chargements partiels et chargements complets sp\u00e9cialis\u00e9e dans le transport intermodal par rail, l\u2019entreposage et le courtage de marchandise pour Montr\u00e9al, Ottawa, Toronto, Thunder Bay.\" \/>\n<meta name=\"robots\" content=\"index, follow, max-snippet:-1, max-image-preview:large, max-video-preview:-1\" \/>\n<link rel=\"canonical\" href=\"https:\/\/www.fastfrate.com\/fr\/integrated-logistics-ontario-et-quebec\/\" \/>\n<meta property=\"og:locale\" content=\"fr_CA\" \/>\n<meta property=\"og:type\" content=\"article\" \/>\n<meta property=\"og:title\" content=\"Compagnie de camionnage Ontario, Qu\u00e9bec | Integrated Logistics | Montr\u00e9al, Ottawa, Toronto, Thunder Bay\" \/>\n<meta property=\"og:description\" content=\"Integrated Logistics est une compagnie de transport de marchandise en chargements partiels et chargements complets sp\u00e9cialis\u00e9e dans le transport intermodal par rail, l\u2019entreposage et le courtage de marchandise pour Montr\u00e9al, Ottawa, Toronto, Thunder Bay.\" \/>\n<meta property=\"og:url\" content=\"https:\/\/www.fastfrate.com\/fr\/integrated-logistics-ontario-et-quebec\/\" \/>\n<meta property=\"og:site_name\" content=\"The FastFrate Group\" \/>\n<meta property=\"article:modified_time\" content=\"2024-08-09T17:24:17+00:00\" \/>\n<meta property=\"og:image\" content=\"http:\/\/www.fastfrate.com\/wp-content\/uploads\/2021\/10\/feature-image-contact-ontario-quebec.jpg\" \/>\n<meta name=\"twitter:card\" content=\"summary_large_image\" \/>\n<meta name=\"twitter:label1\" content=\"Estimation du temps de lecture\" \/>\n\t<meta name=\"twitter:data1\" content=\"1 minute\" \/>\n<script type=\"application\/ld+json\" class=\"yoast-schema-graph\">{\"@context\":\"https:\\\/\\\/schema.org\",\"@graph\":[{\"@type\":\"WebPage\",\"@id\":\"https:\\\/\\\/www.fastfrate.com\\\/fr\\\/integrated-logistics-ontario-et-quebec\\\/\",\"url\":\"https:\\\/\\\/www.fastfrate.com\\\/fr\\\/integrated-logistics-ontario-et-quebec\\\/\",\"name\":\"Compagnie de camionnage Ontario, Qu\u00e9bec | Integrated Logistics | Montr\u00e9al, Ottawa, Toronto, Thunder Bay\",\"isPartOf\":{\"@id\":\"https:\\\/\\\/www.fastfrate.com\\\/fr\\\/#website\"},\"primaryImageOfPage\":{\"@id\":\"https:\\\/\\\/www.fastfrate.com\\\/fr\\\/integrated-logistics-ontario-et-quebec\\\/#primaryimage\"},\"image\":{\"@id\":\"https:\\\/\\\/www.fastfrate.com\\\/fr\\\/integrated-logistics-ontario-et-quebec\\\/#primaryimage\"},\"thumbnailUrl\":\"http:\\\/\\\/www.fastfrate.com\\\/wp-content\\\/uploads\\\/2021\\\/10\\\/feature-image-contact-ontario-quebec.jpg\",\"datePublished\":\"2021-10-18T17:52:39+00:00\",\"dateModified\":\"2024-08-09T17:24:17+00:00\",\"description\":\"Integrated Logistics est une compagnie de transport de marchandise en chargements partiels et chargements complets sp\u00e9cialis\u00e9e dans le transport intermodal par rail, l\u2019entreposage et le courtage de marchandise pour Montr\u00e9al, Ottawa, Toronto, Thunder Bay.\",\"breadcrumb\":{\"@id\":\"https:\\\/\\\/www.fastfrate.com\\\/fr\\\/integrated-logistics-ontario-et-quebec\\\/#breadcrumb\"},\"inLanguage\":\"fr-CA\",\"potentialAction\":[{\"@type\":\"ReadAction\",\"target\":[\"https:\\\/\\\/www.fastfrate.com\\\/fr\\\/integrated-logistics-ontario-et-quebec\\\/\"]}]},{\"@type\":\"ImageObject\",\"inLanguage\":\"fr-CA\",\"@id\":\"https:\\\/\\\/www.fastfrate.com\\\/fr\\\/integrated-logistics-ontario-et-quebec\\\/#primaryimage\",\"url\":\"http:\\\/\\\/www.fastfrate.com\\\/wp-content\\\/uploads\\\/2021\\\/10\\\/feature-image-contact-ontario-quebec.jpg\",\"contentUrl\":\"http:\\\/\\\/www.fastfrate.com\\\/wp-content\\\/uploads\\\/2021\\\/10\\\/feature-image-contact-ontario-quebec.jpg\"},{\"@type\":\"BreadcrumbList\",\"@id\":\"https:\\\/\\\/www.fastfrate.com\\\/fr\\\/integrated-logistics-ontario-et-quebec\\\/#breadcrumb\",\"itemListElement\":[{\"@type\":\"ListItem\",\"position\":1,\"name\":\"Home\",\"item\":\"https:\\\/\\\/www.fastfrate.com\\\/\"},{\"@type\":\"ListItem\",\"position\":2,\"name\":\"Contactez Integrated Logistics QU\u00c9BEC ET ONTARIO\"}]},{\"@type\":\"WebSite\",\"@id\":\"https:\\\/\\\/www.fastfrate.com\\\/fr\\\/#website\",\"url\":\"https:\\\/\\\/www.fastfrate.com\\\/fr\\\/\",\"name\":\"The FastFrate Group\",\"description\":\"\",\"potentialAction\":[{\"@type\":\"SearchAction\",\"target\":{\"@type\":\"EntryPoint\",\"urlTemplate\":\"https:\\\/\\\/www.fastfrate.com\\\/fr\\\/?s={search_term_string}\"},\"query-input\":{\"@type\":\"PropertyValueSpecification\",\"valueRequired\":true,\"valueName\":\"search_term_string\"}}],\"inLanguage\":\"fr-CA\"}]}<\/script>\n<!-- \/ Yoast SEO plugin. -->","yoast_head_json":{"title":"Compagnie de camionnage Ontario, Qu\u00e9bec | Integrated Logistics | Montr\u00e9al, Ottawa, Toronto, Thunder Bay","description":"Integrated Logistics est une compagnie de transport de marchandise en chargements partiels et chargements complets sp\u00e9cialis\u00e9e dans le transport intermodal par rail, l\u2019entreposage et le courtage de marchandise pour Montr\u00e9al, Ottawa, Toronto, Thunder Bay.","robots":{"index":"index","follow":"follow","max-snippet":"max-snippet:-1","max-image-preview":"max-image-preview:large","max-video-preview":"max-video-preview:-1"},"canonical":"https:\/\/www.fastfrate.com\/fr\/integrated-logistics-ontario-et-quebec\/","og_locale":"fr_CA","og_type":"article","og_title":"Compagnie de camionnage Ontario, Qu\u00e9bec | Integrated Logistics | Montr\u00e9al, Ottawa, Toronto, Thunder Bay","og_description":"Integrated Logistics est une compagnie de transport de marchandise en chargements partiels et chargements complets sp\u00e9cialis\u00e9e dans le transport intermodal par rail, l\u2019entreposage et le courtage de marchandise pour Montr\u00e9al, Ottawa, Toronto, Thunder Bay.","og_url":"https:\/\/www.fastfrate.com\/fr\/integrated-logistics-ontario-et-quebec\/","og_site_name":"The FastFrate Group","article_modified_time":"2024-08-09T17:24:17+00:00","og_image":[{"url":"http:\/\/www.fastfrate.com\/wp-content\/uploads\/2021\/10\/feature-image-contact-ontario-quebec.jpg","type":"","width":"","height":""}],"twitter_card":"summary_large_image","twitter_misc":{"Estimation du temps de lecture":"1 minute"},"schema":{"@context":"https:\/\/schema.org","@graph":[{"@type":"WebPage","@id":"https:\/\/www.fastfrate.com\/fr\/integrated-logistics-ontario-et-quebec\/","url":"https:\/\/www.fastfrate.com\/fr\/integrated-logistics-ontario-et-quebec\/","name":"Compagnie de camionnage Ontario, Qu\u00e9bec | Integrated Logistics | Montr\u00e9al, Ottawa, Toronto, Thunder Bay","isPartOf":{"@id":"https:\/\/www.fastfrate.com\/fr\/#website"},"primaryImageOfPage":{"@id":"https:\/\/www.fastfrate.com\/fr\/integrated-logistics-ontario-et-quebec\/#primaryimage"},"image":{"@id":"https:\/\/www.fastfrate.com\/fr\/integrated-logistics-ontario-et-quebec\/#primaryimage"},"thumbnailUrl":"http:\/\/www.fastfrate.com\/wp-content\/uploads\/2021\/10\/feature-image-contact-ontario-quebec.jpg","datePublished":"2021-10-18T17:52:39+00:00","dateModified":"2024-08-09T17:24:17+00:00","description":"Integrated Logistics est une compagnie de transport de marchandise en chargements partiels et chargements complets sp\u00e9cialis\u00e9e dans le transport intermodal par rail, l\u2019entreposage et le courtage de marchandise pour Montr\u00e9al, Ottawa, Toronto, Thunder Bay.","breadcrumb":{"@id":"https:\/\/www.fastfrate.com\/fr\/integrated-logistics-ontario-et-quebec\/#breadcrumb"},"inLanguage":"fr-CA","potentialAction":[{"@type":"ReadAction","target":["https:\/\/www.fastfrate.com\/fr\/integrated-logistics-ontario-et-quebec\/"]}]},{"@type":"ImageObject","inLanguage":"fr-CA","@id":"https:\/\/www.fastfrate.com\/fr\/integrated-logistics-ontario-et-quebec\/#primaryimage","url":"http:\/\/www.fastfrate.com\/wp-content\/uploads\/2021\/10\/feature-image-contact-ontario-quebec.jpg","contentUrl":"http:\/\/www.fastfrate.com\/wp-content\/uploads\/2021\/10\/feature-image-contact-ontario-quebec.jpg"},{"@type":"BreadcrumbList","@id":"https:\/\/www.fastfrate.com\/fr\/integrated-logistics-ontario-et-quebec\/#breadcrumb","itemListElement":[{"@type":"ListItem","position":1,"name":"Home","item":"https:\/\/www.fastfrate.com\/"},{"@type":"ListItem","position":2,"name":"Contactez Integrated Logistics QU\u00c9BEC ET ONTARIO"}]},{"@type":"WebSite","@id":"https:\/\/www.fastfrate.com\/fr\/#website","url":"https:\/\/www.fastfrate.com\/fr\/","name":"The FastFrate Group","description":"","potentialAction":[{"@type":"SearchAction","target":{"@type":"EntryPoint","urlTemplate":"https:\/\/www.fastfrate.com\/fr\/?s={search_term_string}"},"query-input":{"@type":"PropertyValueSpecification","valueRequired":true,"valueName":"search_term_string"}}],"inLanguage":"fr-CA"}]}},"_links":{"self":[{"href":"https:\/\/www.fastfrate.com\/fr\/wp-json\/wp\/v2\/pages\/955","targetHints":{"allow":["GET"]}}],"collection":[{"href":"https:\/\/www.fastfrate.com\/fr\/wp-json\/wp\/v2\/pages"}],"about":[{"href":"https:\/\/www.fastfrate.com\/fr\/wp-json\/wp\/v2\/types\/page"}],"author":[{"embeddable":true,"href":"https:\/\/www.fastfrate.com\/fr\/wp-json\/wp\/v2\/users\/1"}],"replies":[{"embeddable":true,"href":"https:\/\/www.fastfrate.com\/fr\/wp-json\/wp\/v2\/comments?post=955"}],"version-history":[{"count":0,"href":"https:\/\/www.fastfrate.com\/fr\/wp-json\/wp\/v2\/pages\/955\/revisions"}],"wp:attachment":[{"href":"https:\/\/www.fastfrate.com\/fr\/wp-json\/wp\/v2\/media?parent=955"}],"wp:term":[{"taxonomy":"category","embeddable":true,"href":"https:\/\/www.fastfrate.com\/fr\/wp-json\/wp\/v2\/categories?post=955"},{"taxonomy":"post_tag","embeddable":true,"href":"https:\/\/www.fastfrate.com\/fr\/wp-json\/wp\/v2\/tags?post=955"}],"curies":[{"name":"wp","href":"https:\/\/api.w.org\/{rel}","templated":true}]}}