{"id":951,"date":"2021-10-18T13:52:39","date_gmt":"2021-10-18T17:52:39","guid":{"rendered":"http:\/\/fastfrate-dev.local\/contact-fastfrate-trucking-ontario-quebec-2\/"},"modified":"2025-10-15T14:06:21","modified_gmt":"2025-10-15T18:06:21","slug":"contactez-fastfrate-ontario-et-quebec","status":"publish","type":"page","link":"https:\/\/www.fastfrate.com\/fr\/contactez-fastfrate-ontario-et-quebec\/","title":{"rendered":"Contactez Fastfrate QU\u00c9BEC ET ONTARIO"},"content":{"rendered":"<div id=\"PageWrapperHome\" class=\"section1 Subpage SubpageStandard\">\n<div class=\"SubpageWrapper\">\n<div class=\"SubpageContentWrapper container\">\n<div class=\"ContentSubpageRight col-md-6 col-sm-12 col-xs-12\">\n<div class=\"ContentSubpageFeature hidden-xs hidden-sm\"><img decoding=\"async\" class=\"img-responsive\" src=\"https:\/\/www.fastfrate.com\/wp-content\/uploads\/2021\/10\/feature-image-contact-ontario-quebec.jpg\" alt=\"Ontario, Quebec trucking company\" \/><\/div>\n<\/div>\n<div class=\"ContentSubpageLeft col-md-6 col-sm-12 col-xs-12\">\n<div class=\"breadcrum-top\">Contactez Fastfrate<\/div>\n<div class=\"breadcrum-bottom\">QU\u00c9BEC ET ONTARIO<\/div>\n<div class=\"ContentBody\">\n<h1>Trouvez le terminal Fastfrate le plus pr\u00e8s<\/h1>\n<div class=\"column col-md-6 col-sm-6 col-xs-12 no-padding-left\">\n<h3 class=\"contact-h3 red\">Montreal<\/h3>\n<p>Fastfrate Consolid\u00e9e Inc.<br \/>\n4415 rue Fairway<br \/>\nLachine, Qu\u00e9bec<br \/>\nCanada H8T 1B5<\/p>\n<p><strong>Admin:<\/strong>\u00a01.800.461.7654<br \/>\n<strong>T\u00e9l:<\/strong>\u00a0514.639.7747<br \/>\n<strong>Fax:<\/strong>\u00a0514.639.9070<br \/>\n<strong>Dispatch:<\/strong>\u00a0514.639.8241<\/p>\n<p><strong>Contact:<\/strong>\u00a0<a href=\"mailto:trioloa@fa%73tfrat%65.co%6D\">Alfonso Triolo<\/a><\/p>\n<p><strong>Customer Service:<\/strong> <a href=\"mailto:mlcs@fastfrate.com\">mlcs@fastfrate.com<\/a><\/p>\n<h3 class=\"contact-h3 red\">Toronto<\/h3>\n<p>9701 Highway 50<br \/>\nWoodbridge, Ontario<br \/>\nCanada L4H 2G4<\/p>\n<p><strong>T\u00e9l:<\/strong>\u00a0905.893.2600<br \/>\n<strong>T\u00e9l:<\/strong>\u00a0416.763.1982<br \/>\n<strong>Admin:<\/strong>\u00a01.800.268.1564<br \/>\n<strong>Dispatch:<\/strong>\u00a0905.893.3200<br \/>\n<strong>Dispatch:<\/strong>\u00a0416.766.1500<br \/>\n<strong>Fax:<\/strong>\u00a0905.893.1575<\/p>\n<p><strong>Customer Service:<\/strong> <a href=\"mailto:tcs@fastfrate.com\">tcs@fastfrate.com<\/a><\/p>\n<\/div>\n<div class=\"column col-md-6 col-sm-6 col-xs-12 no-padding-left\">\n<h3 class=\"contact-h3 red\">Ottawa<\/h3>\n<p>1000 Logistics Private, Unit 5<br \/>\nGloucester, Ontario<br \/>\nCanada K1G 6Y4<\/p>\n<p><strong>Tel:<\/strong> 613.880.3846<br \/>\n<strong>Fax:<\/strong>\u00a0613.747.6665<\/p>\n<p><strong>Contact:<\/strong>\u00a0<a href=\"mailto:saads@fastfrate.com\">Summer Saad<\/a><\/p>\n<h3 class=\"contact-h3 red\">Thunder Bay<\/h3>\n<p>340, Simpson Street<br \/>\nThunder Bay, Ontario<br \/>\nCanada P7C 3H7<\/p>\n<p><strong>Tel:<\/strong>\u00a0204.633.8730<br \/>\n<strong>Fax:<\/strong>\u00a0204.694.4298<\/p>\n<p><strong>Contact:<\/strong>\u00a0<a href=\"mailto:%66la%6Ejaki@%66ast%66rate%2Eco%6D\">Ivan Flanjak<\/a><\/p>\n<\/div>\n<\/div>\n<\/div>\n<\/div>\n<\/div>\n<\/div>","protected":false},"excerpt":{"rendered":"<p>Contactez Fastfrate QU\u00c9BEC ET ONTARIO Trouvez le terminal Fastfrate le plus pr\u00e8s Montreal Fastfrate Consolid\u00e9e Inc. 4415 rue Fairway Lachine, Qu\u00e9bec Canada H8T 1B5 Admin:\u00a01.800.461.7654 T\u00e9l:\u00a0514.639.7747 Fax:\u00a0514.639.9070 Dispatch:\u00a0514.639.8241 Contact:\u00a0Alfonso Triolo Customer Service: mlcs@fastfrate.com Toronto 9701 Highway 50 Woodbridge, Ontario Canada L4H 2G4 T\u00e9l:\u00a0905.893.2600 T\u00e9l:\u00a0416.763.1982 Admin:\u00a01.800.268.1564 Dispatch:\u00a0905.893.3200 Dispatch:\u00a0416.766.1500 Fax:\u00a0905.893.1575 Customer Service: tcs@fastfrate.com Ottawa 1000 Logistics Private,&hellip; <a class=\"more-link\" href=\"https:\/\/www.fastfrate.com\/fr\/contactez-fastfrate-ontario-et-quebec\/\">Continue reading <span class=\"screen-reader-text\">Contactez Fastfrate QU\u00c9BEC ET ONTARIO<\/span><\/a><\/p>","protected":false},"author":1,"featured_media":0,"parent":0,"menu_order":0,"comment_status":"closed","ping_status":"closed","template":"page-about-fr.php","meta":{"_acf_changed":false,"footnotes":""},"categories":[8],"tags":[],"class_list":["post-951","page","type-page","status-publish","hentry","category-fr","entry"],"acf":[],"yoast_head":"<!-- This site is optimized with the Yoast SEO plugin v27.5 - https:\/\/yoast.com\/product\/yoast-seo-wordpress\/ -->\n<title>Compagnie de camionnage Ontario (Qu\u00e9bec) | Fastfrate | Montr\u00e9al, Ottawa, Toronto, Thunder Bay<\/title>\n<meta name=\"description\" content=\"Fastfrate est une compagnie de transport de marchandise en chargements partiels et chargements complets sp\u00e9cialis\u00e9e dans le transport intermodal par rail, l\u2019entreposage et le courtage de marchandise pour Montr\u00e9al, Ottawa, Toronto, Thunder Bay.\" \/>\n<meta name=\"robots\" content=\"index, follow, max-snippet:-1, max-image-preview:large, max-video-preview:-1\" \/>\n<link rel=\"canonical\" href=\"https:\/\/www.fastfrate.com\/fr\/contactez-fastfrate-ontario-et-quebec\/\" \/>\n<meta property=\"og:locale\" content=\"fr_CA\" \/>\n<meta property=\"og:type\" content=\"article\" \/>\n<meta property=\"og:title\" content=\"Compagnie de camionnage Ontario (Qu\u00e9bec) | Fastfrate | Montr\u00e9al, Ottawa, Toronto, Thunder Bay\" \/>\n<meta property=\"og:description\" content=\"Fastfrate est une compagnie de transport de marchandise en chargements partiels et chargements complets sp\u00e9cialis\u00e9e dans le transport intermodal par rail, l\u2019entreposage et le courtage de marchandise pour Montr\u00e9al, Ottawa, Toronto, Thunder Bay.\" \/>\n<meta property=\"og:url\" content=\"https:\/\/www.fastfrate.com\/fr\/contactez-fastfrate-ontario-et-quebec\/\" \/>\n<meta property=\"og:site_name\" content=\"The FastFrate Group\" \/>\n<meta property=\"article:modified_time\" content=\"2025-10-15T18:06:21+00:00\" \/>\n<meta property=\"og:image\" content=\"http:\/\/www.fastfrate.com\/wp-content\/uploads\/2021\/10\/feature-image-contact-ontario-quebec.jpg\" \/>\n<meta name=\"twitter:card\" content=\"summary_large_image\" \/>\n<meta name=\"twitter:label1\" content=\"Estimation du temps de lecture\" \/>\n\t<meta name=\"twitter:data1\" content=\"1 minute\" \/>\n<script type=\"application\/ld+json\" class=\"yoast-schema-graph\">{\"@context\":\"https:\\\/\\\/schema.org\",\"@graph\":[{\"@type\":\"WebPage\",\"@id\":\"https:\\\/\\\/www.fastfrate.com\\\/fr\\\/contactez-fastfrate-ontario-et-quebec\\\/\",\"url\":\"https:\\\/\\\/www.fastfrate.com\\\/fr\\\/contactez-fastfrate-ontario-et-quebec\\\/\",\"name\":\"Compagnie de camionnage Ontario (Qu\u00e9bec) | Fastfrate | Montr\u00e9al, Ottawa, Toronto, Thunder Bay\",\"isPartOf\":{\"@id\":\"https:\\\/\\\/www.fastfrate.com\\\/fr\\\/#website\"},\"primaryImageOfPage\":{\"@id\":\"https:\\\/\\\/www.fastfrate.com\\\/fr\\\/contactez-fastfrate-ontario-et-quebec\\\/#primaryimage\"},\"image\":{\"@id\":\"https:\\\/\\\/www.fastfrate.com\\\/fr\\\/contactez-fastfrate-ontario-et-quebec\\\/#primaryimage\"},\"thumbnailUrl\":\"http:\\\/\\\/www.fastfrate.com\\\/wp-content\\\/uploads\\\/2021\\\/10\\\/feature-image-contact-ontario-quebec.jpg\",\"datePublished\":\"2021-10-18T17:52:39+00:00\",\"dateModified\":\"2025-10-15T18:06:21+00:00\",\"description\":\"Fastfrate est une compagnie de transport de marchandise en chargements partiels et chargements complets sp\u00e9cialis\u00e9e dans le transport intermodal par rail, l\u2019entreposage et le courtage de marchandise pour Montr\u00e9al, Ottawa, Toronto, Thunder Bay.\",\"breadcrumb\":{\"@id\":\"https:\\\/\\\/www.fastfrate.com\\\/fr\\\/contactez-fastfrate-ontario-et-quebec\\\/#breadcrumb\"},\"inLanguage\":\"fr-CA\",\"potentialAction\":[{\"@type\":\"ReadAction\",\"target\":[\"https:\\\/\\\/www.fastfrate.com\\\/fr\\\/contactez-fastfrate-ontario-et-quebec\\\/\"]}]},{\"@type\":\"ImageObject\",\"inLanguage\":\"fr-CA\",\"@id\":\"https:\\\/\\\/www.fastfrate.com\\\/fr\\\/contactez-fastfrate-ontario-et-quebec\\\/#primaryimage\",\"url\":\"http:\\\/\\\/www.fastfrate.com\\\/wp-content\\\/uploads\\\/2021\\\/10\\\/feature-image-contact-ontario-quebec.jpg\",\"contentUrl\":\"http:\\\/\\\/www.fastfrate.com\\\/wp-content\\\/uploads\\\/2021\\\/10\\\/feature-image-contact-ontario-quebec.jpg\"},{\"@type\":\"BreadcrumbList\",\"@id\":\"https:\\\/\\\/www.fastfrate.com\\\/fr\\\/contactez-fastfrate-ontario-et-quebec\\\/#breadcrumb\",\"itemListElement\":[{\"@type\":\"ListItem\",\"position\":1,\"name\":\"Home\",\"item\":\"https:\\\/\\\/www.fastfrate.com\\\/\"},{\"@type\":\"ListItem\",\"position\":2,\"name\":\"Contactez Fastfrate QU\u00c9BEC ET ONTARIO\"}]},{\"@type\":\"WebSite\",\"@id\":\"https:\\\/\\\/www.fastfrate.com\\\/fr\\\/#website\",\"url\":\"https:\\\/\\\/www.fastfrate.com\\\/fr\\\/\",\"name\":\"The FastFrate Group\",\"description\":\"\",\"potentialAction\":[{\"@type\":\"SearchAction\",\"target\":{\"@type\":\"EntryPoint\",\"urlTemplate\":\"https:\\\/\\\/www.fastfrate.com\\\/fr\\\/?s={search_term_string}\"},\"query-input\":{\"@type\":\"PropertyValueSpecification\",\"valueRequired\":true,\"valueName\":\"search_term_string\"}}],\"inLanguage\":\"fr-CA\"}]}<\/script>\n<!-- \/ Yoast SEO plugin. -->","yoast_head_json":{"title":"Compagnie de camionnage Ontario (Qu\u00e9bec) | Fastfrate | Montr\u00e9al, Ottawa, Toronto, Thunder Bay","description":"Fastfrate est une compagnie de transport de marchandise en chargements partiels et chargements complets sp\u00e9cialis\u00e9e dans le transport intermodal par rail, l\u2019entreposage et le courtage de marchandise pour Montr\u00e9al, Ottawa, Toronto, Thunder Bay.","robots":{"index":"index","follow":"follow","max-snippet":"max-snippet:-1","max-image-preview":"max-image-preview:large","max-video-preview":"max-video-preview:-1"},"canonical":"https:\/\/www.fastfrate.com\/fr\/contactez-fastfrate-ontario-et-quebec\/","og_locale":"fr_CA","og_type":"article","og_title":"Compagnie de camionnage Ontario (Qu\u00e9bec) | Fastfrate | Montr\u00e9al, Ottawa, Toronto, Thunder Bay","og_description":"Fastfrate est une compagnie de transport de marchandise en chargements partiels et chargements complets sp\u00e9cialis\u00e9e dans le transport intermodal par rail, l\u2019entreposage et le courtage de marchandise pour Montr\u00e9al, Ottawa, Toronto, Thunder Bay.","og_url":"https:\/\/www.fastfrate.com\/fr\/contactez-fastfrate-ontario-et-quebec\/","og_site_name":"The FastFrate Group","article_modified_time":"2025-10-15T18:06:21+00:00","og_image":[{"url":"http:\/\/www.fastfrate.com\/wp-content\/uploads\/2021\/10\/feature-image-contact-ontario-quebec.jpg","type":"","width":"","height":""}],"twitter_card":"summary_large_image","twitter_misc":{"Estimation du temps de lecture":"1 minute"},"schema":{"@context":"https:\/\/schema.org","@graph":[{"@type":"WebPage","@id":"https:\/\/www.fastfrate.com\/fr\/contactez-fastfrate-ontario-et-quebec\/","url":"https:\/\/www.fastfrate.com\/fr\/contactez-fastfrate-ontario-et-quebec\/","name":"Compagnie de camionnage Ontario (Qu\u00e9bec) | Fastfrate | Montr\u00e9al, Ottawa, Toronto, Thunder Bay","isPartOf":{"@id":"https:\/\/www.fastfrate.com\/fr\/#website"},"primaryImageOfPage":{"@id":"https:\/\/www.fastfrate.com\/fr\/contactez-fastfrate-ontario-et-quebec\/#primaryimage"},"image":{"@id":"https:\/\/www.fastfrate.com\/fr\/contactez-fastfrate-ontario-et-quebec\/#primaryimage"},"thumbnailUrl":"http:\/\/www.fastfrate.com\/wp-content\/uploads\/2021\/10\/feature-image-contact-ontario-quebec.jpg","datePublished":"2021-10-18T17:52:39+00:00","dateModified":"2025-10-15T18:06:21+00:00","description":"Fastfrate est une compagnie de transport de marchandise en chargements partiels et chargements complets sp\u00e9cialis\u00e9e dans le transport intermodal par rail, l\u2019entreposage et le courtage de marchandise pour Montr\u00e9al, Ottawa, Toronto, Thunder Bay.","breadcrumb":{"@id":"https:\/\/www.fastfrate.com\/fr\/contactez-fastfrate-ontario-et-quebec\/#breadcrumb"},"inLanguage":"fr-CA","potentialAction":[{"@type":"ReadAction","target":["https:\/\/www.fastfrate.com\/fr\/contactez-fastfrate-ontario-et-quebec\/"]}]},{"@type":"ImageObject","inLanguage":"fr-CA","@id":"https:\/\/www.fastfrate.com\/fr\/contactez-fastfrate-ontario-et-quebec\/#primaryimage","url":"http:\/\/www.fastfrate.com\/wp-content\/uploads\/2021\/10\/feature-image-contact-ontario-quebec.jpg","contentUrl":"http:\/\/www.fastfrate.com\/wp-content\/uploads\/2021\/10\/feature-image-contact-ontario-quebec.jpg"},{"@type":"BreadcrumbList","@id":"https:\/\/www.fastfrate.com\/fr\/contactez-fastfrate-ontario-et-quebec\/#breadcrumb","itemListElement":[{"@type":"ListItem","position":1,"name":"Home","item":"https:\/\/www.fastfrate.com\/"},{"@type":"ListItem","position":2,"name":"Contactez Fastfrate QU\u00c9BEC ET ONTARIO"}]},{"@type":"WebSite","@id":"https:\/\/www.fastfrate.com\/fr\/#website","url":"https:\/\/www.fastfrate.com\/fr\/","name":"The FastFrate Group","description":"","potentialAction":[{"@type":"SearchAction","target":{"@type":"EntryPoint","urlTemplate":"https:\/\/www.fastfrate.com\/fr\/?s={search_term_string}"},"query-input":{"@type":"PropertyValueSpecification","valueRequired":true,"valueName":"search_term_string"}}],"inLanguage":"fr-CA"}]}},"_links":{"self":[{"href":"https:\/\/www.fastfrate.com\/fr\/wp-json\/wp\/v2\/pages\/951","targetHints":{"allow":["GET"]}}],"collection":[{"href":"https:\/\/www.fastfrate.com\/fr\/wp-json\/wp\/v2\/pages"}],"about":[{"href":"https:\/\/www.fastfrate.com\/fr\/wp-json\/wp\/v2\/types\/page"}],"author":[{"embeddable":true,"href":"https:\/\/www.fastfrate.com\/fr\/wp-json\/wp\/v2\/users\/1"}],"replies":[{"embeddable":true,"href":"https:\/\/www.fastfrate.com\/fr\/wp-json\/wp\/v2\/comments?post=951"}],"version-history":[{"count":0,"href":"https:\/\/www.fastfrate.com\/fr\/wp-json\/wp\/v2\/pages\/951\/revisions"}],"wp:attachment":[{"href":"https:\/\/www.fastfrate.com\/fr\/wp-json\/wp\/v2\/media?parent=951"}],"wp:term":[{"taxonomy":"category","embeddable":true,"href":"https:\/\/www.fastfrate.com\/fr\/wp-json\/wp\/v2\/categories?post=951"},{"taxonomy":"post_tag","embeddable":true,"href":"https:\/\/www.fastfrate.com\/fr\/wp-json\/wp\/v2\/tags?post=951"}],"curies":[{"name":"wp","href":"https:\/\/api.w.org\/{rel}","templated":true}]}}