{"id":942,"date":"2021-10-18T13:53:23","date_gmt":"2021-10-18T17:53:23","guid":{"rendered":"http:\/\/fastfrate-dev.local\/contact-cdi-trucking-alberta-2\/"},"modified":"2025-05-28T11:47:07","modified_gmt":"2025-05-28T15:47:07","slug":"cdi-alberta","status":"publish","type":"page","link":"https:\/\/www.fastfrate.com\/fr\/cdi-alberta\/","title":{"rendered":"Contactez CDI Alberta"},"content":{"rendered":"<div id=\"PageWrapperHome\" class=\"section1 Subpage SubpageStandard\">\n<div class=\"SubpageWrapper\">\n<div class=\"SubpageContentWrapper container\">\n<div class=\"ContentSubpageRight col-md-6 col-sm-12 col-xs-12\">\n<div class=\"ContentSubpageFeature hidden-xs hidden-sm\"><img decoding=\"async\" class=\"img-responsive\" src=\"https:\/\/www.fastfrate.com\/wp-content\/uploads\/2021\/10\/feature-image-contact-alberta.jpg\" alt=\"Alberta trucking company\"><\/div>\n<\/div>\n<div class=\"ContentSubpageLeft col-md-6 col-sm-12 col-xs-12\">\n<div class=\"breadcrum-top\">CONTACTEZ CDI<\/div>\n<div class=\"breadcrum-bottom\">Alberta<\/div>\n<div class=\"ContentBody\">\n<h1>Trouvez le terminal CDI le plus pr\u00e8s<\/h1>\n<div class=\"column col-md-6 col-sm-6 col-xs-12 no-padding-left\">\n<h3 class=\"red fr\">Edmonton<\/h3>\n<p>10020-56th Avenue<br \/>\nEdmonton, Alberta<br \/>\nCanada T6E 5L7<\/p>\n<p><strong>T\u00e9l: <\/strong><a href=\"tel:403-264-1687\">403.264.1687<\/a> x 4603<\/p>\n<p><strong>Fax:<\/strong> 587.689.2419<\/p>\n<p><strong>Personne-ressource:<\/strong> <a href=\"mailto:gerry.chase@cditrucks.com\">Gerry Chase<\/a><\/p>\n<h3 class=\"contact-h3 fr-font red\">Calgary<\/h3>\n<p>11440-54th Street S.E.<br \/>\nCalgary, Alberta<br \/>\nCanada T2C 4Y6<\/p>\n<p><strong>T\u00e9l: <\/strong><a href=\"tel:403-264-1687\">403.264.1687<\/a> x 4603<\/p>\n<p><strong>Fax:<\/strong> 403.266.8690<\/p>\n<p><strong>Personne-ressource:<\/strong><a href=\"mailto:gerry.chase@cditrucks.com\"> Gerry Chase<\/a><\/p>\n<\/div>\n<div class=\"column col-md-6 col-sm-6 col-xs-6 no-padding-left\"><\/div>\n<\/div>\n<\/div>\n<\/div>\n<\/div>\n<\/div>","protected":false},"excerpt":{"rendered":"<p>CONTACTEZ CDI Alberta Trouvez le terminal CDI le plus pr\u00e8s Edmonton 10020-56th Avenue Edmonton, Alberta Canada T6E 5L7 T\u00e9l: 403.264.1687 x 4603 Fax: 587.689.2419 Personne-ressource: Gerry Chase Calgary 11440-54th Street S.E. Calgary, Alberta Canada T2C 4Y6 T\u00e9l: 403.264.1687 x 4603 Fax: 403.266.8690 Personne-ressource: Gerry Chase<\/p>","protected":false},"author":1,"featured_media":0,"parent":0,"menu_order":0,"comment_status":"closed","ping_status":"closed","template":"page-about-fr.php","meta":{"_acf_changed":false,"footnotes":""},"categories":[8],"tags":[],"class_list":["post-942","page","type-page","status-publish","hentry","category-fr","entry"],"acf":[],"yoast_head":"<!-- This site is optimized with the Yoast SEO plugin v27.5 - https:\/\/yoast.com\/product\/yoast-seo-wordpress\/ -->\n<title>CDI | Camionnage en Alberta | Exp\u00e9dition Calgary &amp; Edmonton<\/title>\n<meta name=\"description\" content=\"CDI est une compagnie de transport de marchandise sp\u00e9cialis\u00e9e dans le transport intermodal par rail, le transport de chargements partiels, l\u2019envoi de chargements complets et les services de logistique pour Edmonton et Calgary.\" \/>\n<meta name=\"robots\" content=\"index, follow, max-snippet:-1, max-image-preview:large, max-video-preview:-1\" \/>\n<link rel=\"canonical\" href=\"https:\/\/www.fastfrate.com\/fr\/cdi-alberta\/\" \/>\n<meta property=\"og:locale\" content=\"fr_CA\" \/>\n<meta property=\"og:type\" content=\"article\" \/>\n<meta property=\"og:title\" content=\"CDI | Camionnage en Alberta | Exp\u00e9dition Calgary &amp; Edmonton\" \/>\n<meta property=\"og:description\" content=\"CDI est une compagnie de transport de marchandise sp\u00e9cialis\u00e9e dans le transport intermodal par rail, le transport de chargements partiels, l\u2019envoi de chargements complets et les services de logistique pour Edmonton et Calgary.\" \/>\n<meta property=\"og:url\" content=\"https:\/\/www.fastfrate.com\/fr\/cdi-alberta\/\" \/>\n<meta property=\"og:site_name\" content=\"The FastFrate Group\" \/>\n<meta property=\"article:modified_time\" content=\"2025-05-28T15:47:07+00:00\" \/>\n<meta property=\"og:image\" content=\"http:\/\/www.fastfrate.com\/wp-content\/uploads\/2021\/10\/feature-image-contact-alberta.jpg\" \/>\n<meta name=\"twitter:card\" content=\"summary_large_image\" \/>\n<meta name=\"twitter:label1\" content=\"Estimation du temps de lecture\" \/>\n\t<meta name=\"twitter:data1\" content=\"1 minute\" \/>\n<script type=\"application\/ld+json\" class=\"yoast-schema-graph\">{\"@context\":\"https:\\\/\\\/schema.org\",\"@graph\":[{\"@type\":\"WebPage\",\"@id\":\"https:\\\/\\\/www.fastfrate.com\\\/fr\\\/cdi-alberta\\\/\",\"url\":\"https:\\\/\\\/www.fastfrate.com\\\/fr\\\/cdi-alberta\\\/\",\"name\":\"CDI | Camionnage en Alberta | Exp\u00e9dition Calgary & Edmonton\",\"isPartOf\":{\"@id\":\"https:\\\/\\\/www.fastfrate.com\\\/fr\\\/#website\"},\"primaryImageOfPage\":{\"@id\":\"https:\\\/\\\/www.fastfrate.com\\\/fr\\\/cdi-alberta\\\/#primaryimage\"},\"image\":{\"@id\":\"https:\\\/\\\/www.fastfrate.com\\\/fr\\\/cdi-alberta\\\/#primaryimage\"},\"thumbnailUrl\":\"http:\\\/\\\/www.fastfrate.com\\\/wp-content\\\/uploads\\\/2021\\\/10\\\/feature-image-contact-alberta.jpg\",\"datePublished\":\"2021-10-18T17:53:23+00:00\",\"dateModified\":\"2025-05-28T15:47:07+00:00\",\"description\":\"CDI est une compagnie de transport de marchandise sp\u00e9cialis\u00e9e dans le transport intermodal par rail, le transport de chargements partiels, l\u2019envoi de chargements complets et les services de logistique pour Edmonton et Calgary.\",\"breadcrumb\":{\"@id\":\"https:\\\/\\\/www.fastfrate.com\\\/fr\\\/cdi-alberta\\\/#breadcrumb\"},\"inLanguage\":\"fr-CA\",\"potentialAction\":[{\"@type\":\"ReadAction\",\"target\":[\"https:\\\/\\\/www.fastfrate.com\\\/fr\\\/cdi-alberta\\\/\"]}]},{\"@type\":\"ImageObject\",\"inLanguage\":\"fr-CA\",\"@id\":\"https:\\\/\\\/www.fastfrate.com\\\/fr\\\/cdi-alberta\\\/#primaryimage\",\"url\":\"http:\\\/\\\/www.fastfrate.com\\\/wp-content\\\/uploads\\\/2021\\\/10\\\/feature-image-contact-alberta.jpg\",\"contentUrl\":\"http:\\\/\\\/www.fastfrate.com\\\/wp-content\\\/uploads\\\/2021\\\/10\\\/feature-image-contact-alberta.jpg\"},{\"@type\":\"BreadcrumbList\",\"@id\":\"https:\\\/\\\/www.fastfrate.com\\\/fr\\\/cdi-alberta\\\/#breadcrumb\",\"itemListElement\":[{\"@type\":\"ListItem\",\"position\":1,\"name\":\"Home\",\"item\":\"https:\\\/\\\/www.fastfrate.com\\\/\"},{\"@type\":\"ListItem\",\"position\":2,\"name\":\"Contactez CDI Alberta\"}]},{\"@type\":\"WebSite\",\"@id\":\"https:\\\/\\\/www.fastfrate.com\\\/fr\\\/#website\",\"url\":\"https:\\\/\\\/www.fastfrate.com\\\/fr\\\/\",\"name\":\"The FastFrate Group\",\"description\":\"\",\"potentialAction\":[{\"@type\":\"SearchAction\",\"target\":{\"@type\":\"EntryPoint\",\"urlTemplate\":\"https:\\\/\\\/www.fastfrate.com\\\/fr\\\/?s={search_term_string}\"},\"query-input\":{\"@type\":\"PropertyValueSpecification\",\"valueRequired\":true,\"valueName\":\"search_term_string\"}}],\"inLanguage\":\"fr-CA\"}]}<\/script>\n<!-- \/ Yoast SEO plugin. -->","yoast_head_json":{"title":"CDI | Camionnage en Alberta | Exp\u00e9dition Calgary & Edmonton","description":"CDI est une compagnie de transport de marchandise sp\u00e9cialis\u00e9e dans le transport intermodal par rail, le transport de chargements partiels, l\u2019envoi de chargements complets et les services de logistique pour Edmonton et Calgary.","robots":{"index":"index","follow":"follow","max-snippet":"max-snippet:-1","max-image-preview":"max-image-preview:large","max-video-preview":"max-video-preview:-1"},"canonical":"https:\/\/www.fastfrate.com\/fr\/cdi-alberta\/","og_locale":"fr_CA","og_type":"article","og_title":"CDI | Camionnage en Alberta | Exp\u00e9dition Calgary & Edmonton","og_description":"CDI est une compagnie de transport de marchandise sp\u00e9cialis\u00e9e dans le transport intermodal par rail, le transport de chargements partiels, l\u2019envoi de chargements complets et les services de logistique pour Edmonton et Calgary.","og_url":"https:\/\/www.fastfrate.com\/fr\/cdi-alberta\/","og_site_name":"The FastFrate Group","article_modified_time":"2025-05-28T15:47:07+00:00","og_image":[{"url":"http:\/\/www.fastfrate.com\/wp-content\/uploads\/2021\/10\/feature-image-contact-alberta.jpg","type":"","width":"","height":""}],"twitter_card":"summary_large_image","twitter_misc":{"Estimation du temps de lecture":"1 minute"},"schema":{"@context":"https:\/\/schema.org","@graph":[{"@type":"WebPage","@id":"https:\/\/www.fastfrate.com\/fr\/cdi-alberta\/","url":"https:\/\/www.fastfrate.com\/fr\/cdi-alberta\/","name":"CDI | Camionnage en Alberta | Exp\u00e9dition Calgary & Edmonton","isPartOf":{"@id":"https:\/\/www.fastfrate.com\/fr\/#website"},"primaryImageOfPage":{"@id":"https:\/\/www.fastfrate.com\/fr\/cdi-alberta\/#primaryimage"},"image":{"@id":"https:\/\/www.fastfrate.com\/fr\/cdi-alberta\/#primaryimage"},"thumbnailUrl":"http:\/\/www.fastfrate.com\/wp-content\/uploads\/2021\/10\/feature-image-contact-alberta.jpg","datePublished":"2021-10-18T17:53:23+00:00","dateModified":"2025-05-28T15:47:07+00:00","description":"CDI est une compagnie de transport de marchandise sp\u00e9cialis\u00e9e dans le transport intermodal par rail, le transport de chargements partiels, l\u2019envoi de chargements complets et les services de logistique pour Edmonton et Calgary.","breadcrumb":{"@id":"https:\/\/www.fastfrate.com\/fr\/cdi-alberta\/#breadcrumb"},"inLanguage":"fr-CA","potentialAction":[{"@type":"ReadAction","target":["https:\/\/www.fastfrate.com\/fr\/cdi-alberta\/"]}]},{"@type":"ImageObject","inLanguage":"fr-CA","@id":"https:\/\/www.fastfrate.com\/fr\/cdi-alberta\/#primaryimage","url":"http:\/\/www.fastfrate.com\/wp-content\/uploads\/2021\/10\/feature-image-contact-alberta.jpg","contentUrl":"http:\/\/www.fastfrate.com\/wp-content\/uploads\/2021\/10\/feature-image-contact-alberta.jpg"},{"@type":"BreadcrumbList","@id":"https:\/\/www.fastfrate.com\/fr\/cdi-alberta\/#breadcrumb","itemListElement":[{"@type":"ListItem","position":1,"name":"Home","item":"https:\/\/www.fastfrate.com\/"},{"@type":"ListItem","position":2,"name":"Contactez CDI Alberta"}]},{"@type":"WebSite","@id":"https:\/\/www.fastfrate.com\/fr\/#website","url":"https:\/\/www.fastfrate.com\/fr\/","name":"The FastFrate Group","description":"","potentialAction":[{"@type":"SearchAction","target":{"@type":"EntryPoint","urlTemplate":"https:\/\/www.fastfrate.com\/fr\/?s={search_term_string}"},"query-input":{"@type":"PropertyValueSpecification","valueRequired":true,"valueName":"search_term_string"}}],"inLanguage":"fr-CA"}]}},"_links":{"self":[{"href":"https:\/\/www.fastfrate.com\/fr\/wp-json\/wp\/v2\/pages\/942","targetHints":{"allow":["GET"]}}],"collection":[{"href":"https:\/\/www.fastfrate.com\/fr\/wp-json\/wp\/v2\/pages"}],"about":[{"href":"https:\/\/www.fastfrate.com\/fr\/wp-json\/wp\/v2\/types\/page"}],"author":[{"embeddable":true,"href":"https:\/\/www.fastfrate.com\/fr\/wp-json\/wp\/v2\/users\/1"}],"replies":[{"embeddable":true,"href":"https:\/\/www.fastfrate.com\/fr\/wp-json\/wp\/v2\/comments?post=942"}],"version-history":[{"count":0,"href":"https:\/\/www.fastfrate.com\/fr\/wp-json\/wp\/v2\/pages\/942\/revisions"}],"wp:attachment":[{"href":"https:\/\/www.fastfrate.com\/fr\/wp-json\/wp\/v2\/media?parent=942"}],"wp:term":[{"taxonomy":"category","embeddable":true,"href":"https:\/\/www.fastfrate.com\/fr\/wp-json\/wp\/v2\/categories?post=942"},{"taxonomy":"post_tag","embeddable":true,"href":"https:\/\/www.fastfrate.com\/fr\/wp-json\/wp\/v2\/tags?post=942"}],"curies":[{"name":"wp","href":"https:\/\/api.w.org\/{rel}","templated":true}]}}