{"id":938,"date":"2021-10-18T13:07:08","date_gmt":"2021-10-18T17:07:08","guid":{"rendered":"http:\/\/fastfrate-dev.local\/contact-asl-western-canada-2\/"},"modified":"2025-01-15T09:49:45","modified_gmt":"2025-01-15T14:49:45","slug":"contactez-asl-l-quest-du-canada","status":"publish","type":"page","link":"https:\/\/www.fastfrate.com\/fr\/contactez-asl-l-quest-du-canada\/","title":{"rendered":"Contactez ASL l&#8217;Ouest du Canada"},"content":{"rendered":"<div id=\"PageWrapperHome\" class=\"section1 Subpage SubpageStandard\">\n<div class=\"SubpageWrapper\">\n<div class=\"SubpageContentWrapper container\">\n<div class=\"ContentSubpageRight col-md-6 col-sm-12 col-xs-12\">\n<div class=\"ContentSubpageFeature hidden-xs hidden-sm\"><img decoding=\"async\" class=\"img-responsive\" src=\"https:\/\/www.fastfrate.com\/wp-content\/uploads\/2021\/10\/feature-image-contact-asl-winnipeg.jpg\" alt=\"Ext\u00e9rieur du Mus\u00e9e national des droits de la personne \u00e0 Winnipeg, au Manitoba sur les bords de l\u2019eau, \u00e0 la tomb\u00e9e de la nuit.\" \/><\/div>\n<\/div>\n<div class=\"ContentSubpageLeft col-md-6 col-sm-12 col-xs-12\">\n<div class=\"breadcrum-top\">Contactez ASL<\/div>\n<div class=\"breadcrum-bottom\">l&#8217;Ouest du Canada<\/div>\n<div class=\"ContentBody\">\n<div class=\"column col-12 no-padding-left\">\n<h3 class=\"contact-h3 fr-font red\">Winnipeg<\/h3>\n<p>ASL Distribution Services Limited.<br \/>\n179 Rail Pk Way<br \/>\nRosser, MB<br \/>\nR4B 0A8<\/p>\n<p><strong>T\u00e9l:<\/strong> 204.632.6676<\/p>\n<p><a href=\"mailto:sales@asldistribution.com\">sales@asldistribution.com<\/a><\/p>\n<\/div>\n<\/div>\n<\/div>\n<\/div>\n<\/div>\n<\/div>","protected":false},"excerpt":{"rendered":"<p>Contactez ASL l&#8217;Ouest du Canada Winnipeg ASL Distribution Services Limited. 179 Rail Pk Way Rosser, MB R4B 0A8 T\u00e9l: 204.632.6676 sales@asldistribution.com<\/p>","protected":false},"author":1,"featured_media":0,"parent":0,"menu_order":0,"comment_status":"closed","ping_status":"closed","template":"page-about-fr.php","meta":{"_acf_changed":false,"footnotes":""},"categories":[8],"tags":[],"class_list":["post-938","page","type-page","status-publish","hentry","category-fr","entry"],"acf":[],"yoast_head":"<!-- This site is optimized with the Yoast SEO plugin v27.3 - https:\/\/yoast.com\/product\/yoast-seo-wordpress\/ -->\n<title>ASL Distribution | Ouest canadien | Fastfrate Group<\/title>\n<meta name=\"description\" content=\"Communiquez avec ASL Distribution pour l\u2019Ouest du Canada \u00e0 notre bureau de Winnipeg pour vous renseigner sur nos programmes souples de gestion de la cha\u00eene d\u2019approvisionnement adapt\u00e9s \u00e0 votre marque.\" \/>\n<meta name=\"robots\" content=\"index, follow, max-snippet:-1, max-image-preview:large, max-video-preview:-1\" \/>\n<link rel=\"canonical\" href=\"https:\/\/www.fastfrate.com\/fr\/contactez-asl-l-quest-du-canada\/\" \/>\n<meta property=\"og:locale\" content=\"fr_CA\" \/>\n<meta property=\"og:type\" content=\"article\" \/>\n<meta property=\"og:title\" content=\"ASL Distribution | Ouest canadien | Fastfrate Group\" \/>\n<meta property=\"og:description\" content=\"Communiquez avec ASL Distribution pour l\u2019Ouest du Canada \u00e0 notre bureau de Winnipeg pour vous renseigner sur nos programmes souples de gestion de la cha\u00eene d\u2019approvisionnement adapt\u00e9s \u00e0 votre marque.\" \/>\n<meta property=\"og:url\" content=\"https:\/\/www.fastfrate.com\/fr\/contactez-asl-l-quest-du-canada\/\" \/>\n<meta property=\"og:site_name\" content=\"The FastFrate Group\" \/>\n<meta property=\"article:modified_time\" content=\"2025-01-15T14:49:45+00:00\" \/>\n<meta property=\"og:image\" content=\"http:\/\/www.fastfrate.com\/wp-content\/uploads\/2021\/10\/feature-image-contact-asl-winnipeg.jpg\" \/>\n<meta name=\"twitter:card\" content=\"summary_large_image\" \/>\n<meta name=\"twitter:label1\" content=\"Estimation du temps de lecture\" \/>\n\t<meta name=\"twitter:data1\" content=\"1 minute\" \/>\n<script type=\"application\/ld+json\" class=\"yoast-schema-graph\">{\"@context\":\"https:\\\/\\\/schema.org\",\"@graph\":[{\"@type\":\"WebPage\",\"@id\":\"https:\\\/\\\/www.fastfrate.com\\\/fr\\\/contactez-asl-l-quest-du-canada\\\/\",\"url\":\"https:\\\/\\\/www.fastfrate.com\\\/fr\\\/contactez-asl-l-quest-du-canada\\\/\",\"name\":\"ASL Distribution | Ouest canadien | Fastfrate Group\",\"isPartOf\":{\"@id\":\"https:\\\/\\\/www.fastfrate.com\\\/fr\\\/#website\"},\"primaryImageOfPage\":{\"@id\":\"https:\\\/\\\/www.fastfrate.com\\\/fr\\\/contactez-asl-l-quest-du-canada\\\/#primaryimage\"},\"image\":{\"@id\":\"https:\\\/\\\/www.fastfrate.com\\\/fr\\\/contactez-asl-l-quest-du-canada\\\/#primaryimage\"},\"thumbnailUrl\":\"http:\\\/\\\/www.fastfrate.com\\\/wp-content\\\/uploads\\\/2021\\\/10\\\/feature-image-contact-asl-winnipeg.jpg\",\"datePublished\":\"2021-10-18T17:07:08+00:00\",\"dateModified\":\"2025-01-15T14:49:45+00:00\",\"description\":\"Communiquez avec ASL Distribution pour l\u2019Ouest du Canada \u00e0 notre bureau de Winnipeg pour vous renseigner sur nos programmes souples de gestion de la cha\u00eene d\u2019approvisionnement adapt\u00e9s \u00e0 votre marque.\",\"breadcrumb\":{\"@id\":\"https:\\\/\\\/www.fastfrate.com\\\/fr\\\/contactez-asl-l-quest-du-canada\\\/#breadcrumb\"},\"inLanguage\":\"fr-CA\",\"potentialAction\":[{\"@type\":\"ReadAction\",\"target\":[\"https:\\\/\\\/www.fastfrate.com\\\/fr\\\/contactez-asl-l-quest-du-canada\\\/\"]}]},{\"@type\":\"ImageObject\",\"inLanguage\":\"fr-CA\",\"@id\":\"https:\\\/\\\/www.fastfrate.com\\\/fr\\\/contactez-asl-l-quest-du-canada\\\/#primaryimage\",\"url\":\"http:\\\/\\\/www.fastfrate.com\\\/wp-content\\\/uploads\\\/2021\\\/10\\\/feature-image-contact-asl-winnipeg.jpg\",\"contentUrl\":\"http:\\\/\\\/www.fastfrate.com\\\/wp-content\\\/uploads\\\/2021\\\/10\\\/feature-image-contact-asl-winnipeg.jpg\"},{\"@type\":\"BreadcrumbList\",\"@id\":\"https:\\\/\\\/www.fastfrate.com\\\/fr\\\/contactez-asl-l-quest-du-canada\\\/#breadcrumb\",\"itemListElement\":[{\"@type\":\"ListItem\",\"position\":1,\"name\":\"Home\",\"item\":\"https:\\\/\\\/www.fastfrate.com\\\/\"},{\"@type\":\"ListItem\",\"position\":2,\"name\":\"Contactez ASL l&#8217;Ouest du Canada\"}]},{\"@type\":\"WebSite\",\"@id\":\"https:\\\/\\\/www.fastfrate.com\\\/fr\\\/#website\",\"url\":\"https:\\\/\\\/www.fastfrate.com\\\/fr\\\/\",\"name\":\"The FastFrate Group\",\"description\":\"\",\"potentialAction\":[{\"@type\":\"SearchAction\",\"target\":{\"@type\":\"EntryPoint\",\"urlTemplate\":\"https:\\\/\\\/www.fastfrate.com\\\/fr\\\/?s={search_term_string}\"},\"query-input\":{\"@type\":\"PropertyValueSpecification\",\"valueRequired\":true,\"valueName\":\"search_term_string\"}}],\"inLanguage\":\"fr-CA\"}]}<\/script>\n<!-- \/ Yoast SEO plugin. -->","yoast_head_json":{"title":"ASL Distribution | Ouest canadien | Fastfrate Group","description":"Communiquez avec ASL Distribution pour l\u2019Ouest du Canada \u00e0 notre bureau de Winnipeg pour vous renseigner sur nos programmes souples de gestion de la cha\u00eene d\u2019approvisionnement adapt\u00e9s \u00e0 votre marque.","robots":{"index":"index","follow":"follow","max-snippet":"max-snippet:-1","max-image-preview":"max-image-preview:large","max-video-preview":"max-video-preview:-1"},"canonical":"https:\/\/www.fastfrate.com\/fr\/contactez-asl-l-quest-du-canada\/","og_locale":"fr_CA","og_type":"article","og_title":"ASL Distribution | Ouest canadien | Fastfrate Group","og_description":"Communiquez avec ASL Distribution pour l\u2019Ouest du Canada \u00e0 notre bureau de Winnipeg pour vous renseigner sur nos programmes souples de gestion de la cha\u00eene d\u2019approvisionnement adapt\u00e9s \u00e0 votre marque.","og_url":"https:\/\/www.fastfrate.com\/fr\/contactez-asl-l-quest-du-canada\/","og_site_name":"The FastFrate Group","article_modified_time":"2025-01-15T14:49:45+00:00","og_image":[{"url":"http:\/\/www.fastfrate.com\/wp-content\/uploads\/2021\/10\/feature-image-contact-asl-winnipeg.jpg","type":"","width":"","height":""}],"twitter_card":"summary_large_image","twitter_misc":{"Estimation du temps de lecture":"1 minute"},"schema":{"@context":"https:\/\/schema.org","@graph":[{"@type":"WebPage","@id":"https:\/\/www.fastfrate.com\/fr\/contactez-asl-l-quest-du-canada\/","url":"https:\/\/www.fastfrate.com\/fr\/contactez-asl-l-quest-du-canada\/","name":"ASL Distribution | Ouest canadien | Fastfrate Group","isPartOf":{"@id":"https:\/\/www.fastfrate.com\/fr\/#website"},"primaryImageOfPage":{"@id":"https:\/\/www.fastfrate.com\/fr\/contactez-asl-l-quest-du-canada\/#primaryimage"},"image":{"@id":"https:\/\/www.fastfrate.com\/fr\/contactez-asl-l-quest-du-canada\/#primaryimage"},"thumbnailUrl":"http:\/\/www.fastfrate.com\/wp-content\/uploads\/2021\/10\/feature-image-contact-asl-winnipeg.jpg","datePublished":"2021-10-18T17:07:08+00:00","dateModified":"2025-01-15T14:49:45+00:00","description":"Communiquez avec ASL Distribution pour l\u2019Ouest du Canada \u00e0 notre bureau de Winnipeg pour vous renseigner sur nos programmes souples de gestion de la cha\u00eene d\u2019approvisionnement adapt\u00e9s \u00e0 votre marque.","breadcrumb":{"@id":"https:\/\/www.fastfrate.com\/fr\/contactez-asl-l-quest-du-canada\/#breadcrumb"},"inLanguage":"fr-CA","potentialAction":[{"@type":"ReadAction","target":["https:\/\/www.fastfrate.com\/fr\/contactez-asl-l-quest-du-canada\/"]}]},{"@type":"ImageObject","inLanguage":"fr-CA","@id":"https:\/\/www.fastfrate.com\/fr\/contactez-asl-l-quest-du-canada\/#primaryimage","url":"http:\/\/www.fastfrate.com\/wp-content\/uploads\/2021\/10\/feature-image-contact-asl-winnipeg.jpg","contentUrl":"http:\/\/www.fastfrate.com\/wp-content\/uploads\/2021\/10\/feature-image-contact-asl-winnipeg.jpg"},{"@type":"BreadcrumbList","@id":"https:\/\/www.fastfrate.com\/fr\/contactez-asl-l-quest-du-canada\/#breadcrumb","itemListElement":[{"@type":"ListItem","position":1,"name":"Home","item":"https:\/\/www.fastfrate.com\/"},{"@type":"ListItem","position":2,"name":"Contactez ASL l&#8217;Ouest du Canada"}]},{"@type":"WebSite","@id":"https:\/\/www.fastfrate.com\/fr\/#website","url":"https:\/\/www.fastfrate.com\/fr\/","name":"The FastFrate Group","description":"","potentialAction":[{"@type":"SearchAction","target":{"@type":"EntryPoint","urlTemplate":"https:\/\/www.fastfrate.com\/fr\/?s={search_term_string}"},"query-input":{"@type":"PropertyValueSpecification","valueRequired":true,"valueName":"search_term_string"}}],"inLanguage":"fr-CA"}]}},"_links":{"self":[{"href":"https:\/\/www.fastfrate.com\/fr\/wp-json\/wp\/v2\/pages\/938","targetHints":{"allow":["GET"]}}],"collection":[{"href":"https:\/\/www.fastfrate.com\/fr\/wp-json\/wp\/v2\/pages"}],"about":[{"href":"https:\/\/www.fastfrate.com\/fr\/wp-json\/wp\/v2\/types\/page"}],"author":[{"embeddable":true,"href":"https:\/\/www.fastfrate.com\/fr\/wp-json\/wp\/v2\/users\/1"}],"replies":[{"embeddable":true,"href":"https:\/\/www.fastfrate.com\/fr\/wp-json\/wp\/v2\/comments?post=938"}],"version-history":[{"count":0,"href":"https:\/\/www.fastfrate.com\/fr\/wp-json\/wp\/v2\/pages\/938\/revisions"}],"wp:attachment":[{"href":"https:\/\/www.fastfrate.com\/fr\/wp-json\/wp\/v2\/media?parent=938"}],"wp:term":[{"taxonomy":"category","embeddable":true,"href":"https:\/\/www.fastfrate.com\/fr\/wp-json\/wp\/v2\/categories?post=938"},{"taxonomy":"post_tag","embeddable":true,"href":"https:\/\/www.fastfrate.com\/fr\/wp-json\/wp\/v2\/tags?post=938"}],"curies":[{"name":"wp","href":"https:\/\/api.w.org\/{rel}","templated":true}]}}