{"id":929,"date":"2021-10-18T13:03:09","date_gmt":"2021-10-18T17:03:09","guid":{"rendered":"http:\/\/fastfrate-dev.local\/documents-2\/"},"modified":"2025-06-09T14:27:15","modified_gmt":"2025-06-09T18:27:15","slug":"nouvelles-et-documents","status":"publish","type":"page","link":"https:\/\/www.fastfrate.com\/fr\/nouvelles-et-documents\/","title":{"rendered":"Documents"},"content":{"rendered":"<div id=\"PageWrapperHome\" class=\"section1 Subpage SubpageStandard\">\n<div class=\"SubpageWrapper\">\n<div class=\"SubpageContentWrapper container\">\n<div class=\"ContentSubpageLeft col-12 col-sm-12 col-xs-12\">\n<div class=\"breadcrum-top\">Nouvelles et mises \u00e0 jour<\/div>\n<div class=\"breadcrum-bottom\">Documents<\/div>\n<div class=\"ContentBody\">\n<h1>Documents \u00e0 t\u00e9l\u00e9charger utiles aux clients Fastfrate<\/h1>\n<p>Voici une liste des formulaires les plus fr\u00e9quemment utilis\u00e9s par nos clients. Chaque document est pr\u00e9sent\u00e9 en format PDF qui peut \u00eatre imprim\u00e9 par la plupart des imprimantes.<\/p>\n<h3><span class=\"S1PPyQ\">Un guide pour bien pr\u00e9parer les marchandises pour les exp\u00e9ditions LTL\u00a0<\/span><\/h3>\n<p>L\u2019exp\u00e9dition de marchandise LTL implique plusieurs manutentions et transferts et peut exposer votre envoi \u00e0 des dangers routiers, des changements de temp\u00e9rature et d\u2019autres risques potentiels. Prot\u00e9gez votre cargaison contre les dommages ou les pertes avec le bon emballage. D\u00e9couvrez les meilleures pratiques pour l\u2019emballage et la palettisation de votre envoi ci-dessous.<\/p>\n<div><a class=\"button-download transit-schedule\" href=\"http:\/\/www.fastfrate.com\/wp-content\/uploads\/2023\/02\/UN-GUIDE-POUR-BIEN-PREPARER-LES-MARCHANDISES-POUR-LES-EXPEDITIONS-LTL-.pdf\" target=\"_blank\" rel=\"noopener\">T\u00c9L\u00c9CHARGER<\/a><\/div>\n<div class=\"row-border\"><\/div>\n<h3>Connaissement (formulaire \u00e0 remplir en direct)<\/h3>\n<p>Pour voir ou imprimer ce formulaire, il faut d\u2019abord installer Adobe Acrobat PDF Reader.<\/p>\n<div><a class=\"button-download transit-schedule\" href=\"http:\/\/www.fastfrate.com\/wp-content\/uploads\/2021\/10\/PDFFastFrate_BL_E.pdf\" target=\"_blank\" rel=\"noopener\">T\u00c9L\u00c9CHARGER<\/a><\/div>\n<div class=\"row-border\"><\/div>\n<h3>Frate Express Connaissement (remplissable)<\/h3>\n<p>Pour voir ou imprimer ce formulaire, il faut d\u2019abord installer Adobe Acrobat PDF Reader.<\/p>\n<div><a class=\"button-download transit-schedule\" href=\"http:\/\/www.fastfrate.com\/wp-content\/uploads\/2021\/10\/PDF-FastFrate_BL_E_FrateExpress.pdf\" target=\"_blank\" rel=\"noopener\">T\u00c9L\u00c9CHARGER<\/a><\/div>\n<div class=\"row-border\"><\/div>\n<h3>Formulaire de r\u00e9clamation<\/h3>\n<p>Pour voir ou imprimer ce formulaire, il faut d\u2019abord installer Adobe Acrobat PDF Reader.<\/p>\n<div><a class=\"button-download transit-schedule\" href=\"http:\/\/www.fastfrate.com\/wp-content\/uploads\/2021\/10\/CFF_Claim_Form_French.pdf\" target=\"_blank\" rel=\"noopener\">T\u00c9L\u00c9CHARGER<\/a><\/div>\n<div class=\"row-border\"><\/div>\n<h3 class=\"fr-font\">Demande d\u2019ouverture de compte<\/h3>\n<p>Pour soumettre une demande d\u2019ouverture de compte \u00e0 Fastfrate :<\/p>\n<ol>\n<li>T\u00e9l\u00e9chargez la demande en cliquant sur le lien ci-dessous<\/li>\n<li>Remplissez la demande en ligne<\/li>\n<li>3. Cliquez sur le bouton \u00abSoumettre le formulaire\u00bb situ\u00e9 au bas de la derni\u00e8re page, puis suivez les instructions<\/li>\n<li>Pour toute question, veuillez communiquer avec nous au 800.268.1564<\/li>\n<\/ol>\n<p><strong>Pri\u00e8re de noter :<\/strong><br \/>\nSi vous utilisez un service Internet tel que Yahoo Mail ou GMail, ou si le bouton \u00abSoumettre le formulaire\u00bb ne fonctionne pas correctement, veuillez enregistrer manuellement la demande remplie dans votre ordinateur et la transmettre manuellement au format PDF \u00e0 <a href=\"mailto:credit@fastfrate.com\">credit@fastfrate.com<\/a><\/p>\n<p>Si vous \u00e9prouvez des difficult\u00e9s \u00e0 remplir le formulaire, s\u2019il vous pla\u00eet faites un clic droit \u00e0 l\u2019int\u00e9rieur de la forme et de l\u2019enregistrer sur votre ordinateur. Ouvrir le formulaire dans Acrobat Reader et essayez \u00e0 nouveau. Si vous ne disposez pas d\u2019Acrobat Reader, vous pouvez le <a href=\"https:\/\/get.adobe.com\/reader\/\" target=\"_blank\" rel=\"noopener\">t\u00e9l\u00e9charger ici<\/a>.<\/p>\n<div><a class=\"button-download transit-schedule\" href=\"https:\/\/www.fastfrate.com\/wp-content\/uploads\/2025\/04\/Account-Application_2025-French.pdf\" target=\"_blank\" rel=\"noopener\">T\u00c9L\u00c9CHARGER<\/a><\/div>\n<div class=\"row-border\"><\/div>\n<h3 class=\"fr-font\">Formulaire d&#8217;autorisation de carte de cr\u00e9dit<\/h3>\n<p>Pour voir ou imprimer ce formulaire, il faut d\u2019abord installer Adobe Acrobat PDF Reader.<\/p>\n<div><a class=\"button-download transit-schedule\" href=\"http:\/\/www.fastfrate.com\/wp-content\/uploads\/2021\/10\/Fastfrate-Credit-Card-Form.pdf\" target=\"_blank\" rel=\"noopener\">T\u00c9L\u00c9CHARGER<\/a><\/div>\n<div><\/div>\n<div class=\"row-border\">\n<hr \/>\n<\/div>\n<h3 class=\"fr-font\">Modalit\u00e9s et conditions<\/h3>\n<p>Pour voir ou imprimer ce formulaire, il faut d\u2019abord installer Adobe Acrobat PDF Reader.<\/p>\n<div><a class=\"button-download transit-schedule\" href=\"https:\/\/www.fastfrate.com\/wp-content\/uploads\/2025\/06\/Fastfrate_TNC_FR_F25_Proposal-002.pdf\" target=\"_blank\" rel=\"noopener\">T\u00c9L\u00c9CHARGER<\/a><\/div>\n<\/div>\n<div class=\"ContentBody\">\n<hr \/>\n<h3 class=\"fr-font\">Services \u00e0 valeur ajout\u00e9e<\/h3>\n<p>Pour voir ou imprimer ce formulaire, il faut d\u2019abord installer Adobe Acrobat PDF Reader.<\/p>\n<div><a class=\"button-download transit-schedule\" href=\"http:\/\/www.fastfrate.com\/wp-content\/uploads\/2022\/10\/Services-a-valeurs-ajoutes-F23.pdf\" target=\"_blank\" rel=\"noopener\">T\u00c9L\u00c9CHARGER<\/a><\/div>\n<\/div>\n<div>\n<div class=\"row-border\"><\/div>\n<h3 class=\"fr-font\">Services transfronti\u00e9res \u00e0 valeur ajout\u00e9e<\/h3>\n<p>Pour voir ou imprimer ce formulaire, il faut d\u2019abord installer Adobe Acrobat PDF Reader.<\/p>\n<div><a class=\"button-download transit-schedule\" href=\"http:\/\/www.fastfrate.com\/wp-content\/uploads\/2024\/11\/French-CrossBorder_Value-Add_2024-10.pdf\" target=\"_blank\" rel=\"noopener\">T\u00c9L\u00c9CHARGER<\/a><\/div>\n<\/div>\n<div class=\"ContentBody\">\n<p>Si le formulaire que vous recherchez ne se trouve pas ici, <a href=\"http:\/\/www.fastfrate.com\/siege-social\">contactez-nous<\/a> et nous vous le ferons parvenir imm\u00e9diatement.<\/p>\n<\/div>\n<\/div>\n<\/div>\n<\/div>\n<\/div>","protected":false},"excerpt":{"rendered":"<p>Nouvelles et mises \u00e0 jour Documents Documents \u00e0 t\u00e9l\u00e9charger utiles aux clients Fastfrate Voici une liste des formulaires les plus fr\u00e9quemment utilis\u00e9s par nos clients. Chaque document est pr\u00e9sent\u00e9 en format PDF qui peut \u00eatre imprim\u00e9 par la plupart des imprimantes. Un guide pour bien pr\u00e9parer les marchandises pour les exp\u00e9ditions LTL\u00a0 L\u2019exp\u00e9dition de marchandise&hellip; <a class=\"more-link\" href=\"https:\/\/www.fastfrate.com\/fr\/nouvelles-et-documents\/\">Continue reading <span class=\"screen-reader-text\">Documents<\/span><\/a><\/p>","protected":false},"author":1,"featured_media":0,"parent":0,"menu_order":0,"comment_status":"closed","ping_status":"closed","template":"page-nosidebar-fr.php","meta":{"_acf_changed":false,"footnotes":""},"categories":[8],"tags":[],"class_list":["post-929","page","type-page","status-publish","hentry","category-fr","entry"],"acf":[],"yoast_head":"<!-- This site is optimized with the Yoast SEO plugin v27.4 - https:\/\/yoast.com\/product\/yoast-seo-wordpress\/ -->\n<title>Documents | Groupe Fastfrate | Transport CAN-USA<\/title>\n<meta name=\"description\" content=\"Fastfrate offre l\u2019acc\u00e8s aux documents et formulaires \u00e0 remplir pour organiser facilement vos envois nationaux et transfrontaliers dans toute l\u2019Am\u00e9rique du Nord.\" \/>\n<meta name=\"robots\" content=\"index, follow, max-snippet:-1, max-image-preview:large, max-video-preview:-1\" \/>\n<link rel=\"canonical\" href=\"https:\/\/www.fastfrate.com\/fr\/nouvelles-et-documents\/\" \/>\n<meta property=\"og:locale\" content=\"fr_CA\" \/>\n<meta property=\"og:type\" content=\"article\" \/>\n<meta property=\"og:title\" content=\"Documents | Groupe Fastfrate | Transport CAN-USA\" \/>\n<meta property=\"og:description\" content=\"Fastfrate offre l\u2019acc\u00e8s aux documents et formulaires \u00e0 remplir pour organiser facilement vos envois nationaux et transfrontaliers dans toute l\u2019Am\u00e9rique du Nord.\" \/>\n<meta property=\"og:url\" content=\"https:\/\/www.fastfrate.com\/fr\/nouvelles-et-documents\/\" \/>\n<meta property=\"og:site_name\" content=\"The FastFrate Group\" \/>\n<meta property=\"article:modified_time\" content=\"2025-06-09T18:27:15+00:00\" \/>\n<meta name=\"twitter:card\" content=\"summary_large_image\" \/>\n<meta name=\"twitter:label1\" content=\"Estimation du temps de lecture\" \/>\n\t<meta name=\"twitter:data1\" content=\"2 minutes\" \/>\n<script type=\"application\/ld+json\" class=\"yoast-schema-graph\">{\"@context\":\"https:\\\/\\\/schema.org\",\"@graph\":[{\"@type\":\"WebPage\",\"@id\":\"https:\\\/\\\/www.fastfrate.com\\\/fr\\\/nouvelles-et-documents\\\/\",\"url\":\"https:\\\/\\\/www.fastfrate.com\\\/fr\\\/nouvelles-et-documents\\\/\",\"name\":\"Documents | Groupe Fastfrate | Transport CAN-USA\",\"isPartOf\":{\"@id\":\"https:\\\/\\\/www.fastfrate.com\\\/fr\\\/#website\"},\"datePublished\":\"2021-10-18T17:03:09+00:00\",\"dateModified\":\"2025-06-09T18:27:15+00:00\",\"description\":\"Fastfrate offre l\u2019acc\u00e8s aux documents et formulaires \u00e0 remplir pour organiser facilement vos envois nationaux et transfrontaliers dans toute l\u2019Am\u00e9rique du Nord.\",\"breadcrumb\":{\"@id\":\"https:\\\/\\\/www.fastfrate.com\\\/fr\\\/nouvelles-et-documents\\\/#breadcrumb\"},\"inLanguage\":\"fr-CA\",\"potentialAction\":[{\"@type\":\"ReadAction\",\"target\":[\"https:\\\/\\\/www.fastfrate.com\\\/fr\\\/nouvelles-et-documents\\\/\"]}]},{\"@type\":\"BreadcrumbList\",\"@id\":\"https:\\\/\\\/www.fastfrate.com\\\/fr\\\/nouvelles-et-documents\\\/#breadcrumb\",\"itemListElement\":[{\"@type\":\"ListItem\",\"position\":1,\"name\":\"Home\",\"item\":\"https:\\\/\\\/www.fastfrate.com\\\/\"},{\"@type\":\"ListItem\",\"position\":2,\"name\":\"Documents\"}]},{\"@type\":\"WebSite\",\"@id\":\"https:\\\/\\\/www.fastfrate.com\\\/fr\\\/#website\",\"url\":\"https:\\\/\\\/www.fastfrate.com\\\/fr\\\/\",\"name\":\"The FastFrate Group\",\"description\":\"\",\"potentialAction\":[{\"@type\":\"SearchAction\",\"target\":{\"@type\":\"EntryPoint\",\"urlTemplate\":\"https:\\\/\\\/www.fastfrate.com\\\/fr\\\/?s={search_term_string}\"},\"query-input\":{\"@type\":\"PropertyValueSpecification\",\"valueRequired\":true,\"valueName\":\"search_term_string\"}}],\"inLanguage\":\"fr-CA\"}]}<\/script>\n<!-- \/ Yoast SEO plugin. -->","yoast_head_json":{"title":"Documents | Groupe Fastfrate | Transport CAN-USA","description":"Fastfrate offre l\u2019acc\u00e8s aux documents et formulaires \u00e0 remplir pour organiser facilement vos envois nationaux et transfrontaliers dans toute l\u2019Am\u00e9rique du Nord.","robots":{"index":"index","follow":"follow","max-snippet":"max-snippet:-1","max-image-preview":"max-image-preview:large","max-video-preview":"max-video-preview:-1"},"canonical":"https:\/\/www.fastfrate.com\/fr\/nouvelles-et-documents\/","og_locale":"fr_CA","og_type":"article","og_title":"Documents | Groupe Fastfrate | Transport CAN-USA","og_description":"Fastfrate offre l\u2019acc\u00e8s aux documents et formulaires \u00e0 remplir pour organiser facilement vos envois nationaux et transfrontaliers dans toute l\u2019Am\u00e9rique du Nord.","og_url":"https:\/\/www.fastfrate.com\/fr\/nouvelles-et-documents\/","og_site_name":"The FastFrate Group","article_modified_time":"2025-06-09T18:27:15+00:00","twitter_card":"summary_large_image","twitter_misc":{"Estimation du temps de lecture":"2 minutes"},"schema":{"@context":"https:\/\/schema.org","@graph":[{"@type":"WebPage","@id":"https:\/\/www.fastfrate.com\/fr\/nouvelles-et-documents\/","url":"https:\/\/www.fastfrate.com\/fr\/nouvelles-et-documents\/","name":"Documents | Groupe Fastfrate | Transport CAN-USA","isPartOf":{"@id":"https:\/\/www.fastfrate.com\/fr\/#website"},"datePublished":"2021-10-18T17:03:09+00:00","dateModified":"2025-06-09T18:27:15+00:00","description":"Fastfrate offre l\u2019acc\u00e8s aux documents et formulaires \u00e0 remplir pour organiser facilement vos envois nationaux et transfrontaliers dans toute l\u2019Am\u00e9rique du Nord.","breadcrumb":{"@id":"https:\/\/www.fastfrate.com\/fr\/nouvelles-et-documents\/#breadcrumb"},"inLanguage":"fr-CA","potentialAction":[{"@type":"ReadAction","target":["https:\/\/www.fastfrate.com\/fr\/nouvelles-et-documents\/"]}]},{"@type":"BreadcrumbList","@id":"https:\/\/www.fastfrate.com\/fr\/nouvelles-et-documents\/#breadcrumb","itemListElement":[{"@type":"ListItem","position":1,"name":"Home","item":"https:\/\/www.fastfrate.com\/"},{"@type":"ListItem","position":2,"name":"Documents"}]},{"@type":"WebSite","@id":"https:\/\/www.fastfrate.com\/fr\/#website","url":"https:\/\/www.fastfrate.com\/fr\/","name":"The FastFrate Group","description":"","potentialAction":[{"@type":"SearchAction","target":{"@type":"EntryPoint","urlTemplate":"https:\/\/www.fastfrate.com\/fr\/?s={search_term_string}"},"query-input":{"@type":"PropertyValueSpecification","valueRequired":true,"valueName":"search_term_string"}}],"inLanguage":"fr-CA"}]}},"_links":{"self":[{"href":"https:\/\/www.fastfrate.com\/fr\/wp-json\/wp\/v2\/pages\/929","targetHints":{"allow":["GET"]}}],"collection":[{"href":"https:\/\/www.fastfrate.com\/fr\/wp-json\/wp\/v2\/pages"}],"about":[{"href":"https:\/\/www.fastfrate.com\/fr\/wp-json\/wp\/v2\/types\/page"}],"author":[{"embeddable":true,"href":"https:\/\/www.fastfrate.com\/fr\/wp-json\/wp\/v2\/users\/1"}],"replies":[{"embeddable":true,"href":"https:\/\/www.fastfrate.com\/fr\/wp-json\/wp\/v2\/comments?post=929"}],"version-history":[{"count":0,"href":"https:\/\/www.fastfrate.com\/fr\/wp-json\/wp\/v2\/pages\/929\/revisions"}],"wp:attachment":[{"href":"https:\/\/www.fastfrate.com\/fr\/wp-json\/wp\/v2\/media?parent=929"}],"wp:term":[{"taxonomy":"category","embeddable":true,"href":"https:\/\/www.fastfrate.com\/fr\/wp-json\/wp\/v2\/categories?post=929"},{"taxonomy":"post_tag","embeddable":true,"href":"https:\/\/www.fastfrate.com\/fr\/wp-json\/wp\/v2\/tags?post=929"}],"curies":[{"name":"wp","href":"https:\/\/api.w.org\/{rel}","templated":true}]}}