{"id":928,"date":"2021-10-18T13:04:33","date_gmt":"2021-10-18T17:04:33","guid":{"rendered":"http:\/\/fastfrate-dev.local\/sitemap-2\/"},"modified":"2024-06-10T14:01:40","modified_gmt":"2024-06-10T18:01:40","slug":"carte-du-site","status":"publish","type":"page","link":"https:\/\/www.fastfrate.com\/fr\/carte-du-site\/","title":{"rendered":"CARTE DU SITE"},"content":{"rendered":"<div id=\"PageWrapperHome\" class=\"Subpage SubpageStandard siteMapN\">\n<div class=\"SubpageWrapper\">\n<div class=\"SubpageContentWrapper container\">\n<div class=\"ContentSubpageRight col-md-6 col-sm-12 col-xs-12\">\n<div class=\"ContentSubpageFeature hidden-xs hidden-sm\"><img decoding=\"async\" class=\"img-responsive\" src=\"https:\/\/www.fastfrate.com\/wp-content\/uploads\/2021\/10\/feature-image-contact-logisitcs-division.jpg\" alt=\"Transportation and logistics services Canada\" \/><\/div>\n<\/div>\n<div class=\"ContentSubpageLeft col-md-6 col-sm-12 col-xs-12\">\n<div class=\"breadcrum-top\"><\/div>\n<div class=\"breadcrum-bottom\">CARTE DU SITE<\/div>\n<div class=\"ContentBody\">\n<div class=\"col-md-6 no-padding\">\n<h2>\u00c0 PROPOS DU GROUPE FASTFRATE<\/h2>\n<ul>\n<li><a href=\"profil-de-l-entreprise\">PROFIL DE L&#8217;ENTREPRISE<\/a><\/li>\n<li><a href=\"analyses-et-solutions\">ANALYSES ET SOLUTIONS<\/a><\/li>\n<li><a href=\"pourquoi-choisir-fastfrate\">POURQUOI CHOISIR FASTFRATE<\/a><\/li>\n<li><a href=\"notre-partenariat-avec-le-cp\">NOTRE PARTENARIAT AVEC LE CPKC<\/a><\/li>\n<li><a href=\"nos-clients-temoignent\">NOS CLIENTS T\u00c9MOIGNENT<\/a><\/li>\n<li><a href=\"protection-et-securite\">PROTECTION ET S\u00c9CURIT\u00c9<\/a><\/li>\n<li><a href=\"initiatives-ecologiques\">INITIATIVES \u00c9COLOGIQUES<\/a><\/li>\n<\/ul>\n<h2>SOCI\u00c9T\u00c9S<\/h2>\n<ul>\n<li><a href=\"societes-fastfrate\">FASTFRATE<\/a><\/li>\n<li><a href=\"societes-cdi\">CDI<\/a><\/li>\n<li><a href=\"societes-fastfrate-integrated-logistics\">FASTFRATE INTERGRATED LOGISTICS<\/a><\/li>\n<li><a href=\"https:\/\/www.fastfrate.com\/fr\/societes-asl\/\">ASL<\/a><\/li>\n<li><a href=\"https:\/\/www.fastfrate.com\/fr\/societes-challenger\/\">CHALLENGER<\/a><\/li>\n<\/ul>\n<h2>SERVICES<\/h2>\n<ul>\n<li><a href=\"intermodal\">INTERMODAL<\/a><\/li>\n<li><a href=\"autoroutier\">AUTOROUTIER<\/a><\/li>\n<li><a href=\"factage-et-transbordement\">FACTAGE ET TRANSBORDEMENT<\/a><\/li>\n<li><a href=\"transfrontalier\">TRANSFRONTALIER<\/a><\/li>\n<li><a href=\"entreposage-et-distribution\">ENTREPOSAGE ET DISTRIBUTION <\/a><\/li>\n<li><a href=\"logistique\">LOGISTIQUE<\/a><\/li>\n<li><a href=\"https:\/\/www.fastfrate.com\/fr\/full-truckload\/\">EXP\u00c9DITION EN CHARGEMENT COMPLET<\/a><\/li>\n<li><a href=\"final-mile\">DERNIER KILOM\u00c8TRE<\/a><\/li>\n<li><a href=\"ecommerce\">ECOMMERCE<\/a><\/li>\n<li><a href=\"https:\/\/www.fastfrate.com\/fr\/services-mexico-ftl\/\">MEXICO FL<\/a><\/li>\n<\/ul>\n<h2>TECHNOLOGIE<\/h2>\n<ul>\n<li><a href=\"technologie\">TECHNOLOGIE<\/a><\/li>\n<\/ul>\n<h2>TERRITOIRE ET TEMPS DE TRANSIT<\/h2>\n<ul>\n<li><a href=\"carte-des-services-au-canada\">CARTE DES SERVICES AU CANADA<\/a><\/li>\n<li><a href=\"horaires-de-transit\">HORAIRES DE TRANSIT<\/a><\/li>\n<li><a href=\"http:\/\/www.fastfrate.com\/en\/horaires-de-transit-2\/\">FRATE EXPRESS TEMPS DE TRANSIT<\/a><\/li>\n<\/ul>\n<h2>SUPPL\u00c9MENTS<\/h2>\n<ul>\n<li><a href=\"supplement-carburant\">SUPPL\u00c9MENT CARBURANT<\/a><\/li>\n<li><a href=\"http:\/\/www.fastfrate.com\/wp-content\/uploads\/2021\/10\/CFF-Carbon-27MAR2019-Fra.pdf\" target=\"_blank\" rel=\"noopener\">SUPPL\u00c9MENT POLLUTION PAR LE CARBONE<\/a><\/li>\n<li><a href=\"http:\/\/www.fastfrate.com\/wp-content\/uploads\/2021\/10\/Surcharge-Marine-Golfe-du-St-Laurent.pdf\" target=\"_blank\" rel=\"noopener\">SUPPL\u00c9MENT PROTECTION DES STRUCTURES MARITIMES<\/a><\/li>\n<\/ul>\n<\/div>\n<div class=\"col-md-6 no-padding\">\n<h2>NOUVELLES ET MISES \u00c0 JOUR<\/h2>\n<ul>\n<li><a href=\"https:\/\/www.fastfrate.com\/fr\/nouvelles-et-documents\/\">DOCUMENTS<\/a><\/li>\n<li><a href=\"https:\/\/www.fastfrate.com\/fr\/nouvelles\/\" aria-current=\"page\">NOUVELLES<\/a><\/li>\n<li><a href=\"https:\/\/www.fastfrate.com\/fr\/galerie-video\/\">VID\u00c9OS<\/a><\/li>\n<li><a href=\"https:\/\/www.fastfrate.com\/fr\/mises-a-jour-des-services\/\">MISES \u00c0 JOUR DES SERVICES<\/a><\/li>\n<li><a href=\"http:\/\/www.fastfrate.com\/nouvelles-et-legales\/\">L\u00c9GALES<\/a><\/li>\n<\/ul>\n<h2>POUR NOUS JOINDRE<\/h2>\n<ul>\n<li><a href=\"siege-social\">SI\u00c8GE SOCIAL<\/a><\/li>\n<\/ul>\n<h3>FASTFRATE<\/h3>\n<ul>\n<li><a href=\"contactez-fastfrate-alberta-truck\">ALBERTA<\/a><\/li>\n<li><a href=\"fastfrate-compagnie-de-camionnage-canada-atlantique-st-johns-moncton-halifax\">CANADA ATLANTIQUE<\/a><\/li>\n<li><a href=\"contactez-fastfrate-colombie-britannique\">COLOMBIE-BRITANNIQUE<\/a><\/li>\n<li><a href=\"contactez-fastfrate-manitoba-et-saskatchewan\">MANITOBA ET SASKATCHEWAN<\/a><\/li>\n<li><a href=\"contactez-fastfrate-ontario-et-quebec\">ONTARIO ET QU\u00c9BEC<\/a><\/li>\n<li><a href=\"contactez-fastfrate-etats-unis\">\u00c9TATS-UNIS<\/a><\/li>\n<\/ul>\n<h3>CDI<\/h3>\n<ul>\n<li><a href=\"cdi-alberta\">ALBERTA<\/a><\/li>\n<li><a href=\"cdi-canada-atlantique\">CANADA ATLANTIQUE<\/a><\/li>\n<li><a href=\"cdi-colombie-britannique\">COLOMBIE-BRITANNIQUE<\/a><\/li>\n<li><a href=\"cdi-manitoba-et-saskatchewan\">MANITOBA ET SASKATCHEWAN<\/a><\/li>\n<li><a href=\"cdi-ontario-et-quebec\">ONTARIO ET QU\u00c9BEC<\/a><\/li>\n<\/ul>\n<h3>INTEGRATED LOGISTICS<\/h3>\n<ul>\n<li><a href=\"integrated-logistics-alberta\">ALBERTA<\/a><\/li>\n<li><a href=\"integrated-logistics-colombie-britannique\">COLOMBIE-BRITANNIQUE<\/a><\/li>\n<li><a href=\"integrated-logistics-ontario-et-quebec\">ONTARIO ET QU\u00c9BEC<\/a><\/li>\n<\/ul>\n<h3>CARRI\u00c8RES<\/h3>\n<ul>\n<li><a href=\"carrieres\">POSSIBILIT\u00c9S DE CARRI\u00c8RES<\/a><\/li>\n<li><a href=\"conducteurs-recherches\">CONDUCTEURS RECHERCH\u00c9S<\/a><\/li>\n<li><a href=\"demande-d-emploi-de-conducteur-en-ligne\">DEMANDE D&#8217;EMPLOI DE CONDUCTEUR EN LIGNE<\/a><\/li>\n<\/ul>\n<h2>Miscellaneous<\/h2>\n<ul>\n<li><a class=\"uppercase\" href=\"politique-en-matiere-de-vie-privee\">Politique en mati\u00e8re de vie priv\u00e9e<\/a><\/li>\n<\/ul>\n<\/div>\n<\/div>\n<\/div>\n<\/div>\n<\/div>\n<\/div>","protected":false},"excerpt":{"rendered":"<p>CARTE DU SITE \u00c0 PROPOS DU GROUPE FASTFRATE PROFIL DE L&#8217;ENTREPRISE ANALYSES ET SOLUTIONS POURQUOI CHOISIR FASTFRATE NOTRE PARTENARIAT AVEC LE CPKC NOS CLIENTS T\u00c9MOIGNENT PROTECTION ET S\u00c9CURIT\u00c9 INITIATIVES \u00c9COLOGIQUES SOCI\u00c9T\u00c9S FASTFRATE CDI FASTFRATE INTERGRATED LOGISTICS ASL CHALLENGER SERVICES INTERMODAL AUTOROUTIER FACTAGE ET TRANSBORDEMENT TRANSFRONTALIER ENTREPOSAGE ET DISTRIBUTION LOGISTIQUE EXP\u00c9DITION EN CHARGEMENT COMPLET DERNIER KILOM\u00c8TRE&hellip; <a class=\"more-link\" href=\"https:\/\/www.fastfrate.com\/fr\/carte-du-site\/\">Continue reading <span class=\"screen-reader-text\">CARTE DU SITE<\/span><\/a><\/p>","protected":false},"author":1,"featured_media":0,"parent":0,"menu_order":0,"comment_status":"closed","ping_status":"closed","template":"page-about-fr.php","meta":{"_acf_changed":false,"footnotes":""},"categories":[8],"tags":[],"class_list":["post-928","page","type-page","status-publish","hentry","category-fr","entry"],"acf":[],"yoast_head":"<!-- This site is optimized with the Yoast SEO plugin v27.6 - https:\/\/yoast.com\/product\/yoast-seo-wordpress\/ -->\n<title>Carte du site | Fastfrate<\/title>\n<meta name=\"description\" content=\"Site map. Fastfrate is a trucking and logistics company specializing in LTL and truckload freight shipping services for Toronto, Montreal, Moncton and St. John\u2019s.\" \/>\n<meta name=\"robots\" content=\"index, follow, max-snippet:-1, max-image-preview:large, max-video-preview:-1\" \/>\n<link rel=\"canonical\" href=\"https:\/\/www.fastfrate.com\/fr\/carte-du-site\/\" \/>\n<meta property=\"og:locale\" content=\"fr_CA\" \/>\n<meta property=\"og:type\" content=\"article\" \/>\n<meta property=\"og:title\" content=\"Carte du site | Fastfrate\" \/>\n<meta property=\"og:description\" content=\"Site map. Fastfrate is a trucking and logistics company specializing in LTL and truckload freight shipping services for Toronto, Montreal, Moncton and St. John\u2019s.\" \/>\n<meta property=\"og:url\" content=\"https:\/\/www.fastfrate.com\/fr\/carte-du-site\/\" \/>\n<meta property=\"og:site_name\" content=\"The FastFrate Group\" \/>\n<meta property=\"article:modified_time\" content=\"2024-06-10T18:01:40+00:00\" \/>\n<meta property=\"og:image\" content=\"http:\/\/www.fastfrate.com\/wp-content\/uploads\/2021\/10\/feature-image-contact-logisitcs-division.jpg\" \/>\n<meta name=\"twitter:card\" content=\"summary_large_image\" \/>\n<meta name=\"twitter:label1\" content=\"Estimation du temps de lecture\" \/>\n\t<meta name=\"twitter:data1\" content=\"1 minute\" \/>\n<script type=\"application\/ld+json\" class=\"yoast-schema-graph\">{\"@context\":\"https:\\\/\\\/schema.org\",\"@graph\":[{\"@type\":\"WebPage\",\"@id\":\"https:\\\/\\\/www.fastfrate.com\\\/fr\\\/carte-du-site\\\/\",\"url\":\"https:\\\/\\\/www.fastfrate.com\\\/fr\\\/carte-du-site\\\/\",\"name\":\"Carte du site | Fastfrate\",\"isPartOf\":{\"@id\":\"https:\\\/\\\/www.fastfrate.com\\\/fr\\\/#website\"},\"primaryImageOfPage\":{\"@id\":\"https:\\\/\\\/www.fastfrate.com\\\/fr\\\/carte-du-site\\\/#primaryimage\"},\"image\":{\"@id\":\"https:\\\/\\\/www.fastfrate.com\\\/fr\\\/carte-du-site\\\/#primaryimage\"},\"thumbnailUrl\":\"http:\\\/\\\/www.fastfrate.com\\\/wp-content\\\/uploads\\\/2021\\\/10\\\/feature-image-contact-logisitcs-division.jpg\",\"datePublished\":\"2021-10-18T17:04:33+00:00\",\"dateModified\":\"2024-06-10T18:01:40+00:00\",\"description\":\"Site map. Fastfrate is a trucking and logistics company specializing in LTL and truckload freight shipping services for Toronto, Montreal, Moncton and St. John\u2019s.\",\"breadcrumb\":{\"@id\":\"https:\\\/\\\/www.fastfrate.com\\\/fr\\\/carte-du-site\\\/#breadcrumb\"},\"inLanguage\":\"fr-CA\",\"potentialAction\":[{\"@type\":\"ReadAction\",\"target\":[\"https:\\\/\\\/www.fastfrate.com\\\/fr\\\/carte-du-site\\\/\"]}]},{\"@type\":\"ImageObject\",\"inLanguage\":\"fr-CA\",\"@id\":\"https:\\\/\\\/www.fastfrate.com\\\/fr\\\/carte-du-site\\\/#primaryimage\",\"url\":\"http:\\\/\\\/www.fastfrate.com\\\/wp-content\\\/uploads\\\/2021\\\/10\\\/feature-image-contact-logisitcs-division.jpg\",\"contentUrl\":\"http:\\\/\\\/www.fastfrate.com\\\/wp-content\\\/uploads\\\/2021\\\/10\\\/feature-image-contact-logisitcs-division.jpg\"},{\"@type\":\"BreadcrumbList\",\"@id\":\"https:\\\/\\\/www.fastfrate.com\\\/fr\\\/carte-du-site\\\/#breadcrumb\",\"itemListElement\":[{\"@type\":\"ListItem\",\"position\":1,\"name\":\"Home\",\"item\":\"https:\\\/\\\/www.fastfrate.com\\\/\"},{\"@type\":\"ListItem\",\"position\":2,\"name\":\"CARTE DU SITE\"}]},{\"@type\":\"WebSite\",\"@id\":\"https:\\\/\\\/www.fastfrate.com\\\/fr\\\/#website\",\"url\":\"https:\\\/\\\/www.fastfrate.com\\\/fr\\\/\",\"name\":\"The FastFrate Group\",\"description\":\"\",\"potentialAction\":[{\"@type\":\"SearchAction\",\"target\":{\"@type\":\"EntryPoint\",\"urlTemplate\":\"https:\\\/\\\/www.fastfrate.com\\\/fr\\\/?s={search_term_string}\"},\"query-input\":{\"@type\":\"PropertyValueSpecification\",\"valueRequired\":true,\"valueName\":\"search_term_string\"}}],\"inLanguage\":\"fr-CA\"}]}<\/script>\n<!-- \/ Yoast SEO plugin. -->","yoast_head_json":{"title":"Carte du site | Fastfrate","description":"Site map. Fastfrate is a trucking and logistics company specializing in LTL and truckload freight shipping services for Toronto, Montreal, Moncton and St. John\u2019s.","robots":{"index":"index","follow":"follow","max-snippet":"max-snippet:-1","max-image-preview":"max-image-preview:large","max-video-preview":"max-video-preview:-1"},"canonical":"https:\/\/www.fastfrate.com\/fr\/carte-du-site\/","og_locale":"fr_CA","og_type":"article","og_title":"Carte du site | Fastfrate","og_description":"Site map. Fastfrate is a trucking and logistics company specializing in LTL and truckload freight shipping services for Toronto, Montreal, Moncton and St. John\u2019s.","og_url":"https:\/\/www.fastfrate.com\/fr\/carte-du-site\/","og_site_name":"The FastFrate Group","article_modified_time":"2024-06-10T18:01:40+00:00","og_image":[{"url":"http:\/\/www.fastfrate.com\/wp-content\/uploads\/2021\/10\/feature-image-contact-logisitcs-division.jpg","type":"","width":"","height":""}],"twitter_card":"summary_large_image","twitter_misc":{"Estimation du temps de lecture":"1 minute"},"schema":{"@context":"https:\/\/schema.org","@graph":[{"@type":"WebPage","@id":"https:\/\/www.fastfrate.com\/fr\/carte-du-site\/","url":"https:\/\/www.fastfrate.com\/fr\/carte-du-site\/","name":"Carte du site | Fastfrate","isPartOf":{"@id":"https:\/\/www.fastfrate.com\/fr\/#website"},"primaryImageOfPage":{"@id":"https:\/\/www.fastfrate.com\/fr\/carte-du-site\/#primaryimage"},"image":{"@id":"https:\/\/www.fastfrate.com\/fr\/carte-du-site\/#primaryimage"},"thumbnailUrl":"http:\/\/www.fastfrate.com\/wp-content\/uploads\/2021\/10\/feature-image-contact-logisitcs-division.jpg","datePublished":"2021-10-18T17:04:33+00:00","dateModified":"2024-06-10T18:01:40+00:00","description":"Site map. Fastfrate is a trucking and logistics company specializing in LTL and truckload freight shipping services for Toronto, Montreal, Moncton and St. John\u2019s.","breadcrumb":{"@id":"https:\/\/www.fastfrate.com\/fr\/carte-du-site\/#breadcrumb"},"inLanguage":"fr-CA","potentialAction":[{"@type":"ReadAction","target":["https:\/\/www.fastfrate.com\/fr\/carte-du-site\/"]}]},{"@type":"ImageObject","inLanguage":"fr-CA","@id":"https:\/\/www.fastfrate.com\/fr\/carte-du-site\/#primaryimage","url":"http:\/\/www.fastfrate.com\/wp-content\/uploads\/2021\/10\/feature-image-contact-logisitcs-division.jpg","contentUrl":"http:\/\/www.fastfrate.com\/wp-content\/uploads\/2021\/10\/feature-image-contact-logisitcs-division.jpg"},{"@type":"BreadcrumbList","@id":"https:\/\/www.fastfrate.com\/fr\/carte-du-site\/#breadcrumb","itemListElement":[{"@type":"ListItem","position":1,"name":"Home","item":"https:\/\/www.fastfrate.com\/"},{"@type":"ListItem","position":2,"name":"CARTE DU SITE"}]},{"@type":"WebSite","@id":"https:\/\/www.fastfrate.com\/fr\/#website","url":"https:\/\/www.fastfrate.com\/fr\/","name":"The FastFrate Group","description":"","potentialAction":[{"@type":"SearchAction","target":{"@type":"EntryPoint","urlTemplate":"https:\/\/www.fastfrate.com\/fr\/?s={search_term_string}"},"query-input":{"@type":"PropertyValueSpecification","valueRequired":true,"valueName":"search_term_string"}}],"inLanguage":"fr-CA"}]}},"_links":{"self":[{"href":"https:\/\/www.fastfrate.com\/fr\/wp-json\/wp\/v2\/pages\/928","targetHints":{"allow":["GET"]}}],"collection":[{"href":"https:\/\/www.fastfrate.com\/fr\/wp-json\/wp\/v2\/pages"}],"about":[{"href":"https:\/\/www.fastfrate.com\/fr\/wp-json\/wp\/v2\/types\/page"}],"author":[{"embeddable":true,"href":"https:\/\/www.fastfrate.com\/fr\/wp-json\/wp\/v2\/users\/1"}],"replies":[{"embeddable":true,"href":"https:\/\/www.fastfrate.com\/fr\/wp-json\/wp\/v2\/comments?post=928"}],"version-history":[{"count":0,"href":"https:\/\/www.fastfrate.com\/fr\/wp-json\/wp\/v2\/pages\/928\/revisions"}],"wp:attachment":[{"href":"https:\/\/www.fastfrate.com\/fr\/wp-json\/wp\/v2\/media?parent=928"}],"wp:term":[{"taxonomy":"category","embeddable":true,"href":"https:\/\/www.fastfrate.com\/fr\/wp-json\/wp\/v2\/categories?post=928"},{"taxonomy":"post_tag","embeddable":true,"href":"https:\/\/www.fastfrate.com\/fr\/wp-json\/wp\/v2\/tags?post=928"}],"curies":[{"name":"wp","href":"https:\/\/api.w.org\/{rel}","templated":true}]}}