{"id":915,"date":"2021-10-18T13:01:51","date_gmt":"2021-10-18T17:01:51","guid":{"rendered":"http:\/\/fastfrate-dev.local\/canadian-service-map-2\/"},"modified":"2025-05-28T11:46:43","modified_gmt":"2025-05-28T15:46:43","slug":"carte-des-services-au-canada","status":"publish","type":"page","link":"https:\/\/www.fastfrate.com\/fr\/carte-des-services-au-canada\/","title":{"rendered":"Carte Des Services AU Canada"},"content":{"rendered":"","protected":false},"excerpt":{"rendered":"","protected":false},"author":1,"featured_media":0,"parent":0,"menu_order":0,"comment_status":"closed","ping_status":"closed","template":"","meta":{"_acf_changed":false,"footnotes":""},"categories":[8],"tags":[],"class_list":["post-915","page","type-page","status-publish","hentry","category-fr","entry"],"acf":[],"yoast_head":"<!-- This site is optimized with the Yoast SEO plugin v27.4 - https:\/\/yoast.com\/product\/yoast-seo-wordpress\/ -->\n<title>Fastfrate | Camionnage au Canada | Services LTL et FTL<\/title>\n<meta name=\"description\" content=\"Carte des terminaux au Canada. Fastfrate est une compagnie de camionnage, d\u2019entreposage et distribution, et de logistique sp\u00e9cialis\u00e9e dans le transport transfrontalier de chargements partiels et en transport intermodal pour le Canada, les \u00c9tats-Unis et l\u2019Am\u00e9rique du Nord.\" \/>\n<meta name=\"robots\" content=\"index, follow, max-snippet:-1, max-image-preview:large, max-video-preview:-1\" \/>\n<link rel=\"canonical\" href=\"https:\/\/www.fastfrate.com\/fr\/carte-des-services-au-canada\/\" \/>\n<meta property=\"og:locale\" content=\"fr_CA\" \/>\n<meta property=\"og:type\" content=\"article\" \/>\n<meta property=\"og:title\" content=\"Fastfrate | Camionnage au Canada | Services LTL et FTL\" \/>\n<meta property=\"og:description\" content=\"Carte des terminaux au Canada. Fastfrate est une compagnie de camionnage, d\u2019entreposage et distribution, et de logistique sp\u00e9cialis\u00e9e dans le transport transfrontalier de chargements partiels et en transport intermodal pour le Canada, les \u00c9tats-Unis et l\u2019Am\u00e9rique du Nord.\" \/>\n<meta property=\"og:url\" content=\"https:\/\/www.fastfrate.com\/fr\/carte-des-services-au-canada\/\" \/>\n<meta property=\"og:site_name\" content=\"The FastFrate Group\" \/>\n<meta property=\"article:modified_time\" content=\"2025-05-28T15:46:43+00:00\" \/>\n<meta name=\"twitter:card\" content=\"summary_large_image\" \/>\n<script type=\"application\/ld+json\" class=\"yoast-schema-graph\">{\"@context\":\"https:\\\/\\\/schema.org\",\"@graph\":[{\"@type\":\"WebPage\",\"@id\":\"https:\\\/\\\/www.fastfrate.com\\\/fr\\\/carte-des-services-au-canada\\\/\",\"url\":\"https:\\\/\\\/www.fastfrate.com\\\/fr\\\/carte-des-services-au-canada\\\/\",\"name\":\"Fastfrate | Camionnage au Canada | Services LTL et FTL\",\"isPartOf\":{\"@id\":\"https:\\\/\\\/www.fastfrate.com\\\/fr\\\/#website\"},\"datePublished\":\"2021-10-18T17:01:51+00:00\",\"dateModified\":\"2025-05-28T15:46:43+00:00\",\"description\":\"Carte des terminaux au Canada. Fastfrate est une compagnie de camionnage, d\u2019entreposage et distribution, et de logistique sp\u00e9cialis\u00e9e dans le transport transfrontalier de chargements partiels et en transport intermodal pour le Canada, les \u00c9tats-Unis et l\u2019Am\u00e9rique du Nord.\",\"breadcrumb\":{\"@id\":\"https:\\\/\\\/www.fastfrate.com\\\/fr\\\/carte-des-services-au-canada\\\/#breadcrumb\"},\"inLanguage\":\"fr-CA\",\"potentialAction\":[{\"@type\":\"ReadAction\",\"target\":[\"https:\\\/\\\/www.fastfrate.com\\\/fr\\\/carte-des-services-au-canada\\\/\"]}]},{\"@type\":\"BreadcrumbList\",\"@id\":\"https:\\\/\\\/www.fastfrate.com\\\/fr\\\/carte-des-services-au-canada\\\/#breadcrumb\",\"itemListElement\":[{\"@type\":\"ListItem\",\"position\":1,\"name\":\"Home\",\"item\":\"https:\\\/\\\/www.fastfrate.com\\\/\"},{\"@type\":\"ListItem\",\"position\":2,\"name\":\"Carte Des Services AU Canada\"}]},{\"@type\":\"WebSite\",\"@id\":\"https:\\\/\\\/www.fastfrate.com\\\/fr\\\/#website\",\"url\":\"https:\\\/\\\/www.fastfrate.com\\\/fr\\\/\",\"name\":\"The FastFrate Group\",\"description\":\"\",\"potentialAction\":[{\"@type\":\"SearchAction\",\"target\":{\"@type\":\"EntryPoint\",\"urlTemplate\":\"https:\\\/\\\/www.fastfrate.com\\\/fr\\\/?s={search_term_string}\"},\"query-input\":{\"@type\":\"PropertyValueSpecification\",\"valueRequired\":true,\"valueName\":\"search_term_string\"}}],\"inLanguage\":\"fr-CA\"}]}<\/script>\n<!-- \/ Yoast SEO plugin. -->","yoast_head_json":{"title":"Fastfrate | Camionnage au Canada | Services LTL et FTL","description":"Carte des terminaux au Canada. Fastfrate est une compagnie de camionnage, d\u2019entreposage et distribution, et de logistique sp\u00e9cialis\u00e9e dans le transport transfrontalier de chargements partiels et en transport intermodal pour le Canada, les \u00c9tats-Unis et l\u2019Am\u00e9rique du Nord.","robots":{"index":"index","follow":"follow","max-snippet":"max-snippet:-1","max-image-preview":"max-image-preview:large","max-video-preview":"max-video-preview:-1"},"canonical":"https:\/\/www.fastfrate.com\/fr\/carte-des-services-au-canada\/","og_locale":"fr_CA","og_type":"article","og_title":"Fastfrate | Camionnage au Canada | Services LTL et FTL","og_description":"Carte des terminaux au Canada. Fastfrate est une compagnie de camionnage, d\u2019entreposage et distribution, et de logistique sp\u00e9cialis\u00e9e dans le transport transfrontalier de chargements partiels et en transport intermodal pour le Canada, les \u00c9tats-Unis et l\u2019Am\u00e9rique du Nord.","og_url":"https:\/\/www.fastfrate.com\/fr\/carte-des-services-au-canada\/","og_site_name":"The FastFrate Group","article_modified_time":"2025-05-28T15:46:43+00:00","twitter_card":"summary_large_image","schema":{"@context":"https:\/\/schema.org","@graph":[{"@type":"WebPage","@id":"https:\/\/www.fastfrate.com\/fr\/carte-des-services-au-canada\/","url":"https:\/\/www.fastfrate.com\/fr\/carte-des-services-au-canada\/","name":"Fastfrate | Camionnage au Canada | Services LTL et FTL","isPartOf":{"@id":"https:\/\/www.fastfrate.com\/fr\/#website"},"datePublished":"2021-10-18T17:01:51+00:00","dateModified":"2025-05-28T15:46:43+00:00","description":"Carte des terminaux au Canada. Fastfrate est une compagnie de camionnage, d\u2019entreposage et distribution, et de logistique sp\u00e9cialis\u00e9e dans le transport transfrontalier de chargements partiels et en transport intermodal pour le Canada, les \u00c9tats-Unis et l\u2019Am\u00e9rique du Nord.","breadcrumb":{"@id":"https:\/\/www.fastfrate.com\/fr\/carte-des-services-au-canada\/#breadcrumb"},"inLanguage":"fr-CA","potentialAction":[{"@type":"ReadAction","target":["https:\/\/www.fastfrate.com\/fr\/carte-des-services-au-canada\/"]}]},{"@type":"BreadcrumbList","@id":"https:\/\/www.fastfrate.com\/fr\/carte-des-services-au-canada\/#breadcrumb","itemListElement":[{"@type":"ListItem","position":1,"name":"Home","item":"https:\/\/www.fastfrate.com\/"},{"@type":"ListItem","position":2,"name":"Carte Des Services AU Canada"}]},{"@type":"WebSite","@id":"https:\/\/www.fastfrate.com\/fr\/#website","url":"https:\/\/www.fastfrate.com\/fr\/","name":"The FastFrate Group","description":"","potentialAction":[{"@type":"SearchAction","target":{"@type":"EntryPoint","urlTemplate":"https:\/\/www.fastfrate.com\/fr\/?s={search_term_string}"},"query-input":{"@type":"PropertyValueSpecification","valueRequired":true,"valueName":"search_term_string"}}],"inLanguage":"fr-CA"}]}},"_links":{"self":[{"href":"https:\/\/www.fastfrate.com\/fr\/wp-json\/wp\/v2\/pages\/915","targetHints":{"allow":["GET"]}}],"collection":[{"href":"https:\/\/www.fastfrate.com\/fr\/wp-json\/wp\/v2\/pages"}],"about":[{"href":"https:\/\/www.fastfrate.com\/fr\/wp-json\/wp\/v2\/types\/page"}],"author":[{"embeddable":true,"href":"https:\/\/www.fastfrate.com\/fr\/wp-json\/wp\/v2\/users\/1"}],"replies":[{"embeddable":true,"href":"https:\/\/www.fastfrate.com\/fr\/wp-json\/wp\/v2\/comments?post=915"}],"version-history":[{"count":0,"href":"https:\/\/www.fastfrate.com\/fr\/wp-json\/wp\/v2\/pages\/915\/revisions"}],"wp:attachment":[{"href":"https:\/\/www.fastfrate.com\/fr\/wp-json\/wp\/v2\/media?parent=915"}],"wp:term":[{"taxonomy":"category","embeddable":true,"href":"https:\/\/www.fastfrate.com\/fr\/wp-json\/wp\/v2\/categories?post=915"},{"taxonomy":"post_tag","embeddable":true,"href":"https:\/\/www.fastfrate.com\/fr\/wp-json\/wp\/v2\/tags?post=915"}],"curies":[{"name":"wp","href":"https:\/\/api.w.org\/{rel}","templated":true}]}}