{"id":885,"date":"2021-10-18T12:56:46","date_gmt":"2021-10-18T16:56:46","guid":{"rendered":"http:\/\/fastfrate-dev.local\/services-highway-2\/"},"modified":"2026-04-13T08:29:28","modified_gmt":"2026-04-13T12:29:28","slug":"autoroutier","status":"publish","type":"page","link":"https:\/\/www.fastfrate.com\/fr\/autoroutier\/","title":{"rendered":"Services Autoroutier"},"content":{"rendered":"<div id=\"PageWrapperHome\" class=\"Subpage SubpageWide HighwayLTL HighwayLTLN subpageNew\">\r\n<div class=\"SubpageWrapper\">\r\n<div class=\"ContentSubpageFeature\">\u00a0<\/div>\r\n<div class=\"service-tab-wrapper\">\r\n<div class=\"container\">\r\n<div class=\"service-tab\">Services<span class=\"no-wrap vertical-line-wh\">AUTOROUTES<\/span><\/div>\r\n<\/div>\r\n<\/div>\r\n<div class=\"container breadcrumbs-container\"><span><span><a href=\"https:\/\/www.fastfrate.com\/\">Home<\/a><\/span><\/span><\/div>\r\n<div class=\"SubpageContentWrapper container\">\r\n<div class=\"ContentSubpageLeft col-md-7 col-sm-12 col-xs-12\">\r\n<div class=\"ContentBody\">\r\n<h1 class=\"serviceWarehouse-h1\">NOUS RELIONS LE CANADA D\u2019UN OC\u00c9AN \u00c0 L\u2019AUTRE<\/h1>\r\n<p>Au cours de nos 50 ann\u00e9es d\u2019existence, nous avons \u00e9tabli une pr\u00e9sence dans toutes les provinces du Canada. Notre important r\u00e9seau de terminaux sert \u00e0 la fois de points de d\u00e9part et de points de destination et nous permet de coordonner les activit\u00e9s de transport \u00e0 l\u2019int\u00e9rieur des provinces et entre elles. Notre important r\u00e9seau de service de transport routier de chargements partiels comprend :<\/p>\r\n<h2 class=\"red\">Service r\u00e9gional acc\u00e9l\u00e9r\u00e9 de chargement partiel entre Toronto et Montr\u00e9al<\/h2>\r\n<p>Nos nouvelles installations de Montr\u00e9al, d\u2019Ottawa et de Toronto coordonnent tous les besoins de transport de nos clients pour les provinces de l\u2019Ontario et du Qu\u00e9bec.<\/p>\r\n<ul class=\"bullets-red\">\r\n<li>Transport urbain local et interprovincial<\/li>\r\n<li>Camionnage LTL en Ontario et au Qu\u00e9bec avec des options de livraison le lendemain et 2 jours disponibles pour les exp\u00e9ditions critique<\/li>\r\n<li>Livraison de chargements partiels entre les principaux centres de l\u2019Ontario et du Qu\u00e9bec le long du corridor Windsor-Qu\u00e9bec<\/li>\r\n<li>Livraison de chargements partiels \u00e0 partir l\u2019Ontario et du Qu\u00e9bec vers le Canada atlantique<\/li>\r\n<\/ul>\r\n<div class=\"button-download transit-schedule\"><a style=\"color: #fff;\" href=\"https:\/\/www.fastfrate.com\/fr\/horaires-de-transit#ontarioquebec\">Temps de transit<\/a><\/div>\r\n<h2 class=\"red\">Ouest canadien<\/h2>\r\n<ul class=\"bullets-red\">\r\n<li>Service direct de transport de chargements partiels vers tous nos terminaux de l\u2019Ouest (y compris Thunder Bay). L\u2019une de nos offres de services de transport qui affiche la croissance la plus rapide permet aux exp\u00e9diteurs de se fier \u00e0 Fastfrate pour tous leurs besoins de distribution quotidiens vers l\u2019Ouest du Canada.<\/li>\r\n<\/ul>\r\n<p>Nous sommes \u00e9galement ravis de vous pr\u00e9senter notre nouveau service de 2 jours entre Winnipeg et Edmonton, con\u00e7u pour vous offrir encore plus de flexibilit\u00e9 et d&#8217;efficacit\u00e9. En tirant parti du service routier LTL d\u00e9di\u00e9 de Fastfrate, vous pouvez vous adapter rapidement aux changements du march\u00e9 tout en assurant le bon fonctionnement de vos op\u00e9rations. Vous pouvez vous attendre \u00e0 ce que :<\/p>\r\n<ul>\r\n<li>Mouvements quotidiens pour des exp\u00e9ditions rapides et coh\u00e9rentes.<\/li>\r\n<li>Livraison rapide de 2 jours pour vous garder en avance.<\/li>\r\n<li>Un meilleur contr\u00f4le de la cha\u00eene d&#8217;approvisionnement pour r\u00e9duire les d\u00e9lais et les co\u00fbts.<\/li>\r\n<\/ul>\r\n<div class=\"button-download transit-schedule\"><a style=\"color: #fff;\" href=\"https:\/\/www.fastfrate.com\/fr\/horaires-de-transit#transitwest\">Temps de transit<\/a><\/div>\r\n<h2 class=\"red\">Canada atlantique<\/h2>\r\n<p>Nous livrons des marchandises en chargements partiels \u00e0 partir de l\u2019Ontario et du Qu\u00e9bec vers le Canada atlantique selon un horaire quotidien planifi\u00e9. Nous disposons d\u2019installations situ\u00e9es \u00e0 des endroits strat\u00e9giques \u00e0 Moncton, Halifax et St. John\u2019s et nous desservons \u00e9galement les centaines de villes et de villages qui composent le Canada atlantique.<\/p>\r\n<ul class=\"bullets-red\">\r\n<li>Livraison de chargements partiels \u00e0 partir de l\u2019Ontario et du Qu\u00e9bec vers le Canada atlantique<\/li>\r\n<li>Services interprovinciaux de livraison de chargements partiels entre toutes les provinces de l\u2019Atlantique<\/li>\r\n<\/ul>\r\n<div class=\"button-download transit-schedule\"><a style=\"color: #fff;\" href=\"https:\/\/www.fastfrate.com\/fr\/horaires-de-transit#transiteast\">Temps de transit<\/a><\/div>\r\n<\/div>\r\n<\/div>\r\n<div id=\"form-right-unique\" class=\"ContentSubpageRight col-md-4 hidden-sm hidden-xs\">\r\n<div class=\"side-form\">\r\n<div class=\"serviceRightHead\">AUTOROUTES<\/div>\r\n<div style=\"margin-bottom: 15px;\"><img decoding=\"async\" style=\"border: 0; width: 100%;\" src=\"https:\/\/www.fastfrate.com\/wp-content\/uploads\/2024\/09\/OTR-LTL-Website-Image.png\" \/><\/div>\r\n<div class=\"form-header\">NOTRE \u00c9QUIPE N\u2019ATTEND QUE VOUS<\/div>\r\n<div class=\"form-header-sub\">Veuillez remplir le formulaire ci-dessous. Un de nos sp\u00e9cialistes vous r\u00e9pondra d\u2019ici le prochain jour ouvrable au plus tard.<\/div>\r\n\n<div class=\"wpcf7 no-js\" id=\"wpcf7-f1108-o1\" lang=\"en-CA\" dir=\"ltr\" data-wpcf7-id=\"1108\">\n<div class=\"screen-reader-response\"><p role=\"status\" aria-live=\"polite\" aria-atomic=\"true\"><\/p> <ul><\/ul><\/div>\n<form action=\"\/fr\/wp-json\/wp\/v2\/pages\/885#wpcf7-f1108-o1\" method=\"post\" class=\"wpcf7-form init\" aria-label=\"Contact form\" novalidate=\"novalidate\" data-status=\"init\" data-trp-original-action=\"\/fr\/wp-json\/wp\/v2\/pages\/885#wpcf7-f1108-o1\">\n<fieldset class=\"hidden-fields-container\"><input type=\"hidden\" name=\"_wpcf7\" value=\"1108\" \/><input type=\"hidden\" name=\"_wpcf7_version\" value=\"6.1.5\" \/><input type=\"hidden\" name=\"_wpcf7_locale\" value=\"en_CA\" \/><input type=\"hidden\" name=\"_wpcf7_unit_tag\" value=\"wpcf7-f1108-o1\" \/><input type=\"hidden\" name=\"_wpcf7_container_post\" value=\"0\" \/><input type=\"hidden\" name=\"_wpcf7_posted_data_hash\" value=\"\" \/><input type=\"hidden\" name=\"_wpcf7dtx_version\" value=\"5.0.5\" \/><input type=\"hidden\" name=\"_wpcf7_recaptcha_response\" value=\"\" \/>\n<\/fieldset>\n<p><label> <span class=\"asterix\">*<\/span>Pr\u00e9nom<br \/>\n<span class=\"wpcf7-form-control-wrap\" data-name=\"your-fname\"><input size=\"40\" maxlength=\"400\" class=\"wpcf7-form-control wpcf7-text wpcf7-validates-as-required\" aria-required=\"true\" aria-invalid=\"false\" value=\"\" type=\"text\" name=\"your-fname\" \/><\/span> <\/label><br \/>\n<label> <span class=\"asterix\">*<\/span>Nom de famille<br \/>\n<span class=\"wpcf7-form-control-wrap\" data-name=\"your-lname\"><input size=\"40\" maxlength=\"400\" class=\"wpcf7-form-control wpcf7-text wpcf7-validates-as-required\" aria-required=\"true\" aria-invalid=\"false\" value=\"\" type=\"text\" name=\"your-lname\" \/><\/span> <\/label><br \/>\n<label> <span class=\"asterix\">*<\/span>Nom de l'entreprise<br \/>\n<span class=\"wpcf7-form-control-wrap\" data-name=\"your-company\"><input size=\"40\" maxlength=\"400\" class=\"wpcf7-form-control wpcf7-text wpcf7-validates-as-required\" aria-required=\"true\" aria-invalid=\"false\" value=\"\" type=\"text\" name=\"your-company\" \/><\/span> <\/label><br \/>\n<label> Num\u00e9ro de t\u00e9l\u00e9phone<br \/>\n<span class=\"wpcf7-form-control-wrap\" data-name=\"your-phone\"><input size=\"40\" maxlength=\"400\" class=\"wpcf7-form-control wpcf7-text\" aria-invalid=\"false\" value=\"\" type=\"text\" name=\"your-phone\" \/><\/span> <\/label><br \/>\n<label> <span class=\"asterix\">*<\/span>Courriel<br \/>\n<span class=\"wpcf7-form-control-wrap\" data-name=\"your-email\"><input size=\"40\" maxlength=\"400\" class=\"wpcf7-form-control wpcf7-email wpcf7-validates-as-required wpcf7-text wpcf7-validates-as-email\" aria-required=\"true\" aria-invalid=\"false\" value=\"\" type=\"email\" name=\"your-email\" \/><\/span> <\/label><br \/>\n<label> Commentaires<br \/>\n<span class=\"wpcf7-form-control-wrap\" data-name=\"your-message\"><textarea cols=\"40\" rows=\"10\" maxlength=\"2000\" class=\"wpcf7-form-control wpcf7-textarea\" aria-invalid=\"false\" name=\"your-message\"><\/textarea><\/span> <\/label><br \/>\n<span id=\"wpcf7-69e08b5caa802-wrapper\" class=\"wpcf7-form-control-wrap honeypot-81-wrap\" style=\"display:none !important; visibility:hidden !important;\"><label for=\"wpcf7-69e08b5caa802-field\" class=\"hp-message\">Please leave this field empty.<\/label><input id=\"wpcf7-69e08b5caa802-field\"  class=\"wpcf7-form-control wpcf7-text\" type=\"text\" name=\"honeypot-81\" value=\"\" size=\"40\" tabindex=\"-1\" autocomplete=\"new-password\" \/><\/span><br \/>\n<input class=\"wpcf7-form-control wpcf7-submit has-spinner\" type=\"submit\" value=\"Soumettre\" \/>\n<\/p>\n<p class=\"rc-Disclaimer\"><br \/>\nCe site est prot\u00e9g\u00e9 par <strong>reCAPTCHA<\/strong>. <a href=\"https:\/\/policies.google.com\/privacy\"><strong>Les r\u00e8gles de confidentialit\u00e9<\/strong><\/a> et les <a href=\"https:\/\/policies.google.com\/terms\"><strong>conditions d\u2019utilisation<\/strong><\/a> de Google s\u2019appliquent.\n<\/p>\n<input class=\"wpcf7-form-control wpcf7-hidden\" value=\"\" type=\"hidden\" name=\"utm_source\" \/>\n<input class=\"wpcf7-form-control wpcf7-hidden\" value=\"\" type=\"hidden\" name=\"utm_medium\" \/>\n<input class=\"wpcf7-form-control wpcf7-hidden\" value=\"\" type=\"hidden\" name=\"utm_campaign\" \/>\n<input class=\"wpcf7-form-control wpcf7-hidden\" value=\"\" type=\"hidden\" name=\"utm_term\" \/>\n<input class=\"wpcf7-form-control wpcf7-hidden\" value=\"\" type=\"hidden\" name=\"utm_content\" \/><input type='hidden' class='wpcf7-pum' value='{\"closepopup\":false,\"closedelay\":0,\"openpopup\":false,\"openpopup_id\":0}' \/><div class=\"wpcf7-response-output\" aria-hidden=\"true\"><\/div>\n<input type=\"hidden\" name=\"trp-form-language\" value=\"fr\"\/><\/form>\n<\/div>\n\r\n<\/div>\r\n<div style=\"margin: 15px auto;\">\u00a0<\/div>\r\n<\/div>\r\n<\/div>\r\n<\/div>\r\n<\/div>","protected":false},"excerpt":{"rendered":"<p>\u00a0 ServicesAUTOROUTES NOUS RELIONS LE CANADA D\u2019UN OC\u00c9AN \u00c0 L\u2019AUTRE Au cours de nos 50 ann\u00e9es d\u2019existence, nous avons \u00e9tabli une pr\u00e9sence dans toutes les provinces du Canada. Notre important r\u00e9seau de terminaux sert \u00e0 la fois de points de d\u00e9part et de points de destination et nous permet de coordonner les activit\u00e9s de transport&hellip; <a class=\"more-link\" href=\"https:\/\/www.fastfrate.com\/fr\/autoroutier\/\">Continue reading <span class=\"screen-reader-text\">Services Autoroutier<\/span><\/a><\/p>","protected":false},"author":1,"featured_media":0,"parent":0,"menu_order":0,"comment_status":"closed","ping_status":"closed","template":"page-services-fr.php","meta":{"_acf_changed":false,"footnotes":""},"class_list":["post-885","page","type-page","status-publish","hentry","entry"],"acf":[],"yoast_head":"<!-- This site is optimized with the Yoast SEO plugin v27.4 - https:\/\/yoast.com\/product\/yoast-seo-wordpress\/ -->\n<title>Services autoroutiers | Groupe Fastfrate | Transport LTL<\/title>\n<meta name=\"description\" content=\"Notre important r\u00e9seau de service de transport routier de chargements partiels combin\u00e9 \u00e0 nos terminaux nous permet de coordonner les activit\u00e9s de transport \u00e0 l\u2019int\u00e9rieur d\u2019une m\u00eame province et entre les provinces canadiennes.\" \/>\n<meta name=\"robots\" content=\"index, follow, max-snippet:-1, max-image-preview:large, max-video-preview:-1\" \/>\n<link rel=\"canonical\" href=\"https:\/\/www.fastfrate.com\/fr\/autoroutier\/\" \/>\n<meta property=\"og:locale\" content=\"fr_CA\" \/>\n<meta property=\"og:type\" content=\"article\" \/>\n<meta property=\"og:title\" content=\"Services autoroutiers | Groupe Fastfrate | Transport LTL\" \/>\n<meta property=\"og:description\" content=\"Notre important r\u00e9seau de service de transport routier de chargements partiels combin\u00e9 \u00e0 nos terminaux nous permet de coordonner les activit\u00e9s de transport \u00e0 l\u2019int\u00e9rieur d\u2019une m\u00eame province et entre les provinces canadiennes.\" \/>\n<meta property=\"og:url\" content=\"https:\/\/www.fastfrate.com\/fr\/autoroutier\/\" \/>\n<meta property=\"og:site_name\" content=\"The FastFrate Group\" \/>\n<meta property=\"article:modified_time\" content=\"2026-04-13T12:29:28+00:00\" \/>\n<meta property=\"og:image\" content=\"http:\/\/www.fastfrate.com\/wp-content\/uploads\/2024\/09\/OTR-LTL-Website-Image.png\" \/>\n<meta name=\"twitter:card\" content=\"summary_large_image\" \/>\n<meta name=\"twitter:label1\" content=\"Estimation du temps de lecture\" \/>\n\t<meta name=\"twitter:data1\" content=\"2 minutes\" \/>\n<script type=\"application\/ld+json\" class=\"yoast-schema-graph\">{\"@context\":\"https:\\\/\\\/schema.org\",\"@graph\":[{\"@type\":\"WebPage\",\"@id\":\"https:\\\/\\\/www.fastfrate.com\\\/fr\\\/autoroutier\\\/\",\"url\":\"https:\\\/\\\/www.fastfrate.com\\\/fr\\\/autoroutier\\\/\",\"name\":\"Services autoroutiers | Groupe Fastfrate | Transport LTL\",\"isPartOf\":{\"@id\":\"https:\\\/\\\/www.fastfrate.com\\\/fr\\\/#website\"},\"primaryImageOfPage\":{\"@id\":\"https:\\\/\\\/www.fastfrate.com\\\/fr\\\/autoroutier\\\/#primaryimage\"},\"image\":{\"@id\":\"https:\\\/\\\/www.fastfrate.com\\\/fr\\\/autoroutier\\\/#primaryimage\"},\"thumbnailUrl\":\"http:\\\/\\\/www.fastfrate.com\\\/wp-content\\\/uploads\\\/2024\\\/09\\\/OTR-LTL-Website-Image.png\",\"datePublished\":\"2021-10-18T16:56:46+00:00\",\"dateModified\":\"2026-04-13T12:29:28+00:00\",\"description\":\"Notre important r\u00e9seau de service de transport routier de chargements partiels combin\u00e9 \u00e0 nos terminaux nous permet de coordonner les activit\u00e9s de transport \u00e0 l\u2019int\u00e9rieur d\u2019une m\u00eame province et entre les provinces canadiennes.\",\"breadcrumb\":{\"@id\":\"https:\\\/\\\/www.fastfrate.com\\\/fr\\\/autoroutier\\\/#breadcrumb\"},\"inLanguage\":\"fr-CA\",\"potentialAction\":[{\"@type\":\"ReadAction\",\"target\":[\"https:\\\/\\\/www.fastfrate.com\\\/fr\\\/autoroutier\\\/\"]}]},{\"@type\":\"ImageObject\",\"inLanguage\":\"fr-CA\",\"@id\":\"https:\\\/\\\/www.fastfrate.com\\\/fr\\\/autoroutier\\\/#primaryimage\",\"url\":\"http:\\\/\\\/www.fastfrate.com\\\/wp-content\\\/uploads\\\/2024\\\/09\\\/OTR-LTL-Website-Image.png\",\"contentUrl\":\"http:\\\/\\\/www.fastfrate.com\\\/wp-content\\\/uploads\\\/2024\\\/09\\\/OTR-LTL-Website-Image.png\"},{\"@type\":\"BreadcrumbList\",\"@id\":\"https:\\\/\\\/www.fastfrate.com\\\/fr\\\/autoroutier\\\/#breadcrumb\",\"itemListElement\":[{\"@type\":\"ListItem\",\"position\":1,\"name\":\"Home\",\"item\":\"https:\\\/\\\/www.fastfrate.com\\\/\"},{\"@type\":\"ListItem\",\"position\":2,\"name\":\"Services Autoroutier\"}]},{\"@type\":\"WebSite\",\"@id\":\"https:\\\/\\\/www.fastfrate.com\\\/fr\\\/#website\",\"url\":\"https:\\\/\\\/www.fastfrate.com\\\/fr\\\/\",\"name\":\"The FastFrate Group\",\"description\":\"\",\"potentialAction\":[{\"@type\":\"SearchAction\",\"target\":{\"@type\":\"EntryPoint\",\"urlTemplate\":\"https:\\\/\\\/www.fastfrate.com\\\/fr\\\/?s={search_term_string}\"},\"query-input\":{\"@type\":\"PropertyValueSpecification\",\"valueRequired\":true,\"valueName\":\"search_term_string\"}}],\"inLanguage\":\"fr-CA\"}]}<\/script>\n<!-- \/ Yoast SEO plugin. -->","yoast_head_json":{"title":"Services autoroutiers | Groupe Fastfrate | Transport LTL","description":"Notre important r\u00e9seau de service de transport routier de chargements partiels combin\u00e9 \u00e0 nos terminaux nous permet de coordonner les activit\u00e9s de transport \u00e0 l\u2019int\u00e9rieur d\u2019une m\u00eame province et entre les provinces canadiennes.","robots":{"index":"index","follow":"follow","max-snippet":"max-snippet:-1","max-image-preview":"max-image-preview:large","max-video-preview":"max-video-preview:-1"},"canonical":"https:\/\/www.fastfrate.com\/fr\/autoroutier\/","og_locale":"fr_CA","og_type":"article","og_title":"Services autoroutiers | Groupe Fastfrate | Transport LTL","og_description":"Notre important r\u00e9seau de service de transport routier de chargements partiels combin\u00e9 \u00e0 nos terminaux nous permet de coordonner les activit\u00e9s de transport \u00e0 l\u2019int\u00e9rieur d\u2019une m\u00eame province et entre les provinces canadiennes.","og_url":"https:\/\/www.fastfrate.com\/fr\/autoroutier\/","og_site_name":"The FastFrate Group","article_modified_time":"2026-04-13T12:29:28+00:00","og_image":[{"url":"http:\/\/www.fastfrate.com\/wp-content\/uploads\/2024\/09\/OTR-LTL-Website-Image.png","type":"","width":"","height":""}],"twitter_card":"summary_large_image","twitter_misc":{"Estimation du temps de lecture":"2 minutes"},"schema":{"@context":"https:\/\/schema.org","@graph":[{"@type":"WebPage","@id":"https:\/\/www.fastfrate.com\/fr\/autoroutier\/","url":"https:\/\/www.fastfrate.com\/fr\/autoroutier\/","name":"Services autoroutiers | Groupe Fastfrate | Transport LTL","isPartOf":{"@id":"https:\/\/www.fastfrate.com\/fr\/#website"},"primaryImageOfPage":{"@id":"https:\/\/www.fastfrate.com\/fr\/autoroutier\/#primaryimage"},"image":{"@id":"https:\/\/www.fastfrate.com\/fr\/autoroutier\/#primaryimage"},"thumbnailUrl":"http:\/\/www.fastfrate.com\/wp-content\/uploads\/2024\/09\/OTR-LTL-Website-Image.png","datePublished":"2021-10-18T16:56:46+00:00","dateModified":"2026-04-13T12:29:28+00:00","description":"Notre important r\u00e9seau de service de transport routier de chargements partiels combin\u00e9 \u00e0 nos terminaux nous permet de coordonner les activit\u00e9s de transport \u00e0 l\u2019int\u00e9rieur d\u2019une m\u00eame province et entre les provinces canadiennes.","breadcrumb":{"@id":"https:\/\/www.fastfrate.com\/fr\/autoroutier\/#breadcrumb"},"inLanguage":"fr-CA","potentialAction":[{"@type":"ReadAction","target":["https:\/\/www.fastfrate.com\/fr\/autoroutier\/"]}]},{"@type":"ImageObject","inLanguage":"fr-CA","@id":"https:\/\/www.fastfrate.com\/fr\/autoroutier\/#primaryimage","url":"http:\/\/www.fastfrate.com\/wp-content\/uploads\/2024\/09\/OTR-LTL-Website-Image.png","contentUrl":"http:\/\/www.fastfrate.com\/wp-content\/uploads\/2024\/09\/OTR-LTL-Website-Image.png"},{"@type":"BreadcrumbList","@id":"https:\/\/www.fastfrate.com\/fr\/autoroutier\/#breadcrumb","itemListElement":[{"@type":"ListItem","position":1,"name":"Home","item":"https:\/\/www.fastfrate.com\/"},{"@type":"ListItem","position":2,"name":"Services Autoroutier"}]},{"@type":"WebSite","@id":"https:\/\/www.fastfrate.com\/fr\/#website","url":"https:\/\/www.fastfrate.com\/fr\/","name":"The FastFrate Group","description":"","potentialAction":[{"@type":"SearchAction","target":{"@type":"EntryPoint","urlTemplate":"https:\/\/www.fastfrate.com\/fr\/?s={search_term_string}"},"query-input":{"@type":"PropertyValueSpecification","valueRequired":true,"valueName":"search_term_string"}}],"inLanguage":"fr-CA"}]}},"_links":{"self":[{"href":"https:\/\/www.fastfrate.com\/fr\/wp-json\/wp\/v2\/pages\/885","targetHints":{"allow":["GET"]}}],"collection":[{"href":"https:\/\/www.fastfrate.com\/fr\/wp-json\/wp\/v2\/pages"}],"about":[{"href":"https:\/\/www.fastfrate.com\/fr\/wp-json\/wp\/v2\/types\/page"}],"author":[{"embeddable":true,"href":"https:\/\/www.fastfrate.com\/fr\/wp-json\/wp\/v2\/users\/1"}],"replies":[{"embeddable":true,"href":"https:\/\/www.fastfrate.com\/fr\/wp-json\/wp\/v2\/comments?post=885"}],"version-history":[{"count":0,"href":"https:\/\/www.fastfrate.com\/fr\/wp-json\/wp\/v2\/pages\/885\/revisions"}],"wp:attachment":[{"href":"https:\/\/www.fastfrate.com\/fr\/wp-json\/wp\/v2\/media?parent=885"}],"curies":[{"name":"wp","href":"https:\/\/api.w.org\/{rel}","templated":true}]}}