{"id":884,"date":"2021-10-18T13:00:32","date_gmt":"2021-10-18T17:00:32","guid":{"rendered":"http:\/\/fastfrate-dev.local\/services-final-mile-2\/"},"modified":"2026-04-13T08:21:52","modified_gmt":"2026-04-13T12:21:52","slug":"final-mile","status":"publish","type":"page","link":"https:\/\/www.fastfrate.com\/fr\/dernier-kilometre\/","title":{"rendered":"Services Final Mile"},"content":{"rendered":"<div id=\"PageWrapperHome\" class=\"Subpage SubpageWide ThirdPartyLogistics ThirdPartyLogisticsNASL\">\r\n<div id=\"PageWrapperHome\" class=\"Subpage SubpageWide ThirdPartyLogistics ThirdPartyLogisticsNASL\">\r\n<div class=\"SubpageWrapper\">\r\n<div class=\"ContentSubpageFeature\">\u00a0<\/div>\r\n<div class=\"service-tab-wrapper\">\r\n<div class=\"container\">\r\n<div class=\"service-tab\">Services<span class=\"no-wrap vertical-line-wh\">Dernier kilom\u00e8tre<\/span><\/div>\r\n<\/div>\r\n<\/div>\r\n<div class=\"container breadcrumbs-container\"><span><span><a href=\"https:\/\/www.fastfrate.com\/\">Home<\/a><\/span><\/span><\/div>\r\n<div class=\"SubpageContentWrapper container\">\r\n<div class=\"ContentSubpageLeft col-md-7 col-sm-12 col-xs-12\">\r\n<div class=\"ContentBody\">\r\n<h1 class=\"serviceWarehouse-h1\">LIVRAISON DES COMMANDES DIRECTEMENT \u00c0 LA PORTE DE VOS CLIENTS<\/h1>\r\n<p>Nous sommes fiers d\u2019offrir d\u00e9sormais \u00e0 nos clients des services de livraison au dernier kilom\u00e8tre. Avec l\u2019acquisition de Precision Parcel &amp; Package Deliveries, nous avons ajout\u00e9 \u00e0 nos services une vaste exp\u00e9rience en gestion de l\u2019ex\u00e9cution des commandes et de programmes de distribution, tant pour les commerces physiques qu\u2019\u00e9lectroniques dont font partie plusieurs clients figurant au palmar\u00e8s Fortune 100. Notre offre de services de livraison au dernier kilom\u00e8tre combine une personnalisation compl\u00e8te \u00e0 une formidable efficacit\u00e9 et comprend :<\/p>\r\n<ul class=\"bullets-red\">\r\n<li>Ex\u00e9cution des commandes du commerce \u00e9lectronique et gestion des stocks<\/li>\r\n<li>Services de messagerie directement aux clients vers la maison, les bureaux, les magasins, les \u00e9coles, les h\u00f4pitaux et plus encore<\/li>\r\n<li>Exp\u00e9dition de colis convoyables et non convoyables, avec exc\u00e9dent de poids ou surdimensionn\u00e9s<\/li>\r\n<li>Livraison acc\u00e9l\u00e9r\u00e9e de colis urgents le jour m\u00eame ou le lendemain<\/li>\r\n<li>Retours de produit et logistique inverse<\/li>\r\n<li>Emballage et \u00e9tiquetage personnalis\u00e9s, placement des colis et salutations personnalis\u00e9es par le conducteur<\/li>\r\n<li>Une flotte diversifi\u00e9e de semi-remorques de plusieurs tailles, de camions porteurs (avec rideaux lat\u00e9raux et possibilit\u00e9 de hayon) et de fourgonnettes pour le transport d\u2019un vaste \u00e9ventail de marchandises<\/li>\r\n<\/ul>\r\n<h2 class=\"red\">Rehaussez la r\u00e9putation de votre marque gr\u00e2ce au sourire du conducteur au dernier kilom\u00e8tre<\/h2>\r\n<p>Les flottes combin\u00e9es et les d\u00e9cennies d\u2019exp\u00e9rience que partagent Precision nous mettent en position d\u2019appuyer les d\u00e9taillants parmi les plus grands au monde en leur offrant des services polyvalents de livraison au dernier kilom\u00e8tre gr\u00e2ce au transport d\u2019un vaste \u00e9ventail de marchandises, allant des colis aux biens encombrants et non-convoyables, partout au Canada. Ces entreprises livrent plus de 100\u2009000 colis par jour et transportent des millions de livres de marchandises par ann\u00e9e.<\/p>\r\n<p>Voici ce qui nous distingue des autres modes habituels de livraison au dernier kilom\u00e8tre et des services de messagerie classiques.<\/p>\r\n<ul class=\"bullets-red\">\r\n<li>Aucuns frais suppl\u00e9mentaires pour livraisons au domicile<\/li>\r\n<li>Service de livraison offert sept jours sur sept, y compris en soir\u00e9e, sans frais suppl\u00e9mentaires<\/li>\r\n<li>Gestion efficace des volumes en p\u00e9riode de pointe sans plafond ni frais suppl\u00e9mentaires<\/li>\r\n<\/ul>\r\n<\/div>\r\n<\/div>\r\n<div id=\"form-right-unique\" class=\"ContentSubpageRight col-md-4 hidden-sm hidden-xs\">\r\n<div class=\"side-form\">\r\n<div class=\"serviceRightHead\">Dernier kilom\u00e8tre<\/div>\r\n<div style=\"margin-bottom: 15px;\"><img decoding=\"async\" style=\"border: 0; width: 100%;\" src=\"https:\/\/www.fastfrate.com\/wp-content\/uploads\/2024\/08\/Precision-Final-Mile-Service-Photo.png\" alt=\"ASL courier van, transport and straight truck with final mile delivery driver and package handoff in background.\" \/><\/div>\r\n<div class=\"form-header\">NOTRE \u00c9QUIPE N\u2019ATTEND QUE VOUS<\/div>\r\n<div class=\"form-header-sub\">Veuillez remplir le formulaire ci-dessous. Un de nos sp\u00e9cialistes vous r\u00e9pondra d\u2019ici le prochain jour ouvrable au plus tard.<\/div>\r\n\n<div class=\"wpcf7 no-js\" id=\"wpcf7-f1430-o1\" lang=\"en-CA\" dir=\"ltr\" data-wpcf7-id=\"1430\">\n<div class=\"screen-reader-response\"><p role=\"status\" aria-live=\"polite\" aria-atomic=\"true\"><\/p> <ul><\/ul><\/div>\n<form action=\"\/fr\/wp-json\/wp\/v2\/pages\/884#wpcf7-f1430-o1\" method=\"post\" class=\"wpcf7-form init\" aria-label=\"Contact form\" novalidate=\"novalidate\" data-status=\"init\" data-trp-original-action=\"\/fr\/wp-json\/wp\/v2\/pages\/884#wpcf7-f1430-o1\">\n<fieldset class=\"hidden-fields-container\"><input type=\"hidden\" name=\"_wpcf7\" value=\"1430\" \/><input type=\"hidden\" name=\"_wpcf7_version\" value=\"6.1.5\" \/><input type=\"hidden\" name=\"_wpcf7_locale\" value=\"en_CA\" \/><input type=\"hidden\" name=\"_wpcf7_unit_tag\" value=\"wpcf7-f1430-o1\" \/><input type=\"hidden\" name=\"_wpcf7_container_post\" value=\"0\" \/><input type=\"hidden\" name=\"_wpcf7_posted_data_hash\" value=\"\" \/><input type=\"hidden\" name=\"_wpcf7dtx_version\" value=\"5.0.5\" \/><input type=\"hidden\" name=\"_wpcf7_recaptcha_response\" value=\"\" \/>\n<\/fieldset>\n<p><label> <span class=\"asterix\">*<\/span>Pr\u00e9nom<br \/>\n<span class=\"wpcf7-form-control-wrap\" data-name=\"your-fname\"><input size=\"40\" maxlength=\"400\" class=\"wpcf7-form-control wpcf7-text wpcf7-validates-as-required\" aria-required=\"true\" aria-invalid=\"false\" value=\"\" type=\"text\" name=\"your-fname\" \/><\/span> <\/label><br \/>\n<label> <span class=\"asterix\">*<\/span>Nom de famille<br \/>\n<span class=\"wpcf7-form-control-wrap\" data-name=\"your-lname\"><input size=\"40\" maxlength=\"400\" class=\"wpcf7-form-control wpcf7-text wpcf7-validates-as-required\" aria-required=\"true\" aria-invalid=\"false\" value=\"\" type=\"text\" name=\"your-lname\" \/><\/span> <\/label><br \/>\n<label> <span class=\"asterix\">*<\/span>Nom de l'entreprise<br \/>\n<span class=\"wpcf7-form-control-wrap\" data-name=\"your-company\"><input size=\"40\" maxlength=\"400\" class=\"wpcf7-form-control wpcf7-text wpcf7-validates-as-required\" aria-required=\"true\" aria-invalid=\"false\" value=\"\" type=\"text\" name=\"your-company\" \/><\/span> <\/label><br \/>\n<label> Num\u00e9ro de t\u00e9l\u00e9phone<br \/>\n<span class=\"wpcf7-form-control-wrap\" data-name=\"your-phone\"><input size=\"40\" maxlength=\"400\" class=\"wpcf7-form-control wpcf7-text\" aria-invalid=\"false\" value=\"\" type=\"text\" name=\"your-phone\" \/><\/span> <\/label><br \/>\n<label> <span class=\"asterix\">*<\/span>Courriel<br \/>\n<span class=\"wpcf7-form-control-wrap\" data-name=\"your-email\"><input size=\"40\" maxlength=\"400\" class=\"wpcf7-form-control wpcf7-email wpcf7-validates-as-required wpcf7-text wpcf7-validates-as-email\" aria-required=\"true\" aria-invalid=\"false\" value=\"\" type=\"email\" name=\"your-email\" \/><\/span> <\/label><br \/>\n<label> Commentaires<br \/>\n<span class=\"wpcf7-form-control-wrap\" data-name=\"your-message\"><textarea cols=\"40\" rows=\"10\" maxlength=\"2000\" class=\"wpcf7-form-control wpcf7-textarea\" aria-invalid=\"false\" name=\"your-message\"><\/textarea><\/span> <\/label><br \/>\n<span id=\"wpcf7-69fa6214748c3-wrapper\" class=\"wpcf7-form-control-wrap honeypot-781-wrap\" style=\"display:none !important; visibility:hidden !important;\"><label for=\"wpcf7-69fa6214748c3-field\" class=\"hp-message\">Please leave this field empty.<\/label><input id=\"wpcf7-69fa6214748c3-field\"  class=\"wpcf7-form-control wpcf7-text\" type=\"text\" name=\"honeypot-781\" value=\"\" size=\"40\" tabindex=\"-1\" autocomplete=\"new-password\" \/><\/span><br \/>\n<input class=\"wpcf7-form-control wpcf7-submit has-spinner\" type=\"submit\" value=\"Soumettre\" \/>\n<\/p>\n<p class=\"rc-Disclaimer\"><br \/>\nCe site est prot\u00e9g\u00e9 par <strong>reCAPTCHA<\/strong>. <a href=\"https:\/\/policies.google.com\/privacy\"><strong>Les r\u00e8gles de confidentialit\u00e9<\/strong><\/a> et les <a href=\"https:\/\/policies.google.com\/terms\"><strong>conditions d\u2019utilisation<\/strong><\/a> de Google s\u2019appliquent.\n<\/p>\n<input class=\"wpcf7-form-control wpcf7-hidden\" value=\"\" type=\"hidden\" name=\"utm_source\" \/>\n<input class=\"wpcf7-form-control wpcf7-hidden\" value=\"\" type=\"hidden\" name=\"utm_medium\" \/>\n<input class=\"wpcf7-form-control wpcf7-hidden\" value=\"\" type=\"hidden\" name=\"utm_campaign\" \/>\n<input class=\"wpcf7-form-control wpcf7-hidden\" value=\"\" type=\"hidden\" name=\"utm_term\" \/>\n<input class=\"wpcf7-form-control wpcf7-hidden\" value=\"\" type=\"hidden\" name=\"utm_content\" \/><input type='hidden' class='wpcf7-pum' value='{\"closepopup\":false,\"closedelay\":0,\"openpopup\":false,\"openpopup_id\":0}' \/><div class=\"wpcf7-response-output\" aria-hidden=\"true\"><\/div>\n<input type=\"hidden\" name=\"trp-form-language\" value=\"fr\"\/><\/form>\n<\/div>\n\r\n<\/div>\r\n<div style=\"margin: 15px auto;\">\u00a0<\/div>\r\n<\/div>\r\n<\/div>\r\n<\/div>\r\n<\/div>\r\n<\/div>","protected":false},"excerpt":{"rendered":"<p>\u00a0 ServicesDernier kilom\u00e8tre LIVRAISON DES COMMANDES DIRECTEMENT \u00c0 LA PORTE DE VOS CLIENTS Nous sommes fiers d\u2019offrir d\u00e9sormais \u00e0 nos clients des services de livraison au dernier kilom\u00e8tre. Avec l\u2019acquisition de Precision Parcel &amp; Package Deliveries, nous avons ajout\u00e9 \u00e0 nos services une vaste exp\u00e9rience en gestion de l\u2019ex\u00e9cution des commandes et de programmes de&hellip; <a class=\"more-link\" href=\"https:\/\/www.fastfrate.com\/fr\/dernier-kilometre\/\">Continue reading <span class=\"screen-reader-text\">Services Final Mile<\/span><\/a><\/p>","protected":false},"author":1,"featured_media":0,"parent":0,"menu_order":0,"comment_status":"closed","ping_status":"closed","template":"page-services-fr.php","meta":{"_acf_changed":false,"footnotes":""},"class_list":["post-884","page","type-page","status-publish","hentry","entry"],"acf":[],"yoast_head":"<!-- This site is optimized with the Yoast SEO plugin v27.5 - https:\/\/yoast.com\/product\/yoast-seo-wordpress\/ -->\n<title>Services de livraison au dernier kilom\u00e8tre | Fastfrate Group<\/title>\n<meta name=\"description\" content=\"Le Fastfrate Group offre d\u00e9sormais des services personnalis\u00e9s de livraison au dernier kilom\u00e8tre avec option de livraison le jour m\u00eame ou le lendemain, et envois sur le march\u00e9 int\u00e9rieur ou transfrontalier.\" \/>\n<meta name=\"robots\" content=\"index, follow, max-snippet:-1, max-image-preview:large, max-video-preview:-1\" \/>\n<link rel=\"canonical\" href=\"https:\/\/www.fastfrate.com\/fr\/dernier-kilometre\/\" \/>\n<meta property=\"og:locale\" content=\"fr_CA\" \/>\n<meta property=\"og:type\" content=\"article\" \/>\n<meta property=\"og:title\" content=\"Services de livraison au dernier kilom\u00e8tre | Fastfrate Group\" \/>\n<meta property=\"og:description\" content=\"Le Fastfrate Group offre d\u00e9sormais des services personnalis\u00e9s de livraison au dernier kilom\u00e8tre avec option de livraison le jour m\u00eame ou le lendemain, et envois sur le march\u00e9 int\u00e9rieur ou transfrontalier.\" \/>\n<meta property=\"og:url\" content=\"https:\/\/www.fastfrate.com\/fr\/dernier-kilometre\/\" \/>\n<meta property=\"og:site_name\" content=\"The FastFrate Group\" \/>\n<meta property=\"article:modified_time\" content=\"2026-04-13T12:21:52+00:00\" \/>\n<meta property=\"og:image\" content=\"http:\/\/www.fastfrate.com\/wp-content\/uploads\/2024\/08\/Precision-Final-Mile-Service-Photo.png\" \/>\n<meta name=\"twitter:card\" content=\"summary_large_image\" \/>\n<meta name=\"twitter:label1\" content=\"Estimation du temps de lecture\" \/>\n\t<meta name=\"twitter:data1\" content=\"2 minutes\" \/>\n<script type=\"application\/ld+json\" class=\"yoast-schema-graph\">{\"@context\":\"https:\\\/\\\/schema.org\",\"@graph\":[{\"@type\":\"WebPage\",\"@id\":\"https:\\\/\\\/www.fastfrate.com\\\/fr\\\/dernier-kilometre\\\/\",\"url\":\"https:\\\/\\\/www.fastfrate.com\\\/fr\\\/dernier-kilometre\\\/\",\"name\":\"Services de livraison au dernier kilom\u00e8tre | Fastfrate Group\",\"isPartOf\":{\"@id\":\"https:\\\/\\\/www.fastfrate.com\\\/fr\\\/#website\"},\"primaryImageOfPage\":{\"@id\":\"https:\\\/\\\/www.fastfrate.com\\\/fr\\\/dernier-kilometre\\\/#primaryimage\"},\"image\":{\"@id\":\"https:\\\/\\\/www.fastfrate.com\\\/fr\\\/dernier-kilometre\\\/#primaryimage\"},\"thumbnailUrl\":\"http:\\\/\\\/www.fastfrate.com\\\/wp-content\\\/uploads\\\/2024\\\/08\\\/Precision-Final-Mile-Service-Photo.png\",\"datePublished\":\"2021-10-18T17:00:32+00:00\",\"dateModified\":\"2026-04-13T12:21:52+00:00\",\"description\":\"Le Fastfrate Group offre d\u00e9sormais des services personnalis\u00e9s de livraison au dernier kilom\u00e8tre avec option de livraison le jour m\u00eame ou le lendemain, et envois sur le march\u00e9 int\u00e9rieur ou transfrontalier.\",\"breadcrumb\":{\"@id\":\"https:\\\/\\\/www.fastfrate.com\\\/fr\\\/dernier-kilometre\\\/#breadcrumb\"},\"inLanguage\":\"fr-CA\",\"potentialAction\":[{\"@type\":\"ReadAction\",\"target\":[\"https:\\\/\\\/www.fastfrate.com\\\/fr\\\/dernier-kilometre\\\/\"]}]},{\"@type\":\"ImageObject\",\"inLanguage\":\"fr-CA\",\"@id\":\"https:\\\/\\\/www.fastfrate.com\\\/fr\\\/dernier-kilometre\\\/#primaryimage\",\"url\":\"http:\\\/\\\/www.fastfrate.com\\\/wp-content\\\/uploads\\\/2024\\\/08\\\/Precision-Final-Mile-Service-Photo.png\",\"contentUrl\":\"http:\\\/\\\/www.fastfrate.com\\\/wp-content\\\/uploads\\\/2024\\\/08\\\/Precision-Final-Mile-Service-Photo.png\"},{\"@type\":\"BreadcrumbList\",\"@id\":\"https:\\\/\\\/www.fastfrate.com\\\/fr\\\/dernier-kilometre\\\/#breadcrumb\",\"itemListElement\":[{\"@type\":\"ListItem\",\"position\":1,\"name\":\"Home\",\"item\":\"https:\\\/\\\/www.fastfrate.com\\\/\"},{\"@type\":\"ListItem\",\"position\":2,\"name\":\"Services Final Mile\"}]},{\"@type\":\"WebSite\",\"@id\":\"https:\\\/\\\/www.fastfrate.com\\\/fr\\\/#website\",\"url\":\"https:\\\/\\\/www.fastfrate.com\\\/fr\\\/\",\"name\":\"The FastFrate Group\",\"description\":\"\",\"potentialAction\":[{\"@type\":\"SearchAction\",\"target\":{\"@type\":\"EntryPoint\",\"urlTemplate\":\"https:\\\/\\\/www.fastfrate.com\\\/fr\\\/?s={search_term_string}\"},\"query-input\":{\"@type\":\"PropertyValueSpecification\",\"valueRequired\":true,\"valueName\":\"search_term_string\"}}],\"inLanguage\":\"fr-CA\"}]}<\/script>\n<!-- \/ Yoast SEO plugin. -->","yoast_head_json":{"title":"Services de livraison au dernier kilom\u00e8tre | Fastfrate Group","description":"Le Fastfrate Group offre d\u00e9sormais des services personnalis\u00e9s de livraison au dernier kilom\u00e8tre avec option de livraison le jour m\u00eame ou le lendemain, et envois sur le march\u00e9 int\u00e9rieur ou transfrontalier.","robots":{"index":"index","follow":"follow","max-snippet":"max-snippet:-1","max-image-preview":"max-image-preview:large","max-video-preview":"max-video-preview:-1"},"canonical":"https:\/\/www.fastfrate.com\/fr\/dernier-kilometre\/","og_locale":"fr_CA","og_type":"article","og_title":"Services de livraison au dernier kilom\u00e8tre | Fastfrate Group","og_description":"Le Fastfrate Group offre d\u00e9sormais des services personnalis\u00e9s de livraison au dernier kilom\u00e8tre avec option de livraison le jour m\u00eame ou le lendemain, et envois sur le march\u00e9 int\u00e9rieur ou transfrontalier.","og_url":"https:\/\/www.fastfrate.com\/fr\/dernier-kilometre\/","og_site_name":"The FastFrate Group","article_modified_time":"2026-04-13T12:21:52+00:00","og_image":[{"url":"http:\/\/www.fastfrate.com\/wp-content\/uploads\/2024\/08\/Precision-Final-Mile-Service-Photo.png","type":"","width":"","height":""}],"twitter_card":"summary_large_image","twitter_misc":{"Estimation du temps de lecture":"2 minutes"},"schema":{"@context":"https:\/\/schema.org","@graph":[{"@type":"WebPage","@id":"https:\/\/www.fastfrate.com\/fr\/dernier-kilometre\/","url":"https:\/\/www.fastfrate.com\/fr\/dernier-kilometre\/","name":"Services de livraison au dernier kilom\u00e8tre | Fastfrate Group","isPartOf":{"@id":"https:\/\/www.fastfrate.com\/fr\/#website"},"primaryImageOfPage":{"@id":"https:\/\/www.fastfrate.com\/fr\/dernier-kilometre\/#primaryimage"},"image":{"@id":"https:\/\/www.fastfrate.com\/fr\/dernier-kilometre\/#primaryimage"},"thumbnailUrl":"http:\/\/www.fastfrate.com\/wp-content\/uploads\/2024\/08\/Precision-Final-Mile-Service-Photo.png","datePublished":"2021-10-18T17:00:32+00:00","dateModified":"2026-04-13T12:21:52+00:00","description":"Le Fastfrate Group offre d\u00e9sormais des services personnalis\u00e9s de livraison au dernier kilom\u00e8tre avec option de livraison le jour m\u00eame ou le lendemain, et envois sur le march\u00e9 int\u00e9rieur ou transfrontalier.","breadcrumb":{"@id":"https:\/\/www.fastfrate.com\/fr\/dernier-kilometre\/#breadcrumb"},"inLanguage":"fr-CA","potentialAction":[{"@type":"ReadAction","target":["https:\/\/www.fastfrate.com\/fr\/dernier-kilometre\/"]}]},{"@type":"ImageObject","inLanguage":"fr-CA","@id":"https:\/\/www.fastfrate.com\/fr\/dernier-kilometre\/#primaryimage","url":"http:\/\/www.fastfrate.com\/wp-content\/uploads\/2024\/08\/Precision-Final-Mile-Service-Photo.png","contentUrl":"http:\/\/www.fastfrate.com\/wp-content\/uploads\/2024\/08\/Precision-Final-Mile-Service-Photo.png"},{"@type":"BreadcrumbList","@id":"https:\/\/www.fastfrate.com\/fr\/dernier-kilometre\/#breadcrumb","itemListElement":[{"@type":"ListItem","position":1,"name":"Home","item":"https:\/\/www.fastfrate.com\/"},{"@type":"ListItem","position":2,"name":"Services Final Mile"}]},{"@type":"WebSite","@id":"https:\/\/www.fastfrate.com\/fr\/#website","url":"https:\/\/www.fastfrate.com\/fr\/","name":"The FastFrate Group","description":"","potentialAction":[{"@type":"SearchAction","target":{"@type":"EntryPoint","urlTemplate":"https:\/\/www.fastfrate.com\/fr\/?s={search_term_string}"},"query-input":{"@type":"PropertyValueSpecification","valueRequired":true,"valueName":"search_term_string"}}],"inLanguage":"fr-CA"}]}},"_links":{"self":[{"href":"https:\/\/www.fastfrate.com\/fr\/wp-json\/wp\/v2\/pages\/884","targetHints":{"allow":["GET"]}}],"collection":[{"href":"https:\/\/www.fastfrate.com\/fr\/wp-json\/wp\/v2\/pages"}],"about":[{"href":"https:\/\/www.fastfrate.com\/fr\/wp-json\/wp\/v2\/types\/page"}],"author":[{"embeddable":true,"href":"https:\/\/www.fastfrate.com\/fr\/wp-json\/wp\/v2\/users\/1"}],"replies":[{"embeddable":true,"href":"https:\/\/www.fastfrate.com\/fr\/wp-json\/wp\/v2\/comments?post=884"}],"version-history":[{"count":0,"href":"https:\/\/www.fastfrate.com\/fr\/wp-json\/wp\/v2\/pages\/884\/revisions"}],"wp:attachment":[{"href":"https:\/\/www.fastfrate.com\/fr\/wp-json\/wp\/v2\/media?parent=884"}],"curies":[{"name":"wp","href":"https:\/\/api.w.org\/{rel}","templated":true}]}}