{"id":883,"date":"2021-10-18T13:00:52","date_gmt":"2021-10-18T17:00:52","guid":{"rendered":"http:\/\/fastfrate-dev.local\/services-ecommerce-2\/"},"modified":"2024-10-15T16:14:46","modified_gmt":"2024-10-15T20:14:46","slug":"ecommerce","status":"publish","type":"page","link":"https:\/\/www.fastfrate.com\/fr\/commerce-electronique\/","title":{"rendered":"Services Ecommerce"},"content":{"rendered":"<div id=\"PageWrapperHome\" class=\"Subpage SubpageWide ThirdPartyLogistics ThirdPartyLogisticsEco\">\n<div class=\"SubpageWrapper\">\n<div class=\"ContentSubpageFeature\"><\/div>\n<div class=\"service-tab-wrapper\">\n<div class=\"container\">\n<div class=\"service-tab\"><span>Services<span class=\"no-wrap vertical-line-wh\">ECOMMERCE<\/span><\/span><\/div>\n<\/div>\n<\/div>\n<div class=\"container breadcrumbs-container\"><span><span><a href=\"https:\/\/www.fastfrate.com\/\">Home<\/a><\/span><\/span><\/div>\n<div class=\"SubpageContentWrapper container\">\n<div class=\"ContentSubpageLeft col-md-7 col-sm-12 col-xs-12\">\n<div class=\"ContentBody\">\n<h1 class=\"serviceWarehouse-h1\">NOUS TENONS LA PROMESSE DE VOTRE MARQUE EN LIGNE<\/h1>\n<p>Le commerce de bout en bout offre une possibilit\u00e9 r\u00e9elle d\u2019augmenter votre chiffre d\u2019affaires&#8230; mais seulement si vous pouvez compter sur un partenaire fiable qui compte de nombreuses ann\u00e9es d\u2019exp\u00e9rience, un partenaire qui voit les choses de votre point de vue. S\u2019appuyant sur plus de 50 ann\u00e9es d\u2019exp\u00e9rience, les Services de distribution professionnels d\u2019ASL poss\u00e8dent l\u2019expertise et les outils dont vous avez besoin pour faire du traitement et de l\u2019ex\u00e9cution des commandes en ligne une exp\u00e9rience libre de tout tracas.<\/p>\n<p>\u00c0 titre de partenaire strat\u00e9gique et invisible, les Services de distribution professionnels d\u2019ASL \u00e9tablissent un flux de travail personnalis\u00e9 qui remet votre marque entre les mains de vos clients, \u00e0 votre fa\u00e7on. Qu\u2019il s\u2019agisse de r\u00e9ception, de collecte, d\u2019emballage ou de livraison, m\u00eame de livraison \u00e0 domicile, les Services de distribution professionnels d\u2019ASL tiennent leur promesse \u00e0 chaque \u00e9tape du processus pour livrer votre marchandise selon vos attentes.<\/p>\n<p class=\"p-red\">Une int\u00e9gration simplifi\u00e9e des syst\u00e8mes pour acc\u00e9l\u00e9rer le cycle des commandes<\/p>\n<p>Notre syst\u00e8me d\u2019ex\u00e9cution des commandes peut s\u2019int\u00e9grer \u00e0 votre site Web actuel et faire en sorte que le processus corresponde enti\u00e8rement \u00e0 l\u2019exp\u00e9rience de votre marque. Des capacit\u00e9s EDI compl\u00e8tes garantissent l\u2019int\u00e9grit\u00e9 des donn\u00e9es et maximisent la rapidit\u00e9 du cycle de commande. Ensemble, l\u2019acc\u00e8s \u00e0 votre information par le Web et des rapports automatis\u00e9s vous procurent les renseignements n\u00e9cessaires \u00e0 l\u2019exploitation de votre entreprise et \u00e0 l\u2019optimisation de votre cha\u00eene d\u2019approvisionnement.<\/p>\n<p>Que le commerce \u00e9lectronique soit la principale voie de distribution de votre entreprise ou une extension qui aide \u00e0 atteindre de nouveaux march\u00e9s, les Services de distribution professionnels d\u2019ASL peuvent vous proposer un programme de logistique qui vous assurera de saisir ces occasions de fa\u00e7on rentable.<\/p>\n<\/div>\n<\/div>\n<div class=\"ContentSubpageRight col-md-4 hidden-sm hidden-xs\" id=\"form-right-unique\">\n<div class=\"side-form\">\n<div class=\"serviceRightHead\">ECOMMERCE<\/div>\n<div style=\"margin-bottom: 15px;\">\n\t\t\t\t\t\t<img decoding=\"async\" style=\"border: 0;width: 100%;\" src=\"https:\/\/www.fastfrate.com\/wp-content\/uploads\/2021\/10\/services-inset-ecommerce.jpg\" alt=\"ASL Distribution Services courier van, semi-trailer and box truck outside of facility\"><\/div>\n<div class=\"form-header\">NOTRE \u00c9QUIPE N\u2019ATTEND QUE VOUS<\/div>\n<div class=\"form-header-sub\">Veuillez remplir le formulaire ci-dessous. Un de nos sp\u00e9cialistes vous r\u00e9pondra d\u2019ici le prochain jour ouvrable au plus tard.<\/div>\n\n<div class=\"wpcf7 no-js\" id=\"wpcf7-f1430-o1\" lang=\"en-CA\" dir=\"ltr\" data-wpcf7-id=\"1430\">\n<div class=\"screen-reader-response\"><p role=\"status\" aria-live=\"polite\" aria-atomic=\"true\"><\/p> <ul><\/ul><\/div>\n<form action=\"\/fr\/wp-json\/wp\/v2\/pages\/883#wpcf7-f1430-o1\" method=\"post\" class=\"wpcf7-form init\" aria-label=\"Contact form\" novalidate=\"novalidate\" data-status=\"init\" data-trp-original-action=\"\/fr\/wp-json\/wp\/v2\/pages\/883#wpcf7-f1430-o1\">\n<fieldset class=\"hidden-fields-container\"><input type=\"hidden\" name=\"_wpcf7\" value=\"1430\" \/><input type=\"hidden\" name=\"_wpcf7_version\" value=\"6.1.5\" \/><input type=\"hidden\" name=\"_wpcf7_locale\" value=\"en_CA\" \/><input type=\"hidden\" name=\"_wpcf7_unit_tag\" value=\"wpcf7-f1430-o1\" \/><input type=\"hidden\" name=\"_wpcf7_container_post\" value=\"0\" \/><input type=\"hidden\" name=\"_wpcf7_posted_data_hash\" value=\"\" \/><input type=\"hidden\" name=\"_wpcf7dtx_version\" value=\"5.0.5\" \/><input type=\"hidden\" name=\"_wpcf7_recaptcha_response\" value=\"\" \/>\n<\/fieldset>\n<p><label> <span class=\"asterix\">*<\/span>Pr\u00e9nom<br \/>\n<span class=\"wpcf7-form-control-wrap\" data-name=\"your-fname\"><input size=\"40\" maxlength=\"400\" class=\"wpcf7-form-control wpcf7-text wpcf7-validates-as-required\" aria-required=\"true\" aria-invalid=\"false\" value=\"\" type=\"text\" name=\"your-fname\" \/><\/span> <\/label><br \/>\n<label> <span class=\"asterix\">*<\/span>Nom de famille<br \/>\n<span class=\"wpcf7-form-control-wrap\" data-name=\"your-lname\"><input size=\"40\" maxlength=\"400\" class=\"wpcf7-form-control wpcf7-text wpcf7-validates-as-required\" aria-required=\"true\" aria-invalid=\"false\" value=\"\" type=\"text\" name=\"your-lname\" \/><\/span> <\/label><br \/>\n<label> <span class=\"asterix\">*<\/span>Nom de l'entreprise<br \/>\n<span class=\"wpcf7-form-control-wrap\" data-name=\"your-company\"><input size=\"40\" maxlength=\"400\" class=\"wpcf7-form-control wpcf7-text wpcf7-validates-as-required\" aria-required=\"true\" aria-invalid=\"false\" value=\"\" type=\"text\" name=\"your-company\" \/><\/span> <\/label><br \/>\n<label> Num\u00e9ro de t\u00e9l\u00e9phone<br \/>\n<span class=\"wpcf7-form-control-wrap\" data-name=\"your-phone\"><input size=\"40\" maxlength=\"400\" class=\"wpcf7-form-control wpcf7-text\" aria-invalid=\"false\" value=\"\" type=\"text\" name=\"your-phone\" \/><\/span> <\/label><br \/>\n<label> <span class=\"asterix\">*<\/span>Courriel<br \/>\n<span class=\"wpcf7-form-control-wrap\" data-name=\"your-email\"><input size=\"40\" maxlength=\"400\" class=\"wpcf7-form-control wpcf7-email wpcf7-validates-as-required wpcf7-text wpcf7-validates-as-email\" aria-required=\"true\" aria-invalid=\"false\" value=\"\" type=\"email\" name=\"your-email\" \/><\/span> <\/label><br \/>\n<label> Commentaires<br \/>\n<span class=\"wpcf7-form-control-wrap\" data-name=\"your-message\"><textarea cols=\"40\" rows=\"10\" maxlength=\"2000\" class=\"wpcf7-form-control wpcf7-textarea\" aria-invalid=\"false\" name=\"your-message\"><\/textarea><\/span> <\/label><br \/>\n<span id=\"wpcf7-69d2a7a75772b-wrapper\" class=\"wpcf7-form-control-wrap honeypot-781-wrap\" style=\"display:none !important; visibility:hidden !important;\"><label for=\"wpcf7-69d2a7a75772b-field\" class=\"hp-message\">Please leave this field empty.<\/label><input id=\"wpcf7-69d2a7a75772b-field\"  class=\"wpcf7-form-control wpcf7-text\" type=\"text\" name=\"honeypot-781\" value=\"\" size=\"40\" tabindex=\"-1\" autocomplete=\"new-password\" \/><\/span><br \/>\n<input class=\"wpcf7-form-control wpcf7-submit has-spinner\" type=\"submit\" value=\"Soumettre\" \/>\n<\/p>\n<p class=\"rc-Disclaimer\"><br \/>\nCe site est prot\u00e9g\u00e9 par <strong>reCAPTCHA<\/strong>. <a href=\"https:\/\/policies.google.com\/privacy\"><strong>Les r\u00e8gles de confidentialit\u00e9<\/strong><\/a> et les <a href=\"https:\/\/policies.google.com\/terms\"><strong>conditions d\u2019utilisation<\/strong><\/a> de Google s\u2019appliquent.\n<\/p>\n<input class=\"wpcf7-form-control wpcf7-hidden\" value=\"\" type=\"hidden\" name=\"utm_source\" \/>\n<input class=\"wpcf7-form-control wpcf7-hidden\" value=\"\" type=\"hidden\" name=\"utm_medium\" \/>\n<input class=\"wpcf7-form-control wpcf7-hidden\" value=\"\" type=\"hidden\" name=\"utm_campaign\" \/>\n<input class=\"wpcf7-form-control wpcf7-hidden\" value=\"\" type=\"hidden\" name=\"utm_term\" \/>\n<input class=\"wpcf7-form-control wpcf7-hidden\" value=\"\" type=\"hidden\" name=\"utm_content\" \/><input type='hidden' class='wpcf7-pum' value='{\"closepopup\":false,\"closedelay\":0,\"openpopup\":false,\"openpopup_id\":0}' \/><div class=\"wpcf7-response-output\" aria-hidden=\"true\"><\/div>\n<input type=\"hidden\" name=\"trp-form-language\" value=\"fr\"\/><\/form>\n<\/div>\n\n<\/div>\n<div style=\"margin: 15px auto;\"><\/div>\n<\/div>\n<\/div>\n<\/div>\n<\/div>","protected":false},"excerpt":{"rendered":"<p>ServicesECOMMERCE NOUS TENONS LA PROMESSE DE VOTRE MARQUE EN LIGNE Le commerce de bout en bout offre une possibilit\u00e9 r\u00e9elle d\u2019augmenter votre chiffre d\u2019affaires&#8230; mais seulement si vous pouvez compter sur un partenaire fiable qui compte de nombreuses ann\u00e9es d\u2019exp\u00e9rience, un partenaire qui voit les choses de votre point de vue. S\u2019appuyant sur plus de&hellip; <a class=\"more-link\" href=\"https:\/\/www.fastfrate.com\/fr\/commerce-electronique\/\">Continue reading <span class=\"screen-reader-text\">Services Ecommerce<\/span><\/a><\/p>","protected":false},"author":1,"featured_media":0,"parent":0,"menu_order":0,"comment_status":"closed","ping_status":"closed","template":"page-services-fr.php","meta":{"_acf_changed":false,"footnotes":""},"class_list":["post-883","page","type-page","status-publish","hentry","entry"],"acf":[],"yoast_head":"<!-- This site is optimized with the Yoast SEO plugin v27.3 - https:\/\/yoast.com\/product\/yoast-seo-wordpress\/ -->\n<title>Services de commerce \u00e9lectronique | Fastfrate Group | ASL Distribution<\/title>\n<meta name=\"description\" content=\"Avec l\u2019aide des Services de distribution professionnels d\u2019ASL, le Fastfrate Group offre des services de commerce \u00e9lectronique transparents de bout en bout, de la r\u00e9ception de la commande \u00e0 la livraison au dernier kilom\u00e8tre.\" \/>\n<meta name=\"robots\" content=\"index, follow, max-snippet:-1, max-image-preview:large, max-video-preview:-1\" \/>\n<link rel=\"canonical\" href=\"https:\/\/www.fastfrate.com\/fr\/commerce-electronique\/\" \/>\n<meta property=\"og:locale\" content=\"fr_CA\" \/>\n<meta property=\"og:type\" content=\"article\" \/>\n<meta property=\"og:title\" content=\"Services de commerce \u00e9lectronique | Fastfrate Group | ASL Distribution\" \/>\n<meta property=\"og:description\" content=\"Avec l\u2019aide des Services de distribution professionnels d\u2019ASL, le Fastfrate Group offre des services de commerce \u00e9lectronique transparents de bout en bout, de la r\u00e9ception de la commande \u00e0 la livraison au dernier kilom\u00e8tre.\" \/>\n<meta property=\"og:url\" content=\"https:\/\/www.fastfrate.com\/fr\/commerce-electronique\/\" \/>\n<meta property=\"og:site_name\" content=\"The FastFrate Group\" \/>\n<meta property=\"article:modified_time\" content=\"2024-10-15T20:14:46+00:00\" \/>\n<meta property=\"og:image\" content=\"http:\/\/www.fastfrate.com\/wp-content\/uploads\/2021\/10\/services-inset-ecommerce.jpg\" \/>\n<meta name=\"twitter:card\" content=\"summary_large_image\" \/>\n<meta name=\"twitter:label1\" content=\"Estimation du temps de lecture\" \/>\n\t<meta name=\"twitter:data1\" content=\"2 minutes\" \/>\n<script type=\"application\/ld+json\" class=\"yoast-schema-graph\">{\"@context\":\"https:\\\/\\\/schema.org\",\"@graph\":[{\"@type\":\"WebPage\",\"@id\":\"https:\\\/\\\/www.fastfrate.com\\\/fr\\\/commerce-electronique\\\/\",\"url\":\"https:\\\/\\\/www.fastfrate.com\\\/fr\\\/commerce-electronique\\\/\",\"name\":\"Services de commerce \u00e9lectronique | Fastfrate Group | ASL Distribution\",\"isPartOf\":{\"@id\":\"https:\\\/\\\/www.fastfrate.com\\\/fr\\\/#website\"},\"primaryImageOfPage\":{\"@id\":\"https:\\\/\\\/www.fastfrate.com\\\/fr\\\/commerce-electronique\\\/#primaryimage\"},\"image\":{\"@id\":\"https:\\\/\\\/www.fastfrate.com\\\/fr\\\/commerce-electronique\\\/#primaryimage\"},\"thumbnailUrl\":\"http:\\\/\\\/www.fastfrate.com\\\/wp-content\\\/uploads\\\/2021\\\/10\\\/services-inset-ecommerce.jpg\",\"datePublished\":\"2021-10-18T17:00:52+00:00\",\"dateModified\":\"2024-10-15T20:14:46+00:00\",\"description\":\"Avec l\u2019aide des Services de distribution professionnels d\u2019ASL, le Fastfrate Group offre des services de commerce \u00e9lectronique transparents de bout en bout, de la r\u00e9ception de la commande \u00e0 la livraison au dernier kilom\u00e8tre.\",\"breadcrumb\":{\"@id\":\"https:\\\/\\\/www.fastfrate.com\\\/fr\\\/commerce-electronique\\\/#breadcrumb\"},\"inLanguage\":\"fr-CA\",\"potentialAction\":[{\"@type\":\"ReadAction\",\"target\":[\"https:\\\/\\\/www.fastfrate.com\\\/fr\\\/commerce-electronique\\\/\"]}]},{\"@type\":\"ImageObject\",\"inLanguage\":\"fr-CA\",\"@id\":\"https:\\\/\\\/www.fastfrate.com\\\/fr\\\/commerce-electronique\\\/#primaryimage\",\"url\":\"http:\\\/\\\/www.fastfrate.com\\\/wp-content\\\/uploads\\\/2021\\\/10\\\/services-inset-ecommerce.jpg\",\"contentUrl\":\"http:\\\/\\\/www.fastfrate.com\\\/wp-content\\\/uploads\\\/2021\\\/10\\\/services-inset-ecommerce.jpg\"},{\"@type\":\"BreadcrumbList\",\"@id\":\"https:\\\/\\\/www.fastfrate.com\\\/fr\\\/commerce-electronique\\\/#breadcrumb\",\"itemListElement\":[{\"@type\":\"ListItem\",\"position\":1,\"name\":\"Home\",\"item\":\"https:\\\/\\\/www.fastfrate.com\\\/\"},{\"@type\":\"ListItem\",\"position\":2,\"name\":\"Services Ecommerce\"}]},{\"@type\":\"WebSite\",\"@id\":\"https:\\\/\\\/www.fastfrate.com\\\/fr\\\/#website\",\"url\":\"https:\\\/\\\/www.fastfrate.com\\\/fr\\\/\",\"name\":\"The FastFrate Group\",\"description\":\"\",\"potentialAction\":[{\"@type\":\"SearchAction\",\"target\":{\"@type\":\"EntryPoint\",\"urlTemplate\":\"https:\\\/\\\/www.fastfrate.com\\\/fr\\\/?s={search_term_string}\"},\"query-input\":{\"@type\":\"PropertyValueSpecification\",\"valueRequired\":true,\"valueName\":\"search_term_string\"}}],\"inLanguage\":\"fr-CA\"}]}<\/script>\n<!-- \/ Yoast SEO plugin. -->","yoast_head_json":{"title":"Services de commerce \u00e9lectronique | Fastfrate Group | ASL Distribution","description":"Avec l\u2019aide des Services de distribution professionnels d\u2019ASL, le Fastfrate Group offre des services de commerce \u00e9lectronique transparents de bout en bout, de la r\u00e9ception de la commande \u00e0 la livraison au dernier kilom\u00e8tre.","robots":{"index":"index","follow":"follow","max-snippet":"max-snippet:-1","max-image-preview":"max-image-preview:large","max-video-preview":"max-video-preview:-1"},"canonical":"https:\/\/www.fastfrate.com\/fr\/commerce-electronique\/","og_locale":"fr_CA","og_type":"article","og_title":"Services de commerce \u00e9lectronique | Fastfrate Group | ASL Distribution","og_description":"Avec l\u2019aide des Services de distribution professionnels d\u2019ASL, le Fastfrate Group offre des services de commerce \u00e9lectronique transparents de bout en bout, de la r\u00e9ception de la commande \u00e0 la livraison au dernier kilom\u00e8tre.","og_url":"https:\/\/www.fastfrate.com\/fr\/commerce-electronique\/","og_site_name":"The FastFrate Group","article_modified_time":"2024-10-15T20:14:46+00:00","og_image":[{"url":"http:\/\/www.fastfrate.com\/wp-content\/uploads\/2021\/10\/services-inset-ecommerce.jpg","type":"","width":"","height":""}],"twitter_card":"summary_large_image","twitter_misc":{"Estimation du temps de lecture":"2 minutes"},"schema":{"@context":"https:\/\/schema.org","@graph":[{"@type":"WebPage","@id":"https:\/\/www.fastfrate.com\/fr\/commerce-electronique\/","url":"https:\/\/www.fastfrate.com\/fr\/commerce-electronique\/","name":"Services de commerce \u00e9lectronique | Fastfrate Group | ASL Distribution","isPartOf":{"@id":"https:\/\/www.fastfrate.com\/fr\/#website"},"primaryImageOfPage":{"@id":"https:\/\/www.fastfrate.com\/fr\/commerce-electronique\/#primaryimage"},"image":{"@id":"https:\/\/www.fastfrate.com\/fr\/commerce-electronique\/#primaryimage"},"thumbnailUrl":"http:\/\/www.fastfrate.com\/wp-content\/uploads\/2021\/10\/services-inset-ecommerce.jpg","datePublished":"2021-10-18T17:00:52+00:00","dateModified":"2024-10-15T20:14:46+00:00","description":"Avec l\u2019aide des Services de distribution professionnels d\u2019ASL, le Fastfrate Group offre des services de commerce \u00e9lectronique transparents de bout en bout, de la r\u00e9ception de la commande \u00e0 la livraison au dernier kilom\u00e8tre.","breadcrumb":{"@id":"https:\/\/www.fastfrate.com\/fr\/commerce-electronique\/#breadcrumb"},"inLanguage":"fr-CA","potentialAction":[{"@type":"ReadAction","target":["https:\/\/www.fastfrate.com\/fr\/commerce-electronique\/"]}]},{"@type":"ImageObject","inLanguage":"fr-CA","@id":"https:\/\/www.fastfrate.com\/fr\/commerce-electronique\/#primaryimage","url":"http:\/\/www.fastfrate.com\/wp-content\/uploads\/2021\/10\/services-inset-ecommerce.jpg","contentUrl":"http:\/\/www.fastfrate.com\/wp-content\/uploads\/2021\/10\/services-inset-ecommerce.jpg"},{"@type":"BreadcrumbList","@id":"https:\/\/www.fastfrate.com\/fr\/commerce-electronique\/#breadcrumb","itemListElement":[{"@type":"ListItem","position":1,"name":"Home","item":"https:\/\/www.fastfrate.com\/"},{"@type":"ListItem","position":2,"name":"Services Ecommerce"}]},{"@type":"WebSite","@id":"https:\/\/www.fastfrate.com\/fr\/#website","url":"https:\/\/www.fastfrate.com\/fr\/","name":"The FastFrate Group","description":"","potentialAction":[{"@type":"SearchAction","target":{"@type":"EntryPoint","urlTemplate":"https:\/\/www.fastfrate.com\/fr\/?s={search_term_string}"},"query-input":{"@type":"PropertyValueSpecification","valueRequired":true,"valueName":"search_term_string"}}],"inLanguage":"fr-CA"}]}},"_links":{"self":[{"href":"https:\/\/www.fastfrate.com\/fr\/wp-json\/wp\/v2\/pages\/883","targetHints":{"allow":["GET"]}}],"collection":[{"href":"https:\/\/www.fastfrate.com\/fr\/wp-json\/wp\/v2\/pages"}],"about":[{"href":"https:\/\/www.fastfrate.com\/fr\/wp-json\/wp\/v2\/types\/page"}],"author":[{"embeddable":true,"href":"https:\/\/www.fastfrate.com\/fr\/wp-json\/wp\/v2\/users\/1"}],"replies":[{"embeddable":true,"href":"https:\/\/www.fastfrate.com\/fr\/wp-json\/wp\/v2\/comments?post=883"}],"version-history":[{"count":0,"href":"https:\/\/www.fastfrate.com\/fr\/wp-json\/wp\/v2\/pages\/883\/revisions"}],"wp:attachment":[{"href":"https:\/\/www.fastfrate.com\/fr\/wp-json\/wp\/v2\/media?parent=883"}],"curies":[{"name":"wp","href":"https:\/\/api.w.org\/{rel}","templated":true}]}}