{"id":882,"date":"2021-10-18T12:57:27","date_gmt":"2021-10-18T16:57:27","guid":{"rendered":"http:\/\/fastfrate-dev.local\/services-drayage-transload-2\/"},"modified":"2024-07-16T15:04:00","modified_gmt":"2024-07-16T19:04:00","slug":"factage-et-transbordement","status":"publish","type":"page","link":"https:\/\/www.fastfrate.com\/fr\/factage-et-transbordement\/","title":{"rendered":"Services Factage ET Transbordement"},"content":{"rendered":"<div id=\"PageWrapperHome\" class=\"Subpage SubpageWide ContainerServices DrayageN subpageNew\">\n<div class=\"SubpageWrapper\">\n<div class=\"ContentSubpageFeature\"><\/div>\n<div class=\"service-tab-wrapper\">\n<div class=\"container\">\n<div class=\"service-tab\"><span>Services<span class=\"no-wrap vertical-line-wh\">FACTAGE ET TRANSBORDEMENT<\/span><\/span><\/div>\n<\/div>\n<\/div>\n<div class=\"container breadcrumbs-container\"><span><span><a href=\"https:\/\/www.fastfrate.com\/\">Home<\/a><\/span><\/span><\/div>\n<div class=\"SubpageContentWrapper container\">\n<div class=\"ContentSubpageLeft col-md-7 col-sm-12 col-xs-12\">\n<div class=\"ContentBody\">\n<h1 class=\"serviceWarehouse-h1\">LE TRANSPORT PAR CONTENEUR COMBIN\u00c9 POUR OFFRIR DES SOLUTIONS CL\u00c9 EN MAIN<\/h1>\n<p>Nous sommes tr\u00e8s actifs dans le transport de conteneurs maritimes et de conteneurs int\u00e9rieurs intermodaux \u00e0 destination et en provenance des cours de triage de l\u2019ensemble du Canada et de certains ports canadiens et am\u00e9ricains s\u00e9lectionn\u00e9s. Nous int\u00e9grons ces capacit\u00e9s de factage d\u2019un oc\u00e9an \u00e0 l\u2019autre \u00e0 nos services de transbordement dans nos installations d\u2019entreposage de Halifax, Montr\u00e9al, Toronto et Vancouver.<\/p>\n<p class=\"p-red\">Factage d\u2019un oc\u00e9an \u00e0 l\u2019autre<\/p>\n<p>Notre flotte de camions est \u00e9quip\u00e9e de ch\u00e2ssis extensibles de 20, 40 et 53 pieds (\u00e0 la fois en tandem et en tridem) et de trains doubles invers\u00e9s de type B. Nous disposons de plus de 500 camions sur les routes tous les jours pour r\u00e9pondre \u00e0 vos besoins de factage (transport de conteneurs) partout au Canada. Nous savons nous adapter \u00e0 votre syst\u00e8me d\u2019exploitation et nous pouvons travailler en tenant compte de vos syst\u00e8mes d\u2019exploitation et de vos structures hi\u00e9rarchiques. En plus des villes portuaires des \u00c9tats-Unis et de la c\u00f4te atlantique, nous transportons aussi vos conteneurs entre les ports et les gares de triage aux endroits suivants :<\/p>\n<ul class=\"bullets-red\">\n<li>Vancouver<\/li>\n<li>\u00eele de Vancouver<\/li>\n<li>Calgary<\/li>\n<li>Edmonton<\/li>\n<li>Regina<\/li>\n<li>Winnipeg<\/li>\n<li>Toronto<\/li>\n<li>Montreal<\/li>\n<li>Halifax<\/li>\n<\/ul>\n<\/div>\n<\/div>\n<div class=\"ContentSubpageRight col-md-4 hidden-sm hidden-xs\" id=\"form-right-unique\">\n<div class=\"side-form\">\n<div class=\"serviceRightHead\">FACTAGE ET TRANSBORDEMENT<\/div>\n<div style=\"margin-bottom: 15px;\">\n\t\t\t\t\t\t<img decoding=\"async\" style=\"border: 0;width: 100%;\" src=\"https:\/\/www.fastfrate.com\/wp-content\/uploads\/2021\/10\/services-inset-drayage.jpg\"><\/div>\n<div class=\"form-header\">NOTRE \u00c9QUIPE N\u2019ATTEND QUE VOUS<\/div>\n<div class=\"form-header-sub\">Veuillez remplir le formulaire ci-dessous. Un de nos sp\u00e9cialistes vous r\u00e9pondra d\u2019ici le prochain jour ouvrable au plus tard.<\/div>\n\n<div class=\"wpcf7 no-js\" id=\"wpcf7-f1108-o1\" lang=\"en-CA\" dir=\"ltr\" data-wpcf7-id=\"1108\">\n<div class=\"screen-reader-response\"><p role=\"status\" aria-live=\"polite\" aria-atomic=\"true\"><\/p> <ul><\/ul><\/div>\n<form action=\"\/fr\/wp-json\/wp\/v2\/pages\/882#wpcf7-f1108-o1\" method=\"post\" class=\"wpcf7-form init\" aria-label=\"Contact form\" novalidate=\"novalidate\" data-status=\"init\" data-trp-original-action=\"\/fr\/wp-json\/wp\/v2\/pages\/882#wpcf7-f1108-o1\">\n<fieldset class=\"hidden-fields-container\"><input type=\"hidden\" name=\"_wpcf7\" value=\"1108\" \/><input type=\"hidden\" name=\"_wpcf7_version\" value=\"6.1.5\" \/><input type=\"hidden\" name=\"_wpcf7_locale\" value=\"en_CA\" \/><input type=\"hidden\" name=\"_wpcf7_unit_tag\" value=\"wpcf7-f1108-o1\" \/><input type=\"hidden\" name=\"_wpcf7_container_post\" value=\"0\" \/><input type=\"hidden\" name=\"_wpcf7_posted_data_hash\" value=\"\" \/><input type=\"hidden\" name=\"_wpcf7dtx_version\" value=\"5.0.5\" \/><input type=\"hidden\" name=\"_wpcf7_recaptcha_response\" value=\"\" \/>\n<\/fieldset>\n<p><label> <span class=\"asterix\">*<\/span>Pr\u00e9nom<br \/>\n<span class=\"wpcf7-form-control-wrap\" data-name=\"your-fname\"><input size=\"40\" maxlength=\"400\" class=\"wpcf7-form-control wpcf7-text wpcf7-validates-as-required\" aria-required=\"true\" aria-invalid=\"false\" value=\"\" type=\"text\" name=\"your-fname\" \/><\/span> <\/label><br \/>\n<label> <span class=\"asterix\">*<\/span>Nom de famille<br \/>\n<span class=\"wpcf7-form-control-wrap\" data-name=\"your-lname\"><input size=\"40\" maxlength=\"400\" class=\"wpcf7-form-control wpcf7-text wpcf7-validates-as-required\" aria-required=\"true\" aria-invalid=\"false\" value=\"\" type=\"text\" name=\"your-lname\" \/><\/span> <\/label><br \/>\n<label> <span class=\"asterix\">*<\/span>Nom de l'entreprise<br \/>\n<span class=\"wpcf7-form-control-wrap\" data-name=\"your-company\"><input size=\"40\" maxlength=\"400\" class=\"wpcf7-form-control wpcf7-text wpcf7-validates-as-required\" aria-required=\"true\" aria-invalid=\"false\" value=\"\" type=\"text\" name=\"your-company\" \/><\/span> <\/label><br \/>\n<label> Num\u00e9ro de t\u00e9l\u00e9phone<br \/>\n<span class=\"wpcf7-form-control-wrap\" data-name=\"your-phone\"><input size=\"40\" maxlength=\"400\" class=\"wpcf7-form-control wpcf7-text\" aria-invalid=\"false\" value=\"\" type=\"text\" name=\"your-phone\" \/><\/span> <\/label><br \/>\n<label> <span class=\"asterix\">*<\/span>Courriel<br \/>\n<span class=\"wpcf7-form-control-wrap\" data-name=\"your-email\"><input size=\"40\" maxlength=\"400\" class=\"wpcf7-form-control wpcf7-email wpcf7-validates-as-required wpcf7-text wpcf7-validates-as-email\" aria-required=\"true\" aria-invalid=\"false\" value=\"\" type=\"email\" name=\"your-email\" \/><\/span> <\/label><br \/>\n<label> Commentaires<br \/>\n<span class=\"wpcf7-form-control-wrap\" data-name=\"your-message\"><textarea cols=\"40\" rows=\"10\" maxlength=\"2000\" class=\"wpcf7-form-control wpcf7-textarea\" aria-invalid=\"false\" name=\"your-message\"><\/textarea><\/span> <\/label><br \/>\n<span id=\"wpcf7-69d748ec182a0-wrapper\" class=\"wpcf7-form-control-wrap honeypot-81-wrap\" style=\"display:none !important; visibility:hidden !important;\"><label for=\"wpcf7-69d748ec182a0-field\" class=\"hp-message\">Please leave this field empty.<\/label><input id=\"wpcf7-69d748ec182a0-field\"  class=\"wpcf7-form-control wpcf7-text\" type=\"text\" name=\"honeypot-81\" value=\"\" size=\"40\" tabindex=\"-1\" autocomplete=\"new-password\" \/><\/span><br \/>\n<input class=\"wpcf7-form-control wpcf7-submit has-spinner\" type=\"submit\" value=\"Soumettre\" \/>\n<\/p>\n<p class=\"rc-Disclaimer\"><br \/>\nCe site est prot\u00e9g\u00e9 par <strong>reCAPTCHA<\/strong>. <a href=\"https:\/\/policies.google.com\/privacy\"><strong>Les r\u00e8gles de confidentialit\u00e9<\/strong><\/a> et les <a href=\"https:\/\/policies.google.com\/terms\"><strong>conditions d\u2019utilisation<\/strong><\/a> de Google s\u2019appliquent.\n<\/p>\n<input class=\"wpcf7-form-control wpcf7-hidden\" value=\"\" type=\"hidden\" name=\"utm_source\" \/>\n<input class=\"wpcf7-form-control wpcf7-hidden\" value=\"\" type=\"hidden\" name=\"utm_medium\" \/>\n<input class=\"wpcf7-form-control wpcf7-hidden\" value=\"\" type=\"hidden\" name=\"utm_campaign\" \/>\n<input class=\"wpcf7-form-control wpcf7-hidden\" value=\"\" type=\"hidden\" name=\"utm_term\" \/>\n<input class=\"wpcf7-form-control wpcf7-hidden\" value=\"\" type=\"hidden\" name=\"utm_content\" \/><input type='hidden' class='wpcf7-pum' value='{\"closepopup\":false,\"closedelay\":0,\"openpopup\":false,\"openpopup_id\":0}' \/><div class=\"wpcf7-response-output\" aria-hidden=\"true\"><\/div>\n<input type=\"hidden\" name=\"trp-form-language\" value=\"fr\"\/><\/form>\n<\/div>\n\n<\/div>\n<div style=\"margin: 15px auto;\"><\/div>\n<\/div>\n<\/div>\n<\/div>\n<\/div>","protected":false},"excerpt":{"rendered":"<p>ServicesFACTAGE ET TRANSBORDEMENT LE TRANSPORT PAR CONTENEUR COMBIN\u00c9 POUR OFFRIR DES SOLUTIONS CL\u00c9 EN MAIN Nous sommes tr\u00e8s actifs dans le transport de conteneurs maritimes et de conteneurs int\u00e9rieurs intermodaux \u00e0 destination et en provenance des cours de triage de l\u2019ensemble du Canada et de certains ports canadiens et am\u00e9ricains s\u00e9lectionn\u00e9s. Nous int\u00e9grons ces capacit\u00e9s&hellip; <a class=\"more-link\" href=\"https:\/\/www.fastfrate.com\/fr\/factage-et-transbordement\/\">Continue reading <span class=\"screen-reader-text\">Services Factage ET Transbordement<\/span><\/a><\/p>","protected":false},"author":1,"featured_media":0,"parent":0,"menu_order":0,"comment_status":"closed","ping_status":"closed","template":"page-services-fr.php","meta":{"_acf_changed":false,"footnotes":""},"class_list":["post-882","page","type-page","status-publish","hentry","entry"],"acf":[],"yoast_head":"<!-- This site is optimized with the Yoast SEO plugin v27.3 - https:\/\/yoast.com\/product\/yoast-seo-wordpress\/ -->\n<title>Factage et transbordement | Groupe Fastfrate | Op\u00e9rations de conteneurs, Solutions<\/title>\n<meta name=\"description\" content=\"Nos activit\u00e9s comprennent le transport de conteneurs maritimes et de conteneurs int\u00e9rieurs intermodaux \u00e0 destination et en provenance des gares de triage de l\u2019ensemble du Canada et de certains ports canadiens et am\u00e9ricains s\u00e9lectionn\u00e9s.\" \/>\n<meta name=\"robots\" content=\"index, follow, max-snippet:-1, max-image-preview:large, max-video-preview:-1\" \/>\n<link rel=\"canonical\" href=\"https:\/\/www.fastfrate.com\/fr\/factage-et-transbordement\/\" \/>\n<meta property=\"og:locale\" content=\"fr_CA\" \/>\n<meta property=\"og:type\" content=\"article\" \/>\n<meta property=\"og:title\" content=\"Factage et transbordement | Groupe Fastfrate | Op\u00e9rations de conteneurs, Solutions\" \/>\n<meta property=\"og:description\" content=\"Nos activit\u00e9s comprennent le transport de conteneurs maritimes et de conteneurs int\u00e9rieurs intermodaux \u00e0 destination et en provenance des gares de triage de l\u2019ensemble du Canada et de certains ports canadiens et am\u00e9ricains s\u00e9lectionn\u00e9s.\" \/>\n<meta property=\"og:url\" content=\"https:\/\/www.fastfrate.com\/fr\/factage-et-transbordement\/\" \/>\n<meta property=\"og:site_name\" content=\"The FastFrate Group\" \/>\n<meta property=\"article:modified_time\" content=\"2024-07-16T19:04:00+00:00\" \/>\n<meta property=\"og:image\" content=\"http:\/\/www.fastfrate.com\/wp-content\/uploads\/2021\/10\/services-inset-drayage.jpg\" \/>\n<meta name=\"twitter:card\" content=\"summary_large_image\" \/>\n<meta name=\"twitter:label1\" content=\"Estimation du temps de lecture\" \/>\n\t<meta name=\"twitter:data1\" content=\"2 minutes\" \/>\n<script type=\"application\/ld+json\" class=\"yoast-schema-graph\">{\"@context\":\"https:\\\/\\\/schema.org\",\"@graph\":[{\"@type\":\"WebPage\",\"@id\":\"https:\\\/\\\/www.fastfrate.com\\\/fr\\\/factage-et-transbordement\\\/\",\"url\":\"https:\\\/\\\/www.fastfrate.com\\\/fr\\\/factage-et-transbordement\\\/\",\"name\":\"Factage et transbordement | Groupe Fastfrate | Op\u00e9rations de conteneurs, Solutions\",\"isPartOf\":{\"@id\":\"https:\\\/\\\/www.fastfrate.com\\\/fr\\\/#website\"},\"primaryImageOfPage\":{\"@id\":\"https:\\\/\\\/www.fastfrate.com\\\/fr\\\/factage-et-transbordement\\\/#primaryimage\"},\"image\":{\"@id\":\"https:\\\/\\\/www.fastfrate.com\\\/fr\\\/factage-et-transbordement\\\/#primaryimage\"},\"thumbnailUrl\":\"http:\\\/\\\/www.fastfrate.com\\\/wp-content\\\/uploads\\\/2021\\\/10\\\/services-inset-drayage.jpg\",\"datePublished\":\"2021-10-18T16:57:27+00:00\",\"dateModified\":\"2024-07-16T19:04:00+00:00\",\"description\":\"Nos activit\u00e9s comprennent le transport de conteneurs maritimes et de conteneurs int\u00e9rieurs intermodaux \u00e0 destination et en provenance des gares de triage de l\u2019ensemble du Canada et de certains ports canadiens et am\u00e9ricains s\u00e9lectionn\u00e9s.\",\"breadcrumb\":{\"@id\":\"https:\\\/\\\/www.fastfrate.com\\\/fr\\\/factage-et-transbordement\\\/#breadcrumb\"},\"inLanguage\":\"fr-CA\",\"potentialAction\":[{\"@type\":\"ReadAction\",\"target\":[\"https:\\\/\\\/www.fastfrate.com\\\/fr\\\/factage-et-transbordement\\\/\"]}]},{\"@type\":\"ImageObject\",\"inLanguage\":\"fr-CA\",\"@id\":\"https:\\\/\\\/www.fastfrate.com\\\/fr\\\/factage-et-transbordement\\\/#primaryimage\",\"url\":\"http:\\\/\\\/www.fastfrate.com\\\/wp-content\\\/uploads\\\/2021\\\/10\\\/services-inset-drayage.jpg\",\"contentUrl\":\"http:\\\/\\\/www.fastfrate.com\\\/wp-content\\\/uploads\\\/2021\\\/10\\\/services-inset-drayage.jpg\"},{\"@type\":\"BreadcrumbList\",\"@id\":\"https:\\\/\\\/www.fastfrate.com\\\/fr\\\/factage-et-transbordement\\\/#breadcrumb\",\"itemListElement\":[{\"@type\":\"ListItem\",\"position\":1,\"name\":\"Home\",\"item\":\"https:\\\/\\\/www.fastfrate.com\\\/\"},{\"@type\":\"ListItem\",\"position\":2,\"name\":\"Services Factage ET Transbordement\"}]},{\"@type\":\"WebSite\",\"@id\":\"https:\\\/\\\/www.fastfrate.com\\\/fr\\\/#website\",\"url\":\"https:\\\/\\\/www.fastfrate.com\\\/fr\\\/\",\"name\":\"The FastFrate Group\",\"description\":\"\",\"potentialAction\":[{\"@type\":\"SearchAction\",\"target\":{\"@type\":\"EntryPoint\",\"urlTemplate\":\"https:\\\/\\\/www.fastfrate.com\\\/fr\\\/?s={search_term_string}\"},\"query-input\":{\"@type\":\"PropertyValueSpecification\",\"valueRequired\":true,\"valueName\":\"search_term_string\"}}],\"inLanguage\":\"fr-CA\"}]}<\/script>\n<!-- \/ Yoast SEO plugin. -->","yoast_head_json":{"title":"Factage et transbordement | Groupe Fastfrate | Op\u00e9rations de conteneurs, Solutions","description":"Nos activit\u00e9s comprennent le transport de conteneurs maritimes et de conteneurs int\u00e9rieurs intermodaux \u00e0 destination et en provenance des gares de triage de l\u2019ensemble du Canada et de certains ports canadiens et am\u00e9ricains s\u00e9lectionn\u00e9s.","robots":{"index":"index","follow":"follow","max-snippet":"max-snippet:-1","max-image-preview":"max-image-preview:large","max-video-preview":"max-video-preview:-1"},"canonical":"https:\/\/www.fastfrate.com\/fr\/factage-et-transbordement\/","og_locale":"fr_CA","og_type":"article","og_title":"Factage et transbordement | Groupe Fastfrate | Op\u00e9rations de conteneurs, Solutions","og_description":"Nos activit\u00e9s comprennent le transport de conteneurs maritimes et de conteneurs int\u00e9rieurs intermodaux \u00e0 destination et en provenance des gares de triage de l\u2019ensemble du Canada et de certains ports canadiens et am\u00e9ricains s\u00e9lectionn\u00e9s.","og_url":"https:\/\/www.fastfrate.com\/fr\/factage-et-transbordement\/","og_site_name":"The FastFrate Group","article_modified_time":"2024-07-16T19:04:00+00:00","og_image":[{"url":"http:\/\/www.fastfrate.com\/wp-content\/uploads\/2021\/10\/services-inset-drayage.jpg","type":"","width":"","height":""}],"twitter_card":"summary_large_image","twitter_misc":{"Estimation du temps de lecture":"2 minutes"},"schema":{"@context":"https:\/\/schema.org","@graph":[{"@type":"WebPage","@id":"https:\/\/www.fastfrate.com\/fr\/factage-et-transbordement\/","url":"https:\/\/www.fastfrate.com\/fr\/factage-et-transbordement\/","name":"Factage et transbordement | Groupe Fastfrate | Op\u00e9rations de conteneurs, Solutions","isPartOf":{"@id":"https:\/\/www.fastfrate.com\/fr\/#website"},"primaryImageOfPage":{"@id":"https:\/\/www.fastfrate.com\/fr\/factage-et-transbordement\/#primaryimage"},"image":{"@id":"https:\/\/www.fastfrate.com\/fr\/factage-et-transbordement\/#primaryimage"},"thumbnailUrl":"http:\/\/www.fastfrate.com\/wp-content\/uploads\/2021\/10\/services-inset-drayage.jpg","datePublished":"2021-10-18T16:57:27+00:00","dateModified":"2024-07-16T19:04:00+00:00","description":"Nos activit\u00e9s comprennent le transport de conteneurs maritimes et de conteneurs int\u00e9rieurs intermodaux \u00e0 destination et en provenance des gares de triage de l\u2019ensemble du Canada et de certains ports canadiens et am\u00e9ricains s\u00e9lectionn\u00e9s.","breadcrumb":{"@id":"https:\/\/www.fastfrate.com\/fr\/factage-et-transbordement\/#breadcrumb"},"inLanguage":"fr-CA","potentialAction":[{"@type":"ReadAction","target":["https:\/\/www.fastfrate.com\/fr\/factage-et-transbordement\/"]}]},{"@type":"ImageObject","inLanguage":"fr-CA","@id":"https:\/\/www.fastfrate.com\/fr\/factage-et-transbordement\/#primaryimage","url":"http:\/\/www.fastfrate.com\/wp-content\/uploads\/2021\/10\/services-inset-drayage.jpg","contentUrl":"http:\/\/www.fastfrate.com\/wp-content\/uploads\/2021\/10\/services-inset-drayage.jpg"},{"@type":"BreadcrumbList","@id":"https:\/\/www.fastfrate.com\/fr\/factage-et-transbordement\/#breadcrumb","itemListElement":[{"@type":"ListItem","position":1,"name":"Home","item":"https:\/\/www.fastfrate.com\/"},{"@type":"ListItem","position":2,"name":"Services Factage ET Transbordement"}]},{"@type":"WebSite","@id":"https:\/\/www.fastfrate.com\/fr\/#website","url":"https:\/\/www.fastfrate.com\/fr\/","name":"The FastFrate Group","description":"","potentialAction":[{"@type":"SearchAction","target":{"@type":"EntryPoint","urlTemplate":"https:\/\/www.fastfrate.com\/fr\/?s={search_term_string}"},"query-input":{"@type":"PropertyValueSpecification","valueRequired":true,"valueName":"search_term_string"}}],"inLanguage":"fr-CA"}]}},"_links":{"self":[{"href":"https:\/\/www.fastfrate.com\/fr\/wp-json\/wp\/v2\/pages\/882","targetHints":{"allow":["GET"]}}],"collection":[{"href":"https:\/\/www.fastfrate.com\/fr\/wp-json\/wp\/v2\/pages"}],"about":[{"href":"https:\/\/www.fastfrate.com\/fr\/wp-json\/wp\/v2\/types\/page"}],"author":[{"embeddable":true,"href":"https:\/\/www.fastfrate.com\/fr\/wp-json\/wp\/v2\/users\/1"}],"replies":[{"embeddable":true,"href":"https:\/\/www.fastfrate.com\/fr\/wp-json\/wp\/v2\/comments?post=882"}],"version-history":[{"count":0,"href":"https:\/\/www.fastfrate.com\/fr\/wp-json\/wp\/v2\/pages\/882\/revisions"}],"wp:attachment":[{"href":"https:\/\/www.fastfrate.com\/fr\/wp-json\/wp\/v2\/media?parent=882"}],"curies":[{"name":"wp","href":"https:\/\/api.w.org\/{rel}","templated":true}]}}