{"id":881,"date":"2021-10-18T12:58:02","date_gmt":"2021-10-18T16:58:02","guid":{"rendered":"http:\/\/fastfrate-dev.local\/services-crossborder-2\/"},"modified":"2026-04-13T08:27:42","modified_gmt":"2026-04-13T12:27:42","slug":"transfrontaliers","status":"publish","type":"page","link":"https:\/\/www.fastfrate.com\/fr\/transfrontaliers\/","title":{"rendered":"Services Transfrontaliers"},"content":{"rendered":"<div id=\"PageWrapperHome\" class=\"Subpage SubpageWide CrossBorderLTL CrossBorderLTLN subpageNew\">\n<div class=\"SubpageWrapper\">\n<div class=\"ContentSubpageFeature\"><\/div>\n<div class=\"service-tab-wrapper\">\n<div class=\"container\">\n<div class=\"service-tab\">Services<span class=\"no-wrap vertical-line-wh\">TRANSFRONTALIER<\/span><\/div>\n<\/div>\n<\/div>\n<div class=\"container breadcrumbs-container\"><span><span><a href=\"https:\/\/www.fastfrate.com\/\">Home<\/a><\/span><\/span><\/div>\n<div class=\"SubpageContentWrapper container\">\n<div class=\"ContentSubpageLeft col-md-7 col-sm-12 col-xs-12\">\n<div class=\"ContentBody\">\n<h1 class=\"serviceWarehouse-h1\">DES SERVICES DE TRANSPORT DE CHARGEMENTS PARTIELS QUI RELIENT LE CANADA ET LES \u00c9TATS-UNIS<\/h1>\n<p>Forte de ses 50 ann\u00e9es d\u2019exp\u00e9rience \u00e0 servir le march\u00e9 canadien, Fastfrate trouvait tout naturel d\u2019\u00e9tendre ses services aux \u00c9tats-Unis. Nous proposons maintenant un service transfrontalier complet entre le Canada et les \u00c9tats-Unis, tant aux clients actuels du groupe Fastfrate qu\u2019aux nouveaux clients.<\/p>\n<h2 class=\"red\">Nous visons \u00e0 la fois le transport de chargements partiels en provenance et \u00e0 destination des \u00c9tats-Unis<\/h2>\n<p>Nous avons conclu des partenariats avec des entreprises s\u00e9lectes \u00e0 travers les \u00c9tats-Unis dans le but d\u2019exploiter un r\u00e9seau transparent \u00e0 plusieurs points d\u2019acc\u00e8s entre nos deux pays. En rassemblant les forces d\u2019acteurs am\u00e9ricains occupant un cr\u00e9neau avec celles de notre infrastructure canadienne \u00e9tablie de longue date, nous obtenons un excellent service LTL qui r\u00e9pond aux besoins en transport transfrontalier de nos estim\u00e9s clients.<\/p>\n<h3 class=\"red\">La force de l\u2019offre de services transfrontaliers du groupe Fastfrate repose sur des soci\u00e9t\u00e9s d\u2019exploitation et partenaires d\u2019exception :<\/h3>\n<p><b>Bestway<\/b><br \/>\n\u00c0 l\u2019aide de son propre mat\u00e9riel roulant, Bestway pr en boucle ferm\u00e9e, du ramassage jusqu\u2019\u00e0 la livraison finale, des envois entre la r\u00e9gion du Grand Toronto et les \u00c9tats \u00e0 l\u2019est du Mississippi.<\/p>\n<p><b>CDI<\/b><br \/>\nCDI fournit des services de factage de conteneurs et de transbordement et des services de livraison par camion sur longues distances entre les grands ports du Canada d\u2019un bout \u00e0 l\u2019autre du pays et les villes portuaires voisines des \u00c9tats-Unis.<\/p>\n<p><b>Fastfrate Integrated Logistics <\/b><br \/>\nEn faisant appel \u00e0 nos actifs dans l\u2019ensemble du Canada auxquels s\u2019ajoutent un r\u00e9seau de plus de 4500 transporteurs professionnels partenaires, nous disposons de la capacit\u00e9 additionnelle, de la souplesse et de la couverture pour r\u00e9pondre \u00e0 vos besoins en transport multimodal dans toute l\u2019Am\u00e9rique du Nord.<\/p>\n<p><b>ASL Distribution<\/b><br \/>\nServices transparents et personnalis\u00e9s de transport, d\u2019entreposage et de distribution, y compris des services de livraison au dernier kilom\u00e8tre pour le commerce \u00e9lectronique qui permettent d\u2019acheminer les colis directement aux consommateurs.<\/p>\n<p><b>United Transfer Limited<\/b><br \/>\nLivraisons acc\u00e9l\u00e9r\u00e9es avec contraintes de temps \u00e0 destination et en provenance de l\u2019Ouest canadien et des \u00c9tats-Unis \u00e0 l\u2019aide d\u2019une flotte d\u00e9di\u00e9e de fourgonnettes.<\/p>\n<p><b>Des partenaires aux \u00c9tats-Unis<\/b><br \/>\nGr\u00e2ce \u00e0 notre partenaire am\u00e9ricain offrant des services reposant sur les actifs AAA Cooper Transportation, nous sommes en mesure de r\u00e9pondre aux besoins de nos clients en transport transfrontalier dans l\u2019ensemble des 50 \u00c9tats et nous pouvons \u00eatre pr\u00e9sents sur tout le territoire am\u00e9ricain.<\/p>\n<h2 class=\"red\">Voici certaines des caract\u00e9ristiques de nos services transfrontaliers :<\/h2>\n<ul class=\"bullets-red\">\n<li>Services de transport de marchandises s\u00e8ches et en semi-remorques chauff\u00e9es, de marchandises dangereuses et de transport sp\u00e9cialis\u00e9<\/li>\n<li>Programme de distribution qui comprend l\u2019ex\u00e9cution des commandes du commerce \u00e9lectronique et la livraison au dernier kilom\u00e8tre<\/li>\n<li>Prix concurrentiel<\/li>\n<li>Des experts des douanes<\/li>\n<li>Couverture compl\u00e8te du Canada et des \u00c9tats-Unis<\/li>\n<li>L\u2019enti\u00e8re conformit\u00e9 et les accr\u00e9ditations exig\u00e9es dans le cadre de toutes les initiatives de s\u00e9curit\u00e9 nationale : C-TPAT, PIP, EXPRESS<\/li>\n<\/ul>\n<\/div>\n<\/div>\n<div id=\"form-right-unique\" class=\"ContentSubpageRight col-md-4 hidden-sm hidden-xs\">\n<div class=\"side-form\">\n<div class=\"serviceRightHead\">TRANSFRONTALIER<\/div>\n<div style=\"margin-bottom: 15px;\"><img decoding=\"async\" style=\"border: 0; width: 100%;\" src=\"https:\/\/www.fastfrate.com\/wp-content\/uploads\/2021\/10\/services-inset-crossborder-new.jpg\" \/><\/div>\n<div class=\"form-header\">NOTRE \u00c9QUIPE N\u2019ATTEND QUE VOUS<\/div>\n<div class=\"form-header-sub\">Veuillez remplir le formulaire ci-dessous. Un de nos sp\u00e9cialistes vous r\u00e9pondra d\u2019ici le prochain jour ouvrable au plus tard.<\/div>\n\n<div class=\"wpcf7 no-js\" id=\"wpcf7-f1108-o1\" lang=\"en-CA\" dir=\"ltr\" data-wpcf7-id=\"1108\">\n<div class=\"screen-reader-response\"><p role=\"status\" aria-live=\"polite\" aria-atomic=\"true\"><\/p> <ul><\/ul><\/div>\n<form action=\"\/fr\/wp-json\/wp\/v2\/pages\/881#wpcf7-f1108-o1\" method=\"post\" class=\"wpcf7-form init\" aria-label=\"Contact form\" novalidate=\"novalidate\" data-status=\"init\" data-trp-original-action=\"\/fr\/wp-json\/wp\/v2\/pages\/881#wpcf7-f1108-o1\">\n<fieldset class=\"hidden-fields-container\"><input type=\"hidden\" name=\"_wpcf7\" value=\"1108\" \/><input type=\"hidden\" name=\"_wpcf7_version\" value=\"6.1.5\" \/><input type=\"hidden\" name=\"_wpcf7_locale\" value=\"en_CA\" \/><input type=\"hidden\" name=\"_wpcf7_unit_tag\" value=\"wpcf7-f1108-o1\" \/><input type=\"hidden\" name=\"_wpcf7_container_post\" value=\"0\" \/><input type=\"hidden\" name=\"_wpcf7_posted_data_hash\" value=\"\" \/><input type=\"hidden\" name=\"_wpcf7dtx_version\" value=\"5.0.5\" \/><input type=\"hidden\" name=\"_wpcf7_recaptcha_response\" value=\"\" \/>\n<\/fieldset>\n<p><label> <span class=\"asterix\">*<\/span>Pr\u00e9nom<br \/>\n<span class=\"wpcf7-form-control-wrap\" data-name=\"your-fname\"><input size=\"40\" maxlength=\"400\" class=\"wpcf7-form-control wpcf7-text wpcf7-validates-as-required\" aria-required=\"true\" aria-invalid=\"false\" value=\"\" type=\"text\" name=\"your-fname\" \/><\/span> <\/label><br \/>\n<label> <span class=\"asterix\">*<\/span>Nom de famille<br \/>\n<span class=\"wpcf7-form-control-wrap\" data-name=\"your-lname\"><input size=\"40\" maxlength=\"400\" class=\"wpcf7-form-control wpcf7-text wpcf7-validates-as-required\" aria-required=\"true\" aria-invalid=\"false\" value=\"\" type=\"text\" name=\"your-lname\" \/><\/span> <\/label><br \/>\n<label> <span class=\"asterix\">*<\/span>Nom de l'entreprise<br \/>\n<span class=\"wpcf7-form-control-wrap\" data-name=\"your-company\"><input size=\"40\" maxlength=\"400\" class=\"wpcf7-form-control wpcf7-text wpcf7-validates-as-required\" aria-required=\"true\" aria-invalid=\"false\" value=\"\" type=\"text\" name=\"your-company\" \/><\/span> <\/label><br \/>\n<label> Num\u00e9ro de t\u00e9l\u00e9phone<br \/>\n<span class=\"wpcf7-form-control-wrap\" data-name=\"your-phone\"><input size=\"40\" maxlength=\"400\" class=\"wpcf7-form-control wpcf7-text\" aria-invalid=\"false\" value=\"\" type=\"text\" name=\"your-phone\" \/><\/span> <\/label><br \/>\n<label> <span class=\"asterix\">*<\/span>Courriel<br \/>\n<span class=\"wpcf7-form-control-wrap\" data-name=\"your-email\"><input size=\"40\" maxlength=\"400\" class=\"wpcf7-form-control wpcf7-email wpcf7-validates-as-required wpcf7-text wpcf7-validates-as-email\" aria-required=\"true\" aria-invalid=\"false\" value=\"\" type=\"email\" name=\"your-email\" \/><\/span> <\/label><br \/>\n<label> Commentaires<br \/>\n<span class=\"wpcf7-form-control-wrap\" data-name=\"your-message\"><textarea cols=\"40\" rows=\"10\" maxlength=\"2000\" class=\"wpcf7-form-control wpcf7-textarea\" aria-invalid=\"false\" name=\"your-message\"><\/textarea><\/span> <\/label><br \/>\n<span id=\"wpcf7-69f3d68c13c1c-wrapper\" class=\"wpcf7-form-control-wrap honeypot-81-wrap\" style=\"display:none !important; visibility:hidden !important;\"><label for=\"wpcf7-69f3d68c13c1c-field\" class=\"hp-message\">Please leave this field empty.<\/label><input id=\"wpcf7-69f3d68c13c1c-field\"  class=\"wpcf7-form-control wpcf7-text\" type=\"text\" name=\"honeypot-81\" value=\"\" size=\"40\" tabindex=\"-1\" autocomplete=\"new-password\" \/><\/span><br \/>\n<input class=\"wpcf7-form-control wpcf7-submit has-spinner\" type=\"submit\" value=\"Soumettre\" \/>\n<\/p>\n<p class=\"rc-Disclaimer\"><br \/>\nCe site est prot\u00e9g\u00e9 par <strong>reCAPTCHA<\/strong>. <a href=\"https:\/\/policies.google.com\/privacy\"><strong>Les r\u00e8gles de confidentialit\u00e9<\/strong><\/a> et les <a href=\"https:\/\/policies.google.com\/terms\"><strong>conditions d\u2019utilisation<\/strong><\/a> de Google s\u2019appliquent.\n<\/p>\n<input class=\"wpcf7-form-control wpcf7-hidden\" value=\"\" type=\"hidden\" name=\"utm_source\" \/>\n<input class=\"wpcf7-form-control wpcf7-hidden\" value=\"\" type=\"hidden\" name=\"utm_medium\" \/>\n<input class=\"wpcf7-form-control wpcf7-hidden\" value=\"\" type=\"hidden\" name=\"utm_campaign\" \/>\n<input class=\"wpcf7-form-control wpcf7-hidden\" value=\"\" type=\"hidden\" name=\"utm_term\" \/>\n<input class=\"wpcf7-form-control wpcf7-hidden\" value=\"\" type=\"hidden\" name=\"utm_content\" \/><input type='hidden' class='wpcf7-pum' value='{\"closepopup\":false,\"closedelay\":0,\"openpopup\":false,\"openpopup_id\":0}' \/><div class=\"wpcf7-response-output\" aria-hidden=\"true\"><\/div>\n<input type=\"hidden\" name=\"trp-form-language\" value=\"fr\"\/><\/form>\n<\/div>\n\n<\/div>\n<div style=\"margin: 15px auto;\"><\/div>\n<\/div>\n<\/div>\n<\/div>\n<\/div>","protected":false},"excerpt":{"rendered":"<p>ServicesTRANSFRONTALIER DES SERVICES DE TRANSPORT DE CHARGEMENTS PARTIELS QUI RELIENT LE CANADA ET LES \u00c9TATS-UNIS Forte de ses 50 ann\u00e9es d\u2019exp\u00e9rience \u00e0 servir le march\u00e9 canadien, Fastfrate trouvait tout naturel d\u2019\u00e9tendre ses services aux \u00c9tats-Unis. Nous proposons maintenant un service transfrontalier complet entre le Canada et les \u00c9tats-Unis, tant aux clients actuels du groupe Fastfrate&hellip; <a class=\"more-link\" href=\"https:\/\/www.fastfrate.com\/fr\/transfrontaliers\/\">Continue reading <span class=\"screen-reader-text\">Services Transfrontaliers<\/span><\/a><\/p>","protected":false},"author":1,"featured_media":0,"parent":0,"menu_order":0,"comment_status":"closed","ping_status":"closed","template":"page-services-fr.php","meta":{"_acf_changed":false,"footnotes":""},"class_list":["post-881","page","type-page","status-publish","hentry","entry"],"acf":[],"yoast_head":"<!-- This site is optimized with the Yoast SEO plugin v27.5 - https:\/\/yoast.com\/product\/yoast-seo-wordpress\/ -->\n<title>Services transfrontaliers | Canada et les \u00c9tats-Unis | Fastfrate<\/title>\n<meta name=\"description\" content=\"Nous proposons un service transfrontalier complet entre le Canada et les \u00c9tats-Unis, y compris un service de chargements partiels fond\u00e9 sur l\u2019actif, des services de factage et le transport multimodal dans toute l\u2019Am\u00e9rique du Nord.\" \/>\n<meta name=\"robots\" content=\"index, follow, max-snippet:-1, max-image-preview:large, max-video-preview:-1\" \/>\n<link rel=\"canonical\" href=\"https:\/\/www.fastfrate.com\/fr\/transfrontaliers\/\" \/>\n<meta property=\"og:locale\" content=\"fr_CA\" \/>\n<meta property=\"og:type\" content=\"article\" \/>\n<meta property=\"og:title\" content=\"Services transfrontaliers | Canada et les \u00c9tats-Unis | Fastfrate\" \/>\n<meta property=\"og:description\" content=\"Nous proposons un service transfrontalier complet entre le Canada et les \u00c9tats-Unis, y compris un service de chargements partiels fond\u00e9 sur l\u2019actif, des services de factage et le transport multimodal dans toute l\u2019Am\u00e9rique du Nord.\" \/>\n<meta property=\"og:url\" content=\"https:\/\/www.fastfrate.com\/fr\/transfrontaliers\/\" \/>\n<meta property=\"og:site_name\" content=\"The FastFrate Group\" \/>\n<meta property=\"article:modified_time\" content=\"2026-04-13T12:27:42+00:00\" \/>\n<meta property=\"og:image\" content=\"http:\/\/www.fastfrate.com\/wp-content\/uploads\/2021\/10\/services-inset-crossborder-new.jpg\" \/>\n<meta name=\"twitter:card\" content=\"summary_large_image\" \/>\n<meta name=\"twitter:label1\" content=\"Estimation du temps de lecture\" \/>\n\t<meta name=\"twitter:data1\" content=\"3 minutes\" \/>\n<script type=\"application\/ld+json\" class=\"yoast-schema-graph\">{\"@context\":\"https:\\\/\\\/schema.org\",\"@graph\":[{\"@type\":\"WebPage\",\"@id\":\"https:\\\/\\\/www.fastfrate.com\\\/fr\\\/transfrontaliers\\\/\",\"url\":\"https:\\\/\\\/www.fastfrate.com\\\/fr\\\/transfrontaliers\\\/\",\"name\":\"Services transfrontaliers | Canada et les \u00c9tats-Unis | Fastfrate\",\"isPartOf\":{\"@id\":\"https:\\\/\\\/www.fastfrate.com\\\/fr\\\/#website\"},\"primaryImageOfPage\":{\"@id\":\"https:\\\/\\\/www.fastfrate.com\\\/fr\\\/transfrontaliers\\\/#primaryimage\"},\"image\":{\"@id\":\"https:\\\/\\\/www.fastfrate.com\\\/fr\\\/transfrontaliers\\\/#primaryimage\"},\"thumbnailUrl\":\"http:\\\/\\\/www.fastfrate.com\\\/wp-content\\\/uploads\\\/2021\\\/10\\\/services-inset-crossborder-new.jpg\",\"datePublished\":\"2021-10-18T16:58:02+00:00\",\"dateModified\":\"2026-04-13T12:27:42+00:00\",\"description\":\"Nous proposons un service transfrontalier complet entre le Canada et les \u00c9tats-Unis, y compris un service de chargements partiels fond\u00e9 sur l\u2019actif, des services de factage et le transport multimodal dans toute l\u2019Am\u00e9rique du Nord.\",\"breadcrumb\":{\"@id\":\"https:\\\/\\\/www.fastfrate.com\\\/fr\\\/transfrontaliers\\\/#breadcrumb\"},\"inLanguage\":\"fr-CA\",\"potentialAction\":[{\"@type\":\"ReadAction\",\"target\":[\"https:\\\/\\\/www.fastfrate.com\\\/fr\\\/transfrontaliers\\\/\"]}]},{\"@type\":\"ImageObject\",\"inLanguage\":\"fr-CA\",\"@id\":\"https:\\\/\\\/www.fastfrate.com\\\/fr\\\/transfrontaliers\\\/#primaryimage\",\"url\":\"http:\\\/\\\/www.fastfrate.com\\\/wp-content\\\/uploads\\\/2021\\\/10\\\/services-inset-crossborder-new.jpg\",\"contentUrl\":\"http:\\\/\\\/www.fastfrate.com\\\/wp-content\\\/uploads\\\/2021\\\/10\\\/services-inset-crossborder-new.jpg\"},{\"@type\":\"BreadcrumbList\",\"@id\":\"https:\\\/\\\/www.fastfrate.com\\\/fr\\\/transfrontaliers\\\/#breadcrumb\",\"itemListElement\":[{\"@type\":\"ListItem\",\"position\":1,\"name\":\"Home\",\"item\":\"https:\\\/\\\/www.fastfrate.com\\\/\"},{\"@type\":\"ListItem\",\"position\":2,\"name\":\"Services Transfrontaliers\"}]},{\"@type\":\"WebSite\",\"@id\":\"https:\\\/\\\/www.fastfrate.com\\\/fr\\\/#website\",\"url\":\"https:\\\/\\\/www.fastfrate.com\\\/fr\\\/\",\"name\":\"The FastFrate Group\",\"description\":\"\",\"potentialAction\":[{\"@type\":\"SearchAction\",\"target\":{\"@type\":\"EntryPoint\",\"urlTemplate\":\"https:\\\/\\\/www.fastfrate.com\\\/fr\\\/?s={search_term_string}\"},\"query-input\":{\"@type\":\"PropertyValueSpecification\",\"valueRequired\":true,\"valueName\":\"search_term_string\"}}],\"inLanguage\":\"fr-CA\"}]}<\/script>\n<!-- \/ Yoast SEO plugin. -->","yoast_head_json":{"title":"Services transfrontaliers | Canada et les \u00c9tats-Unis | Fastfrate","description":"Nous proposons un service transfrontalier complet entre le Canada et les \u00c9tats-Unis, y compris un service de chargements partiels fond\u00e9 sur l\u2019actif, des services de factage et le transport multimodal dans toute l\u2019Am\u00e9rique du Nord.","robots":{"index":"index","follow":"follow","max-snippet":"max-snippet:-1","max-image-preview":"max-image-preview:large","max-video-preview":"max-video-preview:-1"},"canonical":"https:\/\/www.fastfrate.com\/fr\/transfrontaliers\/","og_locale":"fr_CA","og_type":"article","og_title":"Services transfrontaliers | Canada et les \u00c9tats-Unis | Fastfrate","og_description":"Nous proposons un service transfrontalier complet entre le Canada et les \u00c9tats-Unis, y compris un service de chargements partiels fond\u00e9 sur l\u2019actif, des services de factage et le transport multimodal dans toute l\u2019Am\u00e9rique du Nord.","og_url":"https:\/\/www.fastfrate.com\/fr\/transfrontaliers\/","og_site_name":"The FastFrate Group","article_modified_time":"2026-04-13T12:27:42+00:00","og_image":[{"url":"http:\/\/www.fastfrate.com\/wp-content\/uploads\/2021\/10\/services-inset-crossborder-new.jpg","type":"","width":"","height":""}],"twitter_card":"summary_large_image","twitter_misc":{"Estimation du temps de lecture":"3 minutes"},"schema":{"@context":"https:\/\/schema.org","@graph":[{"@type":"WebPage","@id":"https:\/\/www.fastfrate.com\/fr\/transfrontaliers\/","url":"https:\/\/www.fastfrate.com\/fr\/transfrontaliers\/","name":"Services transfrontaliers | Canada et les \u00c9tats-Unis | Fastfrate","isPartOf":{"@id":"https:\/\/www.fastfrate.com\/fr\/#website"},"primaryImageOfPage":{"@id":"https:\/\/www.fastfrate.com\/fr\/transfrontaliers\/#primaryimage"},"image":{"@id":"https:\/\/www.fastfrate.com\/fr\/transfrontaliers\/#primaryimage"},"thumbnailUrl":"http:\/\/www.fastfrate.com\/wp-content\/uploads\/2021\/10\/services-inset-crossborder-new.jpg","datePublished":"2021-10-18T16:58:02+00:00","dateModified":"2026-04-13T12:27:42+00:00","description":"Nous proposons un service transfrontalier complet entre le Canada et les \u00c9tats-Unis, y compris un service de chargements partiels fond\u00e9 sur l\u2019actif, des services de factage et le transport multimodal dans toute l\u2019Am\u00e9rique du Nord.","breadcrumb":{"@id":"https:\/\/www.fastfrate.com\/fr\/transfrontaliers\/#breadcrumb"},"inLanguage":"fr-CA","potentialAction":[{"@type":"ReadAction","target":["https:\/\/www.fastfrate.com\/fr\/transfrontaliers\/"]}]},{"@type":"ImageObject","inLanguage":"fr-CA","@id":"https:\/\/www.fastfrate.com\/fr\/transfrontaliers\/#primaryimage","url":"http:\/\/www.fastfrate.com\/wp-content\/uploads\/2021\/10\/services-inset-crossborder-new.jpg","contentUrl":"http:\/\/www.fastfrate.com\/wp-content\/uploads\/2021\/10\/services-inset-crossborder-new.jpg"},{"@type":"BreadcrumbList","@id":"https:\/\/www.fastfrate.com\/fr\/transfrontaliers\/#breadcrumb","itemListElement":[{"@type":"ListItem","position":1,"name":"Home","item":"https:\/\/www.fastfrate.com\/"},{"@type":"ListItem","position":2,"name":"Services Transfrontaliers"}]},{"@type":"WebSite","@id":"https:\/\/www.fastfrate.com\/fr\/#website","url":"https:\/\/www.fastfrate.com\/fr\/","name":"The FastFrate Group","description":"","potentialAction":[{"@type":"SearchAction","target":{"@type":"EntryPoint","urlTemplate":"https:\/\/www.fastfrate.com\/fr\/?s={search_term_string}"},"query-input":{"@type":"PropertyValueSpecification","valueRequired":true,"valueName":"search_term_string"}}],"inLanguage":"fr-CA"}]}},"_links":{"self":[{"href":"https:\/\/www.fastfrate.com\/fr\/wp-json\/wp\/v2\/pages\/881","targetHints":{"allow":["GET"]}}],"collection":[{"href":"https:\/\/www.fastfrate.com\/fr\/wp-json\/wp\/v2\/pages"}],"about":[{"href":"https:\/\/www.fastfrate.com\/fr\/wp-json\/wp\/v2\/types\/page"}],"author":[{"embeddable":true,"href":"https:\/\/www.fastfrate.com\/fr\/wp-json\/wp\/v2\/users\/1"}],"replies":[{"embeddable":true,"href":"https:\/\/www.fastfrate.com\/fr\/wp-json\/wp\/v2\/comments?post=881"}],"version-history":[{"count":0,"href":"https:\/\/www.fastfrate.com\/fr\/wp-json\/wp\/v2\/pages\/881\/revisions"}],"wp:attachment":[{"href":"https:\/\/www.fastfrate.com\/fr\/wp-json\/wp\/v2\/media?parent=881"}],"curies":[{"name":"wp","href":"https:\/\/api.w.org\/{rel}","templated":true}]}}