{"id":866,"date":"2021-10-18T12:54:40","date_gmt":"2021-10-18T16:54:40","guid":{"rendered":"http:\/\/fastfrate-dev.local\/companies-fastfrate-integrated-logistics-2\/"},"modified":"2025-05-01T10:06:54","modified_gmt":"2025-05-01T14:06:54","slug":"societes-fastfrate-integrated-logistics","status":"publish","type":"page","link":"https:\/\/www.fastfrate.com\/fr\/societes\/fastfrate-integrated-logistics\/","title":{"rendered":"Soci\u00e9t\u00e9s Fastfrate Integrated Logistics"},"content":{"rendered":"<div id=\"PageWrapperHome\" class=\"Subpage SubpageWide Warehousing Logisticsc subpageCompany\">\r\n<div class=\"SubpageWrapper\">\r\n<div class=\"ContentSubpageFeature\"><\/div>\r\n<div class=\"service-tab-wrapper\">\r\n<div class=\"container\">\r\n<div class=\"service-tab\">Soci\u00e9t\u00e9s<span class=\"no-wrap vertical-line-wh\"><img decoding=\"async\" style=\"width: 200px;\" src=\"https:\/\/www.fastfrate.com\/wp-content\/themes\/fastfrate\/assets\/images\/F - FIL Red White Logo.png\" \/><\/span><\/div>\r\n<\/div>\r\n<\/div>\r\n<div class=\"container breadcrumbs-container\"><span><span><a href=\"https:\/\/www.fastfrate.com\/\">Home<\/a><\/span><\/span><\/div>\r\n<div class=\"SubpageContentWrapper container\">\r\n<div class=\"ContentSubpageLeft col-md-9 col-sm-12 col-xs-12\">\r\n<div id=\"contentChange\" style=\"width: 94%;\">\r\n<h1 class=\"serviceWarehouse-h1\">SOLUTIONS DE LOGISTIQUE POUR LA LIVRAISON FOND\u00c9E SUR L\u2019ACTIF DANS TOUTE L\u2019AM\u00c9RIQUE DU NORD<\/h1>\r\n<div id=\"unique-page\" class=\"ContentBody\">\r\n<p>Faites appel \u00e0 nos 50 ans et + d\u2019exp\u00e9rience, \u00e0 nos actifs roulants, \u00e0 nos emplacements strat\u00e9giques dans tout le Canada et \u00e0 un r\u00e9seau de plus de 4500 partenaires pour r\u00e9aliser des \u00e9conomies d\u2019\u00e9chelle sur l\u2019ensemble de votre cha\u00eene d\u2019approvisionnement. Fastfrate Integrated Logistics vous offre un guichet unique et une manne de ressources en transport qui touchent la totalit\u00e9 de la cha\u00eene d\u2019approvisionnement, y compris une expertise en transport int\u00e9rieur, transfrontalier et multimodal.<\/p>\r\n<p class=\"p-red\">Nous proposons les meilleurs temps de transit intermodal de chargements complets pour l\u2019ensemble des options de services de FRATE et FRATE <span style=\"font-style: italic; font-weight: 400;\">EXPRESS<\/span><\/p>\r\n<div class=\"table-responsive\">\r\n<table id=\"DemandManagement_table\" class=\"table table-bordered\">\r\n<thead>\r\n<tr>\r\n<td class=\"th-alternate-cls1\" style=\"text-align: center;\" colspan=\"6\">DE TORONTO\/MONTR\u00c9AL (TERMINAL \u00c0 TERMINAL)<\/td>\r\n<\/tr>\r\n<\/thead>\r\n<tbody>\r\n<tr>\r\n<th>\u00a0<\/th>\r\n<th class=\"th-alternate-cls\">WINNIPEG<\/th>\r\n<th class=\"th-alternate-cls1\">REGINA<\/th>\r\n<th class=\"th-alternate-cls\">CALGARY<\/th>\r\n<th class=\"th-alternate-cls1\">EDMONTON<\/th>\r\n<th class=\"th-alternate-cls\">VANCOUVER<\/th>\r\n<\/tr>\r\n<tr>\r\n<th><span style=\"font-weight: 900;\">FRATE<\/span> <span style=\"font-style: italic; font-weight: 400;\">EXPRESS<\/span><\/th>\r\n<td class=\"th-alternate-cls\">3 JOURS<\/td>\r\n<td class=\"th-alternate-cls1\">3 JOURS<\/td>\r\n<td class=\"th-alternate-cls\">3 JOURS<\/td>\r\n<td class=\"th-alternate-cls1\">4 JOURS<\/td>\r\n<td class=\"th-alternate-cls\">4 JOURS<\/td>\r\n<\/tr>\r\n<tr>\r\n<th>FRATE<\/th>\r\n<td class=\"th-alternate-cls\">5 JOURS<\/td>\r\n<td class=\"th-alternate-cls1\">5 JOURS<\/td>\r\n<td class=\"th-alternate-cls\">5 JOURS<\/td>\r\n<td class=\"th-alternate-cls1\">6 JOURS<\/td>\r\n<td class=\"th-alternate-cls\">7 JOURS<\/td>\r\n<\/tr>\r\n<tr>\r\n<td class=\"th-alternate-cls1\" style=\"text-align: center;\" colspan=\"6\">*AJOUTEZ 1 JOUR \u00c0 PARTIR DE MONTR\u00c9AL<\/td>\r\n<\/tr>\r\n<\/tbody>\r\n<\/table>\r\n<\/div>\r\n<p class=\"p-red\">Les actifs, le r\u00e9seau et l\u2019expertise pour vous livrer un service exceptionnel<\/p>\r\n<p><b>Chargements partiels et complets<\/b><br \/>Service intermodal et autoroutier appuy\u00e9 par l\u2019importante flotte d\u2019actif de Fastfrate vers n\u2019importe quelle destination en Am\u00e9rique du Nord<\/p>\r\n<p><b>Entreposage et distribution<\/b><br \/>Solutions de services complets d\u2019entreposage, de distribution, de commerce \u00e9lectronique et de livraison au dernier kilom\u00e8tre \u00e0 partir de nos 28 installations dans tout le Canada et vers les \u00c9tats-Unis ou dans toute l\u2019Am\u00e9rique du Nord \u00e0 l\u2019aide de notre r\u00e9seau de partenaires de confiance.<\/p>\r\n<p><b>Remorques sp\u00e9cialis\u00e9es<\/b><br \/>Temp\u00e9rature contr\u00f4l\u00e9e, mati\u00e8res dangereuses, semi-remorques \u00e0 plateau et marchandises surdimensionn\u00e9es (poids et taille)<\/p>\r\n<p><b>Air et oc\u00e9an<\/b><br \/>Expertise en transport multimodal pour r\u00e9pondre \u00e0 toutes les facettes de vos besoins en transport autour du monde<\/p>\r\n<p class=\"p-red\">Comme c\u2019est le cas pour toutes les soci\u00e9t\u00e9s du groupe Fastfrate, nous offrons des solutions et de la visibilit\u00e9 de bout en bout<\/p>\r\n<ul class=\"bullets-red\">\r\n<li>Mises \u00e0 jour et suivis en temps r\u00e9el<\/li>\r\n<li>Rapports et analyses \u00e9volu\u00e9s<\/li>\r\n<li>Traitement \u00e9lectronique des donn\u00e9es et connectivit\u00e9 Web<\/li>\r\n<li>Capacit\u00e9s futures pour la cha\u00eene de blocs et l\u2019intelligence artificielle<\/li>\r\n<\/ul>\r\n<div class=\"downloadPDF pdf-cls\"><a class=\"integrated-video\" href=\"#\" data-target=\"#myModal-video3\" data-toggle=\"modal\"><img decoding=\"async\" class=\"img-responsive\" src=\"https:\/\/www.fastfrate.com\/wp-content\/uploads\/2021\/10\/fastfrate_videos_companies_integrated_mobi.jpg\" \/><\/a><\/div>\r\n<\/div>\r\n<\/div>\r\n<\/div>\r\n<div class=\"col-md-2 col-sm-12 col-xs-12 black-col\">\r\n<div class=\"serviceRightHead hidden-sm hidden-xs\">Logistics<\/div>\r\n<div class=\"\" style=\"margin-bottom: 15px;\"><a class=\"\" href=\"http:\/\/www.fastfrate.com\/wp-content\/uploads\/2023\/01\/ACTIF-VS.-3PL-NON-BASEE-SUR-LES-ACTIFS.-QUEST-CE-QUI-EST-LE-MIEUX-POUR-VOUS-1.pdf\"><img decoding=\"async\" class=\"\" style=\"border: 0; width: 100%;\" src=\"https:\/\/www.fastfrate.com\/wp-content\/uploads\/2024\/02\/Asset-vs-Non-Asset-Based-3PL-1.png\" \/><\/a><\/div>\r\n<div class=\"downloadPDF\"><a class=\"services-btn-download hidden-sm hidden-xs\" href=\"http:\/\/www.fastfrate.com\/wp-content\/uploads\/2023\/01\/ACTIF-VS.-3PL-NON-BASEE-SUR-LES-ACTIFS.-QUEST-CE-QUI-EST-LE-MIEUX-POUR-VOUS-1.pdf\" target=\"_blank\" rel=\"noopener\">DOWNLOAD TO FIND OUT<\/a><\/div>\r\n<div class=\"downloadPDF\">\r\n<div class=\"downloadPDF pdf-cls hidden-sm hidden-xs\"><a class=\"asl-video\" href=\"#\" data-target=\"#myModal-video5\" data-toggle=\"modal\"><img decoding=\"async\" class=\"img-responsive\" src=\"https:\/\/www.fastfrate.com\/wp-content\/uploads\/2023\/01\/ACTIF-VS.-3PL-NON-BASEE-SUR-LES-ACTIFS.-QUEST-CE-QUI-EST-LE-MIEUX-POUR-VOUS-1.pdf\" \/><\/a>\u00a0<\/div>\r\n<ul class=\"bg-ul\" style=\"margin-top: 15px;\">\r\n<li class=\"hover-cls btn-clk0 hover-cls-li-active first\"><a class=\"first\">services Logistics<\/a><\/li>\r\n<li class=\"hover-cls btn-clk0\"><a>CHA\u00ceNE D\u2019APPROVISIONNEMENT<\/a><\/li>\r\n<li class=\"hover-cls btn-clk1\"><a>INT\u00c9RIEUR<\/a><\/li>\r\n<li class=\"hover-cls btn-clk2\"><a>TRANSFRONTALIER<\/a><\/li>\r\n<li class=\"hover-cls btn-clk3\"><a>MULTIMODAL<\/a><\/li>\r\n<li class=\"hover-cls btn-clk3\"><a>ENTREPOSAGE<\/a><\/li>\r\n<\/ul>\r\n<\/div>\r\n<div class=\"bg-person\">\r\n<div>\r\n<h2 class=\"bg-h2\">MA\u00ceTRISE ET VISIBILIT\u00c9 DE<br \/>BOUT EN BOUT<\/h2>\r\n<ul>\r\n<li>MISES \u00c0 JOUR ET SUIVIS EN TEMPS R\u00c9EL<\/li>\r\n<li>RAPPORTS ET ANALYSES \u00c9VOLU\u00c9S<\/li>\r\n<li>TRAITEMENT \u00c9LECTRONIQUE DES DONN\u00c9ES ET CONNECTIVIT\u00c9 WEB<\/li>\r\n<li>CAPACIT\u00c9S FUTURES POUR LA CHA\u00ceNE DE BLOCS ET L\u2019INTELLIGENCE ARTIFICIELLE<\/li>\r\n<\/ul>\r\n<\/div>\r\n<\/div>\r\n<div class=\"downloadPDF\"><a class=\"services-btn-download\" href=\"http:\/\/www.fastfrate.com\/wp-content\/uploads\/2021\/10\/Fastfrate Integrated Logistics Brochure2019_FRN.pdf\" target=\"_blank\" rel=\"noopener\"><img decoding=\"async\" src=\"https:\/\/www.fastfrate.com\/wp-content\/uploads\/2021\/10\/pdf-sm.png\" alt=\"PDF\" \/>T\u00e9l\u00e9charger PDF<\/a><\/div>\r\n<p><a href=\"#example\" data-toggle=\"modal\"><br \/><button class=\"formStyle input-xlarge LargeInput right-side-button\" style=\"margin-top: 8px;\">POUR NOUS JOINDRE<\/button><br \/><\/a><\/p>\r\n<\/div>\r\n<\/div>\r\n<\/div>\r\n<\/div>","protected":false},"excerpt":{"rendered":"<p>Soci\u00e9t\u00e9s SOLUTIONS DE LOGISTIQUE POUR LA LIVRAISON FOND\u00c9E SUR L\u2019ACTIF DANS TOUTE L\u2019AM\u00c9RIQUE DU NORD Faites appel \u00e0 nos 50 ans et + d\u2019exp\u00e9rience, \u00e0 nos actifs roulants, \u00e0 nos emplacements strat\u00e9giques dans tout le Canada et \u00e0 un r\u00e9seau de plus de 4500 partenaires pour r\u00e9aliser des \u00e9conomies d\u2019\u00e9chelle sur l\u2019ensemble de votre cha\u00eene&hellip; <a class=\"more-link\" href=\"https:\/\/www.fastfrate.com\/fr\/societes\/fastfrate-integrated-logistics\/\">Continue reading <span class=\"screen-reader-text\">Soci\u00e9t\u00e9s Fastfrate Integrated Logistics<\/span><\/a><\/p>","protected":false},"author":1,"featured_media":0,"parent":0,"menu_order":0,"comment_status":"closed","ping_status":"closed","template":"page-main-fr.php","meta":{"_acf_changed":false,"footnotes":""},"categories":[8],"tags":[],"class_list":["post-866","page","type-page","status-publish","hentry","category-fr","entry"],"acf":[],"yoast_head":"<!-- This site is optimized with the Yoast SEO plugin v27.3 - https:\/\/yoast.com\/product\/yoast-seo-wordpress\/ -->\n<title>Fastfrate Integrated Logistics | Fastfrate Group | Logistique reposant sur l\u2019actif<\/title>\n<meta name=\"description\" content=\"Faites appel \u00e0 nos 50 ans et + d\u2019exp\u00e9rience, \u00e0 nos actifs roulants, \u00e0 nos emplacements strat\u00e9giques dans tout le Canada et \u00e0 un r\u00e9seau de partenaires pour r\u00e9aliser des \u00e9conomies d\u2019\u00e9chelle sur l\u2019ensemble de votre cha\u00eene d\u2019approvisionnement.\" \/>\n<meta name=\"robots\" content=\"index, follow, max-snippet:-1, max-image-preview:large, max-video-preview:-1\" \/>\n<link rel=\"canonical\" href=\"https:\/\/www.fastfrate.com\/fr\/societes\/fastfrate-integrated-logistics\/\" \/>\n<meta property=\"og:locale\" content=\"fr_CA\" \/>\n<meta property=\"og:type\" content=\"article\" \/>\n<meta property=\"og:title\" content=\"Fastfrate Integrated Logistics | Fastfrate Group | Logistique reposant sur l\u2019actif\" \/>\n<meta property=\"og:description\" content=\"Faites appel \u00e0 nos 50 ans et + d\u2019exp\u00e9rience, \u00e0 nos actifs roulants, \u00e0 nos emplacements strat\u00e9giques dans tout le Canada et \u00e0 un r\u00e9seau de partenaires pour r\u00e9aliser des \u00e9conomies d\u2019\u00e9chelle sur l\u2019ensemble de votre cha\u00eene d\u2019approvisionnement.\" \/>\n<meta property=\"og:url\" content=\"https:\/\/www.fastfrate.com\/fr\/societes\/fastfrate-integrated-logistics\/\" \/>\n<meta property=\"og:site_name\" content=\"The FastFrate Group\" \/>\n<meta property=\"article:modified_time\" content=\"2025-05-01T14:06:54+00:00\" \/>\n<meta property=\"og:image\" content=\"http:\/\/www.fastfrate.com\/wp-content\/uploads\/2021\/10\/fastfrate_videos_companies_integrated_mobi.jpg\" \/>\n<meta name=\"twitter:card\" content=\"summary_large_image\" \/>\n<meta name=\"twitter:label1\" content=\"Estimation du temps de lecture\" \/>\n\t<meta name=\"twitter:data1\" content=\"3 minutes\" \/>\n<script type=\"application\/ld+json\" class=\"yoast-schema-graph\">{\"@context\":\"https:\\\/\\\/schema.org\",\"@graph\":[{\"@type\":\"WebPage\",\"@id\":\"https:\\\/\\\/www.fastfrate.com\\\/fr\\\/societes\\\/fastfrate-integrated-logistics\\\/\",\"url\":\"https:\\\/\\\/www.fastfrate.com\\\/fr\\\/societes\\\/fastfrate-integrated-logistics\\\/\",\"name\":\"Fastfrate Integrated Logistics | Fastfrate Group | Logistique reposant sur l\u2019actif\",\"isPartOf\":{\"@id\":\"https:\\\/\\\/www.fastfrate.com\\\/fr\\\/#website\"},\"primaryImageOfPage\":{\"@id\":\"https:\\\/\\\/www.fastfrate.com\\\/fr\\\/societes\\\/fastfrate-integrated-logistics\\\/#primaryimage\"},\"image\":{\"@id\":\"https:\\\/\\\/www.fastfrate.com\\\/fr\\\/societes\\\/fastfrate-integrated-logistics\\\/#primaryimage\"},\"thumbnailUrl\":\"http:\\\/\\\/www.fastfrate.com\\\/wp-content\\\/uploads\\\/2021\\\/10\\\/fastfrate_videos_companies_integrated_mobi.jpg\",\"datePublished\":\"2021-10-18T16:54:40+00:00\",\"dateModified\":\"2025-05-01T14:06:54+00:00\",\"description\":\"Faites appel \u00e0 nos 50 ans et + d\u2019exp\u00e9rience, \u00e0 nos actifs roulants, \u00e0 nos emplacements strat\u00e9giques dans tout le Canada et \u00e0 un r\u00e9seau de partenaires pour r\u00e9aliser des \u00e9conomies d\u2019\u00e9chelle sur l\u2019ensemble de votre cha\u00eene d\u2019approvisionnement.\",\"breadcrumb\":{\"@id\":\"https:\\\/\\\/www.fastfrate.com\\\/fr\\\/societes\\\/fastfrate-integrated-logistics\\\/#breadcrumb\"},\"inLanguage\":\"fr-CA\",\"potentialAction\":[{\"@type\":\"ReadAction\",\"target\":[\"https:\\\/\\\/www.fastfrate.com\\\/fr\\\/societes\\\/fastfrate-integrated-logistics\\\/\"]}]},{\"@type\":\"ImageObject\",\"inLanguage\":\"fr-CA\",\"@id\":\"https:\\\/\\\/www.fastfrate.com\\\/fr\\\/societes\\\/fastfrate-integrated-logistics\\\/#primaryimage\",\"url\":\"http:\\\/\\\/www.fastfrate.com\\\/wp-content\\\/uploads\\\/2021\\\/10\\\/fastfrate_videos_companies_integrated_mobi.jpg\",\"contentUrl\":\"http:\\\/\\\/www.fastfrate.com\\\/wp-content\\\/uploads\\\/2021\\\/10\\\/fastfrate_videos_companies_integrated_mobi.jpg\"},{\"@type\":\"BreadcrumbList\",\"@id\":\"https:\\\/\\\/www.fastfrate.com\\\/fr\\\/societes\\\/fastfrate-integrated-logistics\\\/#breadcrumb\",\"itemListElement\":[{\"@type\":\"ListItem\",\"position\":1,\"name\":\"Home\",\"item\":\"https:\\\/\\\/www.fastfrate.com\\\/\"},{\"@type\":\"ListItem\",\"position\":2,\"name\":\"Soci\u00e9t\u00e9s Fastfrate Integrated Logistics\"}]},{\"@type\":\"WebSite\",\"@id\":\"https:\\\/\\\/www.fastfrate.com\\\/fr\\\/#website\",\"url\":\"https:\\\/\\\/www.fastfrate.com\\\/fr\\\/\",\"name\":\"The FastFrate Group\",\"description\":\"\",\"potentialAction\":[{\"@type\":\"SearchAction\",\"target\":{\"@type\":\"EntryPoint\",\"urlTemplate\":\"https:\\\/\\\/www.fastfrate.com\\\/fr\\\/?s={search_term_string}\"},\"query-input\":{\"@type\":\"PropertyValueSpecification\",\"valueRequired\":true,\"valueName\":\"search_term_string\"}}],\"inLanguage\":\"fr-CA\"}]}<\/script>\n<!-- \/ Yoast SEO plugin. -->","yoast_head_json":{"title":"Fastfrate Integrated Logistics | Fastfrate Group | Logistique reposant sur l\u2019actif","description":"Faites appel \u00e0 nos 50 ans et + d\u2019exp\u00e9rience, \u00e0 nos actifs roulants, \u00e0 nos emplacements strat\u00e9giques dans tout le Canada et \u00e0 un r\u00e9seau de partenaires pour r\u00e9aliser des \u00e9conomies d\u2019\u00e9chelle sur l\u2019ensemble de votre cha\u00eene d\u2019approvisionnement.","robots":{"index":"index","follow":"follow","max-snippet":"max-snippet:-1","max-image-preview":"max-image-preview:large","max-video-preview":"max-video-preview:-1"},"canonical":"https:\/\/www.fastfrate.com\/fr\/societes\/fastfrate-integrated-logistics\/","og_locale":"fr_CA","og_type":"article","og_title":"Fastfrate Integrated Logistics | Fastfrate Group | Logistique reposant sur l\u2019actif","og_description":"Faites appel \u00e0 nos 50 ans et + d\u2019exp\u00e9rience, \u00e0 nos actifs roulants, \u00e0 nos emplacements strat\u00e9giques dans tout le Canada et \u00e0 un r\u00e9seau de partenaires pour r\u00e9aliser des \u00e9conomies d\u2019\u00e9chelle sur l\u2019ensemble de votre cha\u00eene d\u2019approvisionnement.","og_url":"https:\/\/www.fastfrate.com\/fr\/societes\/fastfrate-integrated-logistics\/","og_site_name":"The FastFrate Group","article_modified_time":"2025-05-01T14:06:54+00:00","og_image":[{"url":"http:\/\/www.fastfrate.com\/wp-content\/uploads\/2021\/10\/fastfrate_videos_companies_integrated_mobi.jpg","type":"","width":"","height":""}],"twitter_card":"summary_large_image","twitter_misc":{"Estimation du temps de lecture":"3 minutes"},"schema":{"@context":"https:\/\/schema.org","@graph":[{"@type":"WebPage","@id":"https:\/\/www.fastfrate.com\/fr\/societes\/fastfrate-integrated-logistics\/","url":"https:\/\/www.fastfrate.com\/fr\/societes\/fastfrate-integrated-logistics\/","name":"Fastfrate Integrated Logistics | Fastfrate Group | Logistique reposant sur l\u2019actif","isPartOf":{"@id":"https:\/\/www.fastfrate.com\/fr\/#website"},"primaryImageOfPage":{"@id":"https:\/\/www.fastfrate.com\/fr\/societes\/fastfrate-integrated-logistics\/#primaryimage"},"image":{"@id":"https:\/\/www.fastfrate.com\/fr\/societes\/fastfrate-integrated-logistics\/#primaryimage"},"thumbnailUrl":"http:\/\/www.fastfrate.com\/wp-content\/uploads\/2021\/10\/fastfrate_videos_companies_integrated_mobi.jpg","datePublished":"2021-10-18T16:54:40+00:00","dateModified":"2025-05-01T14:06:54+00:00","description":"Faites appel \u00e0 nos 50 ans et + d\u2019exp\u00e9rience, \u00e0 nos actifs roulants, \u00e0 nos emplacements strat\u00e9giques dans tout le Canada et \u00e0 un r\u00e9seau de partenaires pour r\u00e9aliser des \u00e9conomies d\u2019\u00e9chelle sur l\u2019ensemble de votre cha\u00eene d\u2019approvisionnement.","breadcrumb":{"@id":"https:\/\/www.fastfrate.com\/fr\/societes\/fastfrate-integrated-logistics\/#breadcrumb"},"inLanguage":"fr-CA","potentialAction":[{"@type":"ReadAction","target":["https:\/\/www.fastfrate.com\/fr\/societes\/fastfrate-integrated-logistics\/"]}]},{"@type":"ImageObject","inLanguage":"fr-CA","@id":"https:\/\/www.fastfrate.com\/fr\/societes\/fastfrate-integrated-logistics\/#primaryimage","url":"http:\/\/www.fastfrate.com\/wp-content\/uploads\/2021\/10\/fastfrate_videos_companies_integrated_mobi.jpg","contentUrl":"http:\/\/www.fastfrate.com\/wp-content\/uploads\/2021\/10\/fastfrate_videos_companies_integrated_mobi.jpg"},{"@type":"BreadcrumbList","@id":"https:\/\/www.fastfrate.com\/fr\/societes\/fastfrate-integrated-logistics\/#breadcrumb","itemListElement":[{"@type":"ListItem","position":1,"name":"Home","item":"https:\/\/www.fastfrate.com\/"},{"@type":"ListItem","position":2,"name":"Soci\u00e9t\u00e9s Fastfrate Integrated Logistics"}]},{"@type":"WebSite","@id":"https:\/\/www.fastfrate.com\/fr\/#website","url":"https:\/\/www.fastfrate.com\/fr\/","name":"The FastFrate Group","description":"","potentialAction":[{"@type":"SearchAction","target":{"@type":"EntryPoint","urlTemplate":"https:\/\/www.fastfrate.com\/fr\/?s={search_term_string}"},"query-input":{"@type":"PropertyValueSpecification","valueRequired":true,"valueName":"search_term_string"}}],"inLanguage":"fr-CA"}]}},"_links":{"self":[{"href":"https:\/\/www.fastfrate.com\/fr\/wp-json\/wp\/v2\/pages\/866","targetHints":{"allow":["GET"]}}],"collection":[{"href":"https:\/\/www.fastfrate.com\/fr\/wp-json\/wp\/v2\/pages"}],"about":[{"href":"https:\/\/www.fastfrate.com\/fr\/wp-json\/wp\/v2\/types\/page"}],"author":[{"embeddable":true,"href":"https:\/\/www.fastfrate.com\/fr\/wp-json\/wp\/v2\/users\/1"}],"replies":[{"embeddable":true,"href":"https:\/\/www.fastfrate.com\/fr\/wp-json\/wp\/v2\/comments?post=866"}],"version-history":[{"count":0,"href":"https:\/\/www.fastfrate.com\/fr\/wp-json\/wp\/v2\/pages\/866\/revisions"}],"wp:attachment":[{"href":"https:\/\/www.fastfrate.com\/fr\/wp-json\/wp\/v2\/media?parent=866"}],"wp:term":[{"taxonomy":"category","embeddable":true,"href":"https:\/\/www.fastfrate.com\/fr\/wp-json\/wp\/v2\/categories?post=866"},{"taxonomy":"post_tag","embeddable":true,"href":"https:\/\/www.fastfrate.com\/fr\/wp-json\/wp\/v2\/tags?post=866"}],"curies":[{"name":"wp","href":"https:\/\/api.w.org\/{rel}","templated":true}]}}