{"id":865,"date":"2021-10-17T22:12:00","date_gmt":"2021-10-18T02:12:00","guid":{"rendered":"http:\/\/fastfrate-dev.local\/companies-fastfrate-2\/"},"modified":"2024-04-24T16:40:53","modified_gmt":"2024-04-24T20:40:53","slug":"societes-fastfrate","status":"publish","type":"page","link":"https:\/\/www.fastfrate.com\/fr\/societes\/fastfrate\/","title":{"rendered":"Soci\u00e9t\u00e9s Fastfrate"},"content":{"rendered":"<div id=\"PageWrapperHome\" class=\"Subpage SubpageWide Warehousing Fastfratec subpageCompany\">\n<div class=\"SubpageWrapper\">\n<div class=\"ContentSubpageFeature\"><\/div>\n<div class=\"service-tab-wrapper\">\n<div class=\"container\">\n<div class=\"service-tab\">SOCI\u00c9T\u00c9S<span class=\"no-wrap vertical-line-wh\"><img decoding=\"async\" style=\"width: 200px;\" src=\"https:\/\/www.fastfrate.com\/wp-content\/themes\/fastfrate\/assets\/images\/F-fastfrate Red White Logo.png\" \/><\/span><\/div>\n<\/div>\n<\/div>\n<div class=\"container breadcrumbs-container\"><span><span><a href=\"https:\/\/www.fastfrate.com\/\">Home<\/a><\/span><\/span><\/div>\n<div class=\"SubpageContentWrapper container\">\n<div class=\"ContentSubpageLeft col-md-9 col-sm-12 col-xs-12\">\n<div id=\"contentChange\" style=\"width: 94%;\">\n<h1 class=\"serviceWarehouse-h1\">NOUS RELIONS LE CANADA D\u2019UN OC\u00c9AN \u00c0 L\u2019AUTRE DEPUIS PLUS DE 50 ANS<\/h1>\n<div id=\"unique-page\" class=\"ContentBody\">\n<p>Fastfrate est l\u2019une des plus grandes soci\u00e9t\u00e9s ferm\u00e9es en transport intermodal de chargements partiels et elle propose aux clients des installations d\u2019un oc\u00e9an \u00e0 l\u2019autre et un \u00e9ventail complet de services de transport, y compris le transport intermodal de chargements partiels et complets, l\u2019entreposage, et des programmes complets de distribution.<\/p>\n<p class=\"p-red\">Nous livrons avec rapidit\u00e9 et constance par rail et par route<\/p>\n<p>L\u2019ajout de la solution de Gestion de la demande du CP permet au Groupe Fastfrate d\u2019offrir \u00e0 ses clients un service intermodal de l\u2019Ontario vers le Qu\u00e9bec et l\u2019Ouest du Canada qui change la donne. L\u2019offre de plusieurs niveaux de service \u00e9limine d\u00e9sormais la congestion et rend nos temps de transit plus rapides et plus constants. Depuis plus de 50 ans, Fastfrate travaille en partenariat avec le CP. Le lancement de cette solution r\u00e9volutionnaire nous place en position de chef de file de l\u2019industrie du transport intermodal pour des ann\u00e9es \u00e0 venir.<\/p>\n<p class=\"p-red\">Prenez les commandes : choisissez la vitesse de service qui r\u00e9pond \u00e0 vos besoins<\/p>\n<div class=\"table-responsive\">\n<table id=\"DemandManagement_table\" class=\"table table-bordered table-responsive\" style=\"background-color: #ed1c24; width: 100%;\">\n<thead>\n<tr>\n<td class=\"th-alternate-cls1\" style=\"text-align: center;\" colspan=\"6\"><b>DE TORONTO\/MONTR\u00c9AL (TERMINAL \u00c0 TERMINAL)<br \/>\n<\/b><\/td>\n<\/tr>\n<\/thead>\n<tbody>\n<tr>\n<th><\/th>\n<th class=\"th-alternate-cls\">WINNIPEG<\/th>\n<th class=\"th-alternate-cls1\">REGINA<\/th>\n<th class=\"th-alternate-cls\">CALGARY<\/th>\n<th class=\"th-alternate-cls1\">EDMONTON<\/th>\n<th class=\"th-alternate-cls\">VANCOUVER<\/th>\n<\/tr>\n<tr>\n<th><span style=\"font-weight: 900;\">FRATE<\/span> <span style=\"font-style: italic; font-weight: 400;\">EXPRESS<\/span><\/th>\n<td class=\"th-alternate-cls\">4 JOURS<\/td>\n<td class=\"th-alternate-cls1\">4 JOURS<\/td>\n<td class=\"th-alternate-cls\">4 JOURS<\/td>\n<td class=\"th-alternate-cls1\">5 JOURS<\/td>\n<td class=\"th-alternate-cls\">5 JOURS<\/td>\n<\/tr>\n<tr>\n<th>FRATE<\/th>\n<td class=\"th-alternate-cls\">6 JOURS<\/td>\n<td class=\"th-alternate-cls1\">6 JOURS<\/td>\n<td class=\"th-alternate-cls\">6 JOURS<\/td>\n<td class=\"th-alternate-cls1\">7 JOURS<\/td>\n<td class=\"th-alternate-cls\">7 JOURS<\/td>\n<\/tr>\n<tr>\n<td class=\"th-alternate-cls1\" style=\"text-align: center;\" colspan=\"6\">*AJOUTEZ 1 JOUR \u00c0 PARTIR DE MONTR\u00c9AL<\/td>\n<\/tr>\n<\/tbody>\n<\/table>\n<\/div>\n<h2 class=\"red h2-transit-times\">SERVICE AU CANADA ATLANTIQUE<\/h2>\n<div class=\"table-responsive\">\n<table id=\"DemandManagement_table\" class=\"table table-bordered table-responsive\" style=\"background-color: #ed1c24;\">\n<thead>\n<tr>\n<td class=\"th-alternate-cls1\" style=\"text-align: center;\" colspan=\"6\">DE TORONTO\/MONTR\u00c9AL (TERMINAL \u00c0 TERMINAL)<\/td>\n<\/tr>\n<\/thead>\n<tbody>\n<tr>\n<th><\/th>\n<th class=\"td-bkrd-dark-grey bold th-alternate-cls\">MONCTON<\/th>\n<th class=\"td-bkrd-dark-grey bold th-alternate-cls1\">HALIFAX<\/th>\n<th class=\"td-bkrd-dark-grey bold th-alternate-cls\">ST. JOHN\u2019S<\/th>\n<\/tr>\n<tr>\n<td class=\"td-bkrd-dark-grey bold\">MONTR\u00c9AL<\/td>\n<td class=\"th-alternate-cls\">2 JOURS<\/td>\n<td class=\"th-alternate-cls1\">3 JOURS<\/td>\n<td class=\"th-alternate-cls\">7 JOURS<\/td>\n<\/tr>\n<tr>\n<td class=\"td-bkrd-dark-grey bold\">TORONTO<\/td>\n<td class=\"th-alternate-cls\">3 JOURS<\/td>\n<td class=\"th-alternate-cls1\">4 JOURS<\/td>\n<td class=\"th-alternate-cls\">8 JOURS<\/td>\n<\/tr>\n<\/tbody>\n<\/table>\n<\/div>\n<p><a href=\"https:\/\/www.fastfrate.com\/fr\/horaires-de-transit\"><span style=\"color: #ed1c24; font-weight: bold;\">&gt;<\/span> Voir plus d\u2019options, y compris les services de chargements complets FRATE et FRATE EXPRESS<\/a><\/p>\n<p><a href=\"https:\/\/www.fastfrate.com\/fr\/autoroutier\"><span style=\"color: #ed1c24; font-weight: bold;\">&gt;<\/span> Voyez nos capacit\u00e9s de transport terrestre, y compris nos services intra-ouest et intra-est<\/a><\/p>\n<p><a href=\"https:\/\/www.fastfrate.com\/fr\/entreposage-et-distribution\"><span style=\"color: #ed1c24; font-weight: bold;\">&gt;<\/span> Apprenez comment nous employons notre million de pieds carr\u00e9s et plus d\u2019espace de transbordement et d\u2019entreposage situ\u00e9 \u00e0 des emplacements strat\u00e9giques \u00e0 travers le Canada<\/a><\/p>\n<\/div>\n<\/div>\n<\/div>\n<div class=\"col-md-2 col-sm-12 col-xs-12 black-col\">\n<div class=\"bg-menu\">\n<ul class=\"bg-ul\">\n<li class=\"hover-cls btn-clk0 hover-cls-li-active first\"><a class=\"first\">SERVICES FASTFRATE<\/a><\/li>\n<li class=\"hover-cls btn-clk1\"><a>Intermodal<\/a><\/li>\n<li class=\"hover-cls btn-clk2\"><a>CHARGEMENTS PARTIELS ET COMPLETS<\/a><\/li>\n<li class=\"hover-cls btn-clk3\"><a>ENTREPOSAGE<\/a><\/li>\n<li class=\"hover-cls btn-clk4\"><a>DISTRIBUTION<\/a><\/li>\n<\/ul>\n<\/div>\n<div class=\"bg-person\">\n<div>\n<h2 class=\"bg-h2\">MA\u00ceTRISE ET VISIBILIT\u00c9 DE<br \/>\nBOUT EN BOUT<\/h2>\n<ul>\n<li>MISES \u00c0 JOUR ET SUIVIS EN TEMPS R\u00c9EL<\/li>\n<li>RAPPORTS ET ANALYSES \u00c9VOLU\u00c9S<\/li>\n<li>TRAITEMENT \u00c9LECTRONIQUE DES DONN\u00c9ES ET CONNECTIVIT\u00c9 WEB<\/li>\n<li>CAPACIT\u00c9S FUTURES POUR LA CHA\u00ceNE DE BLOCS ET L\u2019INTELLIGENCE ARTIFICIELLE<\/li>\n<\/ul>\n<\/div>\n<\/div>\n<div class=\"downloadPDF\"><a class=\"services-btn-download\" href=\"http:\/\/www.fastfrate.com\/wp-content\/uploads\/2021\/10\/Fastfrate 1Fold Brochure 2019_FRN.pdf\" target=\"_blank\" rel=\"noopener\"><img decoding=\"async\" src=\"https:\/\/www.fastfrate.com\/wp-content\/uploads\/2021\/10\/pdf-sm.png\" alt=\"PDF\" \/>T\u00e9l\u00e9charger<\/a><\/div>\n<div class=\"downloadPDF\"><a href=\"#example\" data-toggle=\"modal\"><br \/>\n<button class=\"formStyle input-xlarge LargeInput right-side-button\" style=\"margin-top: 8px;\">POUR NOUS JOINDRE<\/button><br \/>\n<\/a><\/div>\n<\/div>\n<\/div>\n<\/div>\n<\/div>","protected":false},"excerpt":{"rendered":"<p>SOCI\u00c9T\u00c9S NOUS RELIONS LE CANADA D\u2019UN OC\u00c9AN \u00c0 L\u2019AUTRE DEPUIS PLUS DE 50 ANS Fastfrate est l\u2019une des plus grandes soci\u00e9t\u00e9s ferm\u00e9es en transport intermodal de chargements partiels et elle propose aux clients des installations d\u2019un oc\u00e9an \u00e0 l\u2019autre et un \u00e9ventail complet de services de transport, y compris le transport intermodal de chargements partiels&hellip; <a class=\"more-link\" href=\"https:\/\/www.fastfrate.com\/fr\/societes\/fastfrate\/\">Continue reading <span class=\"screen-reader-text\">Soci\u00e9t\u00e9s Fastfrate<\/span><\/a><\/p>","protected":false},"author":1,"featured_media":0,"parent":0,"menu_order":0,"comment_status":"closed","ping_status":"closed","template":"page-main-fr.php","meta":{"_acf_changed":false,"footnotes":""},"categories":[8],"tags":[],"class_list":["post-865","page","type-page","status-publish","hentry","category-fr","entry"],"acf":[],"yoast_head":"<!-- This site is optimized with the Yoast SEO plugin v27.3 - https:\/\/yoast.com\/product\/yoast-seo-wordpress\/ -->\n<title>Fastfrate | Groupe Fastfrate | Transport intermodal de chargements partiels d\u2019un oc\u00e9an \u00e0 l\u2019autre<\/title>\n<meta name=\"description\" content=\"Fastfrate est l\u2019une des plus grandes soci\u00e9t\u00e9s ferm\u00e9es pour le transport intermodal de chargements partiels et propose aux clients des installations d\u2019un oc\u00e9an \u00e0 l\u2019autre et un \u00e9ventail complet de services de transport.\" \/>\n<meta name=\"robots\" content=\"index, follow, max-snippet:-1, max-image-preview:large, max-video-preview:-1\" \/>\n<link rel=\"canonical\" href=\"https:\/\/www.fastfrate.com\/fr\/societes\/fastfrate\/\" \/>\n<meta property=\"og:locale\" content=\"fr_CA\" \/>\n<meta property=\"og:type\" content=\"article\" \/>\n<meta property=\"og:title\" content=\"Fastfrate | Groupe Fastfrate | Transport intermodal de chargements partiels d\u2019un oc\u00e9an \u00e0 l\u2019autre\" \/>\n<meta property=\"og:description\" content=\"Fastfrate est l\u2019une des plus grandes soci\u00e9t\u00e9s ferm\u00e9es pour le transport intermodal de chargements partiels et propose aux clients des installations d\u2019un oc\u00e9an \u00e0 l\u2019autre et un \u00e9ventail complet de services de transport.\" \/>\n<meta property=\"og:url\" content=\"https:\/\/www.fastfrate.com\/fr\/societes\/fastfrate\/\" \/>\n<meta property=\"og:site_name\" content=\"The FastFrate Group\" \/>\n<meta property=\"article:modified_time\" content=\"2024-04-24T20:40:53+00:00\" \/>\n<meta property=\"og:image\" content=\"http:\/\/www.fastfrate.com\/wp-content\/uploads\/2021\/10\/pdf-sm.png\" \/>\n<meta name=\"twitter:card\" content=\"summary_large_image\" \/>\n<meta name=\"twitter:label1\" content=\"Estimation du temps de lecture\" \/>\n\t<meta name=\"twitter:data1\" content=\"2 minutes\" \/>\n<script type=\"application\/ld+json\" class=\"yoast-schema-graph\">{\"@context\":\"https:\\\/\\\/schema.org\",\"@graph\":[{\"@type\":\"WebPage\",\"@id\":\"https:\\\/\\\/www.fastfrate.com\\\/fr\\\/societes\\\/fastfrate\\\/\",\"url\":\"https:\\\/\\\/www.fastfrate.com\\\/fr\\\/societes\\\/fastfrate\\\/\",\"name\":\"Fastfrate | Groupe Fastfrate | Transport intermodal de chargements partiels d\u2019un oc\u00e9an \u00e0 l\u2019autre\",\"isPartOf\":{\"@id\":\"https:\\\/\\\/www.fastfrate.com\\\/fr\\\/#website\"},\"primaryImageOfPage\":{\"@id\":\"https:\\\/\\\/www.fastfrate.com\\\/fr\\\/societes\\\/fastfrate\\\/#primaryimage\"},\"image\":{\"@id\":\"https:\\\/\\\/www.fastfrate.com\\\/fr\\\/societes\\\/fastfrate\\\/#primaryimage\"},\"thumbnailUrl\":\"http:\\\/\\\/www.fastfrate.com\\\/wp-content\\\/uploads\\\/2021\\\/10\\\/pdf-sm.png\",\"datePublished\":\"2021-10-18T02:12:00+00:00\",\"dateModified\":\"2024-04-24T20:40:53+00:00\",\"description\":\"Fastfrate est l\u2019une des plus grandes soci\u00e9t\u00e9s ferm\u00e9es pour le transport intermodal de chargements partiels et propose aux clients des installations d\u2019un oc\u00e9an \u00e0 l\u2019autre et un \u00e9ventail complet de services de transport.\",\"breadcrumb\":{\"@id\":\"https:\\\/\\\/www.fastfrate.com\\\/fr\\\/societes\\\/fastfrate\\\/#breadcrumb\"},\"inLanguage\":\"fr-CA\",\"potentialAction\":[{\"@type\":\"ReadAction\",\"target\":[\"https:\\\/\\\/www.fastfrate.com\\\/fr\\\/societes\\\/fastfrate\\\/\"]}]},{\"@type\":\"ImageObject\",\"inLanguage\":\"fr-CA\",\"@id\":\"https:\\\/\\\/www.fastfrate.com\\\/fr\\\/societes\\\/fastfrate\\\/#primaryimage\",\"url\":\"http:\\\/\\\/www.fastfrate.com\\\/wp-content\\\/uploads\\\/2021\\\/10\\\/pdf-sm.png\",\"contentUrl\":\"http:\\\/\\\/www.fastfrate.com\\\/wp-content\\\/uploads\\\/2021\\\/10\\\/pdf-sm.png\"},{\"@type\":\"BreadcrumbList\",\"@id\":\"https:\\\/\\\/www.fastfrate.com\\\/fr\\\/societes\\\/fastfrate\\\/#breadcrumb\",\"itemListElement\":[{\"@type\":\"ListItem\",\"position\":1,\"name\":\"Home\",\"item\":\"https:\\\/\\\/www.fastfrate.com\\\/\"},{\"@type\":\"ListItem\",\"position\":2,\"name\":\"Soci\u00e9t\u00e9s Fastfrate\"}]},{\"@type\":\"WebSite\",\"@id\":\"https:\\\/\\\/www.fastfrate.com\\\/fr\\\/#website\",\"url\":\"https:\\\/\\\/www.fastfrate.com\\\/fr\\\/\",\"name\":\"The FastFrate Group\",\"description\":\"\",\"potentialAction\":[{\"@type\":\"SearchAction\",\"target\":{\"@type\":\"EntryPoint\",\"urlTemplate\":\"https:\\\/\\\/www.fastfrate.com\\\/fr\\\/?s={search_term_string}\"},\"query-input\":{\"@type\":\"PropertyValueSpecification\",\"valueRequired\":true,\"valueName\":\"search_term_string\"}}],\"inLanguage\":\"fr-CA\"}]}<\/script>\n<!-- \/ Yoast SEO plugin. -->","yoast_head_json":{"title":"Fastfrate | Groupe Fastfrate | Transport intermodal de chargements partiels d\u2019un oc\u00e9an \u00e0 l\u2019autre","description":"Fastfrate est l\u2019une des plus grandes soci\u00e9t\u00e9s ferm\u00e9es pour le transport intermodal de chargements partiels et propose aux clients des installations d\u2019un oc\u00e9an \u00e0 l\u2019autre et un \u00e9ventail complet de services de transport.","robots":{"index":"index","follow":"follow","max-snippet":"max-snippet:-1","max-image-preview":"max-image-preview:large","max-video-preview":"max-video-preview:-1"},"canonical":"https:\/\/www.fastfrate.com\/fr\/societes\/fastfrate\/","og_locale":"fr_CA","og_type":"article","og_title":"Fastfrate | Groupe Fastfrate | Transport intermodal de chargements partiels d\u2019un oc\u00e9an \u00e0 l\u2019autre","og_description":"Fastfrate est l\u2019une des plus grandes soci\u00e9t\u00e9s ferm\u00e9es pour le transport intermodal de chargements partiels et propose aux clients des installations d\u2019un oc\u00e9an \u00e0 l\u2019autre et un \u00e9ventail complet de services de transport.","og_url":"https:\/\/www.fastfrate.com\/fr\/societes\/fastfrate\/","og_site_name":"The FastFrate Group","article_modified_time":"2024-04-24T20:40:53+00:00","og_image":[{"url":"http:\/\/www.fastfrate.com\/wp-content\/uploads\/2021\/10\/pdf-sm.png","type":"","width":"","height":""}],"twitter_card":"summary_large_image","twitter_misc":{"Estimation du temps de lecture":"2 minutes"},"schema":{"@context":"https:\/\/schema.org","@graph":[{"@type":"WebPage","@id":"https:\/\/www.fastfrate.com\/fr\/societes\/fastfrate\/","url":"https:\/\/www.fastfrate.com\/fr\/societes\/fastfrate\/","name":"Fastfrate | Groupe Fastfrate | Transport intermodal de chargements partiels d\u2019un oc\u00e9an \u00e0 l\u2019autre","isPartOf":{"@id":"https:\/\/www.fastfrate.com\/fr\/#website"},"primaryImageOfPage":{"@id":"https:\/\/www.fastfrate.com\/fr\/societes\/fastfrate\/#primaryimage"},"image":{"@id":"https:\/\/www.fastfrate.com\/fr\/societes\/fastfrate\/#primaryimage"},"thumbnailUrl":"http:\/\/www.fastfrate.com\/wp-content\/uploads\/2021\/10\/pdf-sm.png","datePublished":"2021-10-18T02:12:00+00:00","dateModified":"2024-04-24T20:40:53+00:00","description":"Fastfrate est l\u2019une des plus grandes soci\u00e9t\u00e9s ferm\u00e9es pour le transport intermodal de chargements partiels et propose aux clients des installations d\u2019un oc\u00e9an \u00e0 l\u2019autre et un \u00e9ventail complet de services de transport.","breadcrumb":{"@id":"https:\/\/www.fastfrate.com\/fr\/societes\/fastfrate\/#breadcrumb"},"inLanguage":"fr-CA","potentialAction":[{"@type":"ReadAction","target":["https:\/\/www.fastfrate.com\/fr\/societes\/fastfrate\/"]}]},{"@type":"ImageObject","inLanguage":"fr-CA","@id":"https:\/\/www.fastfrate.com\/fr\/societes\/fastfrate\/#primaryimage","url":"http:\/\/www.fastfrate.com\/wp-content\/uploads\/2021\/10\/pdf-sm.png","contentUrl":"http:\/\/www.fastfrate.com\/wp-content\/uploads\/2021\/10\/pdf-sm.png"},{"@type":"BreadcrumbList","@id":"https:\/\/www.fastfrate.com\/fr\/societes\/fastfrate\/#breadcrumb","itemListElement":[{"@type":"ListItem","position":1,"name":"Home","item":"https:\/\/www.fastfrate.com\/"},{"@type":"ListItem","position":2,"name":"Soci\u00e9t\u00e9s Fastfrate"}]},{"@type":"WebSite","@id":"https:\/\/www.fastfrate.com\/fr\/#website","url":"https:\/\/www.fastfrate.com\/fr\/","name":"The FastFrate Group","description":"","potentialAction":[{"@type":"SearchAction","target":{"@type":"EntryPoint","urlTemplate":"https:\/\/www.fastfrate.com\/fr\/?s={search_term_string}"},"query-input":{"@type":"PropertyValueSpecification","valueRequired":true,"valueName":"search_term_string"}}],"inLanguage":"fr-CA"}]}},"_links":{"self":[{"href":"https:\/\/www.fastfrate.com\/fr\/wp-json\/wp\/v2\/pages\/865","targetHints":{"allow":["GET"]}}],"collection":[{"href":"https:\/\/www.fastfrate.com\/fr\/wp-json\/wp\/v2\/pages"}],"about":[{"href":"https:\/\/www.fastfrate.com\/fr\/wp-json\/wp\/v2\/types\/page"}],"author":[{"embeddable":true,"href":"https:\/\/www.fastfrate.com\/fr\/wp-json\/wp\/v2\/users\/1"}],"replies":[{"embeddable":true,"href":"https:\/\/www.fastfrate.com\/fr\/wp-json\/wp\/v2\/comments?post=865"}],"version-history":[{"count":0,"href":"https:\/\/www.fastfrate.com\/fr\/wp-json\/wp\/v2\/pages\/865\/revisions"}],"wp:attachment":[{"href":"https:\/\/www.fastfrate.com\/fr\/wp-json\/wp\/v2\/media?parent=865"}],"wp:term":[{"taxonomy":"category","embeddable":true,"href":"https:\/\/www.fastfrate.com\/fr\/wp-json\/wp\/v2\/categories?post=865"},{"taxonomy":"post_tag","embeddable":true,"href":"https:\/\/www.fastfrate.com\/fr\/wp-json\/wp\/v2\/tags?post=865"}],"curies":[{"name":"wp","href":"https:\/\/api.w.org\/{rel}","templated":true}]}}