{"id":864,"date":"2021-10-18T12:54:06","date_gmt":"2021-10-18T16:54:06","guid":{"rendered":"http:\/\/fastfrate-dev.local\/companies-cdi-3\/"},"modified":"2024-04-24T16:41:04","modified_gmt":"2024-04-24T20:41:04","slug":"societes-cdi","status":"publish","type":"page","link":"https:\/\/www.fastfrate.com\/fr\/societes\/cdi\/","title":{"rendered":"Soci\u00e9t\u00e9s CDI"},"content":{"rendered":"<div id=\"PageWrapperHome\" class=\"Subpage SubpageWide Warehousing Cdic subpageCompany\">\n<div class=\"SubpageWrapper\">\n<div class=\"ContentSubpageFeature\"><\/div>\n<div class=\"service-tab-wrapper\">\n<div class=\"container\">\n<div class=\"service-tab\">Soci\u00e9t\u00e9s<span class=\"no-wrap vertical-line-wh\"><img decoding=\"async\" style=\"width: 100px;\" src=\"https:\/\/www.fastfrate.com\/wp-content\/themes\/fastfrate\/assets\/images\/F - FF Red White Logo.png\" \/><\/span><\/div>\n<\/div>\n<\/div>\n<div class=\"container breadcrumbs-container\"><span><span><a href=\"https:\/\/www.fastfrate.com\/\">Home<\/a><\/span><\/span><\/div>\n<div class=\"SubpageContentWrapper container\">\n<div class=\"ContentSubpageLeft col-md-9 col-sm-12 col-xs-12\">\n<div id=\"contentChange\" style=\"width: 94%;\">\n<h1 class=\"serviceWarehouse-h1\">SEUL FOURNISSEUR DE SERVICES DE FACTAGE D\u2019UN OC\u00c9AN \u00c0 L\u2019AUTRE AU CANADA<\/h1>\n<div id=\"unique-page\" class=\"ContentBody\">\n<p>CDI g\u00e8re avec efficacit\u00e9 le transport de vos conteneurs maritimes \u00e0 destination et en provenance des grands ports, des gares de triage et des centres de distribution partout au pays et aux \u00c9tats-Unis. Gr\u00e2ce \u00e0 notre r\u00e9seau qui s\u2019\u00e9tend d\u2019un oc\u00e9an \u00e0 l\u2019autre, nous sommes en mesure de vous offrir une solution nationale pour vos besoins en mati\u00e8re de conducteurs et de flotte.<\/p>\n<p class=\"p-red\">Nous sommes des connaisseurs de la gestion du transport<\/p>\n<p><b>500 chauffeurs ET + <\/b><br \/>\nCombinaison de conducteurs \u00e0 l\u2019emploi de l\u2019entreprise et de conducteurs exploitants<\/p>\n<p><b>1000 ch\u00e2ssis ET + <\/b><br \/>\nCombinaison de remorques de 20 pi\/40 pi jusqu\u2019\u00e0 53 pi en configuration \u00e0 double et triple essieux (tandem et tridem)<\/p>\n<p><b>100 remorques ET + <\/b><br \/>\nCombinaison de remorques \u00e0 double et triple essieux, chauff\u00e9es et pour marchandises s\u00e8ches<\/p>\n<p><b>8 installations de transbordement <\/b><br \/>\nAdjacentes aux gares du CP, de Halifax \u00e0 Vancouver<\/p>\n<p class=\"p-red\">Services de parc d\u00e9di\u00e9<\/p>\n<p>De plus en plus, les entreprises se rendent compte de l\u2019avantage concurrentiel que leur procure l\u2019impartition de leur flotte de camions. Nous pouvons tailler un programme sur mesure pour ajouter des services \u00e0 votre flotte existante ou la remplacer en entier. Parmi les caract\u00e9ristiques :<\/p>\n<ul class=\"bullets-red\">\n<li>Lib\u00e9rez votre capital en choisissant de nous confier vos besoins selon un mod\u00e8le \u00e0 co\u00fbt variable<\/li>\n<li>Comptez sur notre excellente gestion du recrutement et des ressources humaines<\/li>\n<li>Confiez-nous la gestion de vos activit\u00e9s quotidiennes accompagn\u00e9e de mises \u00e0 jour en temps r\u00e9el par les conducteurs<\/li>\n<li>Recevez des rapports personnalis\u00e9s et des mesures de rendement<\/li>\n<li>Tous vos besoins en transport urbain local et en transport de longue distance seront combl\u00e9s<\/li>\n<\/ul>\n<div class=\"downloadPDF pdf-cls\"><a class=\"cdi-video\" href=\"#\" data-target=\"#myModal-video2\" data-toggle=\"modal\"><img decoding=\"async\" class=\"img-responsive\" src=\"https:\/\/www.fastfrate.com\/wp-content\/uploads\/2021\/10\/fastfrate_videos_companies_cdi_mobi.jpg\" \/><\/a><\/div>\n<\/div>\n<\/div>\n<\/div>\n<div class=\"col-md-2 col-sm-12 col-xs-12 black-col\">\n<div class=\"bg-menu\"><a class=\"cdi-video\" href=\"#\" data-target=\"#myModal-video2\" data-toggle=\"modal\"><img decoding=\"async\" class=\"img-responsive\" src=\"https:\/\/www.fastfrate.com\/wp-content\/uploads\/2021\/10\/fastfrate_videos_companies_cdi.jpg\" \/><\/a><\/p>\n<ul class=\"bg-ul\" style=\"margin-top: 15px;\">\n<li class=\"hover-cls btn-clk0 hover-cls-li-active first\"><a class=\"first\">services CDI<\/a><\/li>\n<li class=\"hover-cls btn-clk0\"><a>FACTAGE<\/a><\/li>\n<li class=\"hover-cls btn-clk1\"><a>SERVICE D\u00c9DI\u00c9<\/a><\/li>\n<li class=\"hover-cls btn-clk2\"><a>TRANSBORDEMENT<\/a><\/li>\n<li class=\"hover-cls btn-clk3\"><a>LONGUES DISTANCES<\/a><\/li>\n<\/ul>\n<\/div>\n<div class=\"bg-person\">\n<div>\n<h2 class=\"bg-h2\">MA\u00ceTRISE ET VISIBILIT\u00c9 DE<br \/>\nBOUT EN BOUT<\/h2>\n<ul>\n<li>MISES \u00c0 JOUR ET SUIVIS EN TEMPS R\u00c9EL<\/li>\n<li>RAPPORTS ET ANALYSES \u00c9VOLU\u00c9S<\/li>\n<li>TRAITEMENT \u00c9LECTRONIQUE DES DONN\u00c9ES ET CONNECTIVIT\u00c9 WEB<\/li>\n<li>CAPACIT\u00c9S FUTURES POUR LA CHA\u00ceNE DE BLOCS ET L\u2019INTELLIGENCE ARTIFICIELLE<\/li>\n<\/ul>\n<\/div>\n<\/div>\n<div class=\"downloadPDF\"><a class=\"services-btn-download\" href=\"http:\/\/www.fastfrate.com\/wp-content\/uploads\/2021\/10\/CDI Brochure 2019_FRN.pdf\" target=\"_blank\" rel=\"noopener\"><img decoding=\"async\" src=\"https:\/\/www.fastfrate.com\/wp-content\/uploads\/2021\/10\/pdf-sm.png\" alt=\"PDF\" \/>T\u00e9l\u00e9charger PDF<\/a><\/div>\n<p><a href=\"#example\" data-toggle=\"modal\"><br \/>\n<button class=\"formStyle input-xlarge LargeInput right-side-button\" style=\"margin-top: 8px;\">POUR NOUS JOINDRE<\/button><br \/>\n<\/a><\/p>\n<\/div>\n<\/div>\n<\/div>\n<\/div>","protected":false},"excerpt":{"rendered":"<p>Soci\u00e9t\u00e9s SEUL FOURNISSEUR DE SERVICES DE FACTAGE D\u2019UN OC\u00c9AN \u00c0 L\u2019AUTRE AU CANADA CDI g\u00e8re avec efficacit\u00e9 le transport de vos conteneurs maritimes \u00e0 destination et en provenance des grands ports, des gares de triage et des centres de distribution partout au pays et aux \u00c9tats-Unis. Gr\u00e2ce \u00e0 notre r\u00e9seau qui s\u2019\u00e9tend d\u2019un oc\u00e9an \u00e0&hellip; <a class=\"more-link\" href=\"https:\/\/www.fastfrate.com\/fr\/societes\/cdi\/\">Continue reading <span class=\"screen-reader-text\">Soci\u00e9t\u00e9s CDI<\/span><\/a><\/p>","protected":false},"author":1,"featured_media":0,"parent":0,"menu_order":0,"comment_status":"closed","ping_status":"closed","template":"page-main-fr.php","meta":{"_acf_changed":false,"footnotes":""},"categories":[8],"tags":[],"class_list":["post-864","page","type-page","status-publish","hentry","category-fr","entry"],"acf":[],"yoast_head":"<!-- This site is optimized with the Yoast SEO plugin v27.3 - https:\/\/yoast.com\/product\/yoast-seo-wordpress\/ -->\n<title>CDI | Groupe Fastfrate | Services de factage d\u2019un oc\u00e9an \u00e0 l\u2019autre et aux \u00c9tats-Unis<\/title>\n<meta name=\"description\" content=\"CDI g\u00e8re avec efficacit\u00e9 le transport de vos conteneurs maritimes \u00e0 destination et en provenance des grands ports, des gares de triage et des centres de distribution dans tout le pays et aux \u00c9tats-Unis.\" \/>\n<meta name=\"robots\" content=\"index, follow, max-snippet:-1, max-image-preview:large, max-video-preview:-1\" \/>\n<link rel=\"canonical\" href=\"https:\/\/www.fastfrate.com\/fr\/societes\/cdi\/\" \/>\n<meta property=\"og:locale\" content=\"fr_CA\" \/>\n<meta property=\"og:type\" content=\"article\" \/>\n<meta property=\"og:title\" content=\"CDI | Groupe Fastfrate | Services de factage d\u2019un oc\u00e9an \u00e0 l\u2019autre et aux \u00c9tats-Unis\" \/>\n<meta property=\"og:description\" content=\"CDI g\u00e8re avec efficacit\u00e9 le transport de vos conteneurs maritimes \u00e0 destination et en provenance des grands ports, des gares de triage et des centres de distribution dans tout le pays et aux \u00c9tats-Unis.\" \/>\n<meta property=\"og:url\" content=\"https:\/\/www.fastfrate.com\/fr\/societes\/cdi\/\" \/>\n<meta property=\"og:site_name\" content=\"The FastFrate Group\" \/>\n<meta property=\"article:modified_time\" content=\"2024-04-24T20:41:04+00:00\" \/>\n<meta property=\"og:image\" content=\"http:\/\/www.fastfrate.com\/wp-content\/uploads\/2021\/10\/fastfrate_videos_companies_cdi_mobi.jpg\" \/>\n<meta name=\"twitter:card\" content=\"summary_large_image\" \/>\n<meta name=\"twitter:label1\" content=\"Estimation du temps de lecture\" \/>\n\t<meta name=\"twitter:data1\" content=\"3 minutes\" \/>\n<script type=\"application\/ld+json\" class=\"yoast-schema-graph\">{\"@context\":\"https:\\\/\\\/schema.org\",\"@graph\":[{\"@type\":\"WebPage\",\"@id\":\"https:\\\/\\\/www.fastfrate.com\\\/fr\\\/societes\\\/cdi\\\/\",\"url\":\"https:\\\/\\\/www.fastfrate.com\\\/fr\\\/societes\\\/cdi\\\/\",\"name\":\"CDI | Groupe Fastfrate | Services de factage d\u2019un oc\u00e9an \u00e0 l\u2019autre et aux \u00c9tats-Unis\",\"isPartOf\":{\"@id\":\"https:\\\/\\\/www.fastfrate.com\\\/fr\\\/#website\"},\"primaryImageOfPage\":{\"@id\":\"https:\\\/\\\/www.fastfrate.com\\\/fr\\\/societes\\\/cdi\\\/#primaryimage\"},\"image\":{\"@id\":\"https:\\\/\\\/www.fastfrate.com\\\/fr\\\/societes\\\/cdi\\\/#primaryimage\"},\"thumbnailUrl\":\"http:\\\/\\\/www.fastfrate.com\\\/wp-content\\\/uploads\\\/2021\\\/10\\\/fastfrate_videos_companies_cdi_mobi.jpg\",\"datePublished\":\"2021-10-18T16:54:06+00:00\",\"dateModified\":\"2024-04-24T20:41:04+00:00\",\"description\":\"CDI g\u00e8re avec efficacit\u00e9 le transport de vos conteneurs maritimes \u00e0 destination et en provenance des grands ports, des gares de triage et des centres de distribution dans tout le pays et aux \u00c9tats-Unis.\",\"breadcrumb\":{\"@id\":\"https:\\\/\\\/www.fastfrate.com\\\/fr\\\/societes\\\/cdi\\\/#breadcrumb\"},\"inLanguage\":\"fr-CA\",\"potentialAction\":[{\"@type\":\"ReadAction\",\"target\":[\"https:\\\/\\\/www.fastfrate.com\\\/fr\\\/societes\\\/cdi\\\/\"]}]},{\"@type\":\"ImageObject\",\"inLanguage\":\"fr-CA\",\"@id\":\"https:\\\/\\\/www.fastfrate.com\\\/fr\\\/societes\\\/cdi\\\/#primaryimage\",\"url\":\"http:\\\/\\\/www.fastfrate.com\\\/wp-content\\\/uploads\\\/2021\\\/10\\\/fastfrate_videos_companies_cdi_mobi.jpg\",\"contentUrl\":\"http:\\\/\\\/www.fastfrate.com\\\/wp-content\\\/uploads\\\/2021\\\/10\\\/fastfrate_videos_companies_cdi_mobi.jpg\"},{\"@type\":\"BreadcrumbList\",\"@id\":\"https:\\\/\\\/www.fastfrate.com\\\/fr\\\/societes\\\/cdi\\\/#breadcrumb\",\"itemListElement\":[{\"@type\":\"ListItem\",\"position\":1,\"name\":\"Home\",\"item\":\"https:\\\/\\\/www.fastfrate.com\\\/\"},{\"@type\":\"ListItem\",\"position\":2,\"name\":\"Soci\u00e9t\u00e9s CDI\"}]},{\"@type\":\"WebSite\",\"@id\":\"https:\\\/\\\/www.fastfrate.com\\\/fr\\\/#website\",\"url\":\"https:\\\/\\\/www.fastfrate.com\\\/fr\\\/\",\"name\":\"The FastFrate Group\",\"description\":\"\",\"potentialAction\":[{\"@type\":\"SearchAction\",\"target\":{\"@type\":\"EntryPoint\",\"urlTemplate\":\"https:\\\/\\\/www.fastfrate.com\\\/fr\\\/?s={search_term_string}\"},\"query-input\":{\"@type\":\"PropertyValueSpecification\",\"valueRequired\":true,\"valueName\":\"search_term_string\"}}],\"inLanguage\":\"fr-CA\"}]}<\/script>\n<!-- \/ Yoast SEO plugin. -->","yoast_head_json":{"title":"CDI | Groupe Fastfrate | Services de factage d\u2019un oc\u00e9an \u00e0 l\u2019autre et aux \u00c9tats-Unis","description":"CDI g\u00e8re avec efficacit\u00e9 le transport de vos conteneurs maritimes \u00e0 destination et en provenance des grands ports, des gares de triage et des centres de distribution dans tout le pays et aux \u00c9tats-Unis.","robots":{"index":"index","follow":"follow","max-snippet":"max-snippet:-1","max-image-preview":"max-image-preview:large","max-video-preview":"max-video-preview:-1"},"canonical":"https:\/\/www.fastfrate.com\/fr\/societes\/cdi\/","og_locale":"fr_CA","og_type":"article","og_title":"CDI | Groupe Fastfrate | Services de factage d\u2019un oc\u00e9an \u00e0 l\u2019autre et aux \u00c9tats-Unis","og_description":"CDI g\u00e8re avec efficacit\u00e9 le transport de vos conteneurs maritimes \u00e0 destination et en provenance des grands ports, des gares de triage et des centres de distribution dans tout le pays et aux \u00c9tats-Unis.","og_url":"https:\/\/www.fastfrate.com\/fr\/societes\/cdi\/","og_site_name":"The FastFrate Group","article_modified_time":"2024-04-24T20:41:04+00:00","og_image":[{"url":"http:\/\/www.fastfrate.com\/wp-content\/uploads\/2021\/10\/fastfrate_videos_companies_cdi_mobi.jpg","type":"","width":"","height":""}],"twitter_card":"summary_large_image","twitter_misc":{"Estimation du temps de lecture":"3 minutes"},"schema":{"@context":"https:\/\/schema.org","@graph":[{"@type":"WebPage","@id":"https:\/\/www.fastfrate.com\/fr\/societes\/cdi\/","url":"https:\/\/www.fastfrate.com\/fr\/societes\/cdi\/","name":"CDI | Groupe Fastfrate | Services de factage d\u2019un oc\u00e9an \u00e0 l\u2019autre et aux \u00c9tats-Unis","isPartOf":{"@id":"https:\/\/www.fastfrate.com\/fr\/#website"},"primaryImageOfPage":{"@id":"https:\/\/www.fastfrate.com\/fr\/societes\/cdi\/#primaryimage"},"image":{"@id":"https:\/\/www.fastfrate.com\/fr\/societes\/cdi\/#primaryimage"},"thumbnailUrl":"http:\/\/www.fastfrate.com\/wp-content\/uploads\/2021\/10\/fastfrate_videos_companies_cdi_mobi.jpg","datePublished":"2021-10-18T16:54:06+00:00","dateModified":"2024-04-24T20:41:04+00:00","description":"CDI g\u00e8re avec efficacit\u00e9 le transport de vos conteneurs maritimes \u00e0 destination et en provenance des grands ports, des gares de triage et des centres de distribution dans tout le pays et aux \u00c9tats-Unis.","breadcrumb":{"@id":"https:\/\/www.fastfrate.com\/fr\/societes\/cdi\/#breadcrumb"},"inLanguage":"fr-CA","potentialAction":[{"@type":"ReadAction","target":["https:\/\/www.fastfrate.com\/fr\/societes\/cdi\/"]}]},{"@type":"ImageObject","inLanguage":"fr-CA","@id":"https:\/\/www.fastfrate.com\/fr\/societes\/cdi\/#primaryimage","url":"http:\/\/www.fastfrate.com\/wp-content\/uploads\/2021\/10\/fastfrate_videos_companies_cdi_mobi.jpg","contentUrl":"http:\/\/www.fastfrate.com\/wp-content\/uploads\/2021\/10\/fastfrate_videos_companies_cdi_mobi.jpg"},{"@type":"BreadcrumbList","@id":"https:\/\/www.fastfrate.com\/fr\/societes\/cdi\/#breadcrumb","itemListElement":[{"@type":"ListItem","position":1,"name":"Home","item":"https:\/\/www.fastfrate.com\/"},{"@type":"ListItem","position":2,"name":"Soci\u00e9t\u00e9s CDI"}]},{"@type":"WebSite","@id":"https:\/\/www.fastfrate.com\/fr\/#website","url":"https:\/\/www.fastfrate.com\/fr\/","name":"The FastFrate Group","description":"","potentialAction":[{"@type":"SearchAction","target":{"@type":"EntryPoint","urlTemplate":"https:\/\/www.fastfrate.com\/fr\/?s={search_term_string}"},"query-input":{"@type":"PropertyValueSpecification","valueRequired":true,"valueName":"search_term_string"}}],"inLanguage":"fr-CA"}]}},"_links":{"self":[{"href":"https:\/\/www.fastfrate.com\/fr\/wp-json\/wp\/v2\/pages\/864","targetHints":{"allow":["GET"]}}],"collection":[{"href":"https:\/\/www.fastfrate.com\/fr\/wp-json\/wp\/v2\/pages"}],"about":[{"href":"https:\/\/www.fastfrate.com\/fr\/wp-json\/wp\/v2\/types\/page"}],"author":[{"embeddable":true,"href":"https:\/\/www.fastfrate.com\/fr\/wp-json\/wp\/v2\/users\/1"}],"replies":[{"embeddable":true,"href":"https:\/\/www.fastfrate.com\/fr\/wp-json\/wp\/v2\/comments?post=864"}],"version-history":[{"count":0,"href":"https:\/\/www.fastfrate.com\/fr\/wp-json\/wp\/v2\/pages\/864\/revisions"}],"wp:attachment":[{"href":"https:\/\/www.fastfrate.com\/fr\/wp-json\/wp\/v2\/media?parent=864"}],"wp:term":[{"taxonomy":"category","embeddable":true,"href":"https:\/\/www.fastfrate.com\/fr\/wp-json\/wp\/v2\/categories?post=864"},{"taxonomy":"post_tag","embeddable":true,"href":"https:\/\/www.fastfrate.com\/fr\/wp-json\/wp\/v2\/tags?post=864"}],"curies":[{"name":"wp","href":"https:\/\/api.w.org\/{rel}","templated":true}]}}