{"id":834,"date":"2021-10-18T12:52:58","date_gmt":"2021-10-18T16:52:58","guid":{"rendered":"http:\/\/fastfrate-dev.local\/safety-security-2\/"},"modified":"2024-04-24T16:43:43","modified_gmt":"2024-04-24T20:43:43","slug":"protection-et-securite","status":"publish","type":"page","link":"https:\/\/www.fastfrate.com\/fr\/protection-et-securite\/","title":{"rendered":"S\u00c9CURIT\u00c9"},"content":{"rendered":"<div id=\"PageWrapperHome\" class=\"section1 Subpage SubpageStandard\">\n<div class=\"SubpageWrapper\">\n<div class=\"SubpageContentWrapper container\">\n<div class=\"ContentSubpageRight col-md-6 col-sm-12 col-xs-12\">\n<div class=\"ContentSubpageFeature hidden-xs hidden-sm\"><img decoding=\"async\" class=\"alignleft wp-image-190 size-full\" src=\"https:\/\/www.fastfrate.com\/wp-content\/uploads\/2021\/10\/feature-image-about-safety-security.jpg\" alt=\"Un chariot \u00e9l\u00e9vateur qui empile des bo\u00eetes dans un entrep\u00f4t\" width=\"600\" height=\"816\"><\/div>\n<\/div>\n<div class=\"ContentSubpageLeft col-md-6 col-sm-12 col-xs-12\">\n<div class=\"breadcrum-top\">\u00c0 PROPOS DU GROUPE FASTFRATE<\/div>\n<div class=\"breadcrum-bottom\">S\u00c9CURIT\u00c9<\/div>\n<div class=\"ContentBody\">\n<h1>Fastfrate se distingue en affichant le meilleur dossier de sant\u00e9 et s\u00e9curit\u00e9 parmi les entreprises de l\u2019industrie canadienne du transport<\/h1>\n<p>Chez Fastfrate, nous n\u2019avons aucune tol\u00e9rance envers les comportements dangereux. Notre politique est claire et nous oblige \u00e0 offrir le leadership, l\u2019organisation, la formation et les ressources n\u00e9cessaires pour maintenir en tout temps la sant\u00e9 et la s\u00e9curit\u00e9 dans notre milieu de travail.<\/p>\n<p>Par l\u2019entremise de notre \u00c9quipe conjointe sur la sant\u00e9 et la s\u00e9curit\u00e9, de notre \u00c9quipe de travail sur les mati\u00e8res dangereuses et de notre Programme d\u2019\u00e9ducation \u00e0 la s\u00e9curit\u00e9, nous avons favoris\u00e9 la cr\u00e9ation d\u2019un groupe de base dont le principal objectif est de veiller \u00e0 la s\u00e9curit\u00e9 au sein de Fastfrate.<\/p>\n<p class=\"p-red\">\u00c9quipe conjointe sur la sant\u00e9 et la s\u00e9curit\u00e9<\/p>\n<p> L\u2019\u00c9quipe conjointe sur la sant\u00e9 et la s\u00e9curit\u00e9 est la grande \u00e9quipe qui veille \u00e0 toutes les questions de s\u00e9curit\u00e9. Elle \u00e9value les conditions et pratiques de travail et met en \u0153uvre les changements l\u00e0 o\u00f9 ils sont requis. Les membres de l\u2019\u00e9quipe passent en revue les \u00e9checs et les quasi-incidents dans le but essentiel de mettre en \u0153uvre des programmes de pr\u00e9vention et non pas de chercher des coupables.<\/p>\n<p>TL\u2019\u00e9quipe a pour mandat d\u2019assurer le leadership par la recherche et le d\u00e9veloppement. Elle effectue r\u00e9guli\u00e8rement des audits de s\u00e9curit\u00e9 afin de d\u00e9terminer les am\u00e9liorations \u00e0 apporter au programme. Au-del\u00e0 de la mise en \u0153uvre de recommandations, cette \u00e9quipe de rationalisation a aussi la mission de faciliter le retour au travail des employ\u00e9s malades ou bless\u00e9s et de mettre en \u0153uvre et surveiller les plans d\u2019action sur la s\u00e9curit\u00e9 personnelle pour les directeurs et superviseurs.<\/p>\n<p class=\"p-red\">Utilisation des technologies \u00e9volu\u00e9es<\/p>\n<p>Les technologies implant\u00e9es dans l\u2019ensemble du groupe Fastfrate servent non seulement \u00e0 rationaliser le fonctionnement, mais \u00e9galement \u00e0 contribuer \u00e0 mettre notre personnel, notre \u00e9quipement et vos marchandises \u00e0 l\u2019abri du danger. Nous avons apport\u00e9 d\u2019importantes am\u00e9liorations, tant \u00e0 la s\u00e9curit\u00e9 qu\u2019au rendement, en installant des syst\u00e8mes de GPS et de diagnostics pr\u00e9dictifs pour tout notre mat\u00e9riel. Cela nous permet non seulement de faire le suivi de l\u2019emplacement de nos tracteurs routiers, de nos remorques et de nos ch\u00e2ssis, mais aussi de conna\u00eetre les habitudes de nos chauffeurs et l\u2019\u00e9tat des moteurs.<\/p>\n<p class=\"p-red\">\u00c9quipe de travail sur les mati\u00e8res dangereuses<\/p>\n<p>Notre \u00c9quipe de travail sur les mati\u00e8res dangereuses poss\u00e8de de solides comp\u00e9tences sur le transport de marchandises dangereuses et sensibles. Elle fait partie de l\u2019\u00e9lite mondiale et ses membres forment leurs coll\u00e8gues de tout le pays \u00e0 reconna\u00eetre les dangers, \u00e0 \u00e9valuer les risques et \u00e0 prendre les mesures de s\u00e9curit\u00e9 au travail qui s\u2019imposent.<\/p>\n<p class=\"p-red\">\u00c9ducation \u00e0 la s\u00e9curit\u00e9<\/p>\n<p>Tout le personnel de Fastfrate b\u00e9n\u00e9ficie d\u2019une formation et d\u2019une certification sur le transport et la manutention de marchandises dangereuses. Tous les op\u00e9rateurs sont form\u00e9s au fonctionnement des chariots \u00e9l\u00e9vateurs et \u00e0 la manutention du gaz propane et poss\u00e8dent un permis en vertu des normes du minist\u00e8re du Travail. Tous les chauffeurs subissent un test avant l\u2019embauche et suivent une s\u00e9ance d\u2019orientation approfondie.<\/p>\n<\/div>\n<\/div>\n<\/div>\n<\/div>\n<\/div>","protected":false},"excerpt":{"rendered":"<p>\u00c0 PROPOS DU GROUPE FASTFRATE S\u00c9CURIT\u00c9 Fastfrate se distingue en affichant le meilleur dossier de sant\u00e9 et s\u00e9curit\u00e9 parmi les entreprises de l\u2019industrie canadienne du transport Chez Fastfrate, nous n\u2019avons aucune tol\u00e9rance envers les comportements dangereux. Notre politique est claire et nous oblige \u00e0 offrir le leadership, l\u2019organisation, la formation et les ressources n\u00e9cessaires pour&hellip; <a class=\"more-link\" href=\"https:\/\/www.fastfrate.com\/fr\/protection-et-securite\/\">Continue reading <span class=\"screen-reader-text\">S\u00c9CURIT\u00c9<\/span><\/a><\/p>","protected":false},"author":1,"featured_media":0,"parent":0,"menu_order":0,"comment_status":"closed","ping_status":"closed","template":"page-about-fr.php","meta":{"_acf_changed":false,"footnotes":""},"categories":[8],"tags":[],"class_list":["post-834","page","type-page","status-publish","hentry","category-fr","entry"],"acf":[],"yoast_head":"<!-- This site is optimized with the Yoast SEO plugin v27.4 - https:\/\/yoast.com\/product\/yoast-seo-wordpress\/ -->\n<title>Fastfrate | S\u00e9curit\u00e9 de transport par camion | Services de transport de marchandise<\/title>\n<meta name=\"description\" content=\"S\u00e9curit\u00e9 du camionnage. Fastfrate est une compagnie de camionnage et de logistique sp\u00e9cialis\u00e9e dans le transport de chargements partiels et le transport de chargements complets pour Toronto, Montr\u00e9al, Moncton et St-John\u2019s.\" \/>\n<meta name=\"robots\" content=\"index, follow, max-snippet:-1, max-image-preview:large, max-video-preview:-1\" \/>\n<link rel=\"canonical\" href=\"https:\/\/www.fastfrate.com\/fr\/protection-et-securite\/\" \/>\n<meta property=\"og:locale\" content=\"fr_CA\" \/>\n<meta property=\"og:type\" content=\"article\" \/>\n<meta property=\"og:title\" content=\"Fastfrate | S\u00e9curit\u00e9 de transport par camion | Services de transport de marchandise\" \/>\n<meta property=\"og:description\" content=\"S\u00e9curit\u00e9 du camionnage. Fastfrate est une compagnie de camionnage et de logistique sp\u00e9cialis\u00e9e dans le transport de chargements partiels et le transport de chargements complets pour Toronto, Montr\u00e9al, Moncton et St-John\u2019s.\" \/>\n<meta property=\"og:url\" content=\"https:\/\/www.fastfrate.com\/fr\/protection-et-securite\/\" \/>\n<meta property=\"og:site_name\" content=\"The FastFrate Group\" \/>\n<meta property=\"article:modified_time\" content=\"2024-04-24T20:43:43+00:00\" \/>\n<meta property=\"og:image\" content=\"http:\/\/www.fastfrate.com\/wp-content\/uploads\/2021\/10\/feature-image-about-safety-security.jpg\" \/>\n<meta name=\"twitter:card\" content=\"summary_large_image\" \/>\n<meta name=\"twitter:label1\" content=\"Estimation du temps de lecture\" \/>\n\t<meta name=\"twitter:data1\" content=\"3 minutes\" \/>\n<script type=\"application\/ld+json\" class=\"yoast-schema-graph\">{\"@context\":\"https:\\\/\\\/schema.org\",\"@graph\":[{\"@type\":\"WebPage\",\"@id\":\"https:\\\/\\\/www.fastfrate.com\\\/fr\\\/protection-et-securite\\\/\",\"url\":\"https:\\\/\\\/www.fastfrate.com\\\/fr\\\/protection-et-securite\\\/\",\"name\":\"Fastfrate | S\u00e9curit\u00e9 de transport par camion | Services de transport de marchandise\",\"isPartOf\":{\"@id\":\"https:\\\/\\\/www.fastfrate.com\\\/fr\\\/#website\"},\"primaryImageOfPage\":{\"@id\":\"https:\\\/\\\/www.fastfrate.com\\\/fr\\\/protection-et-securite\\\/#primaryimage\"},\"image\":{\"@id\":\"https:\\\/\\\/www.fastfrate.com\\\/fr\\\/protection-et-securite\\\/#primaryimage\"},\"thumbnailUrl\":\"http:\\\/\\\/www.fastfrate.com\\\/wp-content\\\/uploads\\\/2021\\\/10\\\/feature-image-about-safety-security.jpg\",\"datePublished\":\"2021-10-18T16:52:58+00:00\",\"dateModified\":\"2024-04-24T20:43:43+00:00\",\"description\":\"S\u00e9curit\u00e9 du camionnage. Fastfrate est une compagnie de camionnage et de logistique sp\u00e9cialis\u00e9e dans le transport de chargements partiels et le transport de chargements complets pour Toronto, Montr\u00e9al, Moncton et St-John\u2019s.\",\"breadcrumb\":{\"@id\":\"https:\\\/\\\/www.fastfrate.com\\\/fr\\\/protection-et-securite\\\/#breadcrumb\"},\"inLanguage\":\"fr-CA\",\"potentialAction\":[{\"@type\":\"ReadAction\",\"target\":[\"https:\\\/\\\/www.fastfrate.com\\\/fr\\\/protection-et-securite\\\/\"]}]},{\"@type\":\"ImageObject\",\"inLanguage\":\"fr-CA\",\"@id\":\"https:\\\/\\\/www.fastfrate.com\\\/fr\\\/protection-et-securite\\\/#primaryimage\",\"url\":\"http:\\\/\\\/www.fastfrate.com\\\/wp-content\\\/uploads\\\/2021\\\/10\\\/feature-image-about-safety-security.jpg\",\"contentUrl\":\"http:\\\/\\\/www.fastfrate.com\\\/wp-content\\\/uploads\\\/2021\\\/10\\\/feature-image-about-safety-security.jpg\"},{\"@type\":\"BreadcrumbList\",\"@id\":\"https:\\\/\\\/www.fastfrate.com\\\/fr\\\/protection-et-securite\\\/#breadcrumb\",\"itemListElement\":[{\"@type\":\"ListItem\",\"position\":1,\"name\":\"Home\",\"item\":\"https:\\\/\\\/www.fastfrate.com\\\/\"},{\"@type\":\"ListItem\",\"position\":2,\"name\":\"S\u00c9CURIT\u00c9\"}]},{\"@type\":\"WebSite\",\"@id\":\"https:\\\/\\\/www.fastfrate.com\\\/fr\\\/#website\",\"url\":\"https:\\\/\\\/www.fastfrate.com\\\/fr\\\/\",\"name\":\"The FastFrate Group\",\"description\":\"\",\"potentialAction\":[{\"@type\":\"SearchAction\",\"target\":{\"@type\":\"EntryPoint\",\"urlTemplate\":\"https:\\\/\\\/www.fastfrate.com\\\/fr\\\/?s={search_term_string}\"},\"query-input\":{\"@type\":\"PropertyValueSpecification\",\"valueRequired\":true,\"valueName\":\"search_term_string\"}}],\"inLanguage\":\"fr-CA\"}]}<\/script>\n<!-- \/ Yoast SEO plugin. -->","yoast_head_json":{"title":"Fastfrate | S\u00e9curit\u00e9 de transport par camion | Services de transport de marchandise","description":"S\u00e9curit\u00e9 du camionnage. Fastfrate est une compagnie de camionnage et de logistique sp\u00e9cialis\u00e9e dans le transport de chargements partiels et le transport de chargements complets pour Toronto, Montr\u00e9al, Moncton et St-John\u2019s.","robots":{"index":"index","follow":"follow","max-snippet":"max-snippet:-1","max-image-preview":"max-image-preview:large","max-video-preview":"max-video-preview:-1"},"canonical":"https:\/\/www.fastfrate.com\/fr\/protection-et-securite\/","og_locale":"fr_CA","og_type":"article","og_title":"Fastfrate | S\u00e9curit\u00e9 de transport par camion | Services de transport de marchandise","og_description":"S\u00e9curit\u00e9 du camionnage. Fastfrate est une compagnie de camionnage et de logistique sp\u00e9cialis\u00e9e dans le transport de chargements partiels et le transport de chargements complets pour Toronto, Montr\u00e9al, Moncton et St-John\u2019s.","og_url":"https:\/\/www.fastfrate.com\/fr\/protection-et-securite\/","og_site_name":"The FastFrate Group","article_modified_time":"2024-04-24T20:43:43+00:00","og_image":[{"url":"http:\/\/www.fastfrate.com\/wp-content\/uploads\/2021\/10\/feature-image-about-safety-security.jpg","type":"","width":"","height":""}],"twitter_card":"summary_large_image","twitter_misc":{"Estimation du temps de lecture":"3 minutes"},"schema":{"@context":"https:\/\/schema.org","@graph":[{"@type":"WebPage","@id":"https:\/\/www.fastfrate.com\/fr\/protection-et-securite\/","url":"https:\/\/www.fastfrate.com\/fr\/protection-et-securite\/","name":"Fastfrate | S\u00e9curit\u00e9 de transport par camion | Services de transport de marchandise","isPartOf":{"@id":"https:\/\/www.fastfrate.com\/fr\/#website"},"primaryImageOfPage":{"@id":"https:\/\/www.fastfrate.com\/fr\/protection-et-securite\/#primaryimage"},"image":{"@id":"https:\/\/www.fastfrate.com\/fr\/protection-et-securite\/#primaryimage"},"thumbnailUrl":"http:\/\/www.fastfrate.com\/wp-content\/uploads\/2021\/10\/feature-image-about-safety-security.jpg","datePublished":"2021-10-18T16:52:58+00:00","dateModified":"2024-04-24T20:43:43+00:00","description":"S\u00e9curit\u00e9 du camionnage. Fastfrate est une compagnie de camionnage et de logistique sp\u00e9cialis\u00e9e dans le transport de chargements partiels et le transport de chargements complets pour Toronto, Montr\u00e9al, Moncton et St-John\u2019s.","breadcrumb":{"@id":"https:\/\/www.fastfrate.com\/fr\/protection-et-securite\/#breadcrumb"},"inLanguage":"fr-CA","potentialAction":[{"@type":"ReadAction","target":["https:\/\/www.fastfrate.com\/fr\/protection-et-securite\/"]}]},{"@type":"ImageObject","inLanguage":"fr-CA","@id":"https:\/\/www.fastfrate.com\/fr\/protection-et-securite\/#primaryimage","url":"http:\/\/www.fastfrate.com\/wp-content\/uploads\/2021\/10\/feature-image-about-safety-security.jpg","contentUrl":"http:\/\/www.fastfrate.com\/wp-content\/uploads\/2021\/10\/feature-image-about-safety-security.jpg"},{"@type":"BreadcrumbList","@id":"https:\/\/www.fastfrate.com\/fr\/protection-et-securite\/#breadcrumb","itemListElement":[{"@type":"ListItem","position":1,"name":"Home","item":"https:\/\/www.fastfrate.com\/"},{"@type":"ListItem","position":2,"name":"S\u00c9CURIT\u00c9"}]},{"@type":"WebSite","@id":"https:\/\/www.fastfrate.com\/fr\/#website","url":"https:\/\/www.fastfrate.com\/fr\/","name":"The FastFrate Group","description":"","potentialAction":[{"@type":"SearchAction","target":{"@type":"EntryPoint","urlTemplate":"https:\/\/www.fastfrate.com\/fr\/?s={search_term_string}"},"query-input":{"@type":"PropertyValueSpecification","valueRequired":true,"valueName":"search_term_string"}}],"inLanguage":"fr-CA"}]}},"_links":{"self":[{"href":"https:\/\/www.fastfrate.com\/fr\/wp-json\/wp\/v2\/pages\/834","targetHints":{"allow":["GET"]}}],"collection":[{"href":"https:\/\/www.fastfrate.com\/fr\/wp-json\/wp\/v2\/pages"}],"about":[{"href":"https:\/\/www.fastfrate.com\/fr\/wp-json\/wp\/v2\/types\/page"}],"author":[{"embeddable":true,"href":"https:\/\/www.fastfrate.com\/fr\/wp-json\/wp\/v2\/users\/1"}],"replies":[{"embeddable":true,"href":"https:\/\/www.fastfrate.com\/fr\/wp-json\/wp\/v2\/comments?post=834"}],"version-history":[{"count":0,"href":"https:\/\/www.fastfrate.com\/fr\/wp-json\/wp\/v2\/pages\/834\/revisions"}],"wp:attachment":[{"href":"https:\/\/www.fastfrate.com\/fr\/wp-json\/wp\/v2\/media?parent=834"}],"wp:term":[{"taxonomy":"category","embeddable":true,"href":"https:\/\/www.fastfrate.com\/fr\/wp-json\/wp\/v2\/categories?post=834"},{"taxonomy":"post_tag","embeddable":true,"href":"https:\/\/www.fastfrate.com\/fr\/wp-json\/wp\/v2\/tags?post=834"}],"curies":[{"name":"wp","href":"https:\/\/api.w.org\/{rel}","templated":true}]}}