{"id":65740,"date":"2025-01-15T09:53:02","date_gmt":"2025-01-15T14:53:02","guid":{"rendered":"https:\/\/www.fastfrate.com\/?page_id=65740"},"modified":"2025-01-15T09:53:18","modified_gmt":"2025-01-15T14:53:18","slug":"contactez-integrated-logistics-mexique","status":"publish","type":"page","link":"https:\/\/www.fastfrate.com\/fr\/contactez-integrated-logistics-mexique\/","title":{"rendered":"CONTACTEZ INTEGRATED LOGISTICS MEXIQUE"},"content":{"rendered":"<div id=\"PageWrapperHome\" class=\"section1 Subpage SubpageStandard\">\n<div class=\"SubpageWrapper\">\n<div class=\"SubpageContentWrapper container\">\n<div class=\"ContentSubpageRight col-md-6 col-sm-12 col-xs-12\">\n<div class=\"ContentSubpageFeature hidden-xs hidden-sm\"><img decoding=\"async\" class=\"img-responsive\" src=\"https:\/\/www.fastfrate.com\/wp-content\/uploads\/2025\/01\/Untitled-design-2.jpg\" alt=\"Ontario, Quebec trucking company\" \/><\/div>\n<\/div>\n<div class=\"ContentSubpageLeft col-md-6 col-sm-12 col-xs-12\">\n<div class=\"breadcrum-bottom\"><\/div>\n<div class=\"ContentBody\">\n<h1>Trouvez le terminal Integrated Logistics le plus pr\u00e8s<\/h1>\n<div class=\"column col-md-6 col-sm-6 col-xs-12 no-padding-left\">\n<h3 class=\"contact-h3 red\">Nuevo Le\u00f3n<\/h3>\n<p><strong>Av. Eugenio Garza Lag\u00fcera esq. David Alfaro Siqueiros 106,<\/strong><\/p>\n<p><strong>Interior 1708<\/strong><strong> piso 17, <\/strong><\/p>\n<p><strong>Valle Oriente, <\/strong><\/p>\n<p><strong>66269 San Pedro Garza Garc\u00eda, N.L<\/strong><\/p>\n<p><strong>Tel:<\/strong>\u00a0<a href=\"tel:+52 1 555-416-0065\">+52 1 555-416-0065<\/a><\/p>\n<p><strong>Contact:<\/strong><a href=\"mailto:riverar@fastfrate.com\"> Ricardo Rivera<\/a><\/p>\n<\/div>\n<\/div>\n<\/div>\n<\/div>\n<\/div>\n<\/div>","protected":false},"excerpt":{"rendered":"<p>Trouvez le terminal Integrated Logistics le plus pr\u00e8s Nuevo Le\u00f3n Av. Eugenio Garza Lag\u00fcera esq. David Alfaro Siqueiros 106, Interior 1708 piso 17, Valle Oriente, 66269 San Pedro Garza Garc\u00eda, N.L Tel:\u00a0+52 1 555-416-0065 Contact: Ricardo Rivera<\/p>","protected":false},"author":2,"featured_media":0,"parent":0,"menu_order":0,"comment_status":"closed","ping_status":"closed","template":"page-about-fr.php","meta":{"_acf_changed":false,"footnotes":""},"categories":[],"tags":[],"class_list":["post-65740","page","type-page","status-publish","hentry","entry"],"acf":[],"yoast_head":"<!-- This site is optimized with the Yoast SEO plugin v27.3 - https:\/\/yoast.com\/product\/yoast-seo-wordpress\/ -->\n<title>CONTACTEZ INTEGRATED LOGISTICS MEXIQUE - The FastFrate Group<\/title>\n<meta name=\"robots\" content=\"index, follow, max-snippet:-1, max-image-preview:large, max-video-preview:-1\" \/>\n<link rel=\"canonical\" href=\"https:\/\/www.fastfrate.com\/fr\/contactez-integrated-logistics-mexique\/\" \/>\n<meta property=\"og:locale\" content=\"fr_CA\" \/>\n<meta property=\"og:type\" content=\"article\" \/>\n<meta property=\"og:title\" content=\"CONTACTEZ INTEGRATED LOGISTICS MEXIQUE - The FastFrate Group\" \/>\n<meta property=\"og:description\" content=\"Trouvez le terminal Integrated Logistics le plus pr\u00e8s Nuevo Le\u00f3n Av. Eugenio Garza Lag\u00fcera esq. David Alfaro Siqueiros 106, Interior 1708 piso 17, Valle Oriente, 66269 San Pedro Garza Garc\u00eda, N.L Tel:\u00a0+52 1 555-416-0065 Contact: Ricardo Rivera\" \/>\n<meta property=\"og:url\" content=\"https:\/\/www.fastfrate.com\/fr\/contactez-integrated-logistics-mexique\/\" \/>\n<meta property=\"og:site_name\" content=\"The FastFrate Group\" \/>\n<meta property=\"article:modified_time\" content=\"2025-01-15T14:53:18+00:00\" \/>\n<meta property=\"og:image\" content=\"https:\/\/www.fastfrate.com\/wp-content\/uploads\/2025\/01\/Untitled-design-2.jpg\" \/>\n<meta name=\"twitter:card\" content=\"summary_large_image\" \/>\n<script type=\"application\/ld+json\" class=\"yoast-schema-graph\">{\"@context\":\"https:\\\/\\\/schema.org\",\"@graph\":[{\"@type\":\"WebPage\",\"@id\":\"https:\\\/\\\/www.fastfrate.com\\\/fr\\\/contactez-integrated-logistics-mexique\\\/\",\"url\":\"https:\\\/\\\/www.fastfrate.com\\\/fr\\\/contactez-integrated-logistics-mexique\\\/\",\"name\":\"CONTACTEZ INTEGRATED LOGISTICS MEXIQUE - The FastFrate Group\",\"isPartOf\":{\"@id\":\"https:\\\/\\\/www.fastfrate.com\\\/fr\\\/#website\"},\"primaryImageOfPage\":{\"@id\":\"https:\\\/\\\/www.fastfrate.com\\\/fr\\\/contactez-integrated-logistics-mexique\\\/#primaryimage\"},\"image\":{\"@id\":\"https:\\\/\\\/www.fastfrate.com\\\/fr\\\/contactez-integrated-logistics-mexique\\\/#primaryimage\"},\"thumbnailUrl\":\"https:\\\/\\\/www.fastfrate.com\\\/wp-content\\\/uploads\\\/2025\\\/01\\\/Untitled-design-2.jpg\",\"datePublished\":\"2025-01-15T14:53:02+00:00\",\"dateModified\":\"2025-01-15T14:53:18+00:00\",\"breadcrumb\":{\"@id\":\"https:\\\/\\\/www.fastfrate.com\\\/fr\\\/contactez-integrated-logistics-mexique\\\/#breadcrumb\"},\"inLanguage\":\"fr-CA\",\"potentialAction\":[{\"@type\":\"ReadAction\",\"target\":[\"https:\\\/\\\/www.fastfrate.com\\\/fr\\\/contactez-integrated-logistics-mexique\\\/\"]}]},{\"@type\":\"ImageObject\",\"inLanguage\":\"fr-CA\",\"@id\":\"https:\\\/\\\/www.fastfrate.com\\\/fr\\\/contactez-integrated-logistics-mexique\\\/#primaryimage\",\"url\":\"https:\\\/\\\/www.fastfrate.com\\\/wp-content\\\/uploads\\\/2025\\\/01\\\/Untitled-design-2.jpg\",\"contentUrl\":\"https:\\\/\\\/www.fastfrate.com\\\/wp-content\\\/uploads\\\/2025\\\/01\\\/Untitled-design-2.jpg\"},{\"@type\":\"BreadcrumbList\",\"@id\":\"https:\\\/\\\/www.fastfrate.com\\\/fr\\\/contactez-integrated-logistics-mexique\\\/#breadcrumb\",\"itemListElement\":[{\"@type\":\"ListItem\",\"position\":1,\"name\":\"Home\",\"item\":\"https:\\\/\\\/www.fastfrate.com\\\/\"},{\"@type\":\"ListItem\",\"position\":2,\"name\":\"CONTACTEZ INTEGRATED LOGISTICS MEXIQUE\"}]},{\"@type\":\"WebSite\",\"@id\":\"https:\\\/\\\/www.fastfrate.com\\\/fr\\\/#website\",\"url\":\"https:\\\/\\\/www.fastfrate.com\\\/fr\\\/\",\"name\":\"The FastFrate Group\",\"description\":\"\",\"potentialAction\":[{\"@type\":\"SearchAction\",\"target\":{\"@type\":\"EntryPoint\",\"urlTemplate\":\"https:\\\/\\\/www.fastfrate.com\\\/fr\\\/?s={search_term_string}\"},\"query-input\":{\"@type\":\"PropertyValueSpecification\",\"valueRequired\":true,\"valueName\":\"search_term_string\"}}],\"inLanguage\":\"fr-CA\"}]}<\/script>\n<!-- \/ Yoast SEO plugin. -->","yoast_head_json":{"title":"CONTACTEZ INTEGRATED LOGISTICS MEXIQUE - The FastFrate Group","robots":{"index":"index","follow":"follow","max-snippet":"max-snippet:-1","max-image-preview":"max-image-preview:large","max-video-preview":"max-video-preview:-1"},"canonical":"https:\/\/www.fastfrate.com\/fr\/contactez-integrated-logistics-mexique\/","og_locale":"fr_CA","og_type":"article","og_title":"CONTACTEZ INTEGRATED LOGISTICS MEXIQUE - The FastFrate Group","og_description":"Trouvez le terminal Integrated Logistics le plus pr\u00e8s Nuevo Le\u00f3n Av. Eugenio Garza Lag\u00fcera esq. David Alfaro Siqueiros 106, Interior 1708 piso 17, Valle Oriente, 66269 San Pedro Garza Garc\u00eda, N.L Tel:\u00a0+52 1 555-416-0065 Contact: Ricardo Rivera","og_url":"https:\/\/www.fastfrate.com\/fr\/contactez-integrated-logistics-mexique\/","og_site_name":"The FastFrate Group","article_modified_time":"2025-01-15T14:53:18+00:00","og_image":[{"url":"https:\/\/www.fastfrate.com\/wp-content\/uploads\/2025\/01\/Untitled-design-2.jpg","type":"","width":"","height":""}],"twitter_card":"summary_large_image","schema":{"@context":"https:\/\/schema.org","@graph":[{"@type":"WebPage","@id":"https:\/\/www.fastfrate.com\/fr\/contactez-integrated-logistics-mexique\/","url":"https:\/\/www.fastfrate.com\/fr\/contactez-integrated-logistics-mexique\/","name":"CONTACTEZ INTEGRATED LOGISTICS MEXIQUE - The FastFrate Group","isPartOf":{"@id":"https:\/\/www.fastfrate.com\/fr\/#website"},"primaryImageOfPage":{"@id":"https:\/\/www.fastfrate.com\/fr\/contactez-integrated-logistics-mexique\/#primaryimage"},"image":{"@id":"https:\/\/www.fastfrate.com\/fr\/contactez-integrated-logistics-mexique\/#primaryimage"},"thumbnailUrl":"https:\/\/www.fastfrate.com\/wp-content\/uploads\/2025\/01\/Untitled-design-2.jpg","datePublished":"2025-01-15T14:53:02+00:00","dateModified":"2025-01-15T14:53:18+00:00","breadcrumb":{"@id":"https:\/\/www.fastfrate.com\/fr\/contactez-integrated-logistics-mexique\/#breadcrumb"},"inLanguage":"fr-CA","potentialAction":[{"@type":"ReadAction","target":["https:\/\/www.fastfrate.com\/fr\/contactez-integrated-logistics-mexique\/"]}]},{"@type":"ImageObject","inLanguage":"fr-CA","@id":"https:\/\/www.fastfrate.com\/fr\/contactez-integrated-logistics-mexique\/#primaryimage","url":"https:\/\/www.fastfrate.com\/wp-content\/uploads\/2025\/01\/Untitled-design-2.jpg","contentUrl":"https:\/\/www.fastfrate.com\/wp-content\/uploads\/2025\/01\/Untitled-design-2.jpg"},{"@type":"BreadcrumbList","@id":"https:\/\/www.fastfrate.com\/fr\/contactez-integrated-logistics-mexique\/#breadcrumb","itemListElement":[{"@type":"ListItem","position":1,"name":"Home","item":"https:\/\/www.fastfrate.com\/"},{"@type":"ListItem","position":2,"name":"CONTACTEZ INTEGRATED LOGISTICS MEXIQUE"}]},{"@type":"WebSite","@id":"https:\/\/www.fastfrate.com\/fr\/#website","url":"https:\/\/www.fastfrate.com\/fr\/","name":"The FastFrate Group","description":"","potentialAction":[{"@type":"SearchAction","target":{"@type":"EntryPoint","urlTemplate":"https:\/\/www.fastfrate.com\/fr\/?s={search_term_string}"},"query-input":{"@type":"PropertyValueSpecification","valueRequired":true,"valueName":"search_term_string"}}],"inLanguage":"fr-CA"}]}},"_links":{"self":[{"href":"https:\/\/www.fastfrate.com\/fr\/wp-json\/wp\/v2\/pages\/65740","targetHints":{"allow":["GET"]}}],"collection":[{"href":"https:\/\/www.fastfrate.com\/fr\/wp-json\/wp\/v2\/pages"}],"about":[{"href":"https:\/\/www.fastfrate.com\/fr\/wp-json\/wp\/v2\/types\/page"}],"author":[{"embeddable":true,"href":"https:\/\/www.fastfrate.com\/fr\/wp-json\/wp\/v2\/users\/2"}],"replies":[{"embeddable":true,"href":"https:\/\/www.fastfrate.com\/fr\/wp-json\/wp\/v2\/comments?post=65740"}],"version-history":[{"count":0,"href":"https:\/\/www.fastfrate.com\/fr\/wp-json\/wp\/v2\/pages\/65740\/revisions"}],"wp:attachment":[{"href":"https:\/\/www.fastfrate.com\/fr\/wp-json\/wp\/v2\/media?parent=65740"}],"wp:term":[{"taxonomy":"category","embeddable":true,"href":"https:\/\/www.fastfrate.com\/fr\/wp-json\/wp\/v2\/categories?post=65740"},{"taxonomy":"post_tag","embeddable":true,"href":"https:\/\/www.fastfrate.com\/fr\/wp-json\/wp\/v2\/tags?post=65740"}],"curies":[{"name":"wp","href":"https:\/\/api.w.org\/{rel}","templated":true}]}}