{"id":65730,"date":"2025-01-15T09:27:01","date_gmt":"2025-01-15T14:27:01","guid":{"rendered":"https:\/\/www.fastfrate.com\/?page_id=65730"},"modified":"2025-07-16T08:06:24","modified_gmt":"2025-07-16T12:06:24","slug":"contact-integrated-logistics-mexico","status":"publish","type":"page","link":"https:\/\/www.fastfrate.com\/fr\/contact-integrated-logistics-mexico\/","title":{"rendered":"Contact Integrated Logistics Mexico"},"content":{"rendered":"<div id=\"PageWrapperHome\" class=\"section1 Subpage SubpageStandard\">\n<div class=\"SubpageWrapper\">\n<div class=\"SubpageContentWrapper container\">\n<div class=\"ContentSubpageRight col-md-6 col-sm-12 col-xs-12\">\n<div class=\"ContentSubpageFeature hidden-xs hidden-sm\"><img decoding=\"async\" class=\"img-responsive\" src=\"https:\/\/www.fastfrate.com\/wp-content\/uploads\/2025\/01\/Untitled-design-2.jpg\" alt=\"Ontario, Quebec trucking company\" \/><\/div>\n<\/div>\n<div class=\"ContentSubpageLeft col-md-6 col-sm-12 col-xs-12\">\n<h1><b>Contact Integrated Logistics for Mexico Cross Border Solutions\u00a0<\/b><\/h1>\n<div class=\"breadcrum-bottom\"><\/div>\n<div class=\"ContentBody\">\n<h2>Find the Integrated Logistics terminal nearest you<\/h2>\n<div class=\"column col-md-6 col-sm-6 col-xs-12 no-padding-left\">\n<h3 class=\"contact-h3 red\">Nuevo Le\u00f3n<\/h3>\n<p><strong>Av. Eugenio Garza Lag\u00fcera esq. David Alfaro Siqueiros 106,<\/strong><\/p>\n<p><strong>Interior 1708<\/strong><strong> piso 17, <\/strong><\/p>\n<p><strong>Valle Oriente, <\/strong><\/p>\n<p><strong>66269 San Pedro Garza Garc\u00eda, N.L<\/strong><\/p>\n<p><strong>Tel:<\/strong>\u00a0<a href=\"tel:+52 1 555-416-0065\">+52 1 555-416-0065<\/a><\/p>\n<p><strong>Contact:<\/strong><a href=\"mailto:riverar@fastfrate.com\"> Ricardo Rivera<\/a><\/p>\n<\/div>\n<\/div>\n<\/div>\n<\/div>\n<\/div>\n<\/div>","protected":false},"excerpt":{"rendered":"<p>Contact Integrated Logistics for Mexico Cross Border Solutions\u00a0 Find the Integrated Logistics terminal nearest you Nuevo Le\u00f3n Av. Eugenio Garza Lag\u00fcera esq. David Alfaro Siqueiros 106, Interior 1708 piso 17, Valle Oriente, 66269 San Pedro Garza Garc\u00eda, N.L Tel:\u00a0+52 1 555-416-0065 Contact: Ricardo Rivera<\/p>","protected":false},"author":2,"featured_media":0,"parent":0,"menu_order":0,"comment_status":"closed","ping_status":"closed","template":"page-about.php","meta":{"_acf_changed":false,"footnotes":""},"categories":[],"tags":[],"class_list":["post-65730","page","type-page","status-publish","hentry","entry"],"acf":[],"yoast_head":"<!-- This site is optimized with the Yoast SEO plugin v27.4 - https:\/\/yoast.com\/product\/yoast-seo-wordpress\/ -->\n<title>Contact Integrated Logistics Mexico - The FastFrate Group<\/title>\n<meta name=\"description\" content=\"Get in touch with Fastfrate\u2019s Integrated Logistics team in Mexico for seamless cross-border freight, warehousing, and supply chain solutions tailored to your business needs.\" \/>\n<meta name=\"robots\" content=\"index, follow, max-snippet:-1, max-image-preview:large, max-video-preview:-1\" \/>\n<link rel=\"canonical\" href=\"https:\/\/www.fastfrate.com\/fr\/contact-integrated-logistics-mexico\/\" \/>\n<meta property=\"og:locale\" content=\"fr_CA\" \/>\n<meta property=\"og:type\" content=\"article\" \/>\n<meta property=\"og:title\" content=\"Contact Integrated Logistics Mexico - The FastFrate Group\" \/>\n<meta property=\"og:description\" content=\"Get in touch with Fastfrate\u2019s Integrated Logistics team in Mexico for seamless cross-border freight, warehousing, and supply chain solutions tailored to your business needs.\" \/>\n<meta property=\"og:url\" content=\"https:\/\/www.fastfrate.com\/fr\/contact-integrated-logistics-mexico\/\" \/>\n<meta property=\"og:site_name\" content=\"The FastFrate Group\" \/>\n<meta property=\"article:modified_time\" content=\"2025-07-16T12:06:24+00:00\" \/>\n<meta property=\"og:image\" content=\"https:\/\/www.fastfrate.com\/wp-content\/uploads\/2025\/01\/Untitled-design-2.jpg\" \/>\n<meta name=\"twitter:card\" content=\"summary_large_image\" \/>\n<script type=\"application\/ld+json\" class=\"yoast-schema-graph\">{\"@context\":\"https:\\\/\\\/schema.org\",\"@graph\":[{\"@type\":\"WebPage\",\"@id\":\"https:\\\/\\\/www.fastfrate.com\\\/fr\\\/contact-integrated-logistics-mexico\\\/\",\"url\":\"https:\\\/\\\/www.fastfrate.com\\\/fr\\\/contact-integrated-logistics-mexico\\\/\",\"name\":\"Contact Integrated Logistics Mexico - The FastFrate Group\",\"isPartOf\":{\"@id\":\"https:\\\/\\\/www.fastfrate.com\\\/fr\\\/#website\"},\"primaryImageOfPage\":{\"@id\":\"https:\\\/\\\/www.fastfrate.com\\\/fr\\\/contact-integrated-logistics-mexico\\\/#primaryimage\"},\"image\":{\"@id\":\"https:\\\/\\\/www.fastfrate.com\\\/fr\\\/contact-integrated-logistics-mexico\\\/#primaryimage\"},\"thumbnailUrl\":\"https:\\\/\\\/www.fastfrate.com\\\/wp-content\\\/uploads\\\/2025\\\/01\\\/Untitled-design-2.jpg\",\"datePublished\":\"2025-01-15T14:27:01+00:00\",\"dateModified\":\"2025-07-16T12:06:24+00:00\",\"description\":\"Get in touch with Fastfrate\u2019s Integrated Logistics team in Mexico for seamless cross-border freight, warehousing, and supply chain solutions tailored to your business needs.\",\"breadcrumb\":{\"@id\":\"https:\\\/\\\/www.fastfrate.com\\\/fr\\\/contact-integrated-logistics-mexico\\\/#breadcrumb\"},\"inLanguage\":\"fr-CA\",\"potentialAction\":[{\"@type\":\"ReadAction\",\"target\":[\"https:\\\/\\\/www.fastfrate.com\\\/fr\\\/contact-integrated-logistics-mexico\\\/\"]}]},{\"@type\":\"ImageObject\",\"inLanguage\":\"fr-CA\",\"@id\":\"https:\\\/\\\/www.fastfrate.com\\\/fr\\\/contact-integrated-logistics-mexico\\\/#primaryimage\",\"url\":\"https:\\\/\\\/www.fastfrate.com\\\/wp-content\\\/uploads\\\/2025\\\/01\\\/Untitled-design-2.jpg\",\"contentUrl\":\"https:\\\/\\\/www.fastfrate.com\\\/wp-content\\\/uploads\\\/2025\\\/01\\\/Untitled-design-2.jpg\"},{\"@type\":\"BreadcrumbList\",\"@id\":\"https:\\\/\\\/www.fastfrate.com\\\/fr\\\/contact-integrated-logistics-mexico\\\/#breadcrumb\",\"itemListElement\":[{\"@type\":\"ListItem\",\"position\":1,\"name\":\"Home\",\"item\":\"https:\\\/\\\/www.fastfrate.com\\\/\"},{\"@type\":\"ListItem\",\"position\":2,\"name\":\"Contact Integrated Logistics Mexico\"}]},{\"@type\":\"WebSite\",\"@id\":\"https:\\\/\\\/www.fastfrate.com\\\/fr\\\/#website\",\"url\":\"https:\\\/\\\/www.fastfrate.com\\\/fr\\\/\",\"name\":\"The FastFrate Group\",\"description\":\"\",\"potentialAction\":[{\"@type\":\"SearchAction\",\"target\":{\"@type\":\"EntryPoint\",\"urlTemplate\":\"https:\\\/\\\/www.fastfrate.com\\\/fr\\\/?s={search_term_string}\"},\"query-input\":{\"@type\":\"PropertyValueSpecification\",\"valueRequired\":true,\"valueName\":\"search_term_string\"}}],\"inLanguage\":\"fr-CA\"}]}<\/script>\n<!-- \/ Yoast SEO plugin. -->","yoast_head_json":{"title":"Contact Integrated Logistics Mexico - The FastFrate Group","description":"Get in touch with Fastfrate\u2019s Integrated Logistics team in Mexico for seamless cross-border freight, warehousing, and supply chain solutions tailored to your business needs.","robots":{"index":"index","follow":"follow","max-snippet":"max-snippet:-1","max-image-preview":"max-image-preview:large","max-video-preview":"max-video-preview:-1"},"canonical":"https:\/\/www.fastfrate.com\/fr\/contact-integrated-logistics-mexico\/","og_locale":"fr_CA","og_type":"article","og_title":"Contact Integrated Logistics Mexico - The FastFrate Group","og_description":"Get in touch with Fastfrate\u2019s Integrated Logistics team in Mexico for seamless cross-border freight, warehousing, and supply chain solutions tailored to your business needs.","og_url":"https:\/\/www.fastfrate.com\/fr\/contact-integrated-logistics-mexico\/","og_site_name":"The FastFrate Group","article_modified_time":"2025-07-16T12:06:24+00:00","og_image":[{"url":"https:\/\/www.fastfrate.com\/wp-content\/uploads\/2025\/01\/Untitled-design-2.jpg","type":"","width":"","height":""}],"twitter_card":"summary_large_image","schema":{"@context":"https:\/\/schema.org","@graph":[{"@type":"WebPage","@id":"https:\/\/www.fastfrate.com\/fr\/contact-integrated-logistics-mexico\/","url":"https:\/\/www.fastfrate.com\/fr\/contact-integrated-logistics-mexico\/","name":"Contact Integrated Logistics Mexico - The FastFrate Group","isPartOf":{"@id":"https:\/\/www.fastfrate.com\/fr\/#website"},"primaryImageOfPage":{"@id":"https:\/\/www.fastfrate.com\/fr\/contact-integrated-logistics-mexico\/#primaryimage"},"image":{"@id":"https:\/\/www.fastfrate.com\/fr\/contact-integrated-logistics-mexico\/#primaryimage"},"thumbnailUrl":"https:\/\/www.fastfrate.com\/wp-content\/uploads\/2025\/01\/Untitled-design-2.jpg","datePublished":"2025-01-15T14:27:01+00:00","dateModified":"2025-07-16T12:06:24+00:00","description":"Get in touch with Fastfrate\u2019s Integrated Logistics team in Mexico for seamless cross-border freight, warehousing, and supply chain solutions tailored to your business needs.","breadcrumb":{"@id":"https:\/\/www.fastfrate.com\/fr\/contact-integrated-logistics-mexico\/#breadcrumb"},"inLanguage":"fr-CA","potentialAction":[{"@type":"ReadAction","target":["https:\/\/www.fastfrate.com\/fr\/contact-integrated-logistics-mexico\/"]}]},{"@type":"ImageObject","inLanguage":"fr-CA","@id":"https:\/\/www.fastfrate.com\/fr\/contact-integrated-logistics-mexico\/#primaryimage","url":"https:\/\/www.fastfrate.com\/wp-content\/uploads\/2025\/01\/Untitled-design-2.jpg","contentUrl":"https:\/\/www.fastfrate.com\/wp-content\/uploads\/2025\/01\/Untitled-design-2.jpg"},{"@type":"BreadcrumbList","@id":"https:\/\/www.fastfrate.com\/fr\/contact-integrated-logistics-mexico\/#breadcrumb","itemListElement":[{"@type":"ListItem","position":1,"name":"Home","item":"https:\/\/www.fastfrate.com\/"},{"@type":"ListItem","position":2,"name":"Contact Integrated Logistics Mexico"}]},{"@type":"WebSite","@id":"https:\/\/www.fastfrate.com\/fr\/#website","url":"https:\/\/www.fastfrate.com\/fr\/","name":"The FastFrate Group","description":"","potentialAction":[{"@type":"SearchAction","target":{"@type":"EntryPoint","urlTemplate":"https:\/\/www.fastfrate.com\/fr\/?s={search_term_string}"},"query-input":{"@type":"PropertyValueSpecification","valueRequired":true,"valueName":"search_term_string"}}],"inLanguage":"fr-CA"}]}},"_links":{"self":[{"href":"https:\/\/www.fastfrate.com\/fr\/wp-json\/wp\/v2\/pages\/65730","targetHints":{"allow":["GET"]}}],"collection":[{"href":"https:\/\/www.fastfrate.com\/fr\/wp-json\/wp\/v2\/pages"}],"about":[{"href":"https:\/\/www.fastfrate.com\/fr\/wp-json\/wp\/v2\/types\/page"}],"author":[{"embeddable":true,"href":"https:\/\/www.fastfrate.com\/fr\/wp-json\/wp\/v2\/users\/2"}],"replies":[{"embeddable":true,"href":"https:\/\/www.fastfrate.com\/fr\/wp-json\/wp\/v2\/comments?post=65730"}],"version-history":[{"count":0,"href":"https:\/\/www.fastfrate.com\/fr\/wp-json\/wp\/v2\/pages\/65730\/revisions"}],"wp:attachment":[{"href":"https:\/\/www.fastfrate.com\/fr\/wp-json\/wp\/v2\/media?parent=65730"}],"wp:term":[{"taxonomy":"category","embeddable":true,"href":"https:\/\/www.fastfrate.com\/fr\/wp-json\/wp\/v2\/categories?post=65730"},{"taxonomy":"post_tag","embeddable":true,"href":"https:\/\/www.fastfrate.com\/fr\/wp-json\/wp\/v2\/tags?post=65730"}],"curies":[{"name":"wp","href":"https:\/\/api.w.org\/{rel}","templated":true}]}}