{"id":62185,"date":"2021-10-18T13:01:14","date_gmt":"2021-10-18T17:01:14","guid":{"rendered":"http:\/\/localhost:10008\/services-2\/"},"modified":"2025-03-31T16:36:04","modified_gmt":"2025-03-31T20:36:04","slug":"nos-services","status":"publish","type":"page","link":"https:\/\/www.fastfrate.com\/fr\/nos-services\/","title":{"rendered":"Services FR"},"content":{"rendered":"<p>&nbsp;<\/p>\r\n\r\n\r\n\r\n<div id=\"cont-wrapper\">\u00a0<\/div>\r\n\r\n\r\n\r\n<p><style>.Subpage .card{height:100%;display:flex;flex-direction:column}.card-text{flex-grow:1}.Subpage .btn-primary{text-transform:uppercase;color:#000;background-color:rgba(0,0,0,0);border-color:#ed1b2e;align-self:center;width:100%;height:50px;line-height:37px}.SubpageWide .ContentSubpageFeature{height:320px;padding-bottom:0}.ContentSubpageFeature{display:flex;align-items:center;justify-content:center;background-image:url(https:\/\/www.fastfrate.com\/wp-content\/uploads\/2022\/12\/fastfrate-image-scaled-e1670943692350.jpg)}.SubpageWide .ContentSubpageFeature{background-position:center 70%}.custom-card-img{aspect-ratio:4\/3;object-fit:cover;min-wdith:415.334px;min-height:311.48px}.card-background{background-color:#ededed;height:880px}.card-title{text-transform:uppercase}.custom-col{padding:0!important}.card-body{padding:35px;display:flex;flex-direction:column;flex-grow:1}.flex-wrap{gap:30px;display:flex;flex-wrap:wrap;justify-content:center}.custom-col{flex:1;min-width:380px;max-width:415px}<\/style><\/p>\r\n\r\n\r\n\r\n<div id=\"PageWrapperHome\" class=\"Services Subpage SubpageWide subpageNew\">\r\n<div class=\"ContentSubpageFeature\">\r\n<h1 style=\"color: #fff; text-align: center; font-family: 'Barlow Condensed',sans-serif; font-size: 80px; font-weight: 600;\">Nos Services<\/h1>\r\n<\/div>\r\n<div class=\"SubpageContentWrapper container\">\r\n<div class=\"ContentBody\">\r\n<h2 class=\"serviceWarehouse-h1\">Services | Fastfrate Group<\/h2>\r\n<div style=\"margin: 15px auto; text-align: left;\"><span style=\"font-weight: 400; font-size: 15px;\">Votre entreprise a besoin d&#8217;un service de transport fiable pour exp\u00e9dier des marchandises du point A au point B. En tant que fournisseur de services de transport et de logistique complets, Fastfrate peut r\u00e9pondre \u00e0 vos besoins. Fiable et qualifi\u00e9e, notre \u00e9quipe peut vous donner un aper\u00e7u des m\u00e9thodes d&#8217;exp\u00e9dition qui r\u00e9pondront aux exigences sp\u00e9cifiques de presque tous les secteurs, y compris le v\u00f4tre.<\/span><\/div>\r\n<div class=\"d-flex flex-wrap gx-3 gy-3\">\r\n<div class=\"card-background custom-col flex-grow-1 mb-4\">\r\n<div class=\"card\"><img decoding=\"async\" class=\"card-img-top custom-card-img\" src=\"https:\/\/www.fastfrate.com\/wp-content\/uploads\/2023\/09\/intermodal.jpg\" alt=\"Shipping crate on train\" \/>\r\n<div class=\"card-body p-6\">\r\n<h2 class=\"card-title\"><b>Intermodal<\/b><\/h2>\r\n<p class=\"card-text\"><span style=\"font-weight: 400;\">L\u2019exp\u00e9dition intermodale fait r\u00e9f\u00e9rence au transport de marchandises par deux modes de transport ou plus. Les conteneurs utilis\u00e9s peuvent se d\u00e9placer avec fluidit\u00e9 entre les camions, les trains et les navires. Les entreprises peuvent pr\u00e9f\u00e9rer le <\/span><a href=\"https:\/\/www.fastfrate.com\/fr\/transport-intermodal\/\"><span style=\"font-weight: 400;\">transport intermodal<\/span><\/a><span style=\"font-weight: 400;\"> pour leurs besoins nationaux au Canada, comme le transport de marchandises dans les deux sens \u00e0 travers le pays.\u00a0 Nos services intermodaux proposent diff\u00e9rentes options de temps de transit pour d\u00e9placer diverses marchandises en fonction de la date d\u2019arriv\u00e9e \u00e0 destination de votre choix. Notre service ferroviaire prioritaire haut de gamme <\/span><b>Frate Express<\/b><span style=\"font-weight: 400;\"> vous permet d&#8217;exp\u00e9dier une plus grande capacit\u00e9 de poids avec des temps de transit comparables \u00e0 ceux du transport routier tout en r\u00e9alisant des \u00e9conomies de co\u00fbts substantielles.<\/span><\/p>\r\n<div class=\"btn btn-primary\"><a href=\"https:\/\/www.fastfrate.com\/fr\/transport-intermodal\/\">En savoir plus<\/a><\/div>\r\n<\/div>\r\n<\/div>\r\n<\/div>\r\n<div class=\"card-background custom-col flex-grow-1 mb-4\">\r\n<div class=\"card\"><img decoding=\"async\" class=\"card-img-top custom-card-img\" src=\"https:\/\/www.fastfrate.com\/wp-content\/uploads\/2021\/10\/feature-image-ltl-ontario-quebec.jpg\" alt=\"Image\" \/>\r\n<div class=\"card-body\">\r\n<h2><b>Transport en chargement partiel LTL\u00a0<\/b><\/h2>\r\n<p class=\"card-text\"><span style=\"font-weight: 400;\">L&#8217;exp\u00e9dition en chargement partiel ou \u00ab less-than-truckload \u00bb (LTL) est id\u00e9ale pour les entreprises qui cherchent \u00e0 d\u00e9placer de petites quantit\u00e9s de marchandises d&#8217;un point A \u00e0 un point B. Le transport en chargement partiel (LTL) constitue une mesure rentable pour les entreprises, qui n\u2019ont \u00e0 payer qu&#8217;une partie de la remorque qui transporte leur fret. Nous pouvons vous aider \u00e0 garantir que votre <\/span><a href=\"https:\/\/www.fastfrate.com\/en\/services-highway\/\"><span style=\"font-weight: 400;\">exp\u00e9dition LTL<\/span><\/a><span style=\"font-weight: 400;\"> au Canada r\u00e9pond aux exigences et dispose des documents n\u00e9cessaires pour un transport sans heurt. Une fois les exp\u00e9ditions arriv\u00e9es dans l\u2019Ouest canadien, nous sommes flexibles avec les livraisons intra-ouest. Nous proposons l&#8217;exp\u00e9dition LTL dans tous nos terminaux de Vancouver, Calgary, Edmonton, Winnipeg et Regina ainsi que vers toutes les provinces de l&#8217;Est, assurant une livraison fluide pour toutes vos exp\u00e9ditions.<\/span><\/p>\r\n<div class=\"btn btn-primary\"><a href=\"https:\/\/www.fastfrate.com\/fr\/autoroutier\/\">En savoir plus<\/a><\/div>\r\n<\/div>\r\n<\/div>\r\n<\/div>\r\n<div class=\"card-background custom-col flex-grow-1 mb-4\">\r\n<div class=\"card\"><img decoding=\"async\" class=\"card-img-top custom-card-img\" src=\"https:\/\/www.fastfrate.com\/wp-content\/themes\/fastfrate\/assets\/images\/subpage-services-drayage.jpg\" alt=\"Image\" \/>\r\n<div class=\"card-body\">\r\n<h2><b>Factage<\/b><\/h2>\r\n<p class=\"card-text\"><span style=\"font-weight: 400;\">D\u00e9placer votre marchandise de son point d\u2019origine au port de votre choix ne devrait pas entra\u00eener de retards ni de difficult\u00e9s. Notre entreprise nationale de <\/span><a href=\"https:\/\/www.fastfrate.com\/fr\/factage-et-transbordement\/\"><span style=\"font-weight: 400;\">factage camionnage<\/span><\/a><span style=\"font-weight: 400;\"> est directement connect\u00e9e \u00e0 nos services de transbordement, minimisant ainsi les risques d\u2019erreurs. Nous pouvons transporter votre fret en toute s\u00e9curit\u00e9 vers divers ports le long de la c\u00f4te atlantique aux \u00c9tats-Unis ou encore vers des points interm\u00e9diaires ferroviaires au Canada, vous faisant gagner du temps et vous assurant une tranquillit\u00e9 d&#8217;esprit. Avec notre flotte de ch\u00e2ssis pour conteneurs de 20\u2019, 40\u2019 et 53\u2019 et plus de 500 camions sur la route, nous sommes enti\u00e8rement \u00e9quip\u00e9s pour r\u00e9pondre \u00e0 vos besoins de factage partout au Canada.<\/span><\/p>\r\n<div class=\"btn btn-primary\"><a href=\"https:\/\/www.fastfrate.com\/fr\/factage-et-transbordement\/\">En savoir plus<\/a><\/div>\r\n<\/div>\r\n<\/div>\r\n<\/div>\r\n<div class=\"card-background custom-col flex-grow-1 mb-4\">\r\n<div class=\"card\"><img decoding=\"async\" class=\"card-img-top custom-card-img\" src=\"https:\/\/www.fastfrate.com\/wp-content\/uploads\/2023\/09\/full-truck.jpg\" alt=\"Image\" \/>\r\n<div class=\"card-body\">\r\n<h2><b>Transport en chargement complet (FTL) et camionnage transfrontalier<\/b><\/h2>\r\n<p class=\"card-text\"><span style=\"font-weight: 400;\">En tant que transporteur national \u00e9tabli, Fastfrate a pu \u00e9tendre ses activit\u00e9s \u00e0 travers les \u00c9tats-Unis avec des services de <\/span><a href=\"https:\/\/www.fastfrate.com\/fr\/transfrontaliers\/\"><span style=\"font-weight: 400;\">camionnage transfrontalier<\/span><\/a><span style=\"font-weight: 400;\">. Nos services transfrontaliers de chargements complets ou \u00ab full-truckload \u00bb (FTL) transportent des marchandises \u00e0 travers l\u2019Am\u00e9rique du Nord. Avec 500 \u00e0 700 passages frontaliers par jour, nous disposons d&#8217;une \u00e9quipe d\u00e9di\u00e9e qui veille au respect des r\u00e9glementations gouvernementales et guide les clients lors de consultations portant sur leurs besoins transfrontaliers.<\/span><\/p>\r\n<div class=\"btn btn-primary\"><a href=\"https:\/\/www.fastfrate.com\/fr\/transfrontaliers\/\">En savoir plus<\/a><\/div>\r\n<\/div>\r\n<\/div>\r\n<\/div>\r\n<div class=\"card-background custom-col flex-grow-1 mb-4\">\r\n<div class=\"card\"><img decoding=\"async\" class=\"card-img-top custom-card-img\" src=\"https:\/\/www.fastfrate.com\/wp-content\/uploads\/2023\/09\/cgy-whse18-scaled.jpg\" alt=\"Image\" \/>\r\n<div class=\"card-body\">\r\n<h2><b>Entreposage et distribution<\/b><\/h2>\r\n<p class=\"card-text\"><span style=\"font-weight: 400;\">Nous pouvons non seulement d\u00e9placer votre fret, mais aussi combler les lacunes et tirer parti de notre expertise en <\/span><a href=\"https:\/\/www.fastfrate.com\/fr\/entreposage-et-distribution\/\"><span style=\"font-weight: 400;\">entreposage et distribution<\/span><\/a><span style=\"font-weight: 400;\"> des marchandises. Partout au Canada, nous offrons des installations d&#8217;entreposage et de distribution pour le commerce \u00e9lectronique, le \u00ab pick and pack \u00bb (pr\u00e9l\u00e8vement et emballage), la gestion des inventaires et des retours et la logistique inverse, ainsi que plusieurs centres de livraison du dernier kilom\u00e8tre pour couvrir vos besoins de messagerie.<\/span><\/p>\r\n<div class=\"btn btn-primary\"><a href=\"https:\/\/www.fastfrate.com\/fr\/entreposage-et-distribution\/\">En savoir plus<\/a><\/div>\r\n<\/div>\r\n<\/div>\r\n<\/div>\r\n<div class=\"card-background custom-col flex-grow-1 mb-4\">\r\n<div class=\"card\"><img decoding=\"async\" class=\"card-img-top custom-card-img\" style=\"object-position: left;\" src=\"https:\/\/www.fastfrate.com\/wp-content\/uploads\/2023\/12\/FastfrateGroupOfCompanies-DARKBACKGROUND.png\" alt=\"Image\" \/>\r\n<div class=\"card-body\">\r\n<h2><b>Logistique<\/b><\/h2>\r\n<p class=\"card-text\"><span style=\"font-weight: 400;\">Au moment de d\u00e9terminer vos besoins en services de transport, il se peut que vous soyez d\u00e9pass\u00e9 par la multitude de d\u00e9tails et d\u2019informations \u00e0 votre port\u00e9e et que vous ayez besoin d\u2019aide pour tout d\u00e9chiffrer. Chez Fastfrate, nous \u00e9liminons les incertitudes et les difficult\u00e9s li\u00e9es au transport gr\u00e2ce \u00e0 des options flexibles et compl\u00e8tes, ce qui fait de nous une entreprise de <\/span><a href=\"https:\/\/www.fastfrate.com\/fr\/logistique\/\"><span style=\"font-weight: 400;\">logistique<\/span><\/a><span style=\"font-weight: 400;\"> privil\u00e9gi\u00e9e en Am\u00e9rique du Nord. Notre d\u00e9partement de la logistique constitue pour vous un point de contact unique et une source d\u2019expertise nationale, transfrontali\u00e8re et multimodale qui d\u00e9tient une multitude de ressources de transport qui couvre la cha\u00eene d&#8217;approvisionnement.<\/span><\/p>\r\n<div class=\"btn btn-primary\"><a href=\"https:\/\/www.fastfrate.com\/fr\/logistique\/\">En savoir plus<\/a><\/div>\r\n<\/div>\r\n<\/div>\r\n<\/div>\r\n<div class=\"card-background custom-col flex-grow-1 mb-4\">\r\n<div class=\"card\"><img decoding=\"async\" class=\"card-img-top custom-card-img\" src=\"https:\/\/www.fastfrate.com\/wp-content\/uploads\/2023\/09\/final-mile.jpg\" alt=\"Image\" \/>\r\n<div class=\"card-body\">\r\n<h2><b>Dernier kilom\u00e8tre<\/b><\/h2>\r\n<p class=\"card-text\"><span style=\"font-weight: 400;\">L\u2019ex\u00e9cution des commandes est la derni\u00e8re \u00e9tape du voyage de votre marchandise. Celle-ci doit arriver chez votre client aussi facilement qu&#8217;elle a travers\u00e9 les fronti\u00e8res ou le pays. Chez Fastfrate, nous veillons \u00e0 ce que le <\/span><a href=\"https:\/\/www.fastfrate.com\/fr\/dernier-kilometre\/\"><span style=\"font-weight: 400;\">dernier kilom\u00e8tre<\/span><\/a><span style=\"font-weight: 400;\"> soit aussi s\u00e9curis\u00e9, s\u00fbr et complet que le reste de l&#8217;exp\u00e9rience de transport. Offertes sept jours sur sept, les livraisons par courrier comprennent des options qui peuvent \u00eatre personnalis\u00e9es pour mieux r\u00e9pondre aux besoins de votre entreprise. Qu\u2019il s\u2019agisse de petits colis ou de marchandises volumineuses non convoyables, nous sommes en mesure de livrer au domicile ou au lieu de travail de vos clients.<\/span><\/p>\r\n<div class=\"btn btn-primary\"><a href=\"https:\/\/www.fastfrate.com\/fr\/dernier-kilometre\/\">En savoir plus<\/a><\/div>\r\n<\/div>\r\n<\/div>\r\n<\/div>\r\n<div class=\"card-background custom-col flex-grow-1 mb-4\">\r\n<div class=\"card\"><img decoding=\"async\" class=\"card-img-top custom-card-img\" src=\"https:\/\/www.fastfrate.com\/wp-content\/themes\/fastfrate\/assets\/images\/feature-image-ecommerce.jpg\" alt=\"Image\" \/>\r\n<div class=\"card-body\">\r\n<h2><b>E-commerce\u00a0<\/b><\/h2>\r\n<p class=\"card-text\"><span style=\"font-weight: 400;\">En tant que marque en ligne, votre entreprise doit relever de nombreux d\u00e9fis, mais la logistique du commerce \u00e9lectronique ne devrait pas en faire partie. Faites voyager votre produit jusqu\u2019\u00e0 vos clients plus facilement gr\u00e2ce \u00e0 nos <\/span><a href=\"https:\/\/www.fastfrate.com\/fr\/commerce-electronique\/\"><span style=\"font-weight: 400;\">services logistiques de commerce \u00e9lectronique<\/span><\/a><span style=\"font-weight: 400;\"> au Canada. Nous vous accompagnons pour planifier votre flux de travail d\u2019exp\u00e9dition et nous assurer que rien ne soit n\u00e9glig\u00e9 et que vos besoins sp\u00e9cifiques soient respect\u00e9s. Notre mod\u00e8le d&#8217;entreposage flexible s\u2019adapte \u00e0 vos op\u00e9rations commerciales.<\/span><\/p>\r\n<div class=\"btn btn-primary\"><a href=\"https:\/\/www.fastfrate.com\/fr\/commerce-electronique\/\">En savoir plus<\/a><\/div>\r\n<\/div>\r\n<\/div>\r\n<\/div>\r\n<div class=\"card-background custom-col flex-grow-1 mb-4\">\r\n<div class=\"card\"><img decoding=\"async\" class=\"card-img-top custom-card-img\" src=\"https:\/\/www.fastfrate.com\/wp-content\/uploads\/2024\/02\/Direct-Line-from-Canada-to-Mexico-PDF-768-x-650-px-2.png\" alt=\"Image\" \/>\r\n<div class=\"card-body\">\r\n<h2><b>Logistique transfrontali\u00e8re entre le Canada et le Mexique<\/b><\/h2>\r\n<p class=\"card-text\"><span style=\"font-weight: 400;\">Notre collaboration avec CPKC lance la SEULE <\/span><a href=\"https:\/\/www.fastfrate.com\/fr\/services-mexico-ftl\/\"><span style=\"font-weight: 400;\">ligne ferroviaire directe entre le Canada et le Mexique<\/span><\/a><span style=\"font-weight: 400;\">, offrant une livraison s\u00fbre et dans les d\u00e9lais. B\u00e9n\u00e9ficiez d&#8217;un service porte-\u00e0-porte fluide avec des d\u00e9parts quotidiens pour les exp\u00e9ditions en chargement complet. Contrairement au processus d&#8217;exp\u00e9dition traditionnel vers le Mexique qui implique g\u00e9n\u00e9ralement trois lignes ferroviaires, notre service ferroviaire direct offre des temps de transit acc\u00e9l\u00e9r\u00e9s qui garantissent que vos envois atteindront leur destination rapidement et efficacement.<\/span><\/p>\r\n<div class=\"btn btn-primary\"><a href=\"https:\/\/www.fastfrate.com\/fr\/services-mexico-ftl\/\">En savoir plus<\/a><\/div>\r\n<\/div>\r\n<\/div>\r\n<\/div>\r\n<\/div>\r\n<\/div>\r\n<\/div>\r\n<\/div>","protected":false},"excerpt":{"rendered":"<p>&nbsp; \u00a0 Nos Services Services | Fastfrate Group Votre entreprise a besoin d&#8217;un service de transport fiable pour exp\u00e9dier des marchandises du point A au point B. En tant que fournisseur de services de transport et de logistique complets, Fastfrate peut r\u00e9pondre \u00e0 vos besoins. Fiable et qualifi\u00e9e, notre \u00e9quipe peut vous donner un aper\u00e7u&hellip; <a class=\"more-link\" href=\"https:\/\/www.fastfrate.com\/fr\/nos-services\/\">Continue reading <span class=\"screen-reader-text\">Services FR<\/span><\/a><\/p>","protected":false},"author":4,"featured_media":0,"parent":0,"menu_order":0,"comment_status":"closed","ping_status":"closed","template":"page-main-fr.php","meta":{"_acf_changed":false,"footnotes":""},"categories":[8],"tags":[],"class_list":["post-62185","page","type-page","status-publish","hentry","category-fr","entry"],"acf":[],"yoast_head":"<!-- This site is optimized with the Yoast SEO plugin v27.5 - https:\/\/yoast.com\/product\/yoast-seo-wordpress\/ -->\n<title>Nos Services | Fastfrate Group<\/title>\n<meta name=\"description\" content=\"Le groupe Fastfrate offre une gamme compl\u00e8te de services de transport et de logistique, y compris le transport intermodal de lots bris\u00e9s, le camionnage et le dernier kilom\u00e8tre. Consultez tous les services de Fastfrate :\" \/>\n<meta name=\"robots\" content=\"index, follow, max-snippet:-1, max-image-preview:large, max-video-preview:-1\" \/>\n<link rel=\"canonical\" href=\"https:\/\/www.fastfrate.com\/fr\/nos-services\/\" \/>\n<meta property=\"og:locale\" content=\"fr_CA\" \/>\n<meta property=\"og:type\" content=\"article\" \/>\n<meta property=\"og:title\" content=\"Nos Services | Fastfrate Group\" \/>\n<meta property=\"og:description\" content=\"Le groupe Fastfrate offre une gamme compl\u00e8te de services de transport et de logistique, y compris le transport intermodal de lots bris\u00e9s, le camionnage et le dernier kilom\u00e8tre. Consultez tous les services de Fastfrate :\" \/>\n<meta property=\"og:url\" content=\"https:\/\/www.fastfrate.com\/fr\/nos-services\/\" \/>\n<meta property=\"og:site_name\" content=\"The FastFrate Group\" \/>\n<meta property=\"article:modified_time\" content=\"2025-03-31T20:36:04+00:00\" \/>\n<meta property=\"og:image\" content=\"http:\/\/www.fastfrate.com\/wp-content\/uploads\/2023\/09\/intermodal.jpg\" \/>\n<meta name=\"twitter:card\" content=\"summary_large_image\" \/>\n<meta name=\"twitter:label1\" content=\"Estimation du temps de lecture\" \/>\n\t<meta name=\"twitter:data1\" content=\"6 minutes\" \/>\n<script type=\"application\/ld+json\" class=\"yoast-schema-graph\">{\"@context\":\"https:\\\/\\\/schema.org\",\"@graph\":[{\"@type\":\"WebPage\",\"@id\":\"https:\\\/\\\/www.fastfrate.com\\\/fr\\\/nos-services\\\/\",\"url\":\"https:\\\/\\\/www.fastfrate.com\\\/fr\\\/nos-services\\\/\",\"name\":\"Nos Services | Fastfrate Group\",\"isPartOf\":{\"@id\":\"https:\\\/\\\/www.fastfrate.com\\\/fr\\\/#website\"},\"primaryImageOfPage\":{\"@id\":\"https:\\\/\\\/www.fastfrate.com\\\/fr\\\/nos-services\\\/#primaryimage\"},\"image\":{\"@id\":\"https:\\\/\\\/www.fastfrate.com\\\/fr\\\/nos-services\\\/#primaryimage\"},\"thumbnailUrl\":\"http:\\\/\\\/www.fastfrate.com\\\/wp-content\\\/uploads\\\/2023\\\/09\\\/intermodal.jpg\",\"datePublished\":\"2021-10-18T17:01:14+00:00\",\"dateModified\":\"2025-03-31T20:36:04+00:00\",\"description\":\"Le groupe Fastfrate offre une gamme compl\u00e8te de services de transport et de logistique, y compris le transport intermodal de lots bris\u00e9s, le camionnage et le dernier kilom\u00e8tre. Consultez tous les services de Fastfrate :\",\"breadcrumb\":{\"@id\":\"https:\\\/\\\/www.fastfrate.com\\\/fr\\\/nos-services\\\/#breadcrumb\"},\"inLanguage\":\"fr-CA\",\"potentialAction\":[{\"@type\":\"ReadAction\",\"target\":[\"https:\\\/\\\/www.fastfrate.com\\\/fr\\\/nos-services\\\/\"]}]},{\"@type\":\"ImageObject\",\"inLanguage\":\"fr-CA\",\"@id\":\"https:\\\/\\\/www.fastfrate.com\\\/fr\\\/nos-services\\\/#primaryimage\",\"url\":\"http:\\\/\\\/www.fastfrate.com\\\/wp-content\\\/uploads\\\/2023\\\/09\\\/intermodal.jpg\",\"contentUrl\":\"http:\\\/\\\/www.fastfrate.com\\\/wp-content\\\/uploads\\\/2023\\\/09\\\/intermodal.jpg\"},{\"@type\":\"BreadcrumbList\",\"@id\":\"https:\\\/\\\/www.fastfrate.com\\\/fr\\\/nos-services\\\/#breadcrumb\",\"itemListElement\":[{\"@type\":\"ListItem\",\"position\":1,\"name\":\"Home\",\"item\":\"https:\\\/\\\/www.fastfrate.com\\\/\"},{\"@type\":\"ListItem\",\"position\":2,\"name\":\"Services FR\"}]},{\"@type\":\"WebSite\",\"@id\":\"https:\\\/\\\/www.fastfrate.com\\\/fr\\\/#website\",\"url\":\"https:\\\/\\\/www.fastfrate.com\\\/fr\\\/\",\"name\":\"The FastFrate Group\",\"description\":\"\",\"potentialAction\":[{\"@type\":\"SearchAction\",\"target\":{\"@type\":\"EntryPoint\",\"urlTemplate\":\"https:\\\/\\\/www.fastfrate.com\\\/fr\\\/?s={search_term_string}\"},\"query-input\":{\"@type\":\"PropertyValueSpecification\",\"valueRequired\":true,\"valueName\":\"search_term_string\"}}],\"inLanguage\":\"fr-CA\"}]}<\/script>\n<!-- \/ Yoast SEO plugin. -->","yoast_head_json":{"title":"Nos Services | Fastfrate Group","description":"Le groupe Fastfrate offre une gamme compl\u00e8te de services de transport et de logistique, y compris le transport intermodal de lots bris\u00e9s, le camionnage et le dernier kilom\u00e8tre. Consultez tous les services de Fastfrate :","robots":{"index":"index","follow":"follow","max-snippet":"max-snippet:-1","max-image-preview":"max-image-preview:large","max-video-preview":"max-video-preview:-1"},"canonical":"https:\/\/www.fastfrate.com\/fr\/nos-services\/","og_locale":"fr_CA","og_type":"article","og_title":"Nos Services | Fastfrate Group","og_description":"Le groupe Fastfrate offre une gamme compl\u00e8te de services de transport et de logistique, y compris le transport intermodal de lots bris\u00e9s, le camionnage et le dernier kilom\u00e8tre. Consultez tous les services de Fastfrate :","og_url":"https:\/\/www.fastfrate.com\/fr\/nos-services\/","og_site_name":"The FastFrate Group","article_modified_time":"2025-03-31T20:36:04+00:00","og_image":[{"url":"http:\/\/www.fastfrate.com\/wp-content\/uploads\/2023\/09\/intermodal.jpg","type":"","width":"","height":""}],"twitter_card":"summary_large_image","twitter_misc":{"Estimation du temps de lecture":"6 minutes"},"schema":{"@context":"https:\/\/schema.org","@graph":[{"@type":"WebPage","@id":"https:\/\/www.fastfrate.com\/fr\/nos-services\/","url":"https:\/\/www.fastfrate.com\/fr\/nos-services\/","name":"Nos Services | Fastfrate Group","isPartOf":{"@id":"https:\/\/www.fastfrate.com\/fr\/#website"},"primaryImageOfPage":{"@id":"https:\/\/www.fastfrate.com\/fr\/nos-services\/#primaryimage"},"image":{"@id":"https:\/\/www.fastfrate.com\/fr\/nos-services\/#primaryimage"},"thumbnailUrl":"http:\/\/www.fastfrate.com\/wp-content\/uploads\/2023\/09\/intermodal.jpg","datePublished":"2021-10-18T17:01:14+00:00","dateModified":"2025-03-31T20:36:04+00:00","description":"Le groupe Fastfrate offre une gamme compl\u00e8te de services de transport et de logistique, y compris le transport intermodal de lots bris\u00e9s, le camionnage et le dernier kilom\u00e8tre. Consultez tous les services de Fastfrate :","breadcrumb":{"@id":"https:\/\/www.fastfrate.com\/fr\/nos-services\/#breadcrumb"},"inLanguage":"fr-CA","potentialAction":[{"@type":"ReadAction","target":["https:\/\/www.fastfrate.com\/fr\/nos-services\/"]}]},{"@type":"ImageObject","inLanguage":"fr-CA","@id":"https:\/\/www.fastfrate.com\/fr\/nos-services\/#primaryimage","url":"http:\/\/www.fastfrate.com\/wp-content\/uploads\/2023\/09\/intermodal.jpg","contentUrl":"http:\/\/www.fastfrate.com\/wp-content\/uploads\/2023\/09\/intermodal.jpg"},{"@type":"BreadcrumbList","@id":"https:\/\/www.fastfrate.com\/fr\/nos-services\/#breadcrumb","itemListElement":[{"@type":"ListItem","position":1,"name":"Home","item":"https:\/\/www.fastfrate.com\/"},{"@type":"ListItem","position":2,"name":"Services FR"}]},{"@type":"WebSite","@id":"https:\/\/www.fastfrate.com\/fr\/#website","url":"https:\/\/www.fastfrate.com\/fr\/","name":"The FastFrate Group","description":"","potentialAction":[{"@type":"SearchAction","target":{"@type":"EntryPoint","urlTemplate":"https:\/\/www.fastfrate.com\/fr\/?s={search_term_string}"},"query-input":{"@type":"PropertyValueSpecification","valueRequired":true,"valueName":"search_term_string"}}],"inLanguage":"fr-CA"}]}},"_links":{"self":[{"href":"https:\/\/www.fastfrate.com\/fr\/wp-json\/wp\/v2\/pages\/62185","targetHints":{"allow":["GET"]}}],"collection":[{"href":"https:\/\/www.fastfrate.com\/fr\/wp-json\/wp\/v2\/pages"}],"about":[{"href":"https:\/\/www.fastfrate.com\/fr\/wp-json\/wp\/v2\/types\/page"}],"author":[{"embeddable":true,"href":"https:\/\/www.fastfrate.com\/fr\/wp-json\/wp\/v2\/users\/4"}],"replies":[{"embeddable":true,"href":"https:\/\/www.fastfrate.com\/fr\/wp-json\/wp\/v2\/comments?post=62185"}],"version-history":[{"count":0,"href":"https:\/\/www.fastfrate.com\/fr\/wp-json\/wp\/v2\/pages\/62185\/revisions"}],"wp:attachment":[{"href":"https:\/\/www.fastfrate.com\/fr\/wp-json\/wp\/v2\/media?parent=62185"}],"wp:term":[{"taxonomy":"category","embeddable":true,"href":"https:\/\/www.fastfrate.com\/fr\/wp-json\/wp\/v2\/categories?post=62185"},{"taxonomy":"post_tag","embeddable":true,"href":"https:\/\/www.fastfrate.com\/fr\/wp-json\/wp\/v2\/tags?post=62185"}],"curies":[{"name":"wp","href":"https:\/\/api.w.org\/{rel}","templated":true}]}}