{"id":582,"date":"2021-10-18T12:50:35","date_gmt":"2021-10-18T16:50:35","guid":{"rendered":"http:\/\/fastfrate-dev.local\/analytics-solutions-2\/"},"modified":"2024-04-24T16:43:16","modified_gmt":"2024-04-24T20:43:16","slug":"analyses-et-solutions","status":"publish","type":"page","link":"https:\/\/www.fastfrate.com\/fr\/analyses-et-solutions\/","title":{"rendered":"ANALYSES ET SOLUTIONS"},"content":{"rendered":"<div id=\"PageWrapperHome\" class=\"section1 Subpage SubpageStandard\">\n<div class=\"SubpageWrapper\">\n<div class=\"SubpageContentWrapper container\">\n<div class=\"ContentSubpageRight col-md-6 col-sm-12 col-xs-12\">\n<div class=\"ContentSubpageFeature hidden-xs hidden-sm\"><img decoding=\"async\" class=\"alignleft wp-image-190 size-full\" src=\"https:\/\/www.fastfrate.com\/wp-content\/uploads\/2021\/10\/feature-image-analytics-solutions.jpg\" alt=\"Un graphique \u00e0 barres accompagnant un signe de dollar dont la valeur est \u00e0 la hausse\" width=\"600\" height=\"816\" srcset=\"https:\/\/www.fastfrate.com\/wp-content\/uploads\/2021\/10\/feature-image-analytics-solutions.jpg 600w, https:\/\/www.fastfrate.com\/wp-content\/uploads\/2021\/10\/feature-image-analytics-solutions-221x300.jpg 221w\" sizes=\"(max-width: 600px) 100vw, 600px\" \/><\/div>\n<\/div>\n<div class=\"ContentSubpageLeft col-md-6 col-sm-12 col-xs-12\">\n<div class=\"breadcrum-top\">\u00c0 PROPOS DU GROUPE FASTFRATE<\/div>\n<div class=\"breadcrum-bottom\">ANALYSES ET SOLUTIONS<\/div>\n<div class=\"ContentBody\">\n<h1>Tout se r\u00e9sume au prix et au service<\/h1>\n<p>Quelle quantit\u00e9 de marchandise souhaitez-vous exp\u00e9dier? Quand sera-t-elle pr\u00eate? Quelle est sa destination? \u00c0 quel moment doit-elle arriver \u00e0 destination? Vos marchandises sont-elles denses ou occupent-elles un grand volume? Avez-vous besoin de manutention particuli\u00e8re? Vos marchandises doivent-elles \u00eatre prot\u00e9g\u00e9es contre le gel? Sont-elles destin\u00e9es \u00e0 un magasin \u00e0 grande surface avec heure de rendez-vous? Ce ne sont l\u00e0 que quelques-uns des renseignements dont nous avons besoin pour \u00e9tablir le co\u00fbt de votre envoi.<\/p>\n<h2>Pour des conseils d\u00e9taill\u00e9s<\/h2>\n<p>Nous avons r\u00e9fl\u00e9chi \u00e0 plusieurs moyens de simplifier le processus de transport, de mesurer les r\u00e9sultats et de maximiser le rendement pour votre argent. Notre \u00e9quipe est compos\u00e9e d\u2019ing\u00e9nieurs commerciaux et de directeurs de l\u2019Expansion commerciale qui travailleront de concert avec vous afin de cr\u00e9er des solutions taill\u00e9es sur mesure \u00e0 votre intention en tenant compte de vos exigences les plus \u00e0 jour. Ce processus comprend ceci :<\/p>\n<ul class=\"bullets-red\">\n<li>Nos ing\u00e9nieurs commerciaux sp\u00e9cialis\u00e9s analysent les donn\u00e9es historiques de vos envois afin de vous proposer la solution qui convient le mieux \u00e0 vos tendances habituelles<\/li>\n<li>Notre \u00e9quipe examine l\u2019historique de vos envois en haute saison, la densit\u00e9 des envois, la client\u00e8le de base, etc. et vous indiquera les options les plus efficaces qui vous feront gagner temps et argent<\/li>\n<li>Nous proc\u00e9dons \u00e0 des revues mensuelles avec vous pour explorer les possibilit\u00e9s d\u2019am\u00e9lioration et v\u00e9rifier que les indices de rendement cl\u00e9s sont soit respect\u00e9s, soit d\u00e9pass\u00e9s<\/li>\n<\/ul>\n<h2>Alliance de l\u2019expertise et de la technologie \u00e9volu\u00e9e<\/h2>\n<p>\u00c0 son \u00e9quipe d\u2019experts, le groupe Fastfrate ajoute d\u2019importants investissements en technologie. Nous sommes d\u00e9termin\u00e9s \u00e0 am\u00e9liorer l\u2019exp\u00e9rience client dans toutes les facettes de la cha\u00eene d\u2019approvisionnement et \u00e0 utiliser les communications automatis\u00e9es, l\u2019apprentissage machine et les diagnostics pr\u00e9dictifs pour fournir \u00e0 nos clients des param\u00e8tres de mesures \u00e9volu\u00e9s et de bout en bout de m\u00eame que des solutions de transport optimis\u00e9es.<\/p>\n<\/div>\n<\/div>\n<\/div>\n<\/div>\n<\/div>","protected":false},"excerpt":{"rendered":"<p>\u00c0 PROPOS DU GROUPE FASTFRATE ANALYSES ET SOLUTIONS Tout se r\u00e9sume au prix et au service Quelle quantit\u00e9 de marchandise souhaitez-vous exp\u00e9dier? Quand sera-t-elle pr\u00eate? Quelle est sa destination? \u00c0 quel moment doit-elle arriver \u00e0 destination? Vos marchandises sont-elles denses ou occupent-elles un grand volume? Avez-vous besoin de manutention particuli\u00e8re? Vos marchandises doivent-elles \u00eatre prot\u00e9g\u00e9es&hellip; <a class=\"more-link\" href=\"https:\/\/www.fastfrate.com\/fr\/analyses-et-solutions\/\">Continue reading <span class=\"screen-reader-text\">ANALYSES ET SOLUTIONS<\/span><\/a><\/p>","protected":false},"author":1,"featured_media":0,"parent":0,"menu_order":0,"comment_status":"closed","ping_status":"closed","template":"page-about-fr.php","meta":{"_acf_changed":false,"footnotes":""},"categories":[8],"tags":[],"class_list":["post-582","page","type-page","status-publish","hentry","category-fr","entry"],"acf":[],"yoast_head":"<!-- This site is optimized with the Yoast SEO plugin v27.5 - https:\/\/yoast.com\/product\/yoast-seo-wordpress\/ -->\n<title>Analyses et solutions | Groupe Fastfrate | Expertise en services et tarifs<\/title>\n<meta name=\"description\" content=\"Nous savons que tout se r\u00e9sume au prix et au service. Nous avons donc trouv\u00e9 plusieurs moyens de simplifier le processus de transport, de mesurer les r\u00e9sultats et de maximiser la valeur de votre argent.\" \/>\n<meta name=\"robots\" content=\"index, follow, max-snippet:-1, max-image-preview:large, max-video-preview:-1\" \/>\n<link rel=\"canonical\" href=\"https:\/\/www.fastfrate.com\/fr\/analyses-et-solutions\/\" \/>\n<meta property=\"og:locale\" content=\"fr_CA\" \/>\n<meta property=\"og:type\" content=\"article\" \/>\n<meta property=\"og:title\" content=\"Analyses et solutions | Groupe Fastfrate | Expertise en services et tarifs\" \/>\n<meta property=\"og:description\" content=\"Nous savons que tout se r\u00e9sume au prix et au service. Nous avons donc trouv\u00e9 plusieurs moyens de simplifier le processus de transport, de mesurer les r\u00e9sultats et de maximiser la valeur de votre argent.\" \/>\n<meta property=\"og:url\" content=\"https:\/\/www.fastfrate.com\/fr\/analyses-et-solutions\/\" \/>\n<meta property=\"og:site_name\" content=\"The FastFrate Group\" \/>\n<meta property=\"article:modified_time\" content=\"2024-04-24T20:43:16+00:00\" \/>\n<meta property=\"og:image\" content=\"http:\/\/www.fastfrate.com\/wp-content\/uploads\/2021\/10\/feature-image-analytics-solutions.jpg\" \/>\n<meta name=\"twitter:card\" content=\"summary_large_image\" \/>\n<meta name=\"twitter:label1\" content=\"Estimation du temps de lecture\" \/>\n\t<meta name=\"twitter:data1\" content=\"2 minutes\" \/>\n<script type=\"application\/ld+json\" class=\"yoast-schema-graph\">{\"@context\":\"https:\\\/\\\/schema.org\",\"@graph\":[{\"@type\":\"WebPage\",\"@id\":\"https:\\\/\\\/www.fastfrate.com\\\/fr\\\/analyses-et-solutions\\\/\",\"url\":\"https:\\\/\\\/www.fastfrate.com\\\/fr\\\/analyses-et-solutions\\\/\",\"name\":\"Analyses et solutions | Groupe Fastfrate | Expertise en services et tarifs\",\"isPartOf\":{\"@id\":\"https:\\\/\\\/www.fastfrate.com\\\/fr\\\/#website\"},\"primaryImageOfPage\":{\"@id\":\"https:\\\/\\\/www.fastfrate.com\\\/fr\\\/analyses-et-solutions\\\/#primaryimage\"},\"image\":{\"@id\":\"https:\\\/\\\/www.fastfrate.com\\\/fr\\\/analyses-et-solutions\\\/#primaryimage\"},\"thumbnailUrl\":\"http:\\\/\\\/www.fastfrate.com\\\/wp-content\\\/uploads\\\/2021\\\/10\\\/feature-image-analytics-solutions.jpg\",\"datePublished\":\"2021-10-18T16:50:35+00:00\",\"dateModified\":\"2024-04-24T20:43:16+00:00\",\"description\":\"Nous savons que tout se r\u00e9sume au prix et au service. Nous avons donc trouv\u00e9 plusieurs moyens de simplifier le processus de transport, de mesurer les r\u00e9sultats et de maximiser la valeur de votre argent.\",\"breadcrumb\":{\"@id\":\"https:\\\/\\\/www.fastfrate.com\\\/fr\\\/analyses-et-solutions\\\/#breadcrumb\"},\"inLanguage\":\"fr-CA\",\"potentialAction\":[{\"@type\":\"ReadAction\",\"target\":[\"https:\\\/\\\/www.fastfrate.com\\\/fr\\\/analyses-et-solutions\\\/\"]}]},{\"@type\":\"ImageObject\",\"inLanguage\":\"fr-CA\",\"@id\":\"https:\\\/\\\/www.fastfrate.com\\\/fr\\\/analyses-et-solutions\\\/#primaryimage\",\"url\":\"http:\\\/\\\/www.fastfrate.com\\\/wp-content\\\/uploads\\\/2021\\\/10\\\/feature-image-analytics-solutions.jpg\",\"contentUrl\":\"http:\\\/\\\/www.fastfrate.com\\\/wp-content\\\/uploads\\\/2021\\\/10\\\/feature-image-analytics-solutions.jpg\"},{\"@type\":\"BreadcrumbList\",\"@id\":\"https:\\\/\\\/www.fastfrate.com\\\/fr\\\/analyses-et-solutions\\\/#breadcrumb\",\"itemListElement\":[{\"@type\":\"ListItem\",\"position\":1,\"name\":\"Home\",\"item\":\"https:\\\/\\\/www.fastfrate.com\\\/\"},{\"@type\":\"ListItem\",\"position\":2,\"name\":\"ANALYSES ET SOLUTIONS\"}]},{\"@type\":\"WebSite\",\"@id\":\"https:\\\/\\\/www.fastfrate.com\\\/fr\\\/#website\",\"url\":\"https:\\\/\\\/www.fastfrate.com\\\/fr\\\/\",\"name\":\"The FastFrate Group\",\"description\":\"\",\"potentialAction\":[{\"@type\":\"SearchAction\",\"target\":{\"@type\":\"EntryPoint\",\"urlTemplate\":\"https:\\\/\\\/www.fastfrate.com\\\/fr\\\/?s={search_term_string}\"},\"query-input\":{\"@type\":\"PropertyValueSpecification\",\"valueRequired\":true,\"valueName\":\"search_term_string\"}}],\"inLanguage\":\"fr-CA\"}]}<\/script>\n<!-- \/ Yoast SEO plugin. -->","yoast_head_json":{"title":"Analyses et solutions | Groupe Fastfrate | Expertise en services et tarifs","description":"Nous savons que tout se r\u00e9sume au prix et au service. Nous avons donc trouv\u00e9 plusieurs moyens de simplifier le processus de transport, de mesurer les r\u00e9sultats et de maximiser la valeur de votre argent.","robots":{"index":"index","follow":"follow","max-snippet":"max-snippet:-1","max-image-preview":"max-image-preview:large","max-video-preview":"max-video-preview:-1"},"canonical":"https:\/\/www.fastfrate.com\/fr\/analyses-et-solutions\/","og_locale":"fr_CA","og_type":"article","og_title":"Analyses et solutions | Groupe Fastfrate | Expertise en services et tarifs","og_description":"Nous savons que tout se r\u00e9sume au prix et au service. Nous avons donc trouv\u00e9 plusieurs moyens de simplifier le processus de transport, de mesurer les r\u00e9sultats et de maximiser la valeur de votre argent.","og_url":"https:\/\/www.fastfrate.com\/fr\/analyses-et-solutions\/","og_site_name":"The FastFrate Group","article_modified_time":"2024-04-24T20:43:16+00:00","og_image":[{"url":"http:\/\/www.fastfrate.com\/wp-content\/uploads\/2021\/10\/feature-image-analytics-solutions.jpg","type":"","width":"","height":""}],"twitter_card":"summary_large_image","twitter_misc":{"Estimation du temps de lecture":"2 minutes"},"schema":{"@context":"https:\/\/schema.org","@graph":[{"@type":"WebPage","@id":"https:\/\/www.fastfrate.com\/fr\/analyses-et-solutions\/","url":"https:\/\/www.fastfrate.com\/fr\/analyses-et-solutions\/","name":"Analyses et solutions | Groupe Fastfrate | Expertise en services et tarifs","isPartOf":{"@id":"https:\/\/www.fastfrate.com\/fr\/#website"},"primaryImageOfPage":{"@id":"https:\/\/www.fastfrate.com\/fr\/analyses-et-solutions\/#primaryimage"},"image":{"@id":"https:\/\/www.fastfrate.com\/fr\/analyses-et-solutions\/#primaryimage"},"thumbnailUrl":"http:\/\/www.fastfrate.com\/wp-content\/uploads\/2021\/10\/feature-image-analytics-solutions.jpg","datePublished":"2021-10-18T16:50:35+00:00","dateModified":"2024-04-24T20:43:16+00:00","description":"Nous savons que tout se r\u00e9sume au prix et au service. Nous avons donc trouv\u00e9 plusieurs moyens de simplifier le processus de transport, de mesurer les r\u00e9sultats et de maximiser la valeur de votre argent.","breadcrumb":{"@id":"https:\/\/www.fastfrate.com\/fr\/analyses-et-solutions\/#breadcrumb"},"inLanguage":"fr-CA","potentialAction":[{"@type":"ReadAction","target":["https:\/\/www.fastfrate.com\/fr\/analyses-et-solutions\/"]}]},{"@type":"ImageObject","inLanguage":"fr-CA","@id":"https:\/\/www.fastfrate.com\/fr\/analyses-et-solutions\/#primaryimage","url":"http:\/\/www.fastfrate.com\/wp-content\/uploads\/2021\/10\/feature-image-analytics-solutions.jpg","contentUrl":"http:\/\/www.fastfrate.com\/wp-content\/uploads\/2021\/10\/feature-image-analytics-solutions.jpg"},{"@type":"BreadcrumbList","@id":"https:\/\/www.fastfrate.com\/fr\/analyses-et-solutions\/#breadcrumb","itemListElement":[{"@type":"ListItem","position":1,"name":"Home","item":"https:\/\/www.fastfrate.com\/"},{"@type":"ListItem","position":2,"name":"ANALYSES ET SOLUTIONS"}]},{"@type":"WebSite","@id":"https:\/\/www.fastfrate.com\/fr\/#website","url":"https:\/\/www.fastfrate.com\/fr\/","name":"The FastFrate Group","description":"","potentialAction":[{"@type":"SearchAction","target":{"@type":"EntryPoint","urlTemplate":"https:\/\/www.fastfrate.com\/fr\/?s={search_term_string}"},"query-input":{"@type":"PropertyValueSpecification","valueRequired":true,"valueName":"search_term_string"}}],"inLanguage":"fr-CA"}]}},"_links":{"self":[{"href":"https:\/\/www.fastfrate.com\/fr\/wp-json\/wp\/v2\/pages\/582","targetHints":{"allow":["GET"]}}],"collection":[{"href":"https:\/\/www.fastfrate.com\/fr\/wp-json\/wp\/v2\/pages"}],"about":[{"href":"https:\/\/www.fastfrate.com\/fr\/wp-json\/wp\/v2\/types\/page"}],"author":[{"embeddable":true,"href":"https:\/\/www.fastfrate.com\/fr\/wp-json\/wp\/v2\/users\/1"}],"replies":[{"embeddable":true,"href":"https:\/\/www.fastfrate.com\/fr\/wp-json\/wp\/v2\/comments?post=582"}],"version-history":[{"count":0,"href":"https:\/\/www.fastfrate.com\/fr\/wp-json\/wp\/v2\/pages\/582\/revisions"}],"wp:attachment":[{"href":"https:\/\/www.fastfrate.com\/fr\/wp-json\/wp\/v2\/media?parent=582"}],"wp:term":[{"taxonomy":"category","embeddable":true,"href":"https:\/\/www.fastfrate.com\/fr\/wp-json\/wp\/v2\/categories?post=582"},{"taxonomy":"post_tag","embeddable":true,"href":"https:\/\/www.fastfrate.com\/fr\/wp-json\/wp\/v2\/tags?post=582"}],"curies":[{"name":"wp","href":"https:\/\/api.w.org\/{rel}","templated":true}]}}