{"id":57350,"date":"2024-10-04T09:20:35","date_gmt":"2024-10-04T13:20:35","guid":{"rendered":"http:\/\/localhost:10008\/?page_id=57350"},"modified":"2025-05-15T07:28:53","modified_gmt":"2025-05-15T11:28:53","slug":"fr-societes-precision","status":"publish","type":"page","link":"https:\/\/www.fastfrate.com\/fr\/societes-precision\/","title":{"rendered":"Soci\u00e9t\u00e9s Pr\u00e9cision"},"content":{"rendered":"<div id=\"PageWrapperHome\" class=\"Subpage SubpageWide Warehousing precision-company subpageCompany\">\r\n<div class=\"SubpageWrapper\">\r\n<div class=\"ContentSubpageFeature\"><\/div>\r\n<div class=\"service-tab-wrapper\">\r\n<div class=\"container\">\r\n<div class=\"service-tab\">Companies<span class=\"no-wrap vertical-line-wh\"><img decoding=\"async\" class=\"alignnone\" style=\"width: 200px;\" src=\"https:\/\/www.fastfrate.com\/wp-content\/uploads\/2024\/09\/Untitled-design-2024-09-30T114736.289.png\" alt=\"Precision Parcel &amp; Package Deliveries logo\" width=\"277\" height=\"45\" \/><\/span><\/div>\r\n<\/div>\r\n<\/div>\r\n<div class=\"container breadcrumbs-container\"><span><span><a href=\"https:\/\/www.fastfrate.com\/\">Home<\/a><\/span><\/span><\/div>\r\n<div class=\"SubpageContentWrapper container\">\r\n<div class=\"ContentSubpageLeft col-md-9 col-sm-12 col-xs-12\">\r\n<div id=\"contentChange\" style=\"width: 94%;\">\r\n<h1 class=\"serviceWarehouse-h1\">Votre colis. Notre priorit\u00e9<\/h1>\r\n<div id=\"unique-page\" class=\"ContentBody\">\r\n<p>L\u2019entreprise Pr\u00e9cision Parcel &amp; Package est l&#8217;un des principaux fournisseurs de services de livraison du dernier kilom\u00e8tre sous le groupe Fastfrate, ax\u00e9 \u00e0 fournir des solutions logistiques efficaces, fiables et holistiques. Nous pensons que l&#8217;exp\u00e9rience de livraison d\u00e9finit l&#8217;exp\u00e9rience client, et nous donnons la priorit\u00e9 \u00e0 cette croyance dans tous les aspects de notre service.<\/p>\r\n<h4><strong>Comment nous le faisons<\/strong><\/h4>\r\n<p>Pr\u00e9cision int\u00e8gre une technologie logistique avanc\u00e9e, des pratiques durables et une formation sur l&#8217;exp\u00e9rience client afin de fournir des solutions du dernier kilom\u00e8tre transparentes et personnalis\u00e9es.<\/p>\r\n<h4><strong>Notre mission<\/strong><\/h4>\r\n<p>Combler l&#8217;\u00e9cart entre les entreprises et les clients gr\u00e2ce \u00e0 l&#8217;innovation, \u00e0 la fiabilit\u00e9 et \u00e0 la prestation de services exceptionnels sur les principaux march\u00e9s canadiens.<\/p>\r\n<h4><strong>Ce que nous offrons<\/strong><\/h4>\r\n<ul>\r\n<li><strong>Port\u00e9e nationale, forces r\u00e9gionales :<\/strong> Terminaux strat\u00e9giquement situ\u00e9s partout au Canada, y compris les principaux carrefours en Ontario, au Qu\u00e9bec et au Manitoba.<\/li>\r\n<li><strong>Flexibilit\u00e9 et \u00e9volutivit\u00e9 :<\/strong> Flexibilit\u00e9 avec des services non d\u00e9di\u00e9s et d\u00e9di\u00e9s, ainsi que des solutions \u00e9volutives pour g\u00e9rer durant les p\u00e9riodes de pointe.Service du lendemain : La livraison le lendemain dans la plupart des r\u00e9gions garantit une ex\u00e9cution rapide et des clients satisfaits.<\/li>\r\n<li><strong>Service du lendemain\u00a0:<\/strong> La livraison le lendemain dans la plupart des r\u00e9gions garantit une ex\u00e9cution rapide et des clients satisfaits.<\/li>\r\n<li>I<strong>nfrastructure bas\u00e9e sur les actifs\u00a0:<\/strong> Les installations bas\u00e9es sur les actifs signifient une fiabilit\u00e9, une responsabilit\u00e9 et des solutions personnalisables plus adapt\u00e9es \u00e0 vos besoins.<\/li>\r\n<li><strong>Excellence dans la livraison :<\/strong> 99% de performances \u00e0 temps avec le traitement des commandes, la meilleure visibilit\u00e9 de suivi de sa cat\u00e9gorie et la manutention professionnelle des petits colis aux colis surdimensionn\u00e9s.<\/li>\r\n<li><strong>Approche centr\u00e9e sur le client :<\/strong> Des \u00e9quipes d&#8217;assistance d\u00e9di\u00e9es, des rapports en temps r\u00e9el et des solutions proactives vous tiennent inform\u00e9 \u00e0 chaque \u00e9tape.<\/li>\r\n<\/ul>\r\n<h3>D\u00e9couvrez la diff\u00e9rence de Pr\u00e9cision<\/h3>\r\n<p>Associez-vous \u00e0 nous pour des livraisons fiables, flexibles et efficaces du dernier kilom\u00e8tre B2B et B2C.<\/p>\r\n<p>Contactez-nous d\u00e8s aujourd&#8217;hui au 1-800-387-7995 (EXT. 2428)<\/p>\r\n<p>Visitez-nous \u00e0<a href=\"http:\/\/www.precisiondeliveries.com\"> www.precisiondeliveries.com<\/a><\/p>\r\n<p>\u00a0<\/p>\r\n<h4>Comme c\u2019est le cas pour toutes les soci\u00e9t\u00e9s du groupe Fastfrate, nous offrons des solutions et de la visibilit\u00e9 de bout en bout<\/h4>\r\n<ul class=\"bullets-red\">\r\n<li>Mises \u00e0 jour et suivis en temps r\u00e9el<\/li>\r\n<li>Rapports et analyses \u00e9volu\u00e9s<\/li>\r\n<li>Traitement \u00e9lectronique des donn\u00e9es et connectivit\u00e9 Web<\/li>\r\n<li>Capacit\u00e9s futures pour la cha\u00eene de blocs et l\u2019intelligence artificielle<\/li>\r\n<\/ul>\r\n<\/div>\r\n<\/div>\r\n<\/div>\r\n<div class=\"col-md-2 col-sm-12 col-xs-12 black-col\">\r\n<div class=\"serviceRightHead hidden-sm hidden-xs\">Precision<\/div>\r\n<div class=\"\" style=\"margin-bottom: 15px;\"><a class=\"\" href=\"http:\/\/www.fastfrate.com\/wp-content\/uploads\/2024\/10\/Is-Your-Final-Mile-Delivery-Strategy-Leaving-You-Vulnerable.pdf\" target=\"_blank\" rel=\"noopener\"><img decoding=\"async\" class=\"\" style=\"border: 0; width: 100%;\" src=\"https:\/\/www.fastfrate.com\/wp-content\/uploads\/2024\/10\/Is-Your-Final-Mile-Delivery-Strategy-Leaving-You-Vulnerable-.png\" \/><\/a><\/div>\r\n<div class=\"downloadPDF\">\r\n<ul class=\"bg-ul\" style=\"margin-top: 15px;\">\r\n<li class=\"hover-cls btn-clk0 hover-cls-li-active first\"><a class=\"first\">Services de Pr\u00e9cision<\/a><\/li>\r\n<li class=\"hover-cls btn-clk0\"><a>LIVRAISON SUR LE DERNIER KILOM\u00c8TRE<\/a><\/li>\r\n<li class=\"hover-cls btn-clk1\"><a>LOGISTIQUE INVERSE<\/a><\/li>\r\n<li class=\"hover-cls btn-clk2\"><a>PR\u00c9L\u00c8VEMENT ET EMBALLAGE<\/a><\/li>\r\n<li class=\"hover-cls btn-clk3\"><a>GESTION DES COMMANDES DU COMMERCE EN LIGNE<\/a><\/li>\r\n<li class=\"hover-cls btn-clk3\"><a>FLOTTE D\u00c9DI\u00c9E ET NON-D\u00c9DI\u00c9E<\/a><\/li>\r\n<\/ul>\r\n<\/div>\r\n<div class=\"bg-person\">\r\n<div>\r\n<h2 class=\"bg-h2\">MA\u00ceTRISE ET VISIBILIT\u00c9 DE<br \/>BOUT EN BOUT<\/h2>\r\n<ul>\r\n<li>MISES \u00c0 JOUR ET SUIVIS EN TEMPS R\u00c9EL<\/li>\r\n<li>RAPPORTS ET ANALYSES \u00c9VOLU\u00c9S<\/li>\r\n<li>TRAITEMENT \u00c9LECTRONIQUE DES DONN\u00c9ES ET CONNECTIVIT\u00c9 WEB<\/li>\r\n<li>CAPACIT\u00c9S FUTURES POUR LA CHA\u00ceNE DE BLOCS ET L\u2019INTELLIGENCE ARTIFICIELLE<\/li>\r\n<\/ul>\r\n<\/div>\r\n<\/div>\r\n<div class=\"downloadPDF\"><a class=\"services-btn-download\" href=\"http:\/\/www.fastfrate.com\/wp-content\/uploads\/2021\/10\/Fastfrate Integrated Logistics Brochure2019_FRN.pdf\" target=\"_blank\" rel=\"noopener\"><img decoding=\"async\" src=\"https:\/\/www.fastfrate.com\/wp-content\/uploads\/2021\/10\/pdf-sm.png\" alt=\"PDF\" \/>T\u00e9l\u00e9charger PDF<\/a><\/div>\r\n<p><a href=\"#example\" data-toggle=\"modal\"><br \/><button class=\"formStyle input-xlarge LargeInput right-side-button\" style=\"margin-top: 8px;\">POUR NOUS JOINDRE<\/button><br \/><\/a><\/p>\r\n<\/div>\r\n<\/div>\r\n<\/div>\r\n<\/div>","protected":false},"excerpt":{"rendered":"<p>Companies Votre colis. Notre priorit\u00e9 L\u2019entreprise Pr\u00e9cision Parcel &amp; Package est l&#8217;un des principaux fournisseurs de services de livraison du dernier kilom\u00e8tre sous le groupe Fastfrate, ax\u00e9 \u00e0 fournir des solutions logistiques efficaces, fiables et holistiques. Nous pensons que l&#8217;exp\u00e9rience de livraison d\u00e9finit l&#8217;exp\u00e9rience client, et nous donnons la priorit\u00e9 \u00e0 cette croyance dans tous&hellip; <a class=\"more-link\" href=\"https:\/\/www.fastfrate.com\/fr\/societes-precision\/\">Continue reading <span class=\"screen-reader-text\">Soci\u00e9t\u00e9s Pr\u00e9cision<\/span><\/a><\/p>","protected":false},"author":2,"featured_media":0,"parent":0,"menu_order":0,"comment_status":"closed","ping_status":"closed","template":"page-main-fr.php","meta":{"_acf_changed":false,"footnotes":""},"categories":[8],"tags":[],"class_list":["post-57350","page","type-page","status-publish","hentry","category-fr","entry"],"acf":[],"yoast_head":"<!-- This site is optimized with the Yoast SEO plugin v27.3 - https:\/\/yoast.com\/product\/yoast-seo-wordpress\/ -->\n<title>Soci\u00e9t\u00e9s Pr\u00e9cision - The FastFrate Group<\/title>\n<meta name=\"robots\" content=\"index, follow, max-snippet:-1, max-image-preview:large, max-video-preview:-1\" \/>\n<link rel=\"canonical\" href=\"https:\/\/www.fastfrate.com\/fr\/societes-precision\/\" \/>\n<meta property=\"og:locale\" content=\"fr_CA\" \/>\n<meta property=\"og:type\" content=\"article\" \/>\n<meta property=\"og:title\" content=\"Soci\u00e9t\u00e9s Pr\u00e9cision - The FastFrate Group\" \/>\n<meta property=\"og:description\" content=\"Companies Votre colis. Notre priorit\u00e9 L\u2019entreprise Pr\u00e9cision Parcel &amp; Package est l&#8217;un des principaux fournisseurs de services de livraison du dernier kilom\u00e8tre sous le groupe Fastfrate, ax\u00e9 \u00e0 fournir des solutions logistiques efficaces, fiables et holistiques. Nous pensons que l&#8217;exp\u00e9rience de livraison d\u00e9finit l&#8217;exp\u00e9rience client, et nous donnons la priorit\u00e9 \u00e0 cette croyance dans tous&hellip; Continue reading Soci\u00e9t\u00e9s Pr\u00e9cision\" \/>\n<meta property=\"og:url\" content=\"https:\/\/www.fastfrate.com\/fr\/societes-precision\/\" \/>\n<meta property=\"og:site_name\" content=\"The FastFrate Group\" \/>\n<meta property=\"article:modified_time\" content=\"2025-05-15T11:28:53+00:00\" \/>\n<meta property=\"og:image\" content=\"http:\/\/www.fastfrate.com\/wp-content\/uploads\/2024\/09\/Untitled-design-2024-09-30T114736.289.png\" \/>\n<meta name=\"twitter:card\" content=\"summary_large_image\" \/>\n<meta name=\"twitter:label1\" content=\"Estimation du temps de lecture\" \/>\n\t<meta name=\"twitter:data1\" content=\"3 minutes\" \/>\n<script type=\"application\/ld+json\" class=\"yoast-schema-graph\">{\"@context\":\"https:\\\/\\\/schema.org\",\"@graph\":[{\"@type\":\"WebPage\",\"@id\":\"https:\\\/\\\/www.fastfrate.com\\\/fr\\\/societes-precision\\\/\",\"url\":\"https:\\\/\\\/www.fastfrate.com\\\/fr\\\/societes-precision\\\/\",\"name\":\"Soci\u00e9t\u00e9s Pr\u00e9cision - The FastFrate Group\",\"isPartOf\":{\"@id\":\"https:\\\/\\\/www.fastfrate.com\\\/fr\\\/#website\"},\"primaryImageOfPage\":{\"@id\":\"https:\\\/\\\/www.fastfrate.com\\\/fr\\\/societes-precision\\\/#primaryimage\"},\"image\":{\"@id\":\"https:\\\/\\\/www.fastfrate.com\\\/fr\\\/societes-precision\\\/#primaryimage\"},\"thumbnailUrl\":\"http:\\\/\\\/www.fastfrate.com\\\/wp-content\\\/uploads\\\/2024\\\/09\\\/Untitled-design-2024-09-30T114736.289.png\",\"datePublished\":\"2024-10-04T13:20:35+00:00\",\"dateModified\":\"2025-05-15T11:28:53+00:00\",\"breadcrumb\":{\"@id\":\"https:\\\/\\\/www.fastfrate.com\\\/fr\\\/societes-precision\\\/#breadcrumb\"},\"inLanguage\":\"fr-CA\",\"potentialAction\":[{\"@type\":\"ReadAction\",\"target\":[\"https:\\\/\\\/www.fastfrate.com\\\/fr\\\/societes-precision\\\/\"]}]},{\"@type\":\"ImageObject\",\"inLanguage\":\"fr-CA\",\"@id\":\"https:\\\/\\\/www.fastfrate.com\\\/fr\\\/societes-precision\\\/#primaryimage\",\"url\":\"http:\\\/\\\/www.fastfrate.com\\\/wp-content\\\/uploads\\\/2024\\\/09\\\/Untitled-design-2024-09-30T114736.289.png\",\"contentUrl\":\"http:\\\/\\\/www.fastfrate.com\\\/wp-content\\\/uploads\\\/2024\\\/09\\\/Untitled-design-2024-09-30T114736.289.png\"},{\"@type\":\"BreadcrumbList\",\"@id\":\"https:\\\/\\\/www.fastfrate.com\\\/fr\\\/societes-precision\\\/#breadcrumb\",\"itemListElement\":[{\"@type\":\"ListItem\",\"position\":1,\"name\":\"Home\",\"item\":\"https:\\\/\\\/www.fastfrate.com\\\/\"},{\"@type\":\"ListItem\",\"position\":2,\"name\":\"Soci\u00e9t\u00e9s Pr\u00e9cision\"}]},{\"@type\":\"WebSite\",\"@id\":\"https:\\\/\\\/www.fastfrate.com\\\/fr\\\/#website\",\"url\":\"https:\\\/\\\/www.fastfrate.com\\\/fr\\\/\",\"name\":\"The FastFrate Group\",\"description\":\"\",\"potentialAction\":[{\"@type\":\"SearchAction\",\"target\":{\"@type\":\"EntryPoint\",\"urlTemplate\":\"https:\\\/\\\/www.fastfrate.com\\\/fr\\\/?s={search_term_string}\"},\"query-input\":{\"@type\":\"PropertyValueSpecification\",\"valueRequired\":true,\"valueName\":\"search_term_string\"}}],\"inLanguage\":\"fr-CA\"}]}<\/script>\n<!-- \/ Yoast SEO plugin. -->","yoast_head_json":{"title":"Soci\u00e9t\u00e9s Pr\u00e9cision - The FastFrate Group","robots":{"index":"index","follow":"follow","max-snippet":"max-snippet:-1","max-image-preview":"max-image-preview:large","max-video-preview":"max-video-preview:-1"},"canonical":"https:\/\/www.fastfrate.com\/fr\/societes-precision\/","og_locale":"fr_CA","og_type":"article","og_title":"Soci\u00e9t\u00e9s Pr\u00e9cision - The FastFrate Group","og_description":"Companies Votre colis. Notre priorit\u00e9 L\u2019entreprise Pr\u00e9cision Parcel &amp; Package est l&#8217;un des principaux fournisseurs de services de livraison du dernier kilom\u00e8tre sous le groupe Fastfrate, ax\u00e9 \u00e0 fournir des solutions logistiques efficaces, fiables et holistiques. Nous pensons que l&#8217;exp\u00e9rience de livraison d\u00e9finit l&#8217;exp\u00e9rience client, et nous donnons la priorit\u00e9 \u00e0 cette croyance dans tous&hellip; Continue reading Soci\u00e9t\u00e9s Pr\u00e9cision","og_url":"https:\/\/www.fastfrate.com\/fr\/societes-precision\/","og_site_name":"The FastFrate Group","article_modified_time":"2025-05-15T11:28:53+00:00","og_image":[{"url":"http:\/\/www.fastfrate.com\/wp-content\/uploads\/2024\/09\/Untitled-design-2024-09-30T114736.289.png","type":"","width":"","height":""}],"twitter_card":"summary_large_image","twitter_misc":{"Estimation du temps de lecture":"3 minutes"},"schema":{"@context":"https:\/\/schema.org","@graph":[{"@type":"WebPage","@id":"https:\/\/www.fastfrate.com\/fr\/societes-precision\/","url":"https:\/\/www.fastfrate.com\/fr\/societes-precision\/","name":"Soci\u00e9t\u00e9s Pr\u00e9cision - The FastFrate Group","isPartOf":{"@id":"https:\/\/www.fastfrate.com\/fr\/#website"},"primaryImageOfPage":{"@id":"https:\/\/www.fastfrate.com\/fr\/societes-precision\/#primaryimage"},"image":{"@id":"https:\/\/www.fastfrate.com\/fr\/societes-precision\/#primaryimage"},"thumbnailUrl":"http:\/\/www.fastfrate.com\/wp-content\/uploads\/2024\/09\/Untitled-design-2024-09-30T114736.289.png","datePublished":"2024-10-04T13:20:35+00:00","dateModified":"2025-05-15T11:28:53+00:00","breadcrumb":{"@id":"https:\/\/www.fastfrate.com\/fr\/societes-precision\/#breadcrumb"},"inLanguage":"fr-CA","potentialAction":[{"@type":"ReadAction","target":["https:\/\/www.fastfrate.com\/fr\/societes-precision\/"]}]},{"@type":"ImageObject","inLanguage":"fr-CA","@id":"https:\/\/www.fastfrate.com\/fr\/societes-precision\/#primaryimage","url":"http:\/\/www.fastfrate.com\/wp-content\/uploads\/2024\/09\/Untitled-design-2024-09-30T114736.289.png","contentUrl":"http:\/\/www.fastfrate.com\/wp-content\/uploads\/2024\/09\/Untitled-design-2024-09-30T114736.289.png"},{"@type":"BreadcrumbList","@id":"https:\/\/www.fastfrate.com\/fr\/societes-precision\/#breadcrumb","itemListElement":[{"@type":"ListItem","position":1,"name":"Home","item":"https:\/\/www.fastfrate.com\/"},{"@type":"ListItem","position":2,"name":"Soci\u00e9t\u00e9s Pr\u00e9cision"}]},{"@type":"WebSite","@id":"https:\/\/www.fastfrate.com\/fr\/#website","url":"https:\/\/www.fastfrate.com\/fr\/","name":"The FastFrate Group","description":"","potentialAction":[{"@type":"SearchAction","target":{"@type":"EntryPoint","urlTemplate":"https:\/\/www.fastfrate.com\/fr\/?s={search_term_string}"},"query-input":{"@type":"PropertyValueSpecification","valueRequired":true,"valueName":"search_term_string"}}],"inLanguage":"fr-CA"}]}},"_links":{"self":[{"href":"https:\/\/www.fastfrate.com\/fr\/wp-json\/wp\/v2\/pages\/57350","targetHints":{"allow":["GET"]}}],"collection":[{"href":"https:\/\/www.fastfrate.com\/fr\/wp-json\/wp\/v2\/pages"}],"about":[{"href":"https:\/\/www.fastfrate.com\/fr\/wp-json\/wp\/v2\/types\/page"}],"author":[{"embeddable":true,"href":"https:\/\/www.fastfrate.com\/fr\/wp-json\/wp\/v2\/users\/2"}],"replies":[{"embeddable":true,"href":"https:\/\/www.fastfrate.com\/fr\/wp-json\/wp\/v2\/comments?post=57350"}],"version-history":[{"count":0,"href":"https:\/\/www.fastfrate.com\/fr\/wp-json\/wp\/v2\/pages\/57350\/revisions"}],"wp:attachment":[{"href":"https:\/\/www.fastfrate.com\/fr\/wp-json\/wp\/v2\/media?parent=57350"}],"wp:term":[{"taxonomy":"category","embeddable":true,"href":"https:\/\/www.fastfrate.com\/fr\/wp-json\/wp\/v2\/categories?post=57350"},{"taxonomy":"post_tag","embeddable":true,"href":"https:\/\/www.fastfrate.com\/fr\/wp-json\/wp\/v2\/tags?post=57350"}],"curies":[{"name":"wp","href":"https:\/\/api.w.org\/{rel}","templated":true}]}}