{"id":46102,"date":"2024-02-16T11:24:49","date_gmt":"2024-02-16T16:24:49","guid":{"rendered":"http:\/\/fastfrate-dev.local\/?page_id=46102"},"modified":"2026-04-13T08:21:02","modified_gmt":"2026-04-13T12:21:02","slug":"services-mexico-ftl","status":"publish","type":"page","link":"https:\/\/www.fastfrate.com\/fr\/services-mexico-ftl\/","title":{"rendered":"Mexico FTL"},"content":{"rendered":"<div id=\"PageWrapperHome\" class=\"Subpage SubpageWide mexico-connection-fr\">\r\n<div class=\"SubpageWrapper\">\r\n<div class=\"ContentSubpageFeature\">\u00a0<\/div>\r\n<div class=\"service-tab-wrapper\">\r\n<div class=\"container\">\r\n<div class=\"service-tab\">Services<span class=\"no-wrap vertical-line-wh\">Mexico<\/span><\/div>\r\n<\/div>\r\n<\/div>\r\n<div class=\"container breadcrumbs-container\">\u00a0<\/div>\r\n<div class=\"SubpageContentWrapper container\">\r\n<div class=\"ContentSubpageLeft col-md-7 col-sm-12 col-xs-12\">\r\n<div class=\"ContentBody\">\r\n<h1 class=\"serviceWarehouse-h1\">RATIONALISEZ VOTRE EXP\u00c9DITION AU CANADA ET AU MEXIQUE GR\u00c2CE \u00c0 LA LOGISTIQUE TRANSFRONTALI\u00c8RE DE FASTFRATE<\/h1>\r\n<h2 class=\"red\">B\u00e9n\u00e9ficiez d&#8217;un service de porte-\u00e0-porte transparent avec des d\u00e9parts quotidiens pour les exp\u00e9ditions \u00e0 chargement complet.<\/h2>\r\n<p>Les entreprises qui exp\u00e9dient entre le Canada et le Mexique ont besoin de solutions rapides et fiables. Notre collaboration avec le CPKC lance la <span style=\"color: #ff0000;\"><strong>SEULE ligne de chemin de fer directe entre le Canada et le Mexique,<\/strong><\/span> offrant une livraison s\u00e9curitaire et dans les d\u00e9lais pr\u00e9vus. B\u00e9n\u00e9ficiez d&#8217;un service de porte-\u00e0-porte transparent avec des d\u00e9parts quotidiens pour les exp\u00e9ditions \u00e0 chargement complet. Contrairement au processus d&#8217;exp\u00e9dition actuel qui implique g\u00e9n\u00e9ralement trois lignes ferroviaires pour transporter des marchandises au Mexique, notre service de ligne ferroviaire directe offre des temps de transit plus rapides pour votre commodit\u00e9.<\/p>\r\n<p>D\u00e9couvrez la seule ligne directe \u00e0 partir du Canada \u00e0 travers trois terminaux intermodaux au Mexique :<\/p>\r\n<ul>\r\n<li>Salinas Victoria (Monterrey), NL<\/li>\r\n<li>Inter port (San Luis Potos\u00ed), SL<\/li>\r\n<li>Puerta Mexico (Toluca), EM<\/li>\r\n<\/ul>\r\n<\/div>\r\n<h2><span style=\"color: #ff0000;\">Le choix de Fastfrate offre des avantages consid\u00e9rables aux entreprises \u00e0 la recherche de solutions de transport international efficaces.<\/span><\/h2>\r\n<p><strong>Vitesse de service :<\/strong> B\u00e9n\u00e9ficiez de temps de transit acc\u00e9l\u00e9r\u00e9s gr\u00e2ce \u00e0 sa ligne ferroviaire directe, qui contourne les points de congestion courants \u00e0 la fronti\u00e8re entre le Mexique et les \u00c9tats-Unis. Contrairement aux services non directs qui impliquent souvent des \u00e9changeurs, notre itin\u00e9raire direct assure un transport plus rapide et plus efficace des marchandises.<br \/><strong>La durabilit\u00e9 environnementale :<\/strong> <span class=\"OYPEnA text-decoration-none text-strikethrough-none\">L\u2019intermodal est la m\u00e9thode d\u2019exp\u00e9dition la plus \u00e9conome en carburant. Le transport ferroviaire, en moyenne, est quatre fois plus \u00e9conome en carburant que le transport routier. Assurez-vous d\u2019atteindre vos objectifs de durabilit\u00e9 et de faire votre part pour prot\u00e9ger l\u2019environnement aussi.<\/span><br \/><strong>Repr\u00e9sentants hispanophones :<\/strong> Des repr\u00e9sentants Fastfrate qui parlent couramment l&#8217;espagnol, facilitant une communication et une collaboration transparentes avec des clients et des partenaires hispanophones, assurant des op\u00e9rations logistiques efficaces sans barri\u00e8res linguistiques.<\/p>\r\n<h2><span style=\"color: #ff0000;\">Services de transport intermodal am\u00e9lior\u00e9s en direction nord et en direction sud<\/span><\/h2>\r\n<p><strong>Nous g\u00e9rons tous les aspects du processus d&#8217;exp\u00e9dition, de l&#8217;organisation du drayage d&#8217;origine \u00e0 la livraison finale, en offrant la tranquillit\u00e9 d&#8217;esprit et en vous permettant de vous concentrer sur votre entreprise.<\/strong><\/p>\r\n<p>ONotre service comprend l&#8217;organisation du drayage d&#8217;origine et l&#8217;envoi des exp\u00e9ditions aux rampes intermodales du CPKC, vous offrant une exp\u00e9rience de transport sans tracas. Notre \u00e9quipe peut g\u00e9rer les proc\u00e9dures douani\u00e8res n\u00e9cessaires, y compris l&#8217;\u00e9mission de cautionnements en transit, la soumission des documents requis et la conformit\u00e9 aux r\u00e9glementations douani\u00e8res canadiennes et mexicaines. En nous faisant confiance avec vos envois transfrontaliers, vous verrez des temps de transit r\u00e9duits aux fronti\u00e8res et un transport sans faille d&#8217;un quai \u00e0 l&#8217;autre, garantissant ainsi que votre cargaison reste s\u00e9curis\u00e9e. \u00c9vitez les retards co\u00fbteux et permettez-nous de vous aider \u00e0 faciliter un processus transfrontalier plus fluide entre le Canada et le Mexique.<\/p>\r\n<h2><span style=\"color: #ff0000;\">Solutions de s\u00e9curit\u00e9 frontali\u00e8re pour le transport transfrontalier<\/span><\/h2>\r\n<p>Nous accordons la priorit\u00e9 \u00e0 la s\u00e9curit\u00e9 en nous associant \u00e0 des transporteurs mexicains certifi\u00e9s C-TPAT (Customs Trade Partnership Against Terrorism) et \u00e0 des partenaires de drayage pour faciliter un processus s\u00e9curis\u00e9 et acc\u00e9l\u00e9r\u00e9. Cela garantit une visibilit\u00e9 en temps r\u00e9el des emplacements de vos marchandises, offrant une assurance tout au long du voyage de transport.<\/p>\r\n<p><em><strong>Pr\u00eat \u00e0 simplifier votre processus d&#8217;exp\u00e9dition transfrontali\u00e8re entre le Canada et le Mexique ? Contactez-nous d\u00e8s aujourd&#8217;hui pour en savoir plus sur nos services et sur la fa\u00e7on dont nous pouvons vous aider \u00e0 d\u00e9velopper votre entreprise. Laissez-nous g\u00e9rer la logistique pendant que vous vous concentrez sur votre succ\u00e8s.<\/strong><\/em><\/p>\r\n<div class=\"ContentBody\">\r\n<div><a class=\"contact-btn-red\" href=\"#contact\">Contact Us<\/a><\/div>\r\n<\/div>\r\n<\/div>\r\n<div id=\"form-right-unique\" class=\"ContentSubpageRight col-md-4 hidden-sm hidden-xs\">\r\n<div class=\"side-form\">\r\n<div class=\"serviceRightHead\">LOGISTIQUE<\/div>\r\n<div style=\"margin-bottom: 15px;\"><a href=\"http:\/\/www.fastfrate.com\/wp-content\/uploads\/2024\/02\/Avantage-dexpedition-Canada-et-Mexique-de-Fastfrate.pdf\"><img decoding=\"async\" style=\"border: 0; width: 100%;\" src=\"https:\/\/www.fastfrate.com\/wp-content\/uploads\/2024\/01\/Direct-Line-from-Canada-to-Mexico-PDF-2048-x-1638-px-2.png\" \/><\/a><\/div>\r\n<div class=\"downloadPDF\"><a class=\"services-btn-download\" href=\"http:\/\/www.fastfrate.com\/wp-content\/uploads\/2024\/02\/Avantage-dexpedition-Canada-et-Mexique-de-Fastfrate.pdf\" target=\"_blank\" rel=\"noopener\">T\u00e9l\u00e9chargez pour le savoir.<\/a><\/div>\r\n<\/div>\r\n<div class=\"form-header\">NOTRE \u00c9QUIPE N\u2019ATTEND QUE VOUS<\/div>\r\n<div class=\"form-header-sub\">Veuillez remplir le formulaire ci-dessous. Un de nos sp\u00e9cialistes vous r\u00e9pondra d\u2019ici le prochain jour ouvrable au plus tard.<\/div>\r\n\n<div class=\"wpcf7 no-js\" id=\"wpcf7-f1108-o1\" lang=\"en-CA\" dir=\"ltr\" data-wpcf7-id=\"1108\">\n<div class=\"screen-reader-response\"><p role=\"status\" aria-live=\"polite\" aria-atomic=\"true\"><\/p> <ul><\/ul><\/div>\n<form action=\"\/fr\/wp-json\/wp\/v2\/pages\/46102#wpcf7-f1108-o1\" method=\"post\" class=\"wpcf7-form init\" aria-label=\"Contact form\" novalidate=\"novalidate\" data-status=\"init\" data-trp-original-action=\"\/fr\/wp-json\/wp\/v2\/pages\/46102#wpcf7-f1108-o1\">\n<fieldset class=\"hidden-fields-container\"><input type=\"hidden\" name=\"_wpcf7\" value=\"1108\" \/><input type=\"hidden\" name=\"_wpcf7_version\" value=\"6.1.5\" \/><input type=\"hidden\" name=\"_wpcf7_locale\" value=\"en_CA\" \/><input type=\"hidden\" name=\"_wpcf7_unit_tag\" value=\"wpcf7-f1108-o1\" \/><input type=\"hidden\" name=\"_wpcf7_container_post\" value=\"0\" \/><input type=\"hidden\" name=\"_wpcf7_posted_data_hash\" value=\"\" \/><input type=\"hidden\" name=\"_wpcf7dtx_version\" value=\"5.0.5\" \/><input type=\"hidden\" name=\"_wpcf7_recaptcha_response\" value=\"\" \/>\n<\/fieldset>\n<p><label> <span class=\"asterix\">*<\/span>Pr\u00e9nom<br \/>\n<span class=\"wpcf7-form-control-wrap\" data-name=\"your-fname\"><input size=\"40\" maxlength=\"400\" class=\"wpcf7-form-control wpcf7-text wpcf7-validates-as-required\" aria-required=\"true\" aria-invalid=\"false\" value=\"\" type=\"text\" name=\"your-fname\" \/><\/span> <\/label><br \/>\n<label> <span class=\"asterix\">*<\/span>Nom de famille<br \/>\n<span class=\"wpcf7-form-control-wrap\" data-name=\"your-lname\"><input size=\"40\" maxlength=\"400\" class=\"wpcf7-form-control wpcf7-text wpcf7-validates-as-required\" aria-required=\"true\" aria-invalid=\"false\" value=\"\" type=\"text\" name=\"your-lname\" \/><\/span> <\/label><br \/>\n<label> <span class=\"asterix\">*<\/span>Nom de l'entreprise<br \/>\n<span class=\"wpcf7-form-control-wrap\" data-name=\"your-company\"><input size=\"40\" maxlength=\"400\" class=\"wpcf7-form-control wpcf7-text wpcf7-validates-as-required\" aria-required=\"true\" aria-invalid=\"false\" value=\"\" type=\"text\" name=\"your-company\" \/><\/span> <\/label><br \/>\n<label> Num\u00e9ro de t\u00e9l\u00e9phone<br \/>\n<span class=\"wpcf7-form-control-wrap\" data-name=\"your-phone\"><input size=\"40\" maxlength=\"400\" class=\"wpcf7-form-control wpcf7-text\" aria-invalid=\"false\" value=\"\" type=\"text\" name=\"your-phone\" \/><\/span> <\/label><br \/>\n<label> <span class=\"asterix\">*<\/span>Courriel<br \/>\n<span class=\"wpcf7-form-control-wrap\" data-name=\"your-email\"><input size=\"40\" maxlength=\"400\" class=\"wpcf7-form-control wpcf7-email wpcf7-validates-as-required wpcf7-text wpcf7-validates-as-email\" aria-required=\"true\" aria-invalid=\"false\" value=\"\" type=\"email\" name=\"your-email\" \/><\/span> <\/label><br \/>\n<label> Commentaires<br \/>\n<span class=\"wpcf7-form-control-wrap\" data-name=\"your-message\"><textarea cols=\"40\" rows=\"10\" maxlength=\"2000\" class=\"wpcf7-form-control wpcf7-textarea\" aria-invalid=\"false\" name=\"your-message\"><\/textarea><\/span> <\/label><br \/>\n<span id=\"wpcf7-69f5c8013636f-wrapper\" class=\"wpcf7-form-control-wrap honeypot-81-wrap\" style=\"display:none !important; visibility:hidden !important;\"><label for=\"wpcf7-69f5c8013636f-field\" class=\"hp-message\">Please leave this field empty.<\/label><input id=\"wpcf7-69f5c8013636f-field\"  class=\"wpcf7-form-control wpcf7-text\" type=\"text\" name=\"honeypot-81\" value=\"\" size=\"40\" tabindex=\"-1\" autocomplete=\"new-password\" \/><\/span><br \/>\n<input class=\"wpcf7-form-control wpcf7-submit has-spinner\" type=\"submit\" value=\"Soumettre\" \/>\n<\/p>\n<p class=\"rc-Disclaimer\"><br \/>\nCe site est prot\u00e9g\u00e9 par <strong>reCAPTCHA<\/strong>. <a href=\"https:\/\/policies.google.com\/privacy\"><strong>Les r\u00e8gles de confidentialit\u00e9<\/strong><\/a> et les <a href=\"https:\/\/policies.google.com\/terms\"><strong>conditions d\u2019utilisation<\/strong><\/a> de Google s\u2019appliquent.\n<\/p>\n<input class=\"wpcf7-form-control wpcf7-hidden\" value=\"\" type=\"hidden\" name=\"utm_source\" \/>\n<input class=\"wpcf7-form-control wpcf7-hidden\" value=\"\" type=\"hidden\" name=\"utm_medium\" \/>\n<input class=\"wpcf7-form-control wpcf7-hidden\" value=\"\" type=\"hidden\" name=\"utm_campaign\" \/>\n<input class=\"wpcf7-form-control wpcf7-hidden\" value=\"\" type=\"hidden\" name=\"utm_term\" \/>\n<input class=\"wpcf7-form-control wpcf7-hidden\" value=\"\" type=\"hidden\" name=\"utm_content\" \/><input type='hidden' class='wpcf7-pum' value='{\"closepopup\":false,\"closedelay\":0,\"openpopup\":false,\"openpopup_id\":0}' \/><div class=\"wpcf7-response-output\" aria-hidden=\"true\"><\/div>\n<input type=\"hidden\" name=\"trp-form-language\" value=\"fr\"\/><\/form>\n<\/div>\n\r\n<\/div>\r\n<div style=\"margin: 15px auto;\">\u00a0<\/div>\r\n<\/div>\r\n<p><a href=\"#example\" data-toggle=\"modal\">\u00a0<\/a><\/p>\r\n<\/div>\r\n<p><a href=\"#example\" data-toggle=\"modal\">\u00a0<\/a><\/p>\r\n<\/div>","protected":false},"excerpt":{"rendered":"<p>\u00a0 ServicesMexico \u00a0 RATIONALISEZ VOTRE EXP\u00c9DITION AU CANADA ET AU MEXIQUE GR\u00c2CE \u00c0 LA LOGISTIQUE TRANSFRONTALI\u00c8RE DE FASTFRATE B\u00e9n\u00e9ficiez d&#8217;un service de porte-\u00e0-porte transparent avec des d\u00e9parts quotidiens pour les exp\u00e9ditions \u00e0 chargement complet. Les entreprises qui exp\u00e9dient entre le Canada et le Mexique ont besoin de solutions rapides et fiables. Notre collaboration avec le&hellip; <a class=\"more-link\" href=\"https:\/\/www.fastfrate.com\/fr\/services-mexico-ftl\/\">Continue reading <span class=\"screen-reader-text\">Mexico FTL<\/span><\/a><\/p>","protected":false},"author":2,"featured_media":0,"parent":0,"menu_order":0,"comment_status":"closed","ping_status":"closed","template":"page-services-fr.php","meta":{"_acf_changed":false,"footnotes":""},"class_list":["post-46102","page","type-page","status-publish","hentry","entry"],"acf":[],"yoast_head":"<!-- This site is optimized with the Yoast SEO plugin v27.5 - https:\/\/yoast.com\/product\/yoast-seo-wordpress\/ -->\n<title>Transport FTL vers le Mexique | Logistique et Distribution | Fastfrate<\/title>\n<meta name=\"description\" content=\"Fastfrate propose des solutions de transport FTL vers le Mexique, offrant des services logistiques fiables pour vos besoins de distribution transfrontali\u00e8re.\" \/>\n<meta name=\"robots\" content=\"index, follow, max-snippet:-1, max-image-preview:large, max-video-preview:-1\" \/>\n<link rel=\"canonical\" href=\"https:\/\/www.fastfrate.com\/fr\/services-mexico-ftl\/\" \/>\n<meta property=\"og:locale\" content=\"fr_CA\" \/>\n<meta property=\"og:type\" content=\"article\" \/>\n<meta property=\"og:title\" content=\"Transport FTL vers le Mexique | Logistique et Distribution | Fastfrate\" \/>\n<meta property=\"og:description\" content=\"Fastfrate propose des solutions de transport FTL vers le Mexique, offrant des services logistiques fiables pour vos besoins de distribution transfrontali\u00e8re.\" \/>\n<meta property=\"og:url\" content=\"https:\/\/www.fastfrate.com\/fr\/services-mexico-ftl\/\" \/>\n<meta property=\"og:site_name\" content=\"The FastFrate Group\" \/>\n<meta property=\"article:modified_time\" content=\"2026-04-13T12:21:02+00:00\" \/>\n<meta property=\"og:image\" content=\"http:\/\/www.fastfrate.com\/wp-content\/uploads\/2024\/01\/Direct-Line-from-Canada-to-Mexico-PDF-2048-x-1638-px-2.png\" \/>\n<meta name=\"twitter:card\" content=\"summary_large_image\" \/>\n<meta name=\"twitter:label1\" content=\"Estimation du temps de lecture\" \/>\n\t<meta name=\"twitter:data1\" content=\"3 minutes\" \/>\n<script type=\"application\/ld+json\" class=\"yoast-schema-graph\">{\"@context\":\"https:\\\/\\\/schema.org\",\"@graph\":[{\"@type\":\"WebPage\",\"@id\":\"https:\\\/\\\/www.fastfrate.com\\\/fr\\\/services-mexico-ftl\\\/\",\"url\":\"https:\\\/\\\/www.fastfrate.com\\\/fr\\\/services-mexico-ftl\\\/\",\"name\":\"Transport FTL vers le Mexique | Logistique et Distribution | Fastfrate\",\"isPartOf\":{\"@id\":\"https:\\\/\\\/www.fastfrate.com\\\/fr\\\/#website\"},\"primaryImageOfPage\":{\"@id\":\"https:\\\/\\\/www.fastfrate.com\\\/fr\\\/services-mexico-ftl\\\/#primaryimage\"},\"image\":{\"@id\":\"https:\\\/\\\/www.fastfrate.com\\\/fr\\\/services-mexico-ftl\\\/#primaryimage\"},\"thumbnailUrl\":\"http:\\\/\\\/www.fastfrate.com\\\/wp-content\\\/uploads\\\/2024\\\/01\\\/Direct-Line-from-Canada-to-Mexico-PDF-2048-x-1638-px-2.png\",\"datePublished\":\"2024-02-16T16:24:49+00:00\",\"dateModified\":\"2026-04-13T12:21:02+00:00\",\"description\":\"Fastfrate propose des solutions de transport FTL vers le Mexique, offrant des services logistiques fiables pour vos besoins de distribution transfrontali\u00e8re.\",\"breadcrumb\":{\"@id\":\"https:\\\/\\\/www.fastfrate.com\\\/fr\\\/services-mexico-ftl\\\/#breadcrumb\"},\"inLanguage\":\"fr-CA\",\"potentialAction\":[{\"@type\":\"ReadAction\",\"target\":[\"https:\\\/\\\/www.fastfrate.com\\\/fr\\\/services-mexico-ftl\\\/\"]}]},{\"@type\":\"ImageObject\",\"inLanguage\":\"fr-CA\",\"@id\":\"https:\\\/\\\/www.fastfrate.com\\\/fr\\\/services-mexico-ftl\\\/#primaryimage\",\"url\":\"http:\\\/\\\/www.fastfrate.com\\\/wp-content\\\/uploads\\\/2024\\\/01\\\/Direct-Line-from-Canada-to-Mexico-PDF-2048-x-1638-px-2.png\",\"contentUrl\":\"http:\\\/\\\/www.fastfrate.com\\\/wp-content\\\/uploads\\\/2024\\\/01\\\/Direct-Line-from-Canada-to-Mexico-PDF-2048-x-1638-px-2.png\"},{\"@type\":\"BreadcrumbList\",\"@id\":\"https:\\\/\\\/www.fastfrate.com\\\/fr\\\/services-mexico-ftl\\\/#breadcrumb\",\"itemListElement\":[{\"@type\":\"ListItem\",\"position\":1,\"name\":\"Home\",\"item\":\"https:\\\/\\\/www.fastfrate.com\\\/\"},{\"@type\":\"ListItem\",\"position\":2,\"name\":\"Mexico FTL\"}]},{\"@type\":\"WebSite\",\"@id\":\"https:\\\/\\\/www.fastfrate.com\\\/fr\\\/#website\",\"url\":\"https:\\\/\\\/www.fastfrate.com\\\/fr\\\/\",\"name\":\"The FastFrate Group\",\"description\":\"\",\"potentialAction\":[{\"@type\":\"SearchAction\",\"target\":{\"@type\":\"EntryPoint\",\"urlTemplate\":\"https:\\\/\\\/www.fastfrate.com\\\/fr\\\/?s={search_term_string}\"},\"query-input\":{\"@type\":\"PropertyValueSpecification\",\"valueRequired\":true,\"valueName\":\"search_term_string\"}}],\"inLanguage\":\"fr-CA\"}]}<\/script>\n<!-- \/ Yoast SEO plugin. -->","yoast_head_json":{"title":"Transport FTL vers le Mexique | Logistique et Distribution | Fastfrate","description":"Fastfrate propose des solutions de transport FTL vers le Mexique, offrant des services logistiques fiables pour vos besoins de distribution transfrontali\u00e8re.","robots":{"index":"index","follow":"follow","max-snippet":"max-snippet:-1","max-image-preview":"max-image-preview:large","max-video-preview":"max-video-preview:-1"},"canonical":"https:\/\/www.fastfrate.com\/fr\/services-mexico-ftl\/","og_locale":"fr_CA","og_type":"article","og_title":"Transport FTL vers le Mexique | Logistique et Distribution | Fastfrate","og_description":"Fastfrate propose des solutions de transport FTL vers le Mexique, offrant des services logistiques fiables pour vos besoins de distribution transfrontali\u00e8re.","og_url":"https:\/\/www.fastfrate.com\/fr\/services-mexico-ftl\/","og_site_name":"The FastFrate Group","article_modified_time":"2026-04-13T12:21:02+00:00","og_image":[{"url":"http:\/\/www.fastfrate.com\/wp-content\/uploads\/2024\/01\/Direct-Line-from-Canada-to-Mexico-PDF-2048-x-1638-px-2.png","type":"","width":"","height":""}],"twitter_card":"summary_large_image","twitter_misc":{"Estimation du temps de lecture":"3 minutes"},"schema":{"@context":"https:\/\/schema.org","@graph":[{"@type":"WebPage","@id":"https:\/\/www.fastfrate.com\/fr\/services-mexico-ftl\/","url":"https:\/\/www.fastfrate.com\/fr\/services-mexico-ftl\/","name":"Transport FTL vers le Mexique | Logistique et Distribution | Fastfrate","isPartOf":{"@id":"https:\/\/www.fastfrate.com\/fr\/#website"},"primaryImageOfPage":{"@id":"https:\/\/www.fastfrate.com\/fr\/services-mexico-ftl\/#primaryimage"},"image":{"@id":"https:\/\/www.fastfrate.com\/fr\/services-mexico-ftl\/#primaryimage"},"thumbnailUrl":"http:\/\/www.fastfrate.com\/wp-content\/uploads\/2024\/01\/Direct-Line-from-Canada-to-Mexico-PDF-2048-x-1638-px-2.png","datePublished":"2024-02-16T16:24:49+00:00","dateModified":"2026-04-13T12:21:02+00:00","description":"Fastfrate propose des solutions de transport FTL vers le Mexique, offrant des services logistiques fiables pour vos besoins de distribution transfrontali\u00e8re.","breadcrumb":{"@id":"https:\/\/www.fastfrate.com\/fr\/services-mexico-ftl\/#breadcrumb"},"inLanguage":"fr-CA","potentialAction":[{"@type":"ReadAction","target":["https:\/\/www.fastfrate.com\/fr\/services-mexico-ftl\/"]}]},{"@type":"ImageObject","inLanguage":"fr-CA","@id":"https:\/\/www.fastfrate.com\/fr\/services-mexico-ftl\/#primaryimage","url":"http:\/\/www.fastfrate.com\/wp-content\/uploads\/2024\/01\/Direct-Line-from-Canada-to-Mexico-PDF-2048-x-1638-px-2.png","contentUrl":"http:\/\/www.fastfrate.com\/wp-content\/uploads\/2024\/01\/Direct-Line-from-Canada-to-Mexico-PDF-2048-x-1638-px-2.png"},{"@type":"BreadcrumbList","@id":"https:\/\/www.fastfrate.com\/fr\/services-mexico-ftl\/#breadcrumb","itemListElement":[{"@type":"ListItem","position":1,"name":"Home","item":"https:\/\/www.fastfrate.com\/"},{"@type":"ListItem","position":2,"name":"Mexico FTL"}]},{"@type":"WebSite","@id":"https:\/\/www.fastfrate.com\/fr\/#website","url":"https:\/\/www.fastfrate.com\/fr\/","name":"The FastFrate Group","description":"","potentialAction":[{"@type":"SearchAction","target":{"@type":"EntryPoint","urlTemplate":"https:\/\/www.fastfrate.com\/fr\/?s={search_term_string}"},"query-input":{"@type":"PropertyValueSpecification","valueRequired":true,"valueName":"search_term_string"}}],"inLanguage":"fr-CA"}]}},"_links":{"self":[{"href":"https:\/\/www.fastfrate.com\/fr\/wp-json\/wp\/v2\/pages\/46102","targetHints":{"allow":["GET"]}}],"collection":[{"href":"https:\/\/www.fastfrate.com\/fr\/wp-json\/wp\/v2\/pages"}],"about":[{"href":"https:\/\/www.fastfrate.com\/fr\/wp-json\/wp\/v2\/types\/page"}],"author":[{"embeddable":true,"href":"https:\/\/www.fastfrate.com\/fr\/wp-json\/wp\/v2\/users\/2"}],"replies":[{"embeddable":true,"href":"https:\/\/www.fastfrate.com\/fr\/wp-json\/wp\/v2\/comments?post=46102"}],"version-history":[{"count":0,"href":"https:\/\/www.fastfrate.com\/fr\/wp-json\/wp\/v2\/pages\/46102\/revisions"}],"wp:attachment":[{"href":"https:\/\/www.fastfrate.com\/fr\/wp-json\/wp\/v2\/media?parent=46102"}],"curies":[{"name":"wp","href":"https:\/\/api.w.org\/{rel}","templated":true}]}}