{"id":45093,"date":"2021-10-18T13:02:16","date_gmt":"2021-10-18T17:02:16","guid":{"rendered":"http:\/\/fastfrate-dev.local\/?page_id=45093"},"modified":"2024-07-12T14:43:42","modified_gmt":"2024-07-12T18:43:42","slug":"frate-express-horaires-de-transit","status":"publish","type":"page","link":"https:\/\/www.fastfrate.com\/fr\/horaires-de-transit-2\/","title":{"rendered":"FRATE EXPRESS TEMPS DE TRANSIT"},"content":{"rendered":"<div id=\"PageWrapperHome\" class=\"section1 Subpage SubpageStandard DemandManagement\">\n<div class=\"SubpageWrapper\">\n<div class=\"SubpageContentWrapper container\">\n<div class=\"ContentSubpageLeft col-md-12 col-sm-12 col-xs-12\">\n<div class=\"breadcrum-top\">TERRITOIRE ET TEMPS DE TRANSIT<\/div>\n<div class=\"breadcrum-bottom\">FRATE EXPRESS TEMPS DE TRANSIT<\/div>\n<div class=\"ContentBody\">\n<h2 class=\"red h2-transit-times\">SERVICE INTERMODAL POUR CHARGEMENTS PARTIELS<\/h2>\n<h4>DE TORONTO (TERMINAL \u00c0 TERMINAL)<\/h4>\n<\/div>\n<p><img decoding=\"async\" class=\"wp-image-45076 aligncenter\" src=\"https:\/\/www.fastfrate.com\/wp-content\/uploads\/2024\/01\/FastFrateGroup-Heat-Map-Toronto-scaled.jpg\" alt=\"\" width=\"900\" height=\"600\" \/><\/p>\n<div class=\"ContentBody\">\n<h2 class=\"red h2-transit-times\">SERVICE INTERMODAL POUR CHARGEMENTS PARTIELS<\/h2>\n<h4>DE MONTREAL (TERMINAL \u00c0 TERMINAL)<\/h4>\n<p><img decoding=\"async\" class=\"wp-image-45077 aligncenter\" src=\"https:\/\/www.fastfrate.com\/wp-content\/uploads\/2024\/01\/FastFrateGroup-Heat-Map-Montreal-scaled.jpg\" alt=\"\" width=\"900\" height=\"600\" \/><\/p>\n<\/div>\n<\/div>\n<\/div>\n<\/div>\n<\/div>","protected":false},"excerpt":{"rendered":"<p>TERRITOIRE ET TEMPS DE TRANSIT FRATE EXPRESS TEMPS DE TRANSIT SERVICE INTERMODAL POUR CHARGEMENTS PARTIELS DE TORONTO (TERMINAL \u00c0 TERMINAL) SERVICE INTERMODAL POUR CHARGEMENTS PARTIELS DE MONTREAL (TERMINAL \u00c0 TERMINAL)<\/p>","protected":false},"author":1,"featured_media":0,"parent":0,"menu_order":0,"comment_status":"closed","ping_status":"closed","template":"page-nosidebar.php","meta":{"_acf_changed":false,"footnotes":""},"categories":[8],"tags":[],"class_list":["post-45093","page","type-page","status-publish","hentry","category-fr","entry"],"acf":[],"yoast_head":"<!-- This site is optimized with the Yoast SEO plugin v27.4 - https:\/\/yoast.com\/product\/yoast-seo-wordpress\/ -->\n<title>Temps de transit, chargements partiels, chargements complets | Fastfrate Express<\/title>\n<meta name=\"description\" content=\"D\u00e9couvrez les solutions de Fastfrate Express : temps de transit rapides, chargements partiels et complets. Fiabilit\u00e9 et efficacit\u00e9 pour tous vos besoins de transport.\" \/>\n<meta name=\"robots\" content=\"index, follow, max-snippet:-1, max-image-preview:large, max-video-preview:-1\" \/>\n<link rel=\"canonical\" href=\"https:\/\/www.fastfrate.com\/fr\/horaires-de-transit-2\/\" \/>\n<meta property=\"og:locale\" content=\"fr_CA\" \/>\n<meta property=\"og:type\" content=\"article\" \/>\n<meta property=\"og:title\" content=\"Temps de transit, chargements partiels, chargements complets | Fastfrate Express\" \/>\n<meta property=\"og:description\" content=\"D\u00e9couvrez les solutions de Fastfrate Express : temps de transit rapides, chargements partiels et complets. Fiabilit\u00e9 et efficacit\u00e9 pour tous vos besoins de transport.\" \/>\n<meta property=\"og:url\" content=\"https:\/\/www.fastfrate.com\/fr\/horaires-de-transit-2\/\" \/>\n<meta property=\"og:site_name\" content=\"The FastFrate Group\" \/>\n<meta property=\"article:modified_time\" content=\"2024-07-12T18:43:42+00:00\" \/>\n<meta property=\"og:image\" content=\"http:\/\/www.fastfrate.com\/wp-content\/uploads\/2024\/01\/FastFrateGroup-Heat-Map-Toronto-scaled.jpg\" \/>\n<meta name=\"twitter:card\" content=\"summary_large_image\" \/>\n<meta name=\"twitter:label1\" content=\"Estimation du temps de lecture\" \/>\n\t<meta name=\"twitter:data1\" content=\"3 minutes\" \/>\n<script type=\"application\/ld+json\" class=\"yoast-schema-graph\">{\"@context\":\"https:\\\/\\\/schema.org\",\"@graph\":[{\"@type\":\"WebPage\",\"@id\":\"https:\\\/\\\/www.fastfrate.com\\\/fr\\\/horaires-de-transit-2\\\/\",\"url\":\"https:\\\/\\\/www.fastfrate.com\\\/fr\\\/horaires-de-transit-2\\\/\",\"name\":\"Temps de transit, chargements partiels, chargements complets | Fastfrate Express\",\"isPartOf\":{\"@id\":\"https:\\\/\\\/www.fastfrate.com\\\/fr\\\/#website\"},\"primaryImageOfPage\":{\"@id\":\"https:\\\/\\\/www.fastfrate.com\\\/fr\\\/horaires-de-transit-2\\\/#primaryimage\"},\"image\":{\"@id\":\"https:\\\/\\\/www.fastfrate.com\\\/fr\\\/horaires-de-transit-2\\\/#primaryimage\"},\"thumbnailUrl\":\"http:\\\/\\\/www.fastfrate.com\\\/wp-content\\\/uploads\\\/2024\\\/01\\\/FastFrateGroup-Heat-Map-Toronto-scaled.jpg\",\"datePublished\":\"2021-10-18T17:02:16+00:00\",\"dateModified\":\"2024-07-12T18:43:42+00:00\",\"description\":\"D\u00e9couvrez les solutions de Fastfrate Express : temps de transit rapides, chargements partiels et complets. Fiabilit\u00e9 et efficacit\u00e9 pour tous vos besoins de transport.\",\"breadcrumb\":{\"@id\":\"https:\\\/\\\/www.fastfrate.com\\\/fr\\\/horaires-de-transit-2\\\/#breadcrumb\"},\"inLanguage\":\"fr-CA\",\"potentialAction\":[{\"@type\":\"ReadAction\",\"target\":[\"https:\\\/\\\/www.fastfrate.com\\\/fr\\\/horaires-de-transit-2\\\/\"]}]},{\"@type\":\"ImageObject\",\"inLanguage\":\"fr-CA\",\"@id\":\"https:\\\/\\\/www.fastfrate.com\\\/fr\\\/horaires-de-transit-2\\\/#primaryimage\",\"url\":\"http:\\\/\\\/www.fastfrate.com\\\/wp-content\\\/uploads\\\/2024\\\/01\\\/FastFrateGroup-Heat-Map-Toronto-scaled.jpg\",\"contentUrl\":\"http:\\\/\\\/www.fastfrate.com\\\/wp-content\\\/uploads\\\/2024\\\/01\\\/FastFrateGroup-Heat-Map-Toronto-scaled.jpg\"},{\"@type\":\"BreadcrumbList\",\"@id\":\"https:\\\/\\\/www.fastfrate.com\\\/fr\\\/horaires-de-transit-2\\\/#breadcrumb\",\"itemListElement\":[{\"@type\":\"ListItem\",\"position\":1,\"name\":\"Home\",\"item\":\"https:\\\/\\\/www.fastfrate.com\\\/\"},{\"@type\":\"ListItem\",\"position\":2,\"name\":\"FRATE EXPRESS TEMPS DE TRANSIT\"}]},{\"@type\":\"WebSite\",\"@id\":\"https:\\\/\\\/www.fastfrate.com\\\/fr\\\/#website\",\"url\":\"https:\\\/\\\/www.fastfrate.com\\\/fr\\\/\",\"name\":\"The FastFrate Group\",\"description\":\"\",\"potentialAction\":[{\"@type\":\"SearchAction\",\"target\":{\"@type\":\"EntryPoint\",\"urlTemplate\":\"https:\\\/\\\/www.fastfrate.com\\\/fr\\\/?s={search_term_string}\"},\"query-input\":{\"@type\":\"PropertyValueSpecification\",\"valueRequired\":true,\"valueName\":\"search_term_string\"}}],\"inLanguage\":\"fr-CA\"}]}<\/script>\n<!-- \/ Yoast SEO plugin. -->","yoast_head_json":{"title":"Temps de transit, chargements partiels, chargements complets | Fastfrate Express","description":"D\u00e9couvrez les solutions de Fastfrate Express : temps de transit rapides, chargements partiels et complets. Fiabilit\u00e9 et efficacit\u00e9 pour tous vos besoins de transport.","robots":{"index":"index","follow":"follow","max-snippet":"max-snippet:-1","max-image-preview":"max-image-preview:large","max-video-preview":"max-video-preview:-1"},"canonical":"https:\/\/www.fastfrate.com\/fr\/horaires-de-transit-2\/","og_locale":"fr_CA","og_type":"article","og_title":"Temps de transit, chargements partiels, chargements complets | Fastfrate Express","og_description":"D\u00e9couvrez les solutions de Fastfrate Express : temps de transit rapides, chargements partiels et complets. Fiabilit\u00e9 et efficacit\u00e9 pour tous vos besoins de transport.","og_url":"https:\/\/www.fastfrate.com\/fr\/horaires-de-transit-2\/","og_site_name":"The FastFrate Group","article_modified_time":"2024-07-12T18:43:42+00:00","og_image":[{"url":"http:\/\/www.fastfrate.com\/wp-content\/uploads\/2024\/01\/FastFrateGroup-Heat-Map-Toronto-scaled.jpg","type":"","width":"","height":""}],"twitter_card":"summary_large_image","twitter_misc":{"Estimation du temps de lecture":"3 minutes"},"schema":{"@context":"https:\/\/schema.org","@graph":[{"@type":"WebPage","@id":"https:\/\/www.fastfrate.com\/fr\/horaires-de-transit-2\/","url":"https:\/\/www.fastfrate.com\/fr\/horaires-de-transit-2\/","name":"Temps de transit, chargements partiels, chargements complets | Fastfrate Express","isPartOf":{"@id":"https:\/\/www.fastfrate.com\/fr\/#website"},"primaryImageOfPage":{"@id":"https:\/\/www.fastfrate.com\/fr\/horaires-de-transit-2\/#primaryimage"},"image":{"@id":"https:\/\/www.fastfrate.com\/fr\/horaires-de-transit-2\/#primaryimage"},"thumbnailUrl":"http:\/\/www.fastfrate.com\/wp-content\/uploads\/2024\/01\/FastFrateGroup-Heat-Map-Toronto-scaled.jpg","datePublished":"2021-10-18T17:02:16+00:00","dateModified":"2024-07-12T18:43:42+00:00","description":"D\u00e9couvrez les solutions de Fastfrate Express : temps de transit rapides, chargements partiels et complets. Fiabilit\u00e9 et efficacit\u00e9 pour tous vos besoins de transport.","breadcrumb":{"@id":"https:\/\/www.fastfrate.com\/fr\/horaires-de-transit-2\/#breadcrumb"},"inLanguage":"fr-CA","potentialAction":[{"@type":"ReadAction","target":["https:\/\/www.fastfrate.com\/fr\/horaires-de-transit-2\/"]}]},{"@type":"ImageObject","inLanguage":"fr-CA","@id":"https:\/\/www.fastfrate.com\/fr\/horaires-de-transit-2\/#primaryimage","url":"http:\/\/www.fastfrate.com\/wp-content\/uploads\/2024\/01\/FastFrateGroup-Heat-Map-Toronto-scaled.jpg","contentUrl":"http:\/\/www.fastfrate.com\/wp-content\/uploads\/2024\/01\/FastFrateGroup-Heat-Map-Toronto-scaled.jpg"},{"@type":"BreadcrumbList","@id":"https:\/\/www.fastfrate.com\/fr\/horaires-de-transit-2\/#breadcrumb","itemListElement":[{"@type":"ListItem","position":1,"name":"Home","item":"https:\/\/www.fastfrate.com\/"},{"@type":"ListItem","position":2,"name":"FRATE EXPRESS TEMPS DE TRANSIT"}]},{"@type":"WebSite","@id":"https:\/\/www.fastfrate.com\/fr\/#website","url":"https:\/\/www.fastfrate.com\/fr\/","name":"The FastFrate Group","description":"","potentialAction":[{"@type":"SearchAction","target":{"@type":"EntryPoint","urlTemplate":"https:\/\/www.fastfrate.com\/fr\/?s={search_term_string}"},"query-input":{"@type":"PropertyValueSpecification","valueRequired":true,"valueName":"search_term_string"}}],"inLanguage":"fr-CA"}]}},"_links":{"self":[{"href":"https:\/\/www.fastfrate.com\/fr\/wp-json\/wp\/v2\/pages\/45093","targetHints":{"allow":["GET"]}}],"collection":[{"href":"https:\/\/www.fastfrate.com\/fr\/wp-json\/wp\/v2\/pages"}],"about":[{"href":"https:\/\/www.fastfrate.com\/fr\/wp-json\/wp\/v2\/types\/page"}],"author":[{"embeddable":true,"href":"https:\/\/www.fastfrate.com\/fr\/wp-json\/wp\/v2\/users\/1"}],"replies":[{"embeddable":true,"href":"https:\/\/www.fastfrate.com\/fr\/wp-json\/wp\/v2\/comments?post=45093"}],"version-history":[{"count":0,"href":"https:\/\/www.fastfrate.com\/fr\/wp-json\/wp\/v2\/pages\/45093\/revisions"}],"wp:attachment":[{"href":"https:\/\/www.fastfrate.com\/fr\/wp-json\/wp\/v2\/media?parent=45093"}],"wp:term":[{"taxonomy":"category","embeddable":true,"href":"https:\/\/www.fastfrate.com\/fr\/wp-json\/wp\/v2\/categories?post=45093"},{"taxonomy":"post_tag","embeddable":true,"href":"https:\/\/www.fastfrate.com\/fr\/wp-json\/wp\/v2\/tags?post=45093"}],"curies":[{"name":"wp","href":"https:\/\/api.w.org\/{rel}","templated":true}]}}