{"id":30374,"date":"2021-10-18T13:03:09","date_gmt":"2021-10-18T17:03:09","guid":{"rendered":"http:\/\/fastfrate-dev.local\/?page_id=30374"},"modified":"2025-06-17T15:58:02","modified_gmt":"2025-06-17T19:58:02","slug":"nouvelles-et-legales","status":"publish","type":"page","link":"https:\/\/www.fastfrate.com\/fr\/nouvelles-et-legales\/","title":{"rendered":"L\u00e9gales"},"content":{"rendered":"<div id=\"PageWrapperHome\" class=\"section1 Subpage SubpageStandard\">\n<div class=\"SubpageWrapper\">\n<div class=\"SubpageContentWrapper container\">\n<div class=\"ContentSubpageLeft col-12 col-sm-12 col-xs-12\">\n<div class=\"breadcrum-top\">Nouvelles et mises \u00e0 jour<\/div>\n<div class=\"breadcrum-bottom\">L\u00e9gales<\/div>\n<div class=\"ContentBody\">\n<h3 class=\"fr-font\">Modalit\u00e9s et conditions<\/h3>\n<p>Pour voir ou imprimer ce formulaire, il faut d\u2019abord installer Adobe Acrobat PDF Reader.<\/p>\n<div><a class=\"button-download transit-schedule\" href=\"https:\/\/www.fastfrate.com\/wp-content\/uploads\/2025\/06\/Fastfrate_TNC_FR_F25_Proposal-002.pdf\" target=\"_blank\" rel=\"noopener\">T\u00c9L\u00c9CHARGER<\/a><\/div>\n<\/div>\n<div class=\"ContentBody\">\n<hr \/>\n<h3 class=\"fr-font\">Contrat D&#8217;Utilisation<\/h3>\n<p>Pour voir ou imprimer ce formulaire, il faut d\u2019abord installer Adobe Acrobat PDF Reader.<\/p>\n<div><a class=\"button-download transit-schedule\" href=\"http:\/\/www.fastfrate.com\/wp-content\/uploads\/2023\/04\/User-Agreement-2023-FR.pdf\" target=\"_blank\" rel=\"noopener\">T\u00c9L\u00c9CHARGER<\/a><\/div>\n<\/div>\n<div>\n<div class=\"ContentBody\">\n<hr \/>\n<h3 class=\"fr-font\">Loi S-211 : Travail forc\u00e9 dans les cha\u00eenes d\u2019approvisionnement<\/h3>\n<p>Pour voir ou imprimer ce formulaire, il faut d\u2019abord installer Adobe Acrobat PDF Reader.<\/p>\n<div><a class=\"button-download transit-schedule\" href=\"https:\/\/www.fastfrate.com\/wp-content\/uploads\/2025\/06\/FHI-Bill-S-211-Joint-Report-May-2025-Final-FR.pdf\" target=\"_blank\" rel=\"noopener\">T\u00c9L\u00c9CHARGER<\/a><\/div>\n<\/div>\n<\/div>\n<\/div>\n<\/div>\n<\/div>\n<\/div>","protected":false},"excerpt":{"rendered":"<p>Nouvelles et mises \u00e0 jour L\u00e9gales Modalit\u00e9s et conditions Pour voir ou imprimer ce formulaire, il faut d\u2019abord installer Adobe Acrobat PDF Reader. T\u00c9L\u00c9CHARGER Contrat D&#8217;Utilisation Pour voir ou imprimer ce formulaire, il faut d\u2019abord installer Adobe Acrobat PDF Reader. T\u00c9L\u00c9CHARGER Loi S-211 : Travail forc\u00e9 dans les cha\u00eenes d\u2019approvisionnement Pour voir ou imprimer ce&hellip; <a class=\"more-link\" href=\"https:\/\/www.fastfrate.com\/fr\/nouvelles-et-legales\/\">Continue reading <span class=\"screen-reader-text\">L\u00e9gales<\/span><\/a><\/p>","protected":false},"author":1,"featured_media":0,"parent":0,"menu_order":0,"comment_status":"closed","ping_status":"closed","template":"page-nosidebar-fr.php","meta":{"_acf_changed":false,"footnotes":""},"categories":[8],"tags":[],"class_list":["post-30374","page","type-page","status-publish","hentry","category-fr","entry"],"acf":[],"yoast_head":"<!-- This site is optimized with the Yoast SEO plugin v27.3 - https:\/\/yoast.com\/product\/yoast-seo-wordpress\/ -->\n<title>L\u00e9gales | Groupe Fastfrate | Transport CAN-USA<\/title>\n<meta name=\"description\" content=\"D\u00e9couvrez les informations l\u00e9gales de Groupe Fastfrate pour le transport CAN-USA. Consultez les modalit\u00e9s, le contrat d\u2019utilisation et la loi S-211 sur le travail forc\u00e9.\" \/>\n<meta name=\"robots\" content=\"index, follow, max-snippet:-1, max-image-preview:large, max-video-preview:-1\" \/>\n<link rel=\"canonical\" href=\"https:\/\/www.fastfrate.com\/fr\/nouvelles-et-legales\/\" \/>\n<meta property=\"og:locale\" content=\"fr_CA\" \/>\n<meta property=\"og:type\" content=\"article\" \/>\n<meta property=\"og:title\" content=\"L\u00e9gales | Groupe Fastfrate | Transport CAN-USA\" \/>\n<meta property=\"og:description\" content=\"D\u00e9couvrez les informations l\u00e9gales de Groupe Fastfrate pour le transport CAN-USA. Consultez les modalit\u00e9s, le contrat d\u2019utilisation et la loi S-211 sur le travail forc\u00e9.\" \/>\n<meta property=\"og:url\" content=\"https:\/\/www.fastfrate.com\/fr\/nouvelles-et-legales\/\" \/>\n<meta property=\"og:site_name\" content=\"The FastFrate Group\" \/>\n<meta property=\"article:modified_time\" content=\"2025-06-17T19:58:02+00:00\" \/>\n<meta name=\"twitter:card\" content=\"summary_large_image\" \/>\n<meta name=\"twitter:label1\" content=\"Estimation du temps de lecture\" \/>\n\t<meta name=\"twitter:data1\" content=\"2 minutes\" \/>\n<script type=\"application\/ld+json\" class=\"yoast-schema-graph\">{\"@context\":\"https:\\\/\\\/schema.org\",\"@graph\":[{\"@type\":\"WebPage\",\"@id\":\"https:\\\/\\\/www.fastfrate.com\\\/fr\\\/nouvelles-et-legales\\\/\",\"url\":\"https:\\\/\\\/www.fastfrate.com\\\/fr\\\/nouvelles-et-legales\\\/\",\"name\":\"L\u00e9gales | Groupe Fastfrate | Transport CAN-USA\",\"isPartOf\":{\"@id\":\"https:\\\/\\\/www.fastfrate.com\\\/fr\\\/#website\"},\"datePublished\":\"2021-10-18T17:03:09+00:00\",\"dateModified\":\"2025-06-17T19:58:02+00:00\",\"description\":\"D\u00e9couvrez les informations l\u00e9gales de Groupe Fastfrate pour le transport CAN-USA. Consultez les modalit\u00e9s, le contrat d\u2019utilisation et la loi S-211 sur le travail forc\u00e9.\",\"breadcrumb\":{\"@id\":\"https:\\\/\\\/www.fastfrate.com\\\/fr\\\/nouvelles-et-legales\\\/#breadcrumb\"},\"inLanguage\":\"fr-CA\",\"potentialAction\":[{\"@type\":\"ReadAction\",\"target\":[\"https:\\\/\\\/www.fastfrate.com\\\/fr\\\/nouvelles-et-legales\\\/\"]}]},{\"@type\":\"BreadcrumbList\",\"@id\":\"https:\\\/\\\/www.fastfrate.com\\\/fr\\\/nouvelles-et-legales\\\/#breadcrumb\",\"itemListElement\":[{\"@type\":\"ListItem\",\"position\":1,\"name\":\"Home\",\"item\":\"https:\\\/\\\/www.fastfrate.com\\\/\"},{\"@type\":\"ListItem\",\"position\":2,\"name\":\"L\u00e9gales\"}]},{\"@type\":\"WebSite\",\"@id\":\"https:\\\/\\\/www.fastfrate.com\\\/fr\\\/#website\",\"url\":\"https:\\\/\\\/www.fastfrate.com\\\/fr\\\/\",\"name\":\"The FastFrate Group\",\"description\":\"\",\"potentialAction\":[{\"@type\":\"SearchAction\",\"target\":{\"@type\":\"EntryPoint\",\"urlTemplate\":\"https:\\\/\\\/www.fastfrate.com\\\/fr\\\/?s={search_term_string}\"},\"query-input\":{\"@type\":\"PropertyValueSpecification\",\"valueRequired\":true,\"valueName\":\"search_term_string\"}}],\"inLanguage\":\"fr-CA\"}]}<\/script>\n<!-- \/ Yoast SEO plugin. -->","yoast_head_json":{"title":"L\u00e9gales | Groupe Fastfrate | Transport CAN-USA","description":"D\u00e9couvrez les informations l\u00e9gales de Groupe Fastfrate pour le transport CAN-USA. Consultez les modalit\u00e9s, le contrat d\u2019utilisation et la loi S-211 sur le travail forc\u00e9.","robots":{"index":"index","follow":"follow","max-snippet":"max-snippet:-1","max-image-preview":"max-image-preview:large","max-video-preview":"max-video-preview:-1"},"canonical":"https:\/\/www.fastfrate.com\/fr\/nouvelles-et-legales\/","og_locale":"fr_CA","og_type":"article","og_title":"L\u00e9gales | Groupe Fastfrate | Transport CAN-USA","og_description":"D\u00e9couvrez les informations l\u00e9gales de Groupe Fastfrate pour le transport CAN-USA. Consultez les modalit\u00e9s, le contrat d\u2019utilisation et la loi S-211 sur le travail forc\u00e9.","og_url":"https:\/\/www.fastfrate.com\/fr\/nouvelles-et-legales\/","og_site_name":"The FastFrate Group","article_modified_time":"2025-06-17T19:58:02+00:00","twitter_card":"summary_large_image","twitter_misc":{"Estimation du temps de lecture":"2 minutes"},"schema":{"@context":"https:\/\/schema.org","@graph":[{"@type":"WebPage","@id":"https:\/\/www.fastfrate.com\/fr\/nouvelles-et-legales\/","url":"https:\/\/www.fastfrate.com\/fr\/nouvelles-et-legales\/","name":"L\u00e9gales | Groupe Fastfrate | Transport CAN-USA","isPartOf":{"@id":"https:\/\/www.fastfrate.com\/fr\/#website"},"datePublished":"2021-10-18T17:03:09+00:00","dateModified":"2025-06-17T19:58:02+00:00","description":"D\u00e9couvrez les informations l\u00e9gales de Groupe Fastfrate pour le transport CAN-USA. Consultez les modalit\u00e9s, le contrat d\u2019utilisation et la loi S-211 sur le travail forc\u00e9.","breadcrumb":{"@id":"https:\/\/www.fastfrate.com\/fr\/nouvelles-et-legales\/#breadcrumb"},"inLanguage":"fr-CA","potentialAction":[{"@type":"ReadAction","target":["https:\/\/www.fastfrate.com\/fr\/nouvelles-et-legales\/"]}]},{"@type":"BreadcrumbList","@id":"https:\/\/www.fastfrate.com\/fr\/nouvelles-et-legales\/#breadcrumb","itemListElement":[{"@type":"ListItem","position":1,"name":"Home","item":"https:\/\/www.fastfrate.com\/"},{"@type":"ListItem","position":2,"name":"L\u00e9gales"}]},{"@type":"WebSite","@id":"https:\/\/www.fastfrate.com\/fr\/#website","url":"https:\/\/www.fastfrate.com\/fr\/","name":"The FastFrate Group","description":"","potentialAction":[{"@type":"SearchAction","target":{"@type":"EntryPoint","urlTemplate":"https:\/\/www.fastfrate.com\/fr\/?s={search_term_string}"},"query-input":{"@type":"PropertyValueSpecification","valueRequired":true,"valueName":"search_term_string"}}],"inLanguage":"fr-CA"}]}},"_links":{"self":[{"href":"https:\/\/www.fastfrate.com\/fr\/wp-json\/wp\/v2\/pages\/30374","targetHints":{"allow":["GET"]}}],"collection":[{"href":"https:\/\/www.fastfrate.com\/fr\/wp-json\/wp\/v2\/pages"}],"about":[{"href":"https:\/\/www.fastfrate.com\/fr\/wp-json\/wp\/v2\/types\/page"}],"author":[{"embeddable":true,"href":"https:\/\/www.fastfrate.com\/fr\/wp-json\/wp\/v2\/users\/1"}],"replies":[{"embeddable":true,"href":"https:\/\/www.fastfrate.com\/fr\/wp-json\/wp\/v2\/comments?post=30374"}],"version-history":[{"count":0,"href":"https:\/\/www.fastfrate.com\/fr\/wp-json\/wp\/v2\/pages\/30374\/revisions"}],"wp:attachment":[{"href":"https:\/\/www.fastfrate.com\/fr\/wp-json\/wp\/v2\/media?parent=30374"}],"wp:term":[{"taxonomy":"category","embeddable":true,"href":"https:\/\/www.fastfrate.com\/fr\/wp-json\/wp\/v2\/categories?post=30374"},{"taxonomy":"post_tag","embeddable":true,"href":"https:\/\/www.fastfrate.com\/fr\/wp-json\/wp\/v2\/tags?post=30374"}],"curies":[{"name":"wp","href":"https:\/\/api.w.org\/{rel}","templated":true}]}}