{"id":2629,"date":"2022-03-16T15:55:10","date_gmt":"2022-03-16T19:55:10","guid":{"rendered":"http:\/\/fastfrate-dev.local\/?page_id=2629"},"modified":"2024-04-24T16:46:04","modified_gmt":"2024-04-24T20:46:04","slug":"galerie-video","status":"publish","type":"page","link":"https:\/\/www.fastfrate.com\/fr\/galerie-video\/","title":{"rendered":"VID\u00c9OS"},"content":{"rendered":"<div class=\"wp-block-columns is-layout-flex wp-container-core-columns-is-layout-9d6595d7 wp-block-columns-is-layout-flex\">\n<div class=\"wp-block-column is-layout-flow wp-block-column-is-layout-flow\">\n<div class=\"wp-block-columns is-layout-flex wp-container-core-columns-is-layout-9d6595d7 wp-block-columns-is-layout-flex\">\n<div class=\"wp-block-column is-layout-flow wp-block-column-is-layout-flow\">\n<div class=\"wp-block-columns is-layout-flex wp-container-core-columns-is-layout-9d6595d7 wp-block-columns-is-layout-flex\">\n<div class=\"wp-block-column is-layout-flow wp-block-column-is-layout-flow\">\n<h2 class=\"wp-block-heading\">Partenariats Avec Le CPKC<\/h2>\n\n\n\n<p>D\u00e9cembre 19, 2023<\/p>\n\n\n\n<figure class=\"wp-block-video\"><video height=\"1080\" style=\"aspect-ratio: 1920 \/ 1080;\" width=\"1920\" controls src=\"http:\/\/www.fastfrate.com\/wp-content\/uploads\/2023\/12\/Untitled-design-6-1.mp4\"><\/video><\/figure>\n<\/div>\n<\/div>\n\n\n\n<h2 class=\"wp-block-heading\">Frate Express from Fastfrate: The Premium Rail Service You Deserve<\/h2>\n\n\n\n<p>Mai 19, 2023<\/p>\n\n\n\n<figure class=\"wp-block-video\"><video height=\"1080\" style=\"aspect-ratio: 1920 \/ 1080;\" width=\"1920\" controls src=\"http:\/\/www.fastfrate.com\/wp-content\/uploads\/2023\/05\/FASTFRATE_V4-compressed.mp4\"><\/video><\/figure>\n<\/div>\n<\/div>\n\n\n\n<h2 class=\"wp-block-heading\">Les d\u00e9fis de la cha\u00eene d\u2019approvisionnement expliqu\u00e9s<\/h2>\n\n\n\n<p>Mars&nbsp;16, 2022<\/p>\n\n\n\n<figure class=\"wp-block-embed is-type-rich is-provider-embed-handler wp-block-embed-embed-handler\"><div class=\"wp-block-embed__wrapper\">\n<div style=\"width: 640px;\" class=\"wp-video\"><video class=\"wp-video-shortcode\" id=\"video-2629-1\" width=\"640\" height=\"360\" preload=\"metadata\" controls=\"controls\"><source type=\"video\/mp4\" src=\"http:\/\/www.fastfrate.com\/wp-content\/uploads\/2022\/03\/FastFrate_web.mp4?_=1\" \/><a href=\"http:\/\/www.fastfrate.com\/wp-content\/uploads\/2022\/03\/FastFrate_web.mp4\">http:\/\/www.fastfrate.com\/wp-content\/uploads\/2022\/03\/FastFrate_web.mp4<\/a><\/video><\/div>\n<\/div><\/figure>\n<\/div>\n\n\n\n<div class=\"wp-block-column is-layout-flow wp-block-column-is-layout-flow\"><\/div>\n<\/div>","protected":false},"excerpt":{"rendered":"<p>Partenariats Avec Le CPKC D\u00e9cembre 19, 2023 Frate Express from Fastfrate: The Premium Rail Service You Deserve Mai 19, 2023 Les d\u00e9fis de la cha\u00eene d\u2019approvisionnement expliqu\u00e9s Mars&nbsp;16, 2022<\/p>","protected":false},"author":1,"featured_media":0,"parent":0,"menu_order":0,"comment_status":"closed","ping_status":"closed","template":"page-video.php","meta":{"_acf_changed":false,"footnotes":""},"categories":[8],"tags":[],"class_list":["post-2629","page","type-page","status-publish","hentry","category-fr","entry"],"acf":[],"yoast_head":"<!-- This site is optimized with the Yoast SEO plugin v27.4 - https:\/\/yoast.com\/product\/yoast-seo-wordpress\/ -->\n<title>Vid\u00e9os | Groupe Fastfrate | Transport et logistique<\/title>\n<meta name=\"description\" content=\"Explorez la vid\u00e9oth\u00e8que de Fastfrate o\u00f9 nous partageons des nouvelles de la Soci\u00e9t\u00e9 et de l\u2019information sur le secteur du transport et de la logistique en Am\u00e9rique du Nord.\" \/>\n<meta name=\"robots\" content=\"index, follow, max-snippet:-1, max-image-preview:large, max-video-preview:-1\" \/>\n<link rel=\"canonical\" href=\"https:\/\/www.fastfrate.com\/fr\/galerie-video\/\" \/>\n<meta property=\"og:locale\" content=\"fr_CA\" \/>\n<meta property=\"og:type\" content=\"article\" \/>\n<meta property=\"og:title\" content=\"Vid\u00e9os | Groupe Fastfrate | Transport et logistique\" \/>\n<meta property=\"og:description\" content=\"Explorez la vid\u00e9oth\u00e8que de Fastfrate o\u00f9 nous partageons des nouvelles de la Soci\u00e9t\u00e9 et de l\u2019information sur le secteur du transport et de la logistique en Am\u00e9rique du Nord.\" \/>\n<meta property=\"og:url\" content=\"https:\/\/www.fastfrate.com\/fr\/galerie-video\/\" \/>\n<meta property=\"og:site_name\" content=\"The FastFrate Group\" \/>\n<meta property=\"article:modified_time\" content=\"2024-04-24T20:46:04+00:00\" \/>\n<meta name=\"twitter:card\" content=\"summary_large_image\" \/>\n<meta name=\"twitter:label1\" content=\"Estimation du temps de lecture\" \/>\n\t<meta name=\"twitter:data1\" content=\"1 minute\" \/>\n<script type=\"application\/ld+json\" class=\"yoast-schema-graph\">{\"@context\":\"https:\\\/\\\/schema.org\",\"@graph\":[{\"@type\":\"WebPage\",\"@id\":\"https:\\\/\\\/www.fastfrate.com\\\/fr\\\/galerie-video\\\/\",\"url\":\"https:\\\/\\\/www.fastfrate.com\\\/fr\\\/galerie-video\\\/\",\"name\":\"Vid\u00e9os | Groupe Fastfrate | Transport et logistique\",\"isPartOf\":{\"@id\":\"https:\\\/\\\/www.fastfrate.com\\\/fr\\\/#website\"},\"datePublished\":\"2022-03-16T19:55:10+00:00\",\"dateModified\":\"2024-04-24T20:46:04+00:00\",\"description\":\"Explorez la vid\u00e9oth\u00e8que de Fastfrate o\u00f9 nous partageons des nouvelles de la Soci\u00e9t\u00e9 et de l\u2019information sur le secteur du transport et de la logistique en Am\u00e9rique du Nord.\",\"breadcrumb\":{\"@id\":\"https:\\\/\\\/www.fastfrate.com\\\/fr\\\/galerie-video\\\/#breadcrumb\"},\"inLanguage\":\"fr-CA\",\"potentialAction\":[{\"@type\":\"ReadAction\",\"target\":[\"https:\\\/\\\/www.fastfrate.com\\\/fr\\\/galerie-video\\\/\"]}]},{\"@type\":\"BreadcrumbList\",\"@id\":\"https:\\\/\\\/www.fastfrate.com\\\/fr\\\/galerie-video\\\/#breadcrumb\",\"itemListElement\":[{\"@type\":\"ListItem\",\"position\":1,\"name\":\"Home\",\"item\":\"https:\\\/\\\/www.fastfrate.com\\\/\"},{\"@type\":\"ListItem\",\"position\":2,\"name\":\"VID\u00c9OS\"}]},{\"@type\":\"WebSite\",\"@id\":\"https:\\\/\\\/www.fastfrate.com\\\/fr\\\/#website\",\"url\":\"https:\\\/\\\/www.fastfrate.com\\\/fr\\\/\",\"name\":\"The FastFrate Group\",\"description\":\"\",\"potentialAction\":[{\"@type\":\"SearchAction\",\"target\":{\"@type\":\"EntryPoint\",\"urlTemplate\":\"https:\\\/\\\/www.fastfrate.com\\\/fr\\\/?s={search_term_string}\"},\"query-input\":{\"@type\":\"PropertyValueSpecification\",\"valueRequired\":true,\"valueName\":\"search_term_string\"}}],\"inLanguage\":\"fr-CA\"}]}<\/script>\n<!-- \/ Yoast SEO plugin. -->","yoast_head_json":{"title":"Vid\u00e9os | Groupe Fastfrate | Transport et logistique","description":"Explorez la vid\u00e9oth\u00e8que de Fastfrate o\u00f9 nous partageons des nouvelles de la Soci\u00e9t\u00e9 et de l\u2019information sur le secteur du transport et de la logistique en Am\u00e9rique du Nord.","robots":{"index":"index","follow":"follow","max-snippet":"max-snippet:-1","max-image-preview":"max-image-preview:large","max-video-preview":"max-video-preview:-1"},"canonical":"https:\/\/www.fastfrate.com\/fr\/galerie-video\/","og_locale":"fr_CA","og_type":"article","og_title":"Vid\u00e9os | Groupe Fastfrate | Transport et logistique","og_description":"Explorez la vid\u00e9oth\u00e8que de Fastfrate o\u00f9 nous partageons des nouvelles de la Soci\u00e9t\u00e9 et de l\u2019information sur le secteur du transport et de la logistique en Am\u00e9rique du Nord.","og_url":"https:\/\/www.fastfrate.com\/fr\/galerie-video\/","og_site_name":"The FastFrate Group","article_modified_time":"2024-04-24T20:46:04+00:00","twitter_card":"summary_large_image","twitter_misc":{"Estimation du temps de lecture":"1 minute"},"schema":{"@context":"https:\/\/schema.org","@graph":[{"@type":"WebPage","@id":"https:\/\/www.fastfrate.com\/fr\/galerie-video\/","url":"https:\/\/www.fastfrate.com\/fr\/galerie-video\/","name":"Vid\u00e9os | Groupe Fastfrate | Transport et logistique","isPartOf":{"@id":"https:\/\/www.fastfrate.com\/fr\/#website"},"datePublished":"2022-03-16T19:55:10+00:00","dateModified":"2024-04-24T20:46:04+00:00","description":"Explorez la vid\u00e9oth\u00e8que de Fastfrate o\u00f9 nous partageons des nouvelles de la Soci\u00e9t\u00e9 et de l\u2019information sur le secteur du transport et de la logistique en Am\u00e9rique du Nord.","breadcrumb":{"@id":"https:\/\/www.fastfrate.com\/fr\/galerie-video\/#breadcrumb"},"inLanguage":"fr-CA","potentialAction":[{"@type":"ReadAction","target":["https:\/\/www.fastfrate.com\/fr\/galerie-video\/"]}]},{"@type":"BreadcrumbList","@id":"https:\/\/www.fastfrate.com\/fr\/galerie-video\/#breadcrumb","itemListElement":[{"@type":"ListItem","position":1,"name":"Home","item":"https:\/\/www.fastfrate.com\/"},{"@type":"ListItem","position":2,"name":"VID\u00c9OS"}]},{"@type":"WebSite","@id":"https:\/\/www.fastfrate.com\/fr\/#website","url":"https:\/\/www.fastfrate.com\/fr\/","name":"The FastFrate Group","description":"","potentialAction":[{"@type":"SearchAction","target":{"@type":"EntryPoint","urlTemplate":"https:\/\/www.fastfrate.com\/fr\/?s={search_term_string}"},"query-input":{"@type":"PropertyValueSpecification","valueRequired":true,"valueName":"search_term_string"}}],"inLanguage":"fr-CA"}]}},"_links":{"self":[{"href":"https:\/\/www.fastfrate.com\/fr\/wp-json\/wp\/v2\/pages\/2629","targetHints":{"allow":["GET"]}}],"collection":[{"href":"https:\/\/www.fastfrate.com\/fr\/wp-json\/wp\/v2\/pages"}],"about":[{"href":"https:\/\/www.fastfrate.com\/fr\/wp-json\/wp\/v2\/types\/page"}],"author":[{"embeddable":true,"href":"https:\/\/www.fastfrate.com\/fr\/wp-json\/wp\/v2\/users\/1"}],"replies":[{"embeddable":true,"href":"https:\/\/www.fastfrate.com\/fr\/wp-json\/wp\/v2\/comments?post=2629"}],"version-history":[{"count":0,"href":"https:\/\/www.fastfrate.com\/fr\/wp-json\/wp\/v2\/pages\/2629\/revisions"}],"wp:attachment":[{"href":"https:\/\/www.fastfrate.com\/fr\/wp-json\/wp\/v2\/media?parent=2629"}],"wp:term":[{"taxonomy":"category","embeddable":true,"href":"https:\/\/www.fastfrate.com\/fr\/wp-json\/wp\/v2\/categories?post=2629"},{"taxonomy":"post_tag","embeddable":true,"href":"https:\/\/www.fastfrate.com\/fr\/wp-json\/wp\/v2\/tags?post=2629"}],"curies":[{"name":"wp","href":"https:\/\/api.w.org\/{rel}","templated":true}]}}