{"id":22201,"date":"2022-12-20T13:06:12","date_gmt":"2022-12-20T18:06:12","guid":{"rendered":"http:\/\/fastfrate-dev.local\/?page_id=22201"},"modified":"2022-12-20T16:14:47","modified_gmt":"2022-12-20T21:14:47","slug":"mises-a-jour-des-services","status":"publish","type":"page","link":"https:\/\/www.fastfrate.com\/fr\/mises-a-jour-des-services\/","title":{"rendered":"Mises \u00e0 jour des services"},"content":{"rendered":"<div id=\"PageWrapperHome\" class=\"section1 Subpage SubpageStandard\">\n<div class=\"SubpageWrapper\">\n<div class=\"SubpageContentWrapper container\">\n<div class=\"ContentSubpageLeft col-12 col-sm-12 col-xs-12\">\n<div class=\"breadcrum-bottom\">Mises \u00e0 jour des services<\/div>\n<div class=\"ContentBody\"><\/div>\n<\/div>\n<\/div>\n<\/div>\n<\/div>","protected":false},"excerpt":{"rendered":"<p>Mises \u00e0 jour des services<\/p>","protected":false},"author":1,"featured_media":0,"parent":0,"menu_order":0,"comment_status":"closed","ping_status":"closed","template":"page-service-updates-fr.php","meta":{"_acf_changed":false,"footnotes":""},"categories":[8],"tags":[],"class_list":["post-22201","page","type-page","status-publish","hentry","category-fr","entry"],"acf":[],"yoast_head":"<!-- This site is optimized with the Yoast SEO plugin v27.3 - https:\/\/yoast.com\/product\/yoast-seo-wordpress\/ -->\n<title>Mise \u00e0 jour des Services de transport | Groupe Fastfrate<\/title>\n<meta name=\"description\" content=\"Soyez inform\u00e9 des mises \u00e0 jour apport\u00e9es aux services en ce qui a trait aux dur\u00e9es de transit, aux alertes m\u00e9t\u00e9o, \u00e0 l\u2019\u00e9tat de la cha\u00eene d\u2019approvisionnement mondiale et plus encore.\" \/>\n<meta name=\"robots\" content=\"index, follow, max-snippet:-1, max-image-preview:large, max-video-preview:-1\" \/>\n<link rel=\"canonical\" href=\"https:\/\/www.fastfrate.com\/fr\/mises-a-jour-des-services\/\" \/>\n<meta property=\"og:locale\" content=\"fr_CA\" \/>\n<meta property=\"og:type\" content=\"article\" \/>\n<meta property=\"og:title\" content=\"Mise \u00e0 jour des Services de transport | Groupe Fastfrate\" \/>\n<meta property=\"og:description\" content=\"Soyez inform\u00e9 des mises \u00e0 jour apport\u00e9es aux services en ce qui a trait aux dur\u00e9es de transit, aux alertes m\u00e9t\u00e9o, \u00e0 l\u2019\u00e9tat de la cha\u00eene d\u2019approvisionnement mondiale et plus encore.\" \/>\n<meta property=\"og:url\" content=\"https:\/\/www.fastfrate.com\/fr\/mises-a-jour-des-services\/\" \/>\n<meta property=\"og:site_name\" content=\"The FastFrate Group\" \/>\n<meta property=\"article:modified_time\" content=\"2022-12-20T21:14:47+00:00\" \/>\n<meta name=\"twitter:card\" content=\"summary_large_image\" \/>\n<script type=\"application\/ld+json\" class=\"yoast-schema-graph\">{\"@context\":\"https:\\\/\\\/schema.org\",\"@graph\":[{\"@type\":\"WebPage\",\"@id\":\"https:\\\/\\\/www.fastfrate.com\\\/fr\\\/mises-a-jour-des-services\\\/\",\"url\":\"https:\\\/\\\/www.fastfrate.com\\\/fr\\\/mises-a-jour-des-services\\\/\",\"name\":\"Mise \u00e0 jour des Services de transport | Groupe Fastfrate\",\"isPartOf\":{\"@id\":\"https:\\\/\\\/www.fastfrate.com\\\/fr\\\/#website\"},\"datePublished\":\"2022-12-20T18:06:12+00:00\",\"dateModified\":\"2022-12-20T21:14:47+00:00\",\"description\":\"Soyez inform\u00e9 des mises \u00e0 jour apport\u00e9es aux services en ce qui a trait aux dur\u00e9es de transit, aux alertes m\u00e9t\u00e9o, \u00e0 l\u2019\u00e9tat de la cha\u00eene d\u2019approvisionnement mondiale et plus encore.\",\"breadcrumb\":{\"@id\":\"https:\\\/\\\/www.fastfrate.com\\\/fr\\\/mises-a-jour-des-services\\\/#breadcrumb\"},\"inLanguage\":\"fr-CA\",\"potentialAction\":[{\"@type\":\"ReadAction\",\"target\":[\"https:\\\/\\\/www.fastfrate.com\\\/fr\\\/mises-a-jour-des-services\\\/\"]}]},{\"@type\":\"BreadcrumbList\",\"@id\":\"https:\\\/\\\/www.fastfrate.com\\\/fr\\\/mises-a-jour-des-services\\\/#breadcrumb\",\"itemListElement\":[{\"@type\":\"ListItem\",\"position\":1,\"name\":\"Home\",\"item\":\"https:\\\/\\\/www.fastfrate.com\\\/\"},{\"@type\":\"ListItem\",\"position\":2,\"name\":\"Mises \u00e0 jour des services\"}]},{\"@type\":\"WebSite\",\"@id\":\"https:\\\/\\\/www.fastfrate.com\\\/fr\\\/#website\",\"url\":\"https:\\\/\\\/www.fastfrate.com\\\/fr\\\/\",\"name\":\"The FastFrate Group\",\"description\":\"\",\"potentialAction\":[{\"@type\":\"SearchAction\",\"target\":{\"@type\":\"EntryPoint\",\"urlTemplate\":\"https:\\\/\\\/www.fastfrate.com\\\/fr\\\/?s={search_term_string}\"},\"query-input\":{\"@type\":\"PropertyValueSpecification\",\"valueRequired\":true,\"valueName\":\"search_term_string\"}}],\"inLanguage\":\"fr-CA\"}]}<\/script>\n<!-- \/ Yoast SEO plugin. -->","yoast_head_json":{"title":"Mise \u00e0 jour des Services de transport | Groupe Fastfrate","description":"Soyez inform\u00e9 des mises \u00e0 jour apport\u00e9es aux services en ce qui a trait aux dur\u00e9es de transit, aux alertes m\u00e9t\u00e9o, \u00e0 l\u2019\u00e9tat de la cha\u00eene d\u2019approvisionnement mondiale et plus encore.","robots":{"index":"index","follow":"follow","max-snippet":"max-snippet:-1","max-image-preview":"max-image-preview:large","max-video-preview":"max-video-preview:-1"},"canonical":"https:\/\/www.fastfrate.com\/fr\/mises-a-jour-des-services\/","og_locale":"fr_CA","og_type":"article","og_title":"Mise \u00e0 jour des Services de transport | Groupe Fastfrate","og_description":"Soyez inform\u00e9 des mises \u00e0 jour apport\u00e9es aux services en ce qui a trait aux dur\u00e9es de transit, aux alertes m\u00e9t\u00e9o, \u00e0 l\u2019\u00e9tat de la cha\u00eene d\u2019approvisionnement mondiale et plus encore.","og_url":"https:\/\/www.fastfrate.com\/fr\/mises-a-jour-des-services\/","og_site_name":"The FastFrate Group","article_modified_time":"2022-12-20T21:14:47+00:00","twitter_card":"summary_large_image","schema":{"@context":"https:\/\/schema.org","@graph":[{"@type":"WebPage","@id":"https:\/\/www.fastfrate.com\/fr\/mises-a-jour-des-services\/","url":"https:\/\/www.fastfrate.com\/fr\/mises-a-jour-des-services\/","name":"Mise \u00e0 jour des Services de transport | Groupe Fastfrate","isPartOf":{"@id":"https:\/\/www.fastfrate.com\/fr\/#website"},"datePublished":"2022-12-20T18:06:12+00:00","dateModified":"2022-12-20T21:14:47+00:00","description":"Soyez inform\u00e9 des mises \u00e0 jour apport\u00e9es aux services en ce qui a trait aux dur\u00e9es de transit, aux alertes m\u00e9t\u00e9o, \u00e0 l\u2019\u00e9tat de la cha\u00eene d\u2019approvisionnement mondiale et plus encore.","breadcrumb":{"@id":"https:\/\/www.fastfrate.com\/fr\/mises-a-jour-des-services\/#breadcrumb"},"inLanguage":"fr-CA","potentialAction":[{"@type":"ReadAction","target":["https:\/\/www.fastfrate.com\/fr\/mises-a-jour-des-services\/"]}]},{"@type":"BreadcrumbList","@id":"https:\/\/www.fastfrate.com\/fr\/mises-a-jour-des-services\/#breadcrumb","itemListElement":[{"@type":"ListItem","position":1,"name":"Home","item":"https:\/\/www.fastfrate.com\/"},{"@type":"ListItem","position":2,"name":"Mises \u00e0 jour des services"}]},{"@type":"WebSite","@id":"https:\/\/www.fastfrate.com\/fr\/#website","url":"https:\/\/www.fastfrate.com\/fr\/","name":"The FastFrate Group","description":"","potentialAction":[{"@type":"SearchAction","target":{"@type":"EntryPoint","urlTemplate":"https:\/\/www.fastfrate.com\/fr\/?s={search_term_string}"},"query-input":{"@type":"PropertyValueSpecification","valueRequired":true,"valueName":"search_term_string"}}],"inLanguage":"fr-CA"}]}},"_links":{"self":[{"href":"https:\/\/www.fastfrate.com\/fr\/wp-json\/wp\/v2\/pages\/22201","targetHints":{"allow":["GET"]}}],"collection":[{"href":"https:\/\/www.fastfrate.com\/fr\/wp-json\/wp\/v2\/pages"}],"about":[{"href":"https:\/\/www.fastfrate.com\/fr\/wp-json\/wp\/v2\/types\/page"}],"author":[{"embeddable":true,"href":"https:\/\/www.fastfrate.com\/fr\/wp-json\/wp\/v2\/users\/1"}],"replies":[{"embeddable":true,"href":"https:\/\/www.fastfrate.com\/fr\/wp-json\/wp\/v2\/comments?post=22201"}],"version-history":[{"count":0,"href":"https:\/\/www.fastfrate.com\/fr\/wp-json\/wp\/v2\/pages\/22201\/revisions"}],"wp:attachment":[{"href":"https:\/\/www.fastfrate.com\/fr\/wp-json\/wp\/v2\/media?parent=22201"}],"wp:term":[{"taxonomy":"category","embeddable":true,"href":"https:\/\/www.fastfrate.com\/fr\/wp-json\/wp\/v2\/categories?post=22201"},{"taxonomy":"post_tag","embeddable":true,"href":"https:\/\/www.fastfrate.com\/fr\/wp-json\/wp\/v2\/tags?post=22201"}],"curies":[{"name":"wp","href":"https:\/\/api.w.org\/{rel}","templated":true}]}}