{"id":20896,"date":"2022-10-25T13:06:49","date_gmt":"2022-10-25T17:06:49","guid":{"rendered":"http:\/\/fastfrate-dev.local\/?page_id=20896"},"modified":"2026-04-13T08:23:37","modified_gmt":"2026-04-13T12:23:37","slug":"full-truckload","status":"publish","type":"page","link":"https:\/\/www.fastfrate.com\/fr\/chargement-complet\/","title":{"rendered":"Full Truckload (FTL)"},"content":{"rendered":"<div id=\"PageWrapperHome\" class=\"Subpage SubpageWide Warehousing challenger subpageNew\">\n<div class=\"SubpageWrapper\">\n<div class=\"ContentSubpageFeature\"><\/div>\n<div class=\"service-tab-wrapper\">\n<div class=\"container\">\n<div class=\"service-tab\">Services<span class=\"no-wrap vertical-line-wh\">Full TruckLoad<\/span><\/div>\n<\/div>\n<\/div>\n<div class=\"container breadcrumbs-container\"><span><span><a href=\"https:\/\/www.fastfrate.com\/\">Home<\/a><\/span><\/span><\/div>\n<div class=\"SubpageContentWrapper container\">\n<div class=\"ContentSubpageLeft col-md-7 col-sm-12 col-xs-12\">\n<div class=\"ContentBody\">\n<h1 class=\"serviceWarehouse-h1\">Exp\u00e9dition en chargement complet (ECC)<\/h1>\n<p>L\u2019exp\u00e9dition de vos produits ne devrait pas \u00eatre une corv\u00e9e. Fastfrate offre des solutions adapt\u00e9es \u00e0 de nombreux secteurs d\u2019activit\u00e9, dont un service d\u2019exp\u00e9dition en chargement complet\u00a0(ECC). Si ce service vous int\u00e9resse ou si vous souhaitez explorer d\u2019autres options, nous pouvons vous aider. Nous effectuons des d\u00e9placements partout au Canada et \u00e0 l\u2019international, selon les besoins de nos clients.<\/p>\n<p>Nos services efficaces, rapides, s\u00e9curitaires et abordables sauront r\u00e9pondre aux besoins de votre entreprise. Nous disposons de plusieurs ressources nous permettant de faire face \u00e0 de nombreux d\u00e9fis et travaillons en \u00e9troite collaboration avec nos clients afin de garantir que les envois arrivent \u00e0 temps et en toute s\u00e9curit\u00e9, peu importe la destination. Vous cherchez un courtier de fret? Une entreprise de transport d\u00e9vou\u00e9e? Un service d\u2019exp\u00e9dition transfrontali\u00e8re? Fastfrate est l\u00e0 pour vous aider!<\/p>\n<h2 class=\"red\">Nos activit\u00e9s sont ax\u00e9es sur le transport transfrontalier entrant et sortant en chargement partiel <span class=\"no-wrap\">(Less Than Truckload)<\/span><\/h2>\n<p>Nous avons forg\u00e9 des partenariats avec des transporteurs r\u00e9gionaux am\u00e9ricains afin d\u2019\u00e9tablir un r\u00e9seau multiservice int\u00e9gr\u00e9 entre le Canada et les \u00c9tats-Unis. Nous combinons les forces des chefs de file am\u00e9ricains en mati\u00e8re de transport \u00e0 celles de notre infrastructure canadienne de longue date afin d\u2019offrir des services d\u2019envoi en chargement partiel de qualit\u00e9 qui r\u00e9pondent aux exigences d\u2019exp\u00e9dition transfrontali\u00e8re de nos pr\u00e9cieux clients.<\/p>\n<h3 class=\"red\">Avantages de l\u2019exp\u00e9dition en chargement complet<\/h3>\n<p><b> Possibilit\u00e9 d\u2019exp\u00e9dier une grande quantit\u00e9 de marchandises <\/b><br \/>\nLe fret en chargement complet est l\u2019option id\u00e9ale pour les entreprises qui souhaitent exp\u00e9dier une quantit\u00e9 importante de produits par l\u2019interm\u00e9diaire d\u2019un processus simplifi\u00e9. En r\u00e8gle g\u00e9n\u00e9rale, cette option est id\u00e9ale pour les envois de 10\u00a0palettes ou plus (ou plus de 15\u00a0000\u00a0livres de marchandises).<\/p>\n<p><b> Livraison plus rapide <\/b><br \/>\nLe conducteur peut partir imm\u00e9diatement une fois le camion charg\u00e9 au point de d\u00e9part, ce qui lui permet d\u2019arriver \u00e0 destination \u00e0 temps. L\u2019exp\u00e9dition en chargement complet\u00a0(ECC) est g\u00e9n\u00e9ralement plus rapide que les autres modes d\u2019exp\u00e9dition puisque le conducteur peut faire un trajet direct sans avoir \u00e0 effectuer de nombreux arr\u00eats pour d\u00e9poser ou charger d\u2019autres produits. Ce mode d\u2019exp\u00e9dition vous assure qu\u2019il n\u2019y aura pas de perte de temps attribuable \u00e0 la manutention d\u2019autres envois.<\/p>\n<p><b> Meilleure rentabilit\u00e9 <\/b><br \/>\nL\u2019ECC vous permet de r\u00e9aliser des \u00e9conomies de temps et d\u2019argent par rapport aux autres modes d\u2019exp\u00e9dition, dont les co\u00fbts varient en fonction du courtier de fret. Puisqu\u2019un tarif fixe est \u00e9tabli en fonction de la taille du camion, vous n\u2019aurez pas \u00e0 payer de montant suppl\u00e9mentaire si vous devez exp\u00e9dier plus d\u2019articles. Le co\u00fbt restera le m\u00eame, peu importe la quantit\u00e9 de produits dans l\u2019envoi.<\/p>\n<p><strong> Moins d\u2019exigences <\/strong><br \/>\nLes autres modes de livraison peuvent avoir des exigences pr\u00e9alables plus s\u00e9v\u00e8res. Par exemple, chaque article pourrait devoir \u00eatre pes\u00e9 et mesur\u00e9 avant le d\u00e9part pour tenir compte des autres marchandises \u00e0 transporter dans le camion. Si le camion ne contient que vos produits, le processus sera plus simple puisque vous n\u2019aurez pas \u00e0 r\u00e9pondre \u00e0 de telles obligations.<\/p>\n<h3 class=\"red\">Services d\u2019envoi sp\u00e9cialis\u00e9s<\/h3>\n<p>Si vous optez pour l\u2019ECC, vos marchandises seront transport\u00e9es directement \u00e0 destination dans un seul camion. Gr\u00e2ce \u00e0 ce service pratique et sp\u00e9cialis\u00e9, vous aurez l\u2019esprit tranquille. L\u2019envoi sp\u00e9cialis\u00e9 comporte moins de risques d\u2019endommagement de vos produits. En effet, puisque le conducteur se rend directement \u00e0 destination sans faire d\u2019arr\u00eats pour d\u00e9poser ou charger d\u2019autres envois, vos marchandises ne risquent pas d\u2019\u00eatre abim\u00e9es par d\u2019autres produits, et vice versa.<\/p>\n<p>De plus, vous n\u2019aurez pas \u00e0 vous soucier d\u2019articles manquants ou autres probl\u00e8mes, puisque seules les personnes directement concern\u00e9es par la livraison pourront acc\u00e9der \u00e0 votre envoi. Vos produits ne seront manipul\u00e9s que lors du d\u00e9chargement du camion \u00e0 destination.<\/p>\n<h2 class=\"red\">Pourquoi choisir Fastfrate?<\/h2>\n<p>Nous offrons un service de transport fiable et sp\u00e9cialis\u00e9 et veillons \u00e0 la s\u00e9curit\u00e9 de vos produits. En plus de poss\u00e9der une grande expertise en mati\u00e8re d\u2019exp\u00e9dition, nous nous employons \u00e0 fournir un excellent service \u00e0 la client\u00e8le. Nous travaillons \u00e0 l\u2019offre d\u2019un service de transport accessible et simple tout en cherchant \u00e0 rationaliser les processus afin de pr\u00e9venir les probl\u00e8mes \u00e9ventuels de nos clients.<\/p>\n<p>\u00c0 mesure que l\u2019entreprise prend de l\u2019ampleur, nous ne ferons aucun compromis sur la qualit\u00e9 du service offert. Nos clients passeront toujours en premier. Nous continuerons \u00e0 les orienter vers les services dont ils ont besoin afin d\u2019am\u00e9liorer l\u2019efficacit\u00e9 de leurs entreprises en facilitant le processus de transport de marchandises.<\/p>\n<\/div>\n<\/div>\n<div id=\"form-right-unique\" class=\"ContentSubpageRight col-md-4 hidden-sm hidden-xs\">\n<div class=\"side-form\">\n<div class=\"serviceRightHead\">Full Truckload<\/div>\n<div style=\"margin-bottom: 15px;\"><img decoding=\"async\" style=\"border: 0; width: 100%;\" src=\"https:\/\/www.fastfrate.com\/wp-content\/themes\/fastfrate\/assets\/images\/homepage-section-challenger.jpg\" \/><\/div>\n<div class=\"form-header\">NOTRE \u00c9QUIPE N\u2019ATTEND QUE VOUS<\/div>\n<div class=\"form-header-sub\">Veuillez remplir le formulaire ci-dessous. Un de nos sp\u00e9cialistes vous r\u00e9pondra d\u2019ici le prochain jour ouvrable au plus tard.<\/div>\n\n<div class=\"wpcf7 no-js\" id=\"wpcf7-f1108-o1\" lang=\"en-CA\" dir=\"ltr\" data-wpcf7-id=\"1108\">\n<div class=\"screen-reader-response\"><p role=\"status\" aria-live=\"polite\" aria-atomic=\"true\"><\/p> <ul><\/ul><\/div>\n<form action=\"\/fr\/wp-json\/wp\/v2\/pages\/20896#wpcf7-f1108-o1\" method=\"post\" class=\"wpcf7-form init\" aria-label=\"Contact form\" novalidate=\"novalidate\" data-status=\"init\" data-trp-original-action=\"\/fr\/wp-json\/wp\/v2\/pages\/20896#wpcf7-f1108-o1\">\n<fieldset class=\"hidden-fields-container\"><input type=\"hidden\" name=\"_wpcf7\" value=\"1108\" \/><input type=\"hidden\" name=\"_wpcf7_version\" value=\"6.1.5\" \/><input type=\"hidden\" name=\"_wpcf7_locale\" value=\"en_CA\" \/><input type=\"hidden\" name=\"_wpcf7_unit_tag\" value=\"wpcf7-f1108-o1\" \/><input type=\"hidden\" name=\"_wpcf7_container_post\" value=\"0\" \/><input type=\"hidden\" name=\"_wpcf7_posted_data_hash\" value=\"\" \/><input type=\"hidden\" name=\"_wpcf7dtx_version\" value=\"5.0.5\" \/><input type=\"hidden\" name=\"_wpcf7_recaptcha_response\" value=\"\" \/>\n<\/fieldset>\n<p><label> <span class=\"asterix\">*<\/span>Pr\u00e9nom<br \/>\n<span class=\"wpcf7-form-control-wrap\" data-name=\"your-fname\"><input size=\"40\" maxlength=\"400\" class=\"wpcf7-form-control wpcf7-text wpcf7-validates-as-required\" aria-required=\"true\" aria-invalid=\"false\" value=\"\" type=\"text\" name=\"your-fname\" \/><\/span> <\/label><br \/>\n<label> <span class=\"asterix\">*<\/span>Nom de famille<br \/>\n<span class=\"wpcf7-form-control-wrap\" data-name=\"your-lname\"><input size=\"40\" maxlength=\"400\" class=\"wpcf7-form-control wpcf7-text wpcf7-validates-as-required\" aria-required=\"true\" aria-invalid=\"false\" value=\"\" type=\"text\" name=\"your-lname\" \/><\/span> <\/label><br \/>\n<label> <span class=\"asterix\">*<\/span>Nom de l'entreprise<br \/>\n<span class=\"wpcf7-form-control-wrap\" data-name=\"your-company\"><input size=\"40\" maxlength=\"400\" class=\"wpcf7-form-control wpcf7-text wpcf7-validates-as-required\" aria-required=\"true\" aria-invalid=\"false\" value=\"\" type=\"text\" name=\"your-company\" \/><\/span> <\/label><br \/>\n<label> Num\u00e9ro de t\u00e9l\u00e9phone<br \/>\n<span class=\"wpcf7-form-control-wrap\" data-name=\"your-phone\"><input size=\"40\" maxlength=\"400\" class=\"wpcf7-form-control wpcf7-text\" aria-invalid=\"false\" value=\"\" type=\"text\" name=\"your-phone\" \/><\/span> <\/label><br \/>\n<label> <span class=\"asterix\">*<\/span>Courriel<br \/>\n<span class=\"wpcf7-form-control-wrap\" data-name=\"your-email\"><input size=\"40\" maxlength=\"400\" class=\"wpcf7-form-control wpcf7-email wpcf7-validates-as-required wpcf7-text wpcf7-validates-as-email\" aria-required=\"true\" aria-invalid=\"false\" value=\"\" type=\"email\" name=\"your-email\" \/><\/span> <\/label><br \/>\n<label> Commentaires<br \/>\n<span class=\"wpcf7-form-control-wrap\" data-name=\"your-message\"><textarea cols=\"40\" rows=\"10\" maxlength=\"2000\" class=\"wpcf7-form-control wpcf7-textarea\" aria-invalid=\"false\" name=\"your-message\"><\/textarea><\/span> <\/label><br \/>\n<span id=\"wpcf7-69e34165b3716-wrapper\" class=\"wpcf7-form-control-wrap honeypot-81-wrap\" style=\"display:none !important; visibility:hidden !important;\"><label for=\"wpcf7-69e34165b3716-field\" class=\"hp-message\">Please leave this field empty.<\/label><input id=\"wpcf7-69e34165b3716-field\"  class=\"wpcf7-form-control wpcf7-text\" type=\"text\" name=\"honeypot-81\" value=\"\" size=\"40\" tabindex=\"-1\" autocomplete=\"new-password\" \/><\/span><br \/>\n<input class=\"wpcf7-form-control wpcf7-submit has-spinner\" type=\"submit\" value=\"Soumettre\" \/>\n<\/p>\n<p class=\"rc-Disclaimer\"><br \/>\nCe site est prot\u00e9g\u00e9 par <strong>reCAPTCHA<\/strong>. <a href=\"https:\/\/policies.google.com\/privacy\"><strong>Les r\u00e8gles de confidentialit\u00e9<\/strong><\/a> et les <a href=\"https:\/\/policies.google.com\/terms\"><strong>conditions d\u2019utilisation<\/strong><\/a> de Google s\u2019appliquent.\n<\/p>\n<input class=\"wpcf7-form-control wpcf7-hidden\" value=\"\" type=\"hidden\" name=\"utm_source\" \/>\n<input class=\"wpcf7-form-control wpcf7-hidden\" value=\"\" type=\"hidden\" name=\"utm_medium\" \/>\n<input class=\"wpcf7-form-control wpcf7-hidden\" value=\"\" type=\"hidden\" name=\"utm_campaign\" \/>\n<input class=\"wpcf7-form-control wpcf7-hidden\" value=\"\" type=\"hidden\" name=\"utm_term\" \/>\n<input class=\"wpcf7-form-control wpcf7-hidden\" value=\"\" type=\"hidden\" name=\"utm_content\" \/><input type='hidden' class='wpcf7-pum' value='{\"closepopup\":false,\"closedelay\":0,\"openpopup\":false,\"openpopup_id\":0}' \/><div class=\"wpcf7-response-output\" aria-hidden=\"true\"><\/div>\n<input type=\"hidden\" name=\"trp-form-language\" value=\"fr\"\/><\/form>\n<\/div>\n\n<\/div>\n<div style=\"margin: 15px auto;\"><\/div>\n<\/div>\n<\/div>\n<\/div>\n<\/div>","protected":false},"excerpt":{"rendered":"<p>ServicesFull TruckLoad Exp\u00e9dition en chargement complet (ECC) L\u2019exp\u00e9dition de vos produits ne devrait pas \u00eatre une corv\u00e9e. Fastfrate offre des solutions adapt\u00e9es \u00e0 de nombreux secteurs d\u2019activit\u00e9, dont un service d\u2019exp\u00e9dition en chargement complet\u00a0(ECC). Si ce service vous int\u00e9resse ou si vous souhaitez explorer d\u2019autres options, nous pouvons vous aider. Nous effectuons des d\u00e9placements partout&hellip; <a class=\"more-link\" href=\"https:\/\/www.fastfrate.com\/fr\/chargement-complet\/\">Continue reading <span class=\"screen-reader-text\">Full Truckload (FTL)<\/span><\/a><\/p>","protected":false},"author":4,"featured_media":0,"parent":0,"menu_order":0,"comment_status":"closed","ping_status":"closed","template":"page-services-fr.php","meta":{"_acf_changed":false,"footnotes":""},"class_list":["post-20896","page","type-page","status-publish","hentry","entry"],"acf":[],"yoast_head":"<!-- This site is optimized with the Yoast SEO plugin v27.4 - https:\/\/yoast.com\/product\/yoast-seo-wordpress\/ -->\n<title>Exp\u00e9dition en chargement complet | Groupe Fastfrate<\/title>\n<meta name=\"description\" content=\"L\u2019exp\u00e9dition de vos produits ne devrait pas \u00eatre une corv\u00e9e. Fastfrate offre des solutions adapt\u00e9es \u00e0 de nombreux secteurs d\u2019activit\u00e9, dont un service d\u2019exp\u00e9dition en chargement complet\u00a0(ECC).\" \/>\n<meta name=\"robots\" content=\"index, follow, max-snippet:-1, max-image-preview:large, max-video-preview:-1\" \/>\n<link rel=\"canonical\" href=\"https:\/\/www.fastfrate.com\/fr\/chargement-complet\/\" \/>\n<meta property=\"og:locale\" content=\"fr_CA\" \/>\n<meta property=\"og:type\" content=\"article\" \/>\n<meta property=\"og:title\" content=\"Exp\u00e9dition en chargement complet | Groupe Fastfrate\" \/>\n<meta property=\"og:description\" content=\"L\u2019exp\u00e9dition de vos produits ne devrait pas \u00eatre une corv\u00e9e. Fastfrate offre des solutions adapt\u00e9es \u00e0 de nombreux secteurs d\u2019activit\u00e9, dont un service d\u2019exp\u00e9dition en chargement complet\u00a0(ECC).\" \/>\n<meta property=\"og:url\" content=\"https:\/\/www.fastfrate.com\/fr\/chargement-complet\/\" \/>\n<meta property=\"og:site_name\" content=\"The FastFrate Group\" \/>\n<meta property=\"article:modified_time\" content=\"2026-04-13T12:23:37+00:00\" \/>\n<meta property=\"og:image\" content=\"http:\/\/www.fastfrate.com\/wp-content\/themes\/fastfrate\/assets\/images\/homepage-section-challenger.jpg\" \/>\n<meta name=\"twitter:card\" content=\"summary_large_image\" \/>\n<meta name=\"twitter:label1\" content=\"Estimation du temps de lecture\" \/>\n\t<meta name=\"twitter:data1\" content=\"4 minutes\" \/>\n<script type=\"application\/ld+json\" class=\"yoast-schema-graph\">{\"@context\":\"https:\\\/\\\/schema.org\",\"@graph\":[{\"@type\":\"WebPage\",\"@id\":\"https:\\\/\\\/www.fastfrate.com\\\/fr\\\/chargement-complet\\\/\",\"url\":\"https:\\\/\\\/www.fastfrate.com\\\/fr\\\/chargement-complet\\\/\",\"name\":\"Exp\u00e9dition en chargement complet | Groupe Fastfrate\",\"isPartOf\":{\"@id\":\"https:\\\/\\\/www.fastfrate.com\\\/fr\\\/#website\"},\"primaryImageOfPage\":{\"@id\":\"https:\\\/\\\/www.fastfrate.com\\\/fr\\\/chargement-complet\\\/#primaryimage\"},\"image\":{\"@id\":\"https:\\\/\\\/www.fastfrate.com\\\/fr\\\/chargement-complet\\\/#primaryimage\"},\"thumbnailUrl\":\"http:\\\/\\\/www.fastfrate.com\\\/wp-content\\\/themes\\\/fastfrate\\\/assets\\\/images\\\/homepage-section-challenger.jpg\",\"datePublished\":\"2022-10-25T17:06:49+00:00\",\"dateModified\":\"2026-04-13T12:23:37+00:00\",\"description\":\"L\u2019exp\u00e9dition de vos produits ne devrait pas \u00eatre une corv\u00e9e. Fastfrate offre des solutions adapt\u00e9es \u00e0 de nombreux secteurs d\u2019activit\u00e9, dont un service d\u2019exp\u00e9dition en chargement complet\u00a0(ECC).\",\"breadcrumb\":{\"@id\":\"https:\\\/\\\/www.fastfrate.com\\\/fr\\\/chargement-complet\\\/#breadcrumb\"},\"inLanguage\":\"fr-CA\",\"potentialAction\":[{\"@type\":\"ReadAction\",\"target\":[\"https:\\\/\\\/www.fastfrate.com\\\/fr\\\/chargement-complet\\\/\"]}]},{\"@type\":\"ImageObject\",\"inLanguage\":\"fr-CA\",\"@id\":\"https:\\\/\\\/www.fastfrate.com\\\/fr\\\/chargement-complet\\\/#primaryimage\",\"url\":\"http:\\\/\\\/www.fastfrate.com\\\/wp-content\\\/themes\\\/fastfrate\\\/assets\\\/images\\\/homepage-section-challenger.jpg\",\"contentUrl\":\"http:\\\/\\\/www.fastfrate.com\\\/wp-content\\\/themes\\\/fastfrate\\\/assets\\\/images\\\/homepage-section-challenger.jpg\"},{\"@type\":\"BreadcrumbList\",\"@id\":\"https:\\\/\\\/www.fastfrate.com\\\/fr\\\/chargement-complet\\\/#breadcrumb\",\"itemListElement\":[{\"@type\":\"ListItem\",\"position\":1,\"name\":\"Home\",\"item\":\"https:\\\/\\\/www.fastfrate.com\\\/\"},{\"@type\":\"ListItem\",\"position\":2,\"name\":\"Full Truckload (FTL)\"}]},{\"@type\":\"WebSite\",\"@id\":\"https:\\\/\\\/www.fastfrate.com\\\/fr\\\/#website\",\"url\":\"https:\\\/\\\/www.fastfrate.com\\\/fr\\\/\",\"name\":\"The FastFrate Group\",\"description\":\"\",\"potentialAction\":[{\"@type\":\"SearchAction\",\"target\":{\"@type\":\"EntryPoint\",\"urlTemplate\":\"https:\\\/\\\/www.fastfrate.com\\\/fr\\\/?s={search_term_string}\"},\"query-input\":{\"@type\":\"PropertyValueSpecification\",\"valueRequired\":true,\"valueName\":\"search_term_string\"}}],\"inLanguage\":\"fr-CA\"}]}<\/script>\n<!-- \/ Yoast SEO plugin. -->","yoast_head_json":{"title":"Exp\u00e9dition en chargement complet | Groupe Fastfrate","description":"L\u2019exp\u00e9dition de vos produits ne devrait pas \u00eatre une corv\u00e9e. Fastfrate offre des solutions adapt\u00e9es \u00e0 de nombreux secteurs d\u2019activit\u00e9, dont un service d\u2019exp\u00e9dition en chargement complet\u00a0(ECC).","robots":{"index":"index","follow":"follow","max-snippet":"max-snippet:-1","max-image-preview":"max-image-preview:large","max-video-preview":"max-video-preview:-1"},"canonical":"https:\/\/www.fastfrate.com\/fr\/chargement-complet\/","og_locale":"fr_CA","og_type":"article","og_title":"Exp\u00e9dition en chargement complet | Groupe Fastfrate","og_description":"L\u2019exp\u00e9dition de vos produits ne devrait pas \u00eatre une corv\u00e9e. Fastfrate offre des solutions adapt\u00e9es \u00e0 de nombreux secteurs d\u2019activit\u00e9, dont un service d\u2019exp\u00e9dition en chargement complet\u00a0(ECC).","og_url":"https:\/\/www.fastfrate.com\/fr\/chargement-complet\/","og_site_name":"The FastFrate Group","article_modified_time":"2026-04-13T12:23:37+00:00","og_image":[{"url":"http:\/\/www.fastfrate.com\/wp-content\/themes\/fastfrate\/assets\/images\/homepage-section-challenger.jpg","type":"","width":"","height":""}],"twitter_card":"summary_large_image","twitter_misc":{"Estimation du temps de lecture":"4 minutes"},"schema":{"@context":"https:\/\/schema.org","@graph":[{"@type":"WebPage","@id":"https:\/\/www.fastfrate.com\/fr\/chargement-complet\/","url":"https:\/\/www.fastfrate.com\/fr\/chargement-complet\/","name":"Exp\u00e9dition en chargement complet | Groupe Fastfrate","isPartOf":{"@id":"https:\/\/www.fastfrate.com\/fr\/#website"},"primaryImageOfPage":{"@id":"https:\/\/www.fastfrate.com\/fr\/chargement-complet\/#primaryimage"},"image":{"@id":"https:\/\/www.fastfrate.com\/fr\/chargement-complet\/#primaryimage"},"thumbnailUrl":"http:\/\/www.fastfrate.com\/wp-content\/themes\/fastfrate\/assets\/images\/homepage-section-challenger.jpg","datePublished":"2022-10-25T17:06:49+00:00","dateModified":"2026-04-13T12:23:37+00:00","description":"L\u2019exp\u00e9dition de vos produits ne devrait pas \u00eatre une corv\u00e9e. Fastfrate offre des solutions adapt\u00e9es \u00e0 de nombreux secteurs d\u2019activit\u00e9, dont un service d\u2019exp\u00e9dition en chargement complet\u00a0(ECC).","breadcrumb":{"@id":"https:\/\/www.fastfrate.com\/fr\/chargement-complet\/#breadcrumb"},"inLanguage":"fr-CA","potentialAction":[{"@type":"ReadAction","target":["https:\/\/www.fastfrate.com\/fr\/chargement-complet\/"]}]},{"@type":"ImageObject","inLanguage":"fr-CA","@id":"https:\/\/www.fastfrate.com\/fr\/chargement-complet\/#primaryimage","url":"http:\/\/www.fastfrate.com\/wp-content\/themes\/fastfrate\/assets\/images\/homepage-section-challenger.jpg","contentUrl":"http:\/\/www.fastfrate.com\/wp-content\/themes\/fastfrate\/assets\/images\/homepage-section-challenger.jpg"},{"@type":"BreadcrumbList","@id":"https:\/\/www.fastfrate.com\/fr\/chargement-complet\/#breadcrumb","itemListElement":[{"@type":"ListItem","position":1,"name":"Home","item":"https:\/\/www.fastfrate.com\/"},{"@type":"ListItem","position":2,"name":"Full Truckload (FTL)"}]},{"@type":"WebSite","@id":"https:\/\/www.fastfrate.com\/fr\/#website","url":"https:\/\/www.fastfrate.com\/fr\/","name":"The FastFrate Group","description":"","potentialAction":[{"@type":"SearchAction","target":{"@type":"EntryPoint","urlTemplate":"https:\/\/www.fastfrate.com\/fr\/?s={search_term_string}"},"query-input":{"@type":"PropertyValueSpecification","valueRequired":true,"valueName":"search_term_string"}}],"inLanguage":"fr-CA"}]}},"_links":{"self":[{"href":"https:\/\/www.fastfrate.com\/fr\/wp-json\/wp\/v2\/pages\/20896","targetHints":{"allow":["GET"]}}],"collection":[{"href":"https:\/\/www.fastfrate.com\/fr\/wp-json\/wp\/v2\/pages"}],"about":[{"href":"https:\/\/www.fastfrate.com\/fr\/wp-json\/wp\/v2\/types\/page"}],"author":[{"embeddable":true,"href":"https:\/\/www.fastfrate.com\/fr\/wp-json\/wp\/v2\/users\/4"}],"replies":[{"embeddable":true,"href":"https:\/\/www.fastfrate.com\/fr\/wp-json\/wp\/v2\/comments?post=20896"}],"version-history":[{"count":0,"href":"https:\/\/www.fastfrate.com\/fr\/wp-json\/wp\/v2\/pages\/20896\/revisions"}],"wp:attachment":[{"href":"https:\/\/www.fastfrate.com\/fr\/wp-json\/wp\/v2\/media?parent=20896"}],"curies":[{"name":"wp","href":"https:\/\/api.w.org\/{rel}","templated":true}]}}