{"id":1083,"date":"2021-10-18T13:04:53","date_gmt":"2021-10-18T17:04:53","guid":{"rendered":"http:\/\/fastfrate-dev.local\/privacy-policy-2\/"},"modified":"2024-04-24T17:41:50","modified_gmt":"2024-04-24T21:41:50","slug":"politique-en-matiere-de-vie-privee","status":"publish","type":"page","link":"https:\/\/www.fastfrate.com\/fr\/politique-en-matiere-de-vie-privee\/","title":{"rendered":"POLITIQUE EN MATI\u00c8RE DE VIE PRIV\u00c9E"},"content":{"rendered":"<div id=\"PageWrapperHome\" class=\"Subpage SubpageStandard privacy\">\n<div class=\"SubpageWrapper\">\n<div class=\"SubpageContentWrapper container\">\n<div class=\"ContentSubpageRight col-md-6 col-sm-12 col-xs-12\">\n<div class=\"ContentSubpageFeature hidden-xs hidden-sm\">\n\t\t\t\t\t<img decoding=\"async\" class=\"img-responsive\" src=\"https:\/\/www.fastfrate.com\/wp-content\/uploads\/2021\/10\/feature-image-ltl-ontario-quebec.jpg\" alt=\"Transport t\u00e9l\u00e9chargements\"><\/div>\n<\/div>\n<div class=\"ContentSubpageLeft col-md-6 col-sm-12 col-xs-12\">\n<div class=\"breadcrum\">POLITIQUE EN MATI\u00c8RE DE VIE PRIV\u00c9E &nbsp;| &nbsp;GROUPE FASTFRATE<\/div>\n<div class=\"ContentBody\">\n<h2>Fastfrate prot\u00e8ge vos renseignements personnels<\/h2>\n<p>Fastfrate est d\u00e9vou\u00e9e \u00e0 am\u00e9liorer le service \u00e0 la client\u00e8le gr\u00e2ce \u00e0 la convivialit\u00e9 et \u00e0 l&#8217;utilit\u00e9 d&#8217;Internet. \u00c9tant donn\u00e9 que nous croyons \u00e0 l&#8217;importance de prot\u00e9ger votre confidentialit\u00e9, nous nous sommes engag\u00e9s \u00e0 observer les principes de la norme nationale du Canada, soit le Code type sur la protection des renseignements personnels. Nous avons \u00e9labor\u00e9 notre politique de confidentialit\u00e9 en fonction des dix principes suivants :<\/p>\n<h3>Responsabilit\u00e9<\/h3>\n<p>Fastfrate est responsable des renseignements personnels qui rel\u00e8vent de son contr\u00f4le. Nous avons d\u00e9sign\u00e9 un dirigeant qui s&#8217;assurera que les principes sont respect\u00e9s. Si vous avez des questions ou des plaintes sur la fa\u00e7on dont vos renseignements personnels ont \u00e9t\u00e9 trait\u00e9s ou recueillis, veuillez communiquer avec :<\/p>\n<p>Ahmet Taran, directeur de la technologie de l&#8217;information, (905) 893-2600<\/p>\n<h3>D\u00e9termination des finalit\u00e9s<\/h3>\n<p>Nous promettons de clairement vous communiquer les finalit\u00e9s pour lesquelles vos renseignements personnels sont recueillis, et ce, pr\u00e9alablement ou au moment de la collecte.<\/p>\n<h3>Consentement<\/h3>\n<p>Vous devez \u00eatre inform\u00e9 et consentir \u00e0 toute collecte, utilisation ou communication de renseignements personnels vous concernant, \u00e0 moins qu&#8217;il ne soit pas appropri\u00e9 de le faire.<\/p>\n<h3>Limitation de la collecte<\/h3>\n<p>Nous promettons de ne recueillir que les renseignements personnels n\u00e9cessaires aux fins d\u00e9termin\u00e9es et nous devons proc\u00e9der par des moyens licites et honn\u00eates.<\/p>\n<h3>Limitation de l&#8217;utilisation, de la communication et de la conservation<\/h3>\n<p>Nous promettons que vos renseignements personnels ne seront utilis\u00e9s que pour les fins pour lesquelles ils ont \u00e9t\u00e9 recueillis \u00e0 moins que vous n&#8217;y consentiez (ou que la loi ne l&#8217;exige). Nous ne conserverons les renseignements personnels qu&#8217;aussi longtemps que n\u00e9cessaire pour la r\u00e9alisation des finalit\u00e9s d\u00e9termin\u00e9es.<\/p>\n<h3>Exactitude<\/h3>\n<p>Nous ferons tout en notre pouvoir pour que vos renseignements personnels soient aussi exacts, complets et \u00e0 jour que l&#8217;exigent les fins auxquelles ils sont recueillis.<\/p>\n<h3>Mesures de s\u00e9curit\u00e9<\/h3>\n<p>Nous prot\u00e9gerons vos renseignements personnels au moyen de mesures de s\u00e9curit\u00e9 correspondant \u00e0 leur degr\u00e9 de sensibilit\u00e9.<\/p>\n<h3>Transparence<\/h3>\n<p>Nous mettrons \u00e0 votre disposition des renseignements pr\u00e9cis sur nos politiques et nos pratiques concernant la gestion des renseignements personnels.<\/p>\n<h3>Acc\u00e8s aux renseignements personnels<\/h3>\n<p>Sur demande \u00e9crite, nous vous informerons de l&#8217;existence des renseignements personnels vous concernant, de l&#8217;usage qui en est fait et du fait qu&#8217;ils ont \u00e9t\u00e9 communiqu\u00e9s \u00e0 des tiers, et nous vous permettrons de les consulter. Vous pourrez contester l&#8217;exactitude et l&#8217;\u00e9tat complet des renseignements et y faire apporter les corrections appropri\u00e9es.<\/p>\n<h3>Possibilit\u00e9 de porter plainte<\/h3>\n<p>Si vous d\u00e9sirez porter plainte \u00e0 propos du non-respect des principes \u00e9nonc\u00e9s ci-dessus, veuillez communiquer avec la personne suivante :<\/p>\n<p><strong>John King<\/strong><br \/>\nDirecteur des TI et des processus<br \/>\n(905) 893-2600<\/p>\n<\/div>\n<\/div>\n<\/div>\n<\/div>\n<\/div>","protected":false},"excerpt":{"rendered":"<p>POLITIQUE EN MATI\u00c8RE DE VIE PRIV\u00c9E &nbsp;| &nbsp;GROUPE FASTFRATE Fastfrate prot\u00e8ge vos renseignements personnels Fastfrate est d\u00e9vou\u00e9e \u00e0 am\u00e9liorer le service \u00e0 la client\u00e8le gr\u00e2ce \u00e0 la convivialit\u00e9 et \u00e0 l&#8217;utilit\u00e9 d&#8217;Internet. \u00c9tant donn\u00e9 que nous croyons \u00e0 l&#8217;importance de prot\u00e9ger votre confidentialit\u00e9, nous nous sommes engag\u00e9s \u00e0 observer les principes de la norme nationale&hellip; <a class=\"more-link\" href=\"https:\/\/www.fastfrate.com\/fr\/politique-en-matiere-de-vie-privee\/\">Continue reading <span class=\"screen-reader-text\">POLITIQUE EN MATI\u00c8RE DE VIE PRIV\u00c9E<\/span><\/a><\/p>","protected":false},"author":1,"featured_media":0,"parent":0,"menu_order":0,"comment_status":"closed","ping_status":"closed","template":"page-about-fr.php","meta":{"_acf_changed":false,"footnotes":""},"categories":[8],"tags":[],"class_list":["post-1083","page","type-page","status-publish","hentry","category-fr","entry"],"acf":[],"yoast_head":"<!-- This site is optimized with the Yoast SEO plugin v27.4 - https:\/\/yoast.com\/product\/yoast-seo-wordpress\/ -->\n<title>Politique en mati\u00e8re de vie priv\u00e9e | Fastfrate | Compagnie de camionnage, entreposage, logistique<\/title>\n<meta name=\"description\" content=\"Politique en mati\u00e8re de vie priv\u00e9e. Fastfrate est une compagnie de transport de chargements partiels et de chargements complets sp\u00e9cialis\u00e9e dans le transport intermodal par rail, l&#039;entreposage et le courtage de marchandise pour le Manitoba, la Saskatchewan, l&#039;Alberta et la Colombie-Britannique.\" \/>\n<meta name=\"robots\" content=\"index, follow, max-snippet:-1, max-image-preview:large, max-video-preview:-1\" \/>\n<link rel=\"canonical\" href=\"https:\/\/www.fastfrate.com\/fr\/politique-en-matiere-de-vie-privee\/\" \/>\n<meta property=\"og:locale\" content=\"fr_CA\" \/>\n<meta property=\"og:type\" content=\"article\" \/>\n<meta property=\"og:title\" content=\"Politique en mati\u00e8re de vie priv\u00e9e | Fastfrate | Compagnie de camionnage, entreposage, logistique\" \/>\n<meta property=\"og:description\" content=\"Politique en mati\u00e8re de vie priv\u00e9e. Fastfrate est une compagnie de transport de chargements partiels et de chargements complets sp\u00e9cialis\u00e9e dans le transport intermodal par rail, l&#039;entreposage et le courtage de marchandise pour le Manitoba, la Saskatchewan, l&#039;Alberta et la Colombie-Britannique.\" \/>\n<meta property=\"og:url\" content=\"https:\/\/www.fastfrate.com\/fr\/politique-en-matiere-de-vie-privee\/\" \/>\n<meta property=\"og:site_name\" content=\"The FastFrate Group\" \/>\n<meta property=\"article:modified_time\" content=\"2024-04-24T21:41:50+00:00\" \/>\n<meta property=\"og:image\" content=\"http:\/\/www.fastfrate.com\/wp-content\/uploads\/2021\/10\/feature-image-ltl-ontario-quebec.jpg\" \/>\n<meta name=\"twitter:card\" content=\"summary_large_image\" \/>\n<meta name=\"twitter:label1\" content=\"Estimation du temps de lecture\" \/>\n\t<meta name=\"twitter:data1\" content=\"3 minutes\" \/>\n<script type=\"application\/ld+json\" class=\"yoast-schema-graph\">{\"@context\":\"https:\\\/\\\/schema.org\",\"@graph\":[{\"@type\":\"WebPage\",\"@id\":\"https:\\\/\\\/www.fastfrate.com\\\/fr\\\/politique-en-matiere-de-vie-privee\\\/\",\"url\":\"https:\\\/\\\/www.fastfrate.com\\\/fr\\\/politique-en-matiere-de-vie-privee\\\/\",\"name\":\"Politique en mati\u00e8re de vie priv\u00e9e | Fastfrate | Compagnie de camionnage, entreposage, logistique\",\"isPartOf\":{\"@id\":\"https:\\\/\\\/www.fastfrate.com\\\/fr\\\/#website\"},\"primaryImageOfPage\":{\"@id\":\"https:\\\/\\\/www.fastfrate.com\\\/fr\\\/politique-en-matiere-de-vie-privee\\\/#primaryimage\"},\"image\":{\"@id\":\"https:\\\/\\\/www.fastfrate.com\\\/fr\\\/politique-en-matiere-de-vie-privee\\\/#primaryimage\"},\"thumbnailUrl\":\"http:\\\/\\\/www.fastfrate.com\\\/wp-content\\\/uploads\\\/2021\\\/10\\\/feature-image-ltl-ontario-quebec.jpg\",\"datePublished\":\"2021-10-18T17:04:53+00:00\",\"dateModified\":\"2024-04-24T21:41:50+00:00\",\"description\":\"Politique en mati\u00e8re de vie priv\u00e9e. Fastfrate est une compagnie de transport de chargements partiels et de chargements complets sp\u00e9cialis\u00e9e dans le transport intermodal par rail, l'entreposage et le courtage de marchandise pour le Manitoba, la Saskatchewan, l'Alberta et la Colombie-Britannique.\",\"breadcrumb\":{\"@id\":\"https:\\\/\\\/www.fastfrate.com\\\/fr\\\/politique-en-matiere-de-vie-privee\\\/#breadcrumb\"},\"inLanguage\":\"fr-CA\",\"potentialAction\":[{\"@type\":\"ReadAction\",\"target\":[\"https:\\\/\\\/www.fastfrate.com\\\/fr\\\/politique-en-matiere-de-vie-privee\\\/\"]}]},{\"@type\":\"ImageObject\",\"inLanguage\":\"fr-CA\",\"@id\":\"https:\\\/\\\/www.fastfrate.com\\\/fr\\\/politique-en-matiere-de-vie-privee\\\/#primaryimage\",\"url\":\"http:\\\/\\\/www.fastfrate.com\\\/wp-content\\\/uploads\\\/2021\\\/10\\\/feature-image-ltl-ontario-quebec.jpg\",\"contentUrl\":\"http:\\\/\\\/www.fastfrate.com\\\/wp-content\\\/uploads\\\/2021\\\/10\\\/feature-image-ltl-ontario-quebec.jpg\"},{\"@type\":\"BreadcrumbList\",\"@id\":\"https:\\\/\\\/www.fastfrate.com\\\/fr\\\/politique-en-matiere-de-vie-privee\\\/#breadcrumb\",\"itemListElement\":[{\"@type\":\"ListItem\",\"position\":1,\"name\":\"Home\",\"item\":\"https:\\\/\\\/www.fastfrate.com\\\/\"},{\"@type\":\"ListItem\",\"position\":2,\"name\":\"POLITIQUE EN MATI\u00c8RE DE VIE PRIV\u00c9E\"}]},{\"@type\":\"WebSite\",\"@id\":\"https:\\\/\\\/www.fastfrate.com\\\/fr\\\/#website\",\"url\":\"https:\\\/\\\/www.fastfrate.com\\\/fr\\\/\",\"name\":\"The FastFrate Group\",\"description\":\"\",\"potentialAction\":[{\"@type\":\"SearchAction\",\"target\":{\"@type\":\"EntryPoint\",\"urlTemplate\":\"https:\\\/\\\/www.fastfrate.com\\\/fr\\\/?s={search_term_string}\"},\"query-input\":{\"@type\":\"PropertyValueSpecification\",\"valueRequired\":true,\"valueName\":\"search_term_string\"}}],\"inLanguage\":\"fr-CA\"}]}<\/script>\n<!-- \/ Yoast SEO plugin. -->","yoast_head_json":{"title":"Politique en mati\u00e8re de vie priv\u00e9e | Fastfrate | Compagnie de camionnage, entreposage, logistique","description":"Politique en mati\u00e8re de vie priv\u00e9e. Fastfrate est une compagnie de transport de chargements partiels et de chargements complets sp\u00e9cialis\u00e9e dans le transport intermodal par rail, l'entreposage et le courtage de marchandise pour le Manitoba, la Saskatchewan, l'Alberta et la Colombie-Britannique.","robots":{"index":"index","follow":"follow","max-snippet":"max-snippet:-1","max-image-preview":"max-image-preview:large","max-video-preview":"max-video-preview:-1"},"canonical":"https:\/\/www.fastfrate.com\/fr\/politique-en-matiere-de-vie-privee\/","og_locale":"fr_CA","og_type":"article","og_title":"Politique en mati\u00e8re de vie priv\u00e9e | Fastfrate | Compagnie de camionnage, entreposage, logistique","og_description":"Politique en mati\u00e8re de vie priv\u00e9e. Fastfrate est une compagnie de transport de chargements partiels et de chargements complets sp\u00e9cialis\u00e9e dans le transport intermodal par rail, l'entreposage et le courtage de marchandise pour le Manitoba, la Saskatchewan, l'Alberta et la Colombie-Britannique.","og_url":"https:\/\/www.fastfrate.com\/fr\/politique-en-matiere-de-vie-privee\/","og_site_name":"The FastFrate Group","article_modified_time":"2024-04-24T21:41:50+00:00","og_image":[{"url":"http:\/\/www.fastfrate.com\/wp-content\/uploads\/2021\/10\/feature-image-ltl-ontario-quebec.jpg","type":"","width":"","height":""}],"twitter_card":"summary_large_image","twitter_misc":{"Estimation du temps de lecture":"3 minutes"},"schema":{"@context":"https:\/\/schema.org","@graph":[{"@type":"WebPage","@id":"https:\/\/www.fastfrate.com\/fr\/politique-en-matiere-de-vie-privee\/","url":"https:\/\/www.fastfrate.com\/fr\/politique-en-matiere-de-vie-privee\/","name":"Politique en mati\u00e8re de vie priv\u00e9e | Fastfrate | Compagnie de camionnage, entreposage, logistique","isPartOf":{"@id":"https:\/\/www.fastfrate.com\/fr\/#website"},"primaryImageOfPage":{"@id":"https:\/\/www.fastfrate.com\/fr\/politique-en-matiere-de-vie-privee\/#primaryimage"},"image":{"@id":"https:\/\/www.fastfrate.com\/fr\/politique-en-matiere-de-vie-privee\/#primaryimage"},"thumbnailUrl":"http:\/\/www.fastfrate.com\/wp-content\/uploads\/2021\/10\/feature-image-ltl-ontario-quebec.jpg","datePublished":"2021-10-18T17:04:53+00:00","dateModified":"2024-04-24T21:41:50+00:00","description":"Politique en mati\u00e8re de vie priv\u00e9e. Fastfrate est une compagnie de transport de chargements partiels et de chargements complets sp\u00e9cialis\u00e9e dans le transport intermodal par rail, l'entreposage et le courtage de marchandise pour le Manitoba, la Saskatchewan, l'Alberta et la Colombie-Britannique.","breadcrumb":{"@id":"https:\/\/www.fastfrate.com\/fr\/politique-en-matiere-de-vie-privee\/#breadcrumb"},"inLanguage":"fr-CA","potentialAction":[{"@type":"ReadAction","target":["https:\/\/www.fastfrate.com\/fr\/politique-en-matiere-de-vie-privee\/"]}]},{"@type":"ImageObject","inLanguage":"fr-CA","@id":"https:\/\/www.fastfrate.com\/fr\/politique-en-matiere-de-vie-privee\/#primaryimage","url":"http:\/\/www.fastfrate.com\/wp-content\/uploads\/2021\/10\/feature-image-ltl-ontario-quebec.jpg","contentUrl":"http:\/\/www.fastfrate.com\/wp-content\/uploads\/2021\/10\/feature-image-ltl-ontario-quebec.jpg"},{"@type":"BreadcrumbList","@id":"https:\/\/www.fastfrate.com\/fr\/politique-en-matiere-de-vie-privee\/#breadcrumb","itemListElement":[{"@type":"ListItem","position":1,"name":"Home","item":"https:\/\/www.fastfrate.com\/"},{"@type":"ListItem","position":2,"name":"POLITIQUE EN MATI\u00c8RE DE VIE PRIV\u00c9E"}]},{"@type":"WebSite","@id":"https:\/\/www.fastfrate.com\/fr\/#website","url":"https:\/\/www.fastfrate.com\/fr\/","name":"The FastFrate Group","description":"","potentialAction":[{"@type":"SearchAction","target":{"@type":"EntryPoint","urlTemplate":"https:\/\/www.fastfrate.com\/fr\/?s={search_term_string}"},"query-input":{"@type":"PropertyValueSpecification","valueRequired":true,"valueName":"search_term_string"}}],"inLanguage":"fr-CA"}]}},"_links":{"self":[{"href":"https:\/\/www.fastfrate.com\/fr\/wp-json\/wp\/v2\/pages\/1083","targetHints":{"allow":["GET"]}}],"collection":[{"href":"https:\/\/www.fastfrate.com\/fr\/wp-json\/wp\/v2\/pages"}],"about":[{"href":"https:\/\/www.fastfrate.com\/fr\/wp-json\/wp\/v2\/types\/page"}],"author":[{"embeddable":true,"href":"https:\/\/www.fastfrate.com\/fr\/wp-json\/wp\/v2\/users\/1"}],"replies":[{"embeddable":true,"href":"https:\/\/www.fastfrate.com\/fr\/wp-json\/wp\/v2\/comments?post=1083"}],"version-history":[{"count":0,"href":"https:\/\/www.fastfrate.com\/fr\/wp-json\/wp\/v2\/pages\/1083\/revisions"}],"wp:attachment":[{"href":"https:\/\/www.fastfrate.com\/fr\/wp-json\/wp\/v2\/media?parent=1083"}],"wp:term":[{"taxonomy":"category","embeddable":true,"href":"https:\/\/www.fastfrate.com\/fr\/wp-json\/wp\/v2\/categories?post=1083"},{"taxonomy":"post_tag","embeddable":true,"href":"https:\/\/www.fastfrate.com\/fr\/wp-json\/wp\/v2\/tags?post=1083"}],"curies":[{"name":"wp","href":"https:\/\/api.w.org\/{rel}","templated":true}]}}