{"id":921,"date":"2021-10-18T13:02:35","date_gmt":"2021-10-18T17:02:35","guid":{"rendered":"http:\/\/fastfrate-dev.local\/fuel-surcharge-2\/"},"modified":"2024-04-24T16:45:54","modified_gmt":"2024-04-24T20:45:54","slug":"supplement-carburant","status":"publish","type":"page","link":"https:\/\/www.fastfrate.com\/en\/supplement-carburant\/","title":{"rendered":"Supplement Carburant"},"content":{"rendered":"","protected":false},"excerpt":{"rendered":"","protected":false},"author":1,"featured_media":0,"parent":0,"menu_order":0,"comment_status":"closed","ping_status":"closed","template":"page-surcharge-fr.php","meta":{"_acf_changed":false,"footnotes":""},"categories":[8],"tags":[],"class_list":["post-921","page","type-page","status-publish","hentry","category-fr","entry"],"acf":[],"yoast_head":"<!-- This site is optimized with the Yoast SEO plugin v27.4 - https:\/\/yoast.com\/product\/yoast-seo-wordpress\/ -->\n<title>Suppl\u00e9ments carburant | Mis \u00e0 jour chaque semaine | Fastfrate<\/title>\n<meta name=\"description\" content=\"Fastfrate est une compagnie de camionnage et de gestion de la cha\u00eene d&#039;approvisionnement sp\u00e9cialis\u00e9e dans le transport de chargements partiels et le transport de chargements complets pour Winnipeg, Regina, Calgary et Vancouver.\" \/>\n<meta name=\"robots\" content=\"index, follow, max-snippet:-1, max-image-preview:large, max-video-preview:-1\" \/>\n<link rel=\"canonical\" href=\"https:\/\/www.fastfrate.com\/en\/supplement-carburant\/\" \/>\n<meta property=\"og:locale\" content=\"en_US\" \/>\n<meta property=\"og:type\" content=\"article\" \/>\n<meta property=\"og:title\" content=\"Suppl\u00e9ments carburant | Mis \u00e0 jour chaque semaine | Fastfrate\" \/>\n<meta property=\"og:description\" content=\"Fastfrate est une compagnie de camionnage et de gestion de la cha\u00eene d&#039;approvisionnement sp\u00e9cialis\u00e9e dans le transport de chargements partiels et le transport de chargements complets pour Winnipeg, Regina, Calgary et Vancouver.\" \/>\n<meta property=\"og:url\" content=\"https:\/\/www.fastfrate.com\/en\/supplement-carburant\/\" \/>\n<meta property=\"og:site_name\" content=\"The FastFrate Group\" \/>\n<meta property=\"article:modified_time\" content=\"2024-04-24T20:45:54+00:00\" \/>\n<meta name=\"twitter:card\" content=\"summary_large_image\" \/>\n<script type=\"application\/ld+json\" class=\"yoast-schema-graph\">{\"@context\":\"https:\\\/\\\/schema.org\",\"@graph\":[{\"@type\":\"WebPage\",\"@id\":\"https:\\\/\\\/www.fastfrate.com\\\/en\\\/supplement-carburant\\\/\",\"url\":\"https:\\\/\\\/www.fastfrate.com\\\/en\\\/supplement-carburant\\\/\",\"name\":\"Suppl\u00e9ments carburant | Mis \u00e0 jour chaque semaine | Fastfrate\",\"isPartOf\":{\"@id\":\"https:\\\/\\\/www.fastfrate.com\\\/en\\\/#website\"},\"datePublished\":\"2021-10-18T17:02:35+00:00\",\"dateModified\":\"2024-04-24T20:45:54+00:00\",\"description\":\"Fastfrate est une compagnie de camionnage et de gestion de la cha\u00eene d'approvisionnement sp\u00e9cialis\u00e9e dans le transport de chargements partiels et le transport de chargements complets pour Winnipeg, Regina, Calgary et Vancouver.\",\"breadcrumb\":{\"@id\":\"https:\\\/\\\/www.fastfrate.com\\\/en\\\/supplement-carburant\\\/#breadcrumb\"},\"inLanguage\":\"en-CA\",\"potentialAction\":[{\"@type\":\"ReadAction\",\"target\":[\"https:\\\/\\\/www.fastfrate.com\\\/en\\\/supplement-carburant\\\/\"]}]},{\"@type\":\"BreadcrumbList\",\"@id\":\"https:\\\/\\\/www.fastfrate.com\\\/en\\\/supplement-carburant\\\/#breadcrumb\",\"itemListElement\":[{\"@type\":\"ListItem\",\"position\":1,\"name\":\"Home\",\"item\":\"https:\\\/\\\/www.fastfrate.com\\\/\"},{\"@type\":\"ListItem\",\"position\":2,\"name\":\"Supplement Carburant\"}]},{\"@type\":\"WebSite\",\"@id\":\"https:\\\/\\\/www.fastfrate.com\\\/en\\\/#website\",\"url\":\"https:\\\/\\\/www.fastfrate.com\\\/en\\\/\",\"name\":\"The FastFrate Group\",\"description\":\"\",\"potentialAction\":[{\"@type\":\"SearchAction\",\"target\":{\"@type\":\"EntryPoint\",\"urlTemplate\":\"https:\\\/\\\/www.fastfrate.com\\\/en\\\/?s={search_term_string}\"},\"query-input\":{\"@type\":\"PropertyValueSpecification\",\"valueRequired\":true,\"valueName\":\"search_term_string\"}}],\"inLanguage\":\"en-CA\"}]}<\/script>\n<!-- \/ Yoast SEO plugin. -->","yoast_head_json":{"title":"Suppl\u00e9ments carburant | Mis \u00e0 jour chaque semaine | Fastfrate","description":"Fastfrate est une compagnie de camionnage et de gestion de la cha\u00eene d'approvisionnement sp\u00e9cialis\u00e9e dans le transport de chargements partiels et le transport de chargements complets pour Winnipeg, Regina, Calgary et Vancouver.","robots":{"index":"index","follow":"follow","max-snippet":"max-snippet:-1","max-image-preview":"max-image-preview:large","max-video-preview":"max-video-preview:-1"},"canonical":"https:\/\/www.fastfrate.com\/en\/supplement-carburant\/","og_locale":"en_US","og_type":"article","og_title":"Suppl\u00e9ments carburant | Mis \u00e0 jour chaque semaine | Fastfrate","og_description":"Fastfrate est une compagnie de camionnage et de gestion de la cha\u00eene d'approvisionnement sp\u00e9cialis\u00e9e dans le transport de chargements partiels et le transport de chargements complets pour Winnipeg, Regina, Calgary et Vancouver.","og_url":"https:\/\/www.fastfrate.com\/en\/supplement-carburant\/","og_site_name":"The FastFrate Group","article_modified_time":"2024-04-24T20:45:54+00:00","twitter_card":"summary_large_image","schema":{"@context":"https:\/\/schema.org","@graph":[{"@type":"WebPage","@id":"https:\/\/www.fastfrate.com\/en\/supplement-carburant\/","url":"https:\/\/www.fastfrate.com\/en\/supplement-carburant\/","name":"Suppl\u00e9ments carburant | Mis \u00e0 jour chaque semaine | Fastfrate","isPartOf":{"@id":"https:\/\/www.fastfrate.com\/en\/#website"},"datePublished":"2021-10-18T17:02:35+00:00","dateModified":"2024-04-24T20:45:54+00:00","description":"Fastfrate est une compagnie de camionnage et de gestion de la cha\u00eene d'approvisionnement sp\u00e9cialis\u00e9e dans le transport de chargements partiels et le transport de chargements complets pour Winnipeg, Regina, Calgary et Vancouver.","breadcrumb":{"@id":"https:\/\/www.fastfrate.com\/en\/supplement-carburant\/#breadcrumb"},"inLanguage":"en-CA","potentialAction":[{"@type":"ReadAction","target":["https:\/\/www.fastfrate.com\/en\/supplement-carburant\/"]}]},{"@type":"BreadcrumbList","@id":"https:\/\/www.fastfrate.com\/en\/supplement-carburant\/#breadcrumb","itemListElement":[{"@type":"ListItem","position":1,"name":"Home","item":"https:\/\/www.fastfrate.com\/"},{"@type":"ListItem","position":2,"name":"Supplement Carburant"}]},{"@type":"WebSite","@id":"https:\/\/www.fastfrate.com\/en\/#website","url":"https:\/\/www.fastfrate.com\/en\/","name":"The FastFrate Group","description":"","potentialAction":[{"@type":"SearchAction","target":{"@type":"EntryPoint","urlTemplate":"https:\/\/www.fastfrate.com\/en\/?s={search_term_string}"},"query-input":{"@type":"PropertyValueSpecification","valueRequired":true,"valueName":"search_term_string"}}],"inLanguage":"en-CA"}]}},"_links":{"self":[{"href":"https:\/\/www.fastfrate.com\/en\/wp-json\/wp\/v2\/pages\/921","targetHints":{"allow":["GET"]}}],"collection":[{"href":"https:\/\/www.fastfrate.com\/en\/wp-json\/wp\/v2\/pages"}],"about":[{"href":"https:\/\/www.fastfrate.com\/en\/wp-json\/wp\/v2\/types\/page"}],"author":[{"embeddable":true,"href":"https:\/\/www.fastfrate.com\/en\/wp-json\/wp\/v2\/users\/1"}],"replies":[{"embeddable":true,"href":"https:\/\/www.fastfrate.com\/en\/wp-json\/wp\/v2\/comments?post=921"}],"version-history":[{"count":0,"href":"https:\/\/www.fastfrate.com\/en\/wp-json\/wp\/v2\/pages\/921\/revisions"}],"wp:attachment":[{"href":"https:\/\/www.fastfrate.com\/en\/wp-json\/wp\/v2\/media?parent=921"}],"wp:term":[{"taxonomy":"category","embeddable":true,"href":"https:\/\/www.fastfrate.com\/en\/wp-json\/wp\/v2\/categories?post=921"},{"taxonomy":"post_tag","embeddable":true,"href":"https:\/\/www.fastfrate.com\/en\/wp-json\/wp\/v2\/tags?post=921"}],"curies":[{"name":"wp","href":"https:\/\/api.w.org\/{rel}","templated":true}]}}