{"id":886,"date":"2021-10-18T12:56:26","date_gmt":"2021-10-18T16:56:26","guid":{"rendered":"http:\/\/fastfrate-dev.local\/services-intermodal-2\/"},"modified":"2025-05-05T12:09:29","modified_gmt":"2025-05-05T16:09:29","slug":"intermodal-2","status":"publish","type":"page","link":"https:\/\/www.fastfrate.com\/en\/transport-intermodal\/","title":{"rendered":"Services Intermodal"},"content":{"rendered":"\r\n\r\n<div id=\"PageWrapperHome\" class=\"section1 Subpage SubpageWide IntermodalLTL\">\r\n<div class=\"SubpageWrapper\">\r\n<div class=\"ContentSubpageFeature\"><\/div>\r\n<div class=\"service-tab-wrapper\">\r\n<div class=\"container\">\r\n<div class=\"service-tab\">Services<span class=\"no-wrap vertical-line-wh\">INTERMODAL<\/span><\/div>\r\n<\/div>\r\n<\/div>\r\n<div class=\"container breadcrumbs-container\"><span><span><a href=\"https:\/\/www.fastfrate.com\/\">Home<\/a><\/span><\/span><\/div>\r\n<div class=\"SubpageContentWrapper container\">\r\n<div class=\"ContentSubpageLeft col-md-7 col-sm-12 col-xs-12\">\r\n<div class=\"ContentBody\">\r\n<h1 class=\"serviceWarehouse-h1\">LE MEILLEUR SERVICE INTERMODAL DE L\u2019INDUSTRIE VERS L\u2019OUEST DU CANADA<\/h1>\r\n<p>Le plus gros volume de marchandise transport\u00e9 par nos soins de l\u2019Ontario et du Qu\u00e9bec vers l\u2019Ouest du Canada transite par rail. C\u2019est pourquoi non seulement nous disposons de terminaux dans tous les grands centres, mais Calgary joue aussi le double r\u00f4le de centre de distribution strat\u00e9gique pour tout l\u2019Ouest du Canada.<\/p>\r\n<p class=\"p-red\">Transport longue distance par rail<\/p>\r\n<p>Plus la distance est grande, plus grands sont ces avantages Le rail n\u2019est pas seulement plus \u00e9conomique; il permet aussi de ne pas d\u00e9pendre des ressources en conduite sur de longues distances. Sur le plan environnemental, le transport intermodal permet de d\u00e9placer les marchandises avec 75 % moins d\u2019\u00e9missions que ne le font les modes de transport routier classiques.<\/p>\r\n<p class=\"p-red\">Des temps de transit en transport intermodal qui changent la donne<\/p>\r\n<p>Fastfrate travaille en partenariat avec le CP depuis plus de 50 ans, et avec le lancement de sa nouvelle solution de Gestion de la demande, le groupe Fastfrate est d\u00e9sormais en mesure d\u2019offrir \u00e0 ses clients un service intermodal qui change la donne de l\u2019Ontario et du Qu\u00e9bec vers l\u2019Ouest du Canada.<\/p>\r\n<p class=\"p-red\">Prenez les commandes : choisissez la vitesse de service qui r\u00e9pond \u00e0 vos besoins<\/p>\r\n<p><img decoding=\"async\" style=\"padding-bottom: 15px;\" src=\"https:\/\/www.fastfrate.com\/wp-content\/uploads\/2021\/10\/menu-logo-fastfrate.png\" \/><\/p>\r\n<div class=\"table-responsive\">\r\n<table id=\"DemandManagement_table\" class=\"table table-bordered table-responsive\" style=\"background-color: #ed1c24; width: 100%;\">\r\n<thead>\r\n<tr>\r\n<td class=\"th-alternate-cls1\" style=\"text-align: center;\" colspan=\"6\"><b><span style=\"color: #ffffff;\">SERVICE INTERMODAL EN CHARGEMENT PARTIEL \u00c0 PARTIR DE TOR\/MTL (TERMINAL \u00c0 TERMINAL)<\/span><br \/><\/b><\/td>\r\n<\/tr>\r\n<\/thead>\r\n<tbody>\r\n<tr>\r\n<th>\u00a0<\/th>\r\n<th class=\"th-alternate-cls\"><span style=\"color: #ffffff;\">WINNIPEG<\/span><\/th>\r\n<th class=\"th-alternate-cls1\"><span style=\"color: #ffffff;\">REGINA<\/span><\/th>\r\n<th class=\"th-alternate-cls\"><span style=\"color: #ffffff;\">CALGARY<\/span><\/th>\r\n<th class=\"th-alternate-cls1\"><span style=\"color: #ffffff;\">EDMONTON<\/span><\/th>\r\n<th class=\"th-alternate-cls\"><span style=\"color: #ffffff;\">VANCOUVER<\/span><\/th>\r\n<\/tr>\r\n<tr>\r\n<th><span style=\"color: #ffffff;\"><span style=\"font-weight: 900;\">FRATE<\/span> <span style=\"font-style: italic; font-weight: 400;\">EXPRESS<\/span><\/span><\/th>\r\n<td class=\"th-alternate-cls\"><span style=\"color: #ffffff;\">4 JOURS<\/span><\/td>\r\n<td class=\"th-alternate-cls1\"><span style=\"color: #ffffff;\">4 JOURS<\/span><\/td>\r\n<td class=\"th-alternate-cls\"><span style=\"color: #ffffff;\">4 JOURS<\/span><\/td>\r\n<td class=\"th-alternate-cls1\"><span style=\"color: #ffffff;\">5 JOURS<\/span><\/td>\r\n<td class=\"th-alternate-cls\"><span style=\"color: #ffffff;\">5 JOURS<\/span><\/td>\r\n<\/tr>\r\n<tr>\r\n<th><span style=\"color: #ffffff;\">FRATE<\/span><\/th>\r\n<td class=\"th-alternate-cls\"><span style=\"color: #ffffff;\">6 JOURS<\/span><\/td>\r\n<td class=\"th-alternate-cls1\"><span style=\"color: #ffffff;\">6 JOURS<\/span><\/td>\r\n<td class=\"th-alternate-cls\"><span style=\"color: #ffffff;\">6 JOURS<\/span><\/td>\r\n<td class=\"th-alternate-cls1\"><span style=\"color: #ffffff;\">7 JOURS<\/span><\/td>\r\n<td class=\"th-alternate-cls\"><span style=\"color: #ffffff;\">7 JOURS<\/span><\/td>\r\n<\/tr>\r\n<tr>\r\n<td class=\"th-alternate-cls1\" style=\"text-align: center;\" colspan=\"6\"><span style=\"color: #ffffff;\">*AJOUTEZ 1 JOUR \u00c0 PARTIR DE MONTR\u00c9AL<\/span><\/td>\r\n<\/tr>\r\n<\/tbody>\r\n<\/table>\r\n<\/div>\r\n<p><img decoding=\"async\" style=\"padding-bottom: 15px;\" src=\"https:\/\/www.fastfrate.com\/wp-content\/uploads\/2021\/10\/menu-logo-fastfrateil.png\" \/><\/p>\r\n<div class=\"table-responsive\">\r\n<table id=\"DemandManagement_table\" class=\"table table-bordered table-responsive\" style=\"background-color: #ed1c24; width: 100%;\">\r\n<thead>\r\n<tr>\r\n<td class=\"th-alternate-cls1\" style=\"text-align: center;\" colspan=\"6\"><b><span style=\"color: #ffffff;\">SERVICE INTERMODAL EN CHARGEMENT COMPLET \u00c0 PARTIR DE TOR\/MTL (TERMINAL \u00c0 TERMINAL)<\/span><br \/><\/b><\/td>\r\n<\/tr>\r\n<\/thead>\r\n<tbody>\r\n<tr>\r\n<th>\u00a0<\/th>\r\n<th class=\"th-alternate-cls\"><span style=\"color: #ffffff;\">WINNIPEG<\/span><\/th>\r\n<th class=\"th-alternate-cls1\"><span style=\"color: #ffffff;\">REGINA<\/span><\/th>\r\n<th class=\"th-alternate-cls\"><span style=\"color: #ffffff;\">CALGARY<\/span><\/th>\r\n<th class=\"th-alternate-cls1\"><span style=\"color: #ffffff;\">EDMONTON<\/span><\/th>\r\n<th class=\"th-alternate-cls\"><span style=\"color: #ffffff;\">VANCOUVER<\/span><\/th>\r\n<\/tr>\r\n<tr>\r\n<th><span style=\"color: #ffffff;\"><span style=\"font-weight: 900;\">FRATE<\/span> <span style=\"font-style: italic; font-weight: 400;\">EXPRESS<\/span><\/span><\/th>\r\n<td class=\"th-alternate-cls\"><span style=\"color: #ffffff;\">3 JOURS<\/span><\/td>\r\n<td class=\"th-alternate-cls1\"><span style=\"color: #ffffff;\">3 JOURS<\/span><\/td>\r\n<td class=\"th-alternate-cls\"><span style=\"color: #ffffff;\">3 JOURS<\/span><\/td>\r\n<td class=\"th-alternate-cls1\"><span style=\"color: #ffffff;\">4 JOURS<\/span><\/td>\r\n<td class=\"th-alternate-cls\"><span style=\"color: #ffffff;\">4 JOURS<\/span><\/td>\r\n<\/tr>\r\n<tr>\r\n<th><span style=\"color: #ffffff;\">FRATE<\/span><\/th>\r\n<td class=\"th-alternate-cls\"><span style=\"color: #ffffff;\">5 JOURS<\/span><\/td>\r\n<td class=\"th-alternate-cls1\"><span style=\"color: #ffffff;\">5 JOURS<\/span><\/td>\r\n<td class=\"th-alternate-cls\"><span style=\"color: #ffffff;\">5 JOURS<\/span><\/td>\r\n<td class=\"th-alternate-cls1\"><span style=\"color: #ffffff;\">6 JOURS<\/span><\/td>\r\n<td class=\"th-alternate-cls\"><span style=\"color: #ffffff;\">6 JOURS<\/span><\/td>\r\n<\/tr>\r\n<tr>\r\n<td class=\"th-alternate-cls1\" style=\"text-align: center;\" colspan=\"6\"><span style=\"color: #ffffff;\">*AJOUTEZ 1 JOUR \u00c0 PARTIR DE MONTR\u00c9AL<\/span><\/td>\r\n<\/tr>\r\n<\/tbody>\r\n<\/table>\r\n<\/div>\r\n<h2 class=\"red h2-transit-times\">SERVICE VERS L&#8217;EST DU CANADA<\/h2>\r\n<p><strong>DE L\u2019OUEST CANADIEN AU CENTRE ET \u00c0 L\u2019EST DU CANADA (D\u2019UN TERMINAL \u00c0 TERMINAL)<\/strong><\/p>\r\n<div class=\"table-responsive\">\r\n<table id=\"DemandManagement_table\" class=\"table table-bordered table-responsive\" style=\"background-color: #ed1c24;\">\r\n<tbody>\r\n<tr>\r\n<th style=\"text-align: center;\">\u00a0<\/th>\r\n<th class=\"th-alternate-cls\" style=\"text-align: center;\"><span style=\"color: #ffffff;\">WINNIPEG<\/span><\/th>\r\n<th class=\"th-alternate-cls1\" style=\"text-align: center;\"><span style=\"color: #ffffff;\">REGINA<\/span><\/th>\r\n<th class=\"th-alternate-cls\" style=\"text-align: center;\"><span style=\"color: #ffffff;\">CALGARY<\/span><\/th>\r\n<th class=\"th-alternate-cls1\" style=\"text-align: center;\"><span style=\"color: #ffffff;\">EDMONTON<\/span><\/th>\r\n<th class=\"th-alternate-cls\" style=\"text-align: center;\"><span style=\"color: #ffffff;\">VANCOUVER<\/span><\/th>\r\n<\/tr>\r\n<tr>\r\n<th><span style=\"color: #ffffff;\">Destination Toronto<\/span><\/th>\r\n<td class=\"th-alternate-cls\"><span style=\"color: #ffffff;\">8 JOURS<\/span><\/td>\r\n<td class=\"th-alternate-cls1\"><span style=\"color: #ffffff;\">8 JOURS<\/span><\/td>\r\n<td class=\"th-alternate-cls\"><span style=\"color: #ffffff;\">8 JOURS<\/span><\/td>\r\n<td class=\"th-alternate-cls1\"><span style=\"color: #ffffff;\">9 JOURS<\/span><\/td>\r\n<td class=\"th-alternate-cls\"><span style=\"color: #ffffff;\">9 JOURS<\/span><\/td>\r\n<\/tr>\r\n<tr>\r\n<th><span style=\"color: #ffffff;\">Destination Montreal<\/span><\/th>\r\n<td class=\"th-alternate-cls\"><span style=\"color: #ffffff;\">9 JOURS<\/span><\/td>\r\n<td class=\"th-alternate-cls1\"><span style=\"color: #ffffff;\">9 JOURS<\/span><\/td>\r\n<td class=\"th-alternate-cls\"><span style=\"color: #ffffff;\">9 JOURS<\/span><\/td>\r\n<td class=\"th-alternate-cls1\"><span style=\"color: #ffffff;\">10 JOURS<\/span><\/td>\r\n<td class=\"th-alternate-cls\"><span style=\"color: #ffffff;\">10 JOURS<\/span><\/td>\r\n<\/tr>\r\n<tr>\r\n<td class=\"th-alternate-cls1\" style=\"text-align: center;\" colspan=\"6\"><span style=\"color: #ffffff;\">*PAR TRAIN (TERMINAL \u00c0 TERMINAL)<\/span><\/td>\r\n<\/tr>\r\n<\/tbody>\r\n<\/table>\r\n<\/div>\r\n<p class=\"p-red\">Marchandises s\u00e8ches, semi-remorques chauff\u00e9es, et mati\u00e8res dangereuses<\/p>\r\n<p>Nous disposons de nombreuses installations adjacentes aux gares de triage du CP dans chacune des provinces de l\u2019Ouest. Vos envois de chargements partiels sont livr\u00e9s en toute s\u00e9curit\u00e9 partout dans l\u2019Ouest. Nous r\u00e9pondons aux besoins des petites et grandes entreprises, des sites industriels et de divers magasins de grande surface canadiens. Les marchandises en chargements partiels livr\u00e9es par nos soins comprennent :<\/p>\r\n<ul class=\"bullets-red\">\r\n<li>Produits finis et emball\u00e9s de grande consommation<\/li>\r\n<li>Aliments non p\u00e9rissables<\/li>\r\n<li>Produits industriels l\u00e9gers<\/li>\r\n<li>Pi\u00e8ces automobiles<\/li>\r\n<li>Peinture<\/li>\r\n<li>Quincaillerie et outils de tous types<\/li>\r\n<li>Essieux<\/li>\r\n<li>Acier plat et en bobines<\/li>\r\n<li>Pompes et pi\u00e8ces hydrauliques<\/li>\r\n<li>Produits de parfumerie<\/li>\r\n<li>Chaussures<\/li>\r\n<li>Agr\u00e9gats<\/li>\r\n<\/ul>\r\n<\/div>\r\n<\/div>\r\n<div id=\"form-right-unique\" class=\"ContentSubpageRight col-md-4 hidden-sm hidden-xs\">\r\n<div class=\"side-form\">\r\n<div class=\"serviceRightHead\">Intermodal<\/div>\r\n<div style=\"margin-bottom: 15px;\"><img decoding=\"async\" style=\"border: 0; width: 100%;\" src=\"https:\/\/www.fastfrate.com\/wp-content\/uploads\/2023\/02\/services-inset-intermodal-new2.jpg\" \/><\/div>\r\n<div class=\"form-header\">NOTRE \u00c9QUIPE N\u2019ATTEND QUE VOUS<\/div>\r\n<div class=\"form-header-sub\">Veuillez remplir le formulaire ci-dessous. Un de nos sp\u00e9cialistes vous r\u00e9pondra d\u2019ici le prochain jour ouvrable au plus tard.<\/div>\r\n\n<div class=\"wpcf7 no-js\" id=\"wpcf7-f1108-o1\" lang=\"en-CA\" dir=\"ltr\" data-wpcf7-id=\"1108\">\n<div class=\"screen-reader-response\"><p role=\"status\" aria-live=\"polite\" aria-atomic=\"true\"><\/p> <ul><\/ul><\/div>\n<form action=\"\/en\/wp-json\/wp\/v2\/pages\/886#wpcf7-f1108-o1\" method=\"post\" class=\"wpcf7-form init\" aria-label=\"Contact form\" novalidate=\"novalidate\" data-status=\"init\">\n<fieldset class=\"hidden-fields-container\"><input type=\"hidden\" name=\"_wpcf7\" value=\"1108\" \/><input type=\"hidden\" name=\"_wpcf7_version\" value=\"6.1.5\" \/><input type=\"hidden\" name=\"_wpcf7_locale\" value=\"en_CA\" \/><input type=\"hidden\" name=\"_wpcf7_unit_tag\" value=\"wpcf7-f1108-o1\" \/><input type=\"hidden\" name=\"_wpcf7_container_post\" value=\"0\" \/><input type=\"hidden\" name=\"_wpcf7_posted_data_hash\" value=\"\" \/><input type=\"hidden\" name=\"_wpcf7dtx_version\" value=\"5.0.5\" \/><input type=\"hidden\" name=\"_wpcf7_recaptcha_response\" value=\"\" \/>\n<\/fieldset>\n<p><label> <span class=\"asterix\">*<\/span>Pr\u00e9nom<br \/>\n<span class=\"wpcf7-form-control-wrap\" data-name=\"your-fname\"><input size=\"40\" maxlength=\"400\" class=\"wpcf7-form-control wpcf7-text wpcf7-validates-as-required\" aria-required=\"true\" aria-invalid=\"false\" value=\"\" type=\"text\" name=\"your-fname\" \/><\/span> <\/label><br \/>\n<label> <span class=\"asterix\">*<\/span>Nom de famille<br \/>\n<span class=\"wpcf7-form-control-wrap\" data-name=\"your-lname\"><input size=\"40\" maxlength=\"400\" class=\"wpcf7-form-control wpcf7-text wpcf7-validates-as-required\" aria-required=\"true\" aria-invalid=\"false\" value=\"\" type=\"text\" name=\"your-lname\" \/><\/span> <\/label><br \/>\n<label> <span class=\"asterix\">*<\/span>Nom de l'entreprise<br \/>\n<span class=\"wpcf7-form-control-wrap\" data-name=\"your-company\"><input size=\"40\" maxlength=\"400\" class=\"wpcf7-form-control wpcf7-text wpcf7-validates-as-required\" aria-required=\"true\" aria-invalid=\"false\" value=\"\" type=\"text\" name=\"your-company\" \/><\/span> <\/label><br \/>\n<label> Num\u00e9ro de t\u00e9l\u00e9phone<br \/>\n<span class=\"wpcf7-form-control-wrap\" data-name=\"your-phone\"><input size=\"40\" maxlength=\"400\" class=\"wpcf7-form-control wpcf7-text\" aria-invalid=\"false\" value=\"\" type=\"text\" name=\"your-phone\" \/><\/span> <\/label><br \/>\n<label> <span class=\"asterix\">*<\/span>Courriel<br \/>\n<span class=\"wpcf7-form-control-wrap\" data-name=\"your-email\"><input size=\"40\" maxlength=\"400\" class=\"wpcf7-form-control wpcf7-email wpcf7-validates-as-required wpcf7-text wpcf7-validates-as-email\" aria-required=\"true\" aria-invalid=\"false\" value=\"\" type=\"email\" name=\"your-email\" \/><\/span> <\/label><br \/>\n<label> Commentaires<br \/>\n<span class=\"wpcf7-form-control-wrap\" data-name=\"your-message\"><textarea cols=\"40\" rows=\"10\" maxlength=\"2000\" class=\"wpcf7-form-control wpcf7-textarea\" aria-invalid=\"false\" name=\"your-message\"><\/textarea><\/span> <\/label><br \/>\n<span id=\"wpcf7-69d0df093c8bc-wrapper\" class=\"wpcf7-form-control-wrap honeypot-81-wrap\" style=\"display:none !important; visibility:hidden !important;\"><label for=\"wpcf7-69d0df093c8bc-field\" class=\"hp-message\">Please leave this field empty.<\/label><input id=\"wpcf7-69d0df093c8bc-field\"  class=\"wpcf7-form-control wpcf7-text\" type=\"text\" name=\"honeypot-81\" value=\"\" size=\"40\" tabindex=\"-1\" autocomplete=\"new-password\" \/><\/span><br \/>\n<input class=\"wpcf7-form-control wpcf7-submit has-spinner\" type=\"submit\" value=\"Soumettre\" \/>\n<\/p>\n<p class=\"rc-Disclaimer\"><br \/>\nCe site est prot\u00e9g\u00e9 par <strong>reCAPTCHA<\/strong>. <a href=\"https:\/\/policies.google.com\/privacy\"><strong>Les r\u00e8gles de confidentialit\u00e9<\/strong><\/a> et les <a href=\"https:\/\/policies.google.com\/terms\"><strong>conditions d\u2019utilisation<\/strong><\/a> de Google s\u2019appliquent.\n<\/p>\n<input class=\"wpcf7-form-control wpcf7-hidden\" value=\"\" type=\"hidden\" name=\"utm_source\" \/>\n<input class=\"wpcf7-form-control wpcf7-hidden\" value=\"\" type=\"hidden\" name=\"utm_medium\" \/>\n<input class=\"wpcf7-form-control wpcf7-hidden\" value=\"\" type=\"hidden\" name=\"utm_campaign\" \/>\n<input class=\"wpcf7-form-control wpcf7-hidden\" value=\"\" type=\"hidden\" name=\"utm_term\" \/>\n<input class=\"wpcf7-form-control wpcf7-hidden\" value=\"\" type=\"hidden\" name=\"utm_content\" \/><input type='hidden' class='wpcf7-pum' value='{\"closepopup\":false,\"closedelay\":0,\"openpopup\":false,\"openpopup_id\":0}' \/><div class=\"wpcf7-response-output\" aria-hidden=\"true\"><\/div>\n<\/form>\n<\/div>\n\r\n<\/div>\r\n<div style=\"margin: 15px auto;\">\u00a0<\/div>\r\n<\/div>\r\n<\/div>\r\n<\/div>\r\n<\/div>","protected":false},"excerpt":{"rendered":"<p>ServicesINTERMODAL LE MEILLEUR SERVICE INTERMODAL DE L\u2019INDUSTRIE VERS L\u2019OUEST DU CANADA Le plus gros volume de marchandise transport\u00e9 par nos soins de l\u2019Ontario et du Qu\u00e9bec vers l\u2019Ouest du Canada transite par rail. C\u2019est pourquoi non seulement nous disposons de terminaux dans tous les grands centres, mais Calgary joue aussi le double r\u00f4le de centre&hellip; <a class=\"more-link\" href=\"https:\/\/www.fastfrate.com\/en\/transport-intermodal\/\">Continue reading <span class=\"screen-reader-text\">Services Intermodal<\/span><\/a><\/p>\n","protected":false},"author":1,"featured_media":0,"parent":0,"menu_order":0,"comment_status":"closed","ping_status":"closed","template":"page-services-fr.php","meta":{"_acf_changed":false,"footnotes":""},"categories":[8],"tags":[],"class_list":["post-886","page","type-page","status-publish","hentry","category-fr","entry"],"acf":[],"yoast_head":"<!-- This site is optimized with the Yoast SEO plugin v27.3 - https:\/\/yoast.com\/product\/yoast-seo-wordpress\/ -->\n<title>Les meilleurs de l\u2019industrie vers l\u2019Ouest du Canada | Fastfrate<\/title>\n<meta name=\"description\" content=\"En partenariat avec le CP, le groupe Fastfrate est en mesure d\u2019offrir \u00e0 ses clients un service intermodal qui change la donne de l\u2019Ontario et du Qu\u00e9bec vers l\u2019Ouest du Canada.\" \/>\n<meta name=\"robots\" content=\"index, follow, max-snippet:-1, max-image-preview:large, max-video-preview:-1\" \/>\n<link rel=\"canonical\" href=\"https:\/\/www.fastfrate.com\/en\/transport-intermodal\/\" \/>\n<meta property=\"og:locale\" content=\"en_US\" \/>\n<meta property=\"og:type\" content=\"article\" \/>\n<meta property=\"og:title\" content=\"Les meilleurs de l\u2019industrie vers l\u2019Ouest du Canada | Fastfrate\" \/>\n<meta property=\"og:description\" content=\"En partenariat avec le CP, le groupe Fastfrate est en mesure d\u2019offrir \u00e0 ses clients un service intermodal qui change la donne de l\u2019Ontario et du Qu\u00e9bec vers l\u2019Ouest du Canada.\" \/>\n<meta property=\"og:url\" content=\"https:\/\/www.fastfrate.com\/en\/transport-intermodal\/\" \/>\n<meta property=\"og:site_name\" content=\"The FastFrate Group\" \/>\n<meta property=\"article:modified_time\" content=\"2025-05-05T16:09:29+00:00\" \/>\n<meta property=\"og:image\" content=\"http:\/\/www.fastfrate.com\/wp-content\/uploads\/2021\/10\/menu-logo-fastfrate.png\" \/>\n<meta name=\"twitter:card\" content=\"summary_large_image\" \/>\n<meta name=\"twitter:label1\" content=\"Est. reading time\" \/>\n\t<meta name=\"twitter:data1\" content=\"3 minutes\" \/>\n<script type=\"application\/ld+json\" class=\"yoast-schema-graph\">{\"@context\":\"https:\\\/\\\/schema.org\",\"@graph\":[{\"@type\":\"WebPage\",\"@id\":\"https:\\\/\\\/www.fastfrate.com\\\/en\\\/transport-intermodal\\\/\",\"url\":\"https:\\\/\\\/www.fastfrate.com\\\/en\\\/transport-intermodal\\\/\",\"name\":\"Les meilleurs de l\u2019industrie vers l\u2019Ouest du Canada | Fastfrate\",\"isPartOf\":{\"@id\":\"https:\\\/\\\/www.fastfrate.com\\\/en\\\/#website\"},\"primaryImageOfPage\":{\"@id\":\"https:\\\/\\\/www.fastfrate.com\\\/en\\\/transport-intermodal\\\/#primaryimage\"},\"image\":{\"@id\":\"https:\\\/\\\/www.fastfrate.com\\\/en\\\/transport-intermodal\\\/#primaryimage\"},\"thumbnailUrl\":\"http:\\\/\\\/www.fastfrate.com\\\/wp-content\\\/uploads\\\/2021\\\/10\\\/menu-logo-fastfrate.png\",\"datePublished\":\"2021-10-18T16:56:26+00:00\",\"dateModified\":\"2025-05-05T16:09:29+00:00\",\"description\":\"En partenariat avec le CP, le groupe Fastfrate est en mesure d\u2019offrir \u00e0 ses clients un service intermodal qui change la donne de l\u2019Ontario et du Qu\u00e9bec vers l\u2019Ouest du Canada.\",\"breadcrumb\":{\"@id\":\"https:\\\/\\\/www.fastfrate.com\\\/en\\\/transport-intermodal\\\/#breadcrumb\"},\"inLanguage\":\"en-CA\",\"potentialAction\":[{\"@type\":\"ReadAction\",\"target\":[\"https:\\\/\\\/www.fastfrate.com\\\/en\\\/transport-intermodal\\\/\"]}]},{\"@type\":\"ImageObject\",\"inLanguage\":\"en-CA\",\"@id\":\"https:\\\/\\\/www.fastfrate.com\\\/en\\\/transport-intermodal\\\/#primaryimage\",\"url\":\"http:\\\/\\\/www.fastfrate.com\\\/wp-content\\\/uploads\\\/2021\\\/10\\\/menu-logo-fastfrate.png\",\"contentUrl\":\"http:\\\/\\\/www.fastfrate.com\\\/wp-content\\\/uploads\\\/2021\\\/10\\\/menu-logo-fastfrate.png\"},{\"@type\":\"BreadcrumbList\",\"@id\":\"https:\\\/\\\/www.fastfrate.com\\\/en\\\/transport-intermodal\\\/#breadcrumb\",\"itemListElement\":[{\"@type\":\"ListItem\",\"position\":1,\"name\":\"Home\",\"item\":\"https:\\\/\\\/www.fastfrate.com\\\/\"},{\"@type\":\"ListItem\",\"position\":2,\"name\":\"Services Intermodal\"}]},{\"@type\":\"WebSite\",\"@id\":\"https:\\\/\\\/www.fastfrate.com\\\/en\\\/#website\",\"url\":\"https:\\\/\\\/www.fastfrate.com\\\/en\\\/\",\"name\":\"The FastFrate Group\",\"description\":\"\",\"potentialAction\":[{\"@type\":\"SearchAction\",\"target\":{\"@type\":\"EntryPoint\",\"urlTemplate\":\"https:\\\/\\\/www.fastfrate.com\\\/en\\\/?s={search_term_string}\"},\"query-input\":{\"@type\":\"PropertyValueSpecification\",\"valueRequired\":true,\"valueName\":\"search_term_string\"}}],\"inLanguage\":\"en-CA\"}]}<\/script>\n<!-- \/ Yoast SEO plugin. -->","yoast_head_json":{"title":"Les meilleurs de l\u2019industrie vers l\u2019Ouest du Canada | Fastfrate","description":"En partenariat avec le CP, le groupe Fastfrate est en mesure d\u2019offrir \u00e0 ses clients un service intermodal qui change la donne de l\u2019Ontario et du Qu\u00e9bec vers l\u2019Ouest du Canada.","robots":{"index":"index","follow":"follow","max-snippet":"max-snippet:-1","max-image-preview":"max-image-preview:large","max-video-preview":"max-video-preview:-1"},"canonical":"https:\/\/www.fastfrate.com\/en\/transport-intermodal\/","og_locale":"en_US","og_type":"article","og_title":"Les meilleurs de l\u2019industrie vers l\u2019Ouest du Canada | Fastfrate","og_description":"En partenariat avec le CP, le groupe Fastfrate est en mesure d\u2019offrir \u00e0 ses clients un service intermodal qui change la donne de l\u2019Ontario et du Qu\u00e9bec vers l\u2019Ouest du Canada.","og_url":"https:\/\/www.fastfrate.com\/en\/transport-intermodal\/","og_site_name":"The FastFrate Group","article_modified_time":"2025-05-05T16:09:29+00:00","og_image":[{"url":"http:\/\/www.fastfrate.com\/wp-content\/uploads\/2021\/10\/menu-logo-fastfrate.png","type":"","width":"","height":""}],"twitter_card":"summary_large_image","twitter_misc":{"Est. reading time":"3 minutes"},"schema":{"@context":"https:\/\/schema.org","@graph":[{"@type":"WebPage","@id":"https:\/\/www.fastfrate.com\/en\/transport-intermodal\/","url":"https:\/\/www.fastfrate.com\/en\/transport-intermodal\/","name":"Les meilleurs de l\u2019industrie vers l\u2019Ouest du Canada | Fastfrate","isPartOf":{"@id":"https:\/\/www.fastfrate.com\/en\/#website"},"primaryImageOfPage":{"@id":"https:\/\/www.fastfrate.com\/en\/transport-intermodal\/#primaryimage"},"image":{"@id":"https:\/\/www.fastfrate.com\/en\/transport-intermodal\/#primaryimage"},"thumbnailUrl":"http:\/\/www.fastfrate.com\/wp-content\/uploads\/2021\/10\/menu-logo-fastfrate.png","datePublished":"2021-10-18T16:56:26+00:00","dateModified":"2025-05-05T16:09:29+00:00","description":"En partenariat avec le CP, le groupe Fastfrate est en mesure d\u2019offrir \u00e0 ses clients un service intermodal qui change la donne de l\u2019Ontario et du Qu\u00e9bec vers l\u2019Ouest du Canada.","breadcrumb":{"@id":"https:\/\/www.fastfrate.com\/en\/transport-intermodal\/#breadcrumb"},"inLanguage":"en-CA","potentialAction":[{"@type":"ReadAction","target":["https:\/\/www.fastfrate.com\/en\/transport-intermodal\/"]}]},{"@type":"ImageObject","inLanguage":"en-CA","@id":"https:\/\/www.fastfrate.com\/en\/transport-intermodal\/#primaryimage","url":"http:\/\/www.fastfrate.com\/wp-content\/uploads\/2021\/10\/menu-logo-fastfrate.png","contentUrl":"http:\/\/www.fastfrate.com\/wp-content\/uploads\/2021\/10\/menu-logo-fastfrate.png"},{"@type":"BreadcrumbList","@id":"https:\/\/www.fastfrate.com\/en\/transport-intermodal\/#breadcrumb","itemListElement":[{"@type":"ListItem","position":1,"name":"Home","item":"https:\/\/www.fastfrate.com\/"},{"@type":"ListItem","position":2,"name":"Services Intermodal"}]},{"@type":"WebSite","@id":"https:\/\/www.fastfrate.com\/en\/#website","url":"https:\/\/www.fastfrate.com\/en\/","name":"The FastFrate Group","description":"","potentialAction":[{"@type":"SearchAction","target":{"@type":"EntryPoint","urlTemplate":"https:\/\/www.fastfrate.com\/en\/?s={search_term_string}"},"query-input":{"@type":"PropertyValueSpecification","valueRequired":true,"valueName":"search_term_string"}}],"inLanguage":"en-CA"}]}},"_links":{"self":[{"href":"https:\/\/www.fastfrate.com\/en\/wp-json\/wp\/v2\/pages\/886","targetHints":{"allow":["GET"]}}],"collection":[{"href":"https:\/\/www.fastfrate.com\/en\/wp-json\/wp\/v2\/pages"}],"about":[{"href":"https:\/\/www.fastfrate.com\/en\/wp-json\/wp\/v2\/types\/page"}],"author":[{"embeddable":true,"href":"https:\/\/www.fastfrate.com\/en\/wp-json\/wp\/v2\/users\/1"}],"replies":[{"embeddable":true,"href":"https:\/\/www.fastfrate.com\/en\/wp-json\/wp\/v2\/comments?post=886"}],"version-history":[{"count":0,"href":"https:\/\/www.fastfrate.com\/en\/wp-json\/wp\/v2\/pages\/886\/revisions"}],"wp:attachment":[{"href":"https:\/\/www.fastfrate.com\/en\/wp-json\/wp\/v2\/media?parent=886"}],"wp:term":[{"taxonomy":"category","embeddable":true,"href":"https:\/\/www.fastfrate.com\/en\/wp-json\/wp\/v2\/categories?post=886"},{"taxonomy":"post_tag","embeddable":true,"href":"https:\/\/www.fastfrate.com\/en\/wp-json\/wp\/v2\/tags?post=886"}],"curies":[{"name":"wp","href":"https:\/\/api.w.org\/{rel}","templated":true}]}}