{"id":838,"date":"2021-10-18T12:51:32","date_gmt":"2021-10-18T16:51:32","guid":{"rendered":"http:\/\/fastfrate-dev.local\/cp-rail-partnership-2\/"},"modified":"2024-04-24T16:43:31","modified_gmt":"2024-04-24T20:43:31","slug":"notre-partenariat-avec-le-cp","status":"publish","type":"page","link":"https:\/\/www.fastfrate.com\/en\/notre-partenariat-avec-le-cp\/","title":{"rendered":"PARTENARIATS AVEC LE CPKC"},"content":{"rendered":"\n\n<div id=\"PageWrapperHome\" class=\"section1 Subpage SubpageStandard\">\n<div class=\"SubpageWrapper\">\n<div class=\"SubpageContentWrapper container\">\n<div class=\"ContentSubpageRight col-md-6 col-sm-12 col-xs-12\">\n<div class=\"ContentSubpageFeature hidden-xs hidden-sm\">\u00a0<\/div>\n<\/div>\n<div class=\"ContentSubpageLeft col-md-6 col-sm-12 col-xs-12\">\n<div class=\"breadcrum-top\">\u00c0 PROPOS DU GROUPE FASTFRATE<\/div>\n<div class=\"ContentBody\">\n<div class=\"breadcrum-bottom\">PARTENARIATS AVEC LE CPKC<\/div>\n<p>Ensemble, nous fournissons des services intermodaux r\u00e9volutionnaires.<\/p>\n<p>Avec l&#8217;introduction de la solution de gestion de la demande de CPKC Rail, Fastfrate Group offre \u00e0 ses clients un service intermodal r\u00e9volutionnaire de l&#8217;Ontario et du Qu\u00e9bec vers l&#8217;Ouest canadien. Le fait d&#8217;offrir plusieurs niveaux de service \u00e9limine maintenant efficacement la congestion et nous permet d&#8217;offrir des temps de transit plus rapides et plus constants. Fastfrate s&#8217;est associ\u00e9 \u00e0 CPKC rail depuis plus de 50 ans et avec le lancement de cette solution r\u00e9volutionnaire, nous sommes positionn\u00e9s comme un leader de l&#8217;industrie intermodale pour les ann\u00e9es \u00e0 venir.<\/p>\n<p>La division drayage (CDI) du Groupe Fastfrate est l&#8217;un des plus importants fournisseurs de drayage de CPKC Rail dans tous les grands centres du Canada. En tant que seul fournisseur national de services de drayage, nous avons des solutions partout au Canada dans tous les ports et les chemins de fer.<\/p>\n<p>Nos investissements immobiliers sont importants et nous avons actuellement 8 de nos 28 installations adjacentes aux gares de triage du CPDSP qui s&#8217;\u00e9tendent de Halifax \u00e0 Vancouver. Dans chacune de ces installations, nous avons une entr\u00e9e priv\u00e9e pour livrer et ramasser nos conteneurs intermodaux &#8211; c&#8217;est ainsi que nos entreprises travaillent ensemble pour cr\u00e9er des gains d&#8217;efficacit\u00e9 dans nos r\u00e9seaux combin\u00e9s.<\/p>\n<p>Nous avons r\u00e9guli\u00e8rement pr\u00e9vu des r\u00e9unions pour assurer l&#8217;am\u00e9lioration et la croissance continues et cette collaboration a permis au groupe Fastfrate de continuer \u00e0 \u00eatre le plus grand transporteur-client de CPKC Rail. Ensemble, nous offrons maintenant les meilleurs temps de transit intermodal de l&#8217;industrie canadienne du transport.<\/p>\n<\/div>\n<\/div>\n<div id=\"form-right-unique\" class=\"ContentSubpageRight col-md-4\">\n<div class=\"side-form\">\n<div class=\"serviceRightHead hidden-sm hidden-xs\">Fastfrate Intermodal<\/div>\n<div class=\"hidden-sm hidden-xs\" style=\"margin-bottom: 15px;\">\n<figure class=\"wp-block-video\"><video src=\"http:\/\/www.fastfrate.com\/wp-content\/uploads\/2023\/12\/Untitled-design-6.mp4\" poster=\"http:\/\/www.fastfrate.com\/wp-content\/uploads\/2023\/12\/FastFrate-Finalized_Web-Optimized-03.jpg\" controls=\"controls\" width=\"300\" height=\"250\"><\/video><\/figure>\n<\/div>\n<div style=\"margin: 15px auto;\">\u00a0<\/div>\n<\/div>\n<\/div>\n<\/div>\n<\/div>\n<\/div>","protected":false},"excerpt":{"rendered":"<p>\u00a0 \u00c0 PROPOS DU GROUPE FASTFRATE PARTENARIATS AVEC LE CPKC Ensemble, nous fournissons des services intermodaux r\u00e9volutionnaires. Avec l&#8217;introduction de la solution de gestion de la demande de CPKC Rail, Fastfrate Group offre \u00e0 ses clients un service intermodal r\u00e9volutionnaire de l&#8217;Ontario et du Qu\u00e9bec vers l&#8217;Ouest canadien. Le fait d&#8217;offrir plusieurs niveaux de service&hellip; <a class=\"more-link\" href=\"https:\/\/www.fastfrate.com\/en\/notre-partenariat-avec-le-cp\/\">Continue reading <span class=\"screen-reader-text\">PARTENARIATS AVEC LE CPKC<\/span><\/a><\/p>\n","protected":false},"author":1,"featured_media":0,"parent":0,"menu_order":0,"comment_status":"closed","ping_status":"closed","template":"page-about.php","meta":{"_acf_changed":false,"footnotes":""},"categories":[8],"tags":[],"class_list":["post-838","page","type-page","status-publish","hentry","category-fr","entry"],"acf":[],"yoast_head":"<!-- This site is optimized with the Yoast SEO plugin v27.4 - https:\/\/yoast.com\/product\/yoast-seo-wordpress\/ -->\n<title>Partenariat avec CP Rail | Fastfrate<\/title>\n<meta name=\"description\" content=\"Partenariat avec CP Rail. Fastfrate est une compagnie de transport de marchandise sp\u00e9cialis\u00e9e dans le transport intermodal par rail, transport de chargements partiels, envoi de chargements complets et services de logistique pour l\u2019Ontario, le Qu\u00e9bec, le Nouveau-Brunswick, la Nouvelle-\u00c9cosse et le Canada.\" \/>\n<meta name=\"robots\" content=\"index, follow, max-snippet:-1, max-image-preview:large, max-video-preview:-1\" \/>\n<link rel=\"canonical\" href=\"https:\/\/www.fastfrate.com\/en\/notre-partenariat-avec-le-cp\/\" \/>\n<meta property=\"og:locale\" content=\"en_US\" \/>\n<meta property=\"og:type\" content=\"article\" \/>\n<meta property=\"og:title\" content=\"Partenariat avec CP Rail | Fastfrate\" \/>\n<meta property=\"og:description\" content=\"Partenariat avec CP Rail. Fastfrate est une compagnie de transport de marchandise sp\u00e9cialis\u00e9e dans le transport intermodal par rail, transport de chargements partiels, envoi de chargements complets et services de logistique pour l\u2019Ontario, le Qu\u00e9bec, le Nouveau-Brunswick, la Nouvelle-\u00c9cosse et le Canada.\" \/>\n<meta property=\"og:url\" content=\"https:\/\/www.fastfrate.com\/en\/notre-partenariat-avec-le-cp\/\" \/>\n<meta property=\"og:site_name\" content=\"The FastFrate Group\" \/>\n<meta property=\"article:modified_time\" content=\"2024-04-24T20:43:31+00:00\" \/>\n<meta name=\"twitter:card\" content=\"summary_large_image\" \/>\n<meta name=\"twitter:label1\" content=\"Est. reading time\" \/>\n\t<meta name=\"twitter:data1\" content=\"2 minutes\" \/>\n<script type=\"application\/ld+json\" class=\"yoast-schema-graph\">{\"@context\":\"https:\\\/\\\/schema.org\",\"@graph\":[{\"@type\":\"WebPage\",\"@id\":\"https:\\\/\\\/www.fastfrate.com\\\/en\\\/notre-partenariat-avec-le-cp\\\/\",\"url\":\"https:\\\/\\\/www.fastfrate.com\\\/en\\\/notre-partenariat-avec-le-cp\\\/\",\"name\":\"Partenariat avec CP Rail | Fastfrate\",\"isPartOf\":{\"@id\":\"https:\\\/\\\/www.fastfrate.com\\\/en\\\/#website\"},\"datePublished\":\"2021-10-18T16:51:32+00:00\",\"dateModified\":\"2024-04-24T20:43:31+00:00\",\"description\":\"Partenariat avec CP Rail. Fastfrate est une compagnie de transport de marchandise sp\u00e9cialis\u00e9e dans le transport intermodal par rail, transport de chargements partiels, envoi de chargements complets et services de logistique pour l\u2019Ontario, le Qu\u00e9bec, le Nouveau-Brunswick, la Nouvelle-\u00c9cosse et le Canada.\",\"breadcrumb\":{\"@id\":\"https:\\\/\\\/www.fastfrate.com\\\/en\\\/notre-partenariat-avec-le-cp\\\/#breadcrumb\"},\"inLanguage\":\"en-CA\",\"potentialAction\":[{\"@type\":\"ReadAction\",\"target\":[\"https:\\\/\\\/www.fastfrate.com\\\/en\\\/notre-partenariat-avec-le-cp\\\/\"]}]},{\"@type\":\"BreadcrumbList\",\"@id\":\"https:\\\/\\\/www.fastfrate.com\\\/en\\\/notre-partenariat-avec-le-cp\\\/#breadcrumb\",\"itemListElement\":[{\"@type\":\"ListItem\",\"position\":1,\"name\":\"Home\",\"item\":\"https:\\\/\\\/www.fastfrate.com\\\/\"},{\"@type\":\"ListItem\",\"position\":2,\"name\":\"PARTENARIATS AVEC LE CPKC\"}]},{\"@type\":\"WebSite\",\"@id\":\"https:\\\/\\\/www.fastfrate.com\\\/en\\\/#website\",\"url\":\"https:\\\/\\\/www.fastfrate.com\\\/en\\\/\",\"name\":\"The FastFrate Group\",\"description\":\"\",\"potentialAction\":[{\"@type\":\"SearchAction\",\"target\":{\"@type\":\"EntryPoint\",\"urlTemplate\":\"https:\\\/\\\/www.fastfrate.com\\\/en\\\/?s={search_term_string}\"},\"query-input\":{\"@type\":\"PropertyValueSpecification\",\"valueRequired\":true,\"valueName\":\"search_term_string\"}}],\"inLanguage\":\"en-CA\"}]}<\/script>\n<!-- \/ Yoast SEO plugin. -->","yoast_head_json":{"title":"Partenariat avec CP Rail | Fastfrate","description":"Partenariat avec CP Rail. Fastfrate est une compagnie de transport de marchandise sp\u00e9cialis\u00e9e dans le transport intermodal par rail, transport de chargements partiels, envoi de chargements complets et services de logistique pour l\u2019Ontario, le Qu\u00e9bec, le Nouveau-Brunswick, la Nouvelle-\u00c9cosse et le Canada.","robots":{"index":"index","follow":"follow","max-snippet":"max-snippet:-1","max-image-preview":"max-image-preview:large","max-video-preview":"max-video-preview:-1"},"canonical":"https:\/\/www.fastfrate.com\/en\/notre-partenariat-avec-le-cp\/","og_locale":"en_US","og_type":"article","og_title":"Partenariat avec CP Rail | Fastfrate","og_description":"Partenariat avec CP Rail. Fastfrate est une compagnie de transport de marchandise sp\u00e9cialis\u00e9e dans le transport intermodal par rail, transport de chargements partiels, envoi de chargements complets et services de logistique pour l\u2019Ontario, le Qu\u00e9bec, le Nouveau-Brunswick, la Nouvelle-\u00c9cosse et le Canada.","og_url":"https:\/\/www.fastfrate.com\/en\/notre-partenariat-avec-le-cp\/","og_site_name":"The FastFrate Group","article_modified_time":"2024-04-24T20:43:31+00:00","twitter_card":"summary_large_image","twitter_misc":{"Est. reading time":"2 minutes"},"schema":{"@context":"https:\/\/schema.org","@graph":[{"@type":"WebPage","@id":"https:\/\/www.fastfrate.com\/en\/notre-partenariat-avec-le-cp\/","url":"https:\/\/www.fastfrate.com\/en\/notre-partenariat-avec-le-cp\/","name":"Partenariat avec CP Rail | Fastfrate","isPartOf":{"@id":"https:\/\/www.fastfrate.com\/en\/#website"},"datePublished":"2021-10-18T16:51:32+00:00","dateModified":"2024-04-24T20:43:31+00:00","description":"Partenariat avec CP Rail. Fastfrate est une compagnie de transport de marchandise sp\u00e9cialis\u00e9e dans le transport intermodal par rail, transport de chargements partiels, envoi de chargements complets et services de logistique pour l\u2019Ontario, le Qu\u00e9bec, le Nouveau-Brunswick, la Nouvelle-\u00c9cosse et le Canada.","breadcrumb":{"@id":"https:\/\/www.fastfrate.com\/en\/notre-partenariat-avec-le-cp\/#breadcrumb"},"inLanguage":"en-CA","potentialAction":[{"@type":"ReadAction","target":["https:\/\/www.fastfrate.com\/en\/notre-partenariat-avec-le-cp\/"]}]},{"@type":"BreadcrumbList","@id":"https:\/\/www.fastfrate.com\/en\/notre-partenariat-avec-le-cp\/#breadcrumb","itemListElement":[{"@type":"ListItem","position":1,"name":"Home","item":"https:\/\/www.fastfrate.com\/"},{"@type":"ListItem","position":2,"name":"PARTENARIATS AVEC LE CPKC"}]},{"@type":"WebSite","@id":"https:\/\/www.fastfrate.com\/en\/#website","url":"https:\/\/www.fastfrate.com\/en\/","name":"The FastFrate Group","description":"","potentialAction":[{"@type":"SearchAction","target":{"@type":"EntryPoint","urlTemplate":"https:\/\/www.fastfrate.com\/en\/?s={search_term_string}"},"query-input":{"@type":"PropertyValueSpecification","valueRequired":true,"valueName":"search_term_string"}}],"inLanguage":"en-CA"}]}},"_links":{"self":[{"href":"https:\/\/www.fastfrate.com\/en\/wp-json\/wp\/v2\/pages\/838","targetHints":{"allow":["GET"]}}],"collection":[{"href":"https:\/\/www.fastfrate.com\/en\/wp-json\/wp\/v2\/pages"}],"about":[{"href":"https:\/\/www.fastfrate.com\/en\/wp-json\/wp\/v2\/types\/page"}],"author":[{"embeddable":true,"href":"https:\/\/www.fastfrate.com\/en\/wp-json\/wp\/v2\/users\/1"}],"replies":[{"embeddable":true,"href":"https:\/\/www.fastfrate.com\/en\/wp-json\/wp\/v2\/comments?post=838"}],"version-history":[{"count":0,"href":"https:\/\/www.fastfrate.com\/en\/wp-json\/wp\/v2\/pages\/838\/revisions"}],"wp:attachment":[{"href":"https:\/\/www.fastfrate.com\/en\/wp-json\/wp\/v2\/media?parent=838"}],"wp:term":[{"taxonomy":"category","embeddable":true,"href":"https:\/\/www.fastfrate.com\/en\/wp-json\/wp\/v2\/categories?post=838"},{"taxonomy":"post_tag","embeddable":true,"href":"https:\/\/www.fastfrate.com\/en\/wp-json\/wp\/v2\/tags?post=838"}],"curies":[{"name":"wp","href":"https:\/\/api.w.org\/{rel}","templated":true}]}}