{"id":5363,"date":"2021-10-18T13:52:09","date_gmt":"2021-10-18T17:52:09","guid":{"rendered":"http:\/\/fastfrate-dev.local\/?page_id=5363"},"modified":"2024-04-24T16:51:39","modified_gmt":"2024-04-24T20:51:39","slug":"contactez-united-transfer-saskatchewan","status":"publish","type":"page","link":"https:\/\/www.fastfrate.com\/en\/contactez-united-transfer-saskatchewan\/","title":{"rendered":"Contactez United Transfer Limited Saskatchewan"},"content":{"rendered":"\n<p><\/p>\n\n\n<div id=\"PageWrapperHome\" class=\"section1 Subpage SubpageStandard\">\n<div class=\"SubpageWrapper\">\n<div class=\"SubpageContentWrapper container\">\n<div class=\"ContentSubpageRight col-md-6 col-sm-12 col-xs-12\">\n<div class=\"ContentSubpageFeature hidden-xs hidden-sm\"><img decoding=\"async\" class=\"alignnone wp-image-1824 size-full\" src=\"https:\/\/www.fastfrate.com\/wp-content\/uploads\/2022\/04\/contact-image-utl.jpg\" alt=\"\" width=\"600\" height=\"816\"><\/div>\n<\/div>\n<div class=\"ContentSubpageLeft col-md-6 col-sm-12 col-xs-12\">\n<div class=\"breadcrum-top\">Contactez United Transfer<\/div>\n<div class=\"breadcrum-bottom\">Saskatchewan<\/div>\n<div class=\"ContentBody\">\n<h1>Trouvez le terminal United Transfer le plus pr\u00e8s<\/h1>\n<div class=\"column col-md-6 col-sm-6 col-xs-12 no-padding-left\">\n<h3 class=\"contact-h3 red\"><strong>Si\u00e8ge social Saskatoon<\/strong><\/h3>\n<p>838 56th Street East<br>Saskatoon, SK S7K 5Y8<\/p>\n<p><strong>Groupe Fastfrate direct :<\/strong> 1.306.652.8546 <br><strong>United Transfer direct :<\/strong> 1.306.244.1877<\/p>\n<p><a href=\"mailto:utrans@sasktel.net\" target=\"_blank\" rel=\"noopener\">utrans@sasktel.net<\/a><\/p>\n<h3>Regina<\/h3>\n<p>720-702 Toronto Street<br>Regina, SK S4R 8L1<\/p>\n<p><strong>Groupe Fastfrate direct :<\/strong> 1.306.781.7733 <br><strong>United Transfer direct :<\/strong> 1.306.352.1877<\/p>\n<p><a href=\"mailto:yqrops.utrans@sasktel.net\" target=\"_blank\" rel=\"noopener\">yqrops.utrans@sasktel.net<\/a><\/p>\n<\/div>\n<\/div>\n<\/div>\n<\/div>\n<\/div>\n<\/div>","protected":false},"excerpt":{"rendered":"<p>Contactez United Transfer Saskatchewan Trouvez le terminal United Transfer le plus pr\u00e8s Si\u00e8ge social Saskatoon 838 56th Street EastSaskatoon, SK S7K 5Y8 Groupe Fastfrate direct : 1.306.652.8546 United Transfer direct : 1.306.244.1877 utrans@sasktel.net Regina 720-702 Toronto StreetRegina, SK S4R 8L1 Groupe Fastfrate direct : 1.306.781.7733 United Transfer direct : 1.306.352.1877 yqrops.utrans@sasktel.net<\/p>\n","protected":false},"author":1,"featured_media":0,"parent":0,"menu_order":0,"comment_status":"closed","ping_status":"closed","template":"page-about-fr.php","meta":{"_acf_changed":false,"footnotes":""},"categories":[8],"tags":[],"class_list":["post-5363","page","type-page","status-publish","hentry","category-fr","entry"],"acf":[],"yoast_head":"<!-- This site is optimized with the Yoast SEO plugin v27.3 - https:\/\/yoast.com\/product\/yoast-seo-wordpress\/ -->\n<title>Contactez United Transfer Saskatchewan | Groupe Fastfrate<\/title>\n<meta name=\"description\" content=\"UTL est une entreprise de camionnage sp\u00e9cialis\u00e9e dans le transport ferroviaire intermodal, l&#039;exp\u00e9dition de chargements complets et les services de logistique \u00e0 Regina.\" \/>\n<meta name=\"robots\" content=\"index, follow, max-snippet:-1, max-image-preview:large, max-video-preview:-1\" \/>\n<link rel=\"canonical\" href=\"https:\/\/www.fastfrate.com\/en\/contactez-united-transfer-saskatchewan\/\" \/>\n<meta property=\"og:locale\" content=\"en_US\" \/>\n<meta property=\"og:type\" content=\"article\" \/>\n<meta property=\"og:title\" content=\"Contactez United Transfer Saskatchewan | Groupe Fastfrate\" \/>\n<meta property=\"og:description\" content=\"UTL est une entreprise de camionnage sp\u00e9cialis\u00e9e dans le transport ferroviaire intermodal, l&#039;exp\u00e9dition de chargements complets et les services de logistique \u00e0 Regina.\" \/>\n<meta property=\"og:url\" content=\"https:\/\/www.fastfrate.com\/en\/contactez-united-transfer-saskatchewan\/\" \/>\n<meta property=\"og:site_name\" content=\"The FastFrate Group\" \/>\n<meta property=\"article:modified_time\" content=\"2024-04-24T20:51:39+00:00\" \/>\n<meta property=\"og:image\" content=\"http:\/\/www.fastfrate.com\/wp-content\/uploads\/2022\/04\/contact-image-utl.jpg\" \/>\n<meta name=\"twitter:card\" content=\"summary_large_image\" \/>\n<meta name=\"twitter:label1\" content=\"Est. reading time\" \/>\n\t<meta name=\"twitter:data1\" content=\"1 minute\" \/>\n<script type=\"application\/ld+json\" class=\"yoast-schema-graph\">{\"@context\":\"https:\\\/\\\/schema.org\",\"@graph\":[{\"@type\":\"WebPage\",\"@id\":\"https:\\\/\\\/www.fastfrate.com\\\/en\\\/contactez-united-transfer-saskatchewan\\\/\",\"url\":\"https:\\\/\\\/www.fastfrate.com\\\/en\\\/contactez-united-transfer-saskatchewan\\\/\",\"name\":\"Contactez United Transfer Saskatchewan | Groupe Fastfrate\",\"isPartOf\":{\"@id\":\"https:\\\/\\\/www.fastfrate.com\\\/en\\\/#website\"},\"primaryImageOfPage\":{\"@id\":\"https:\\\/\\\/www.fastfrate.com\\\/en\\\/contactez-united-transfer-saskatchewan\\\/#primaryimage\"},\"image\":{\"@id\":\"https:\\\/\\\/www.fastfrate.com\\\/en\\\/contactez-united-transfer-saskatchewan\\\/#primaryimage\"},\"thumbnailUrl\":\"http:\\\/\\\/www.fastfrate.com\\\/wp-content\\\/uploads\\\/2022\\\/04\\\/contact-image-utl.jpg\",\"datePublished\":\"2021-10-18T17:52:09+00:00\",\"dateModified\":\"2024-04-24T20:51:39+00:00\",\"description\":\"UTL est une entreprise de camionnage sp\u00e9cialis\u00e9e dans le transport ferroviaire intermodal, l'exp\u00e9dition de chargements complets et les services de logistique \u00e0 Regina.\",\"breadcrumb\":{\"@id\":\"https:\\\/\\\/www.fastfrate.com\\\/en\\\/contactez-united-transfer-saskatchewan\\\/#breadcrumb\"},\"inLanguage\":\"en-CA\",\"potentialAction\":[{\"@type\":\"ReadAction\",\"target\":[\"https:\\\/\\\/www.fastfrate.com\\\/en\\\/contactez-united-transfer-saskatchewan\\\/\"]}]},{\"@type\":\"ImageObject\",\"inLanguage\":\"en-CA\",\"@id\":\"https:\\\/\\\/www.fastfrate.com\\\/en\\\/contactez-united-transfer-saskatchewan\\\/#primaryimage\",\"url\":\"http:\\\/\\\/www.fastfrate.com\\\/wp-content\\\/uploads\\\/2022\\\/04\\\/contact-image-utl.jpg\",\"contentUrl\":\"http:\\\/\\\/www.fastfrate.com\\\/wp-content\\\/uploads\\\/2022\\\/04\\\/contact-image-utl.jpg\"},{\"@type\":\"BreadcrumbList\",\"@id\":\"https:\\\/\\\/www.fastfrate.com\\\/en\\\/contactez-united-transfer-saskatchewan\\\/#breadcrumb\",\"itemListElement\":[{\"@type\":\"ListItem\",\"position\":1,\"name\":\"Home\",\"item\":\"https:\\\/\\\/www.fastfrate.com\\\/\"},{\"@type\":\"ListItem\",\"position\":2,\"name\":\"Contactez United Transfer Limited Saskatchewan\"}]},{\"@type\":\"WebSite\",\"@id\":\"https:\\\/\\\/www.fastfrate.com\\\/en\\\/#website\",\"url\":\"https:\\\/\\\/www.fastfrate.com\\\/en\\\/\",\"name\":\"The FastFrate Group\",\"description\":\"\",\"potentialAction\":[{\"@type\":\"SearchAction\",\"target\":{\"@type\":\"EntryPoint\",\"urlTemplate\":\"https:\\\/\\\/www.fastfrate.com\\\/en\\\/?s={search_term_string}\"},\"query-input\":{\"@type\":\"PropertyValueSpecification\",\"valueRequired\":true,\"valueName\":\"search_term_string\"}}],\"inLanguage\":\"en-CA\"}]}<\/script>\n<!-- \/ Yoast SEO plugin. -->","yoast_head_json":{"title":"Contactez United Transfer Saskatchewan | Groupe Fastfrate","description":"UTL est une entreprise de camionnage sp\u00e9cialis\u00e9e dans le transport ferroviaire intermodal, l'exp\u00e9dition de chargements complets et les services de logistique \u00e0 Regina.","robots":{"index":"index","follow":"follow","max-snippet":"max-snippet:-1","max-image-preview":"max-image-preview:large","max-video-preview":"max-video-preview:-1"},"canonical":"https:\/\/www.fastfrate.com\/en\/contactez-united-transfer-saskatchewan\/","og_locale":"en_US","og_type":"article","og_title":"Contactez United Transfer Saskatchewan | Groupe Fastfrate","og_description":"UTL est une entreprise de camionnage sp\u00e9cialis\u00e9e dans le transport ferroviaire intermodal, l'exp\u00e9dition de chargements complets et les services de logistique \u00e0 Regina.","og_url":"https:\/\/www.fastfrate.com\/en\/contactez-united-transfer-saskatchewan\/","og_site_name":"The FastFrate Group","article_modified_time":"2024-04-24T20:51:39+00:00","og_image":[{"url":"http:\/\/www.fastfrate.com\/wp-content\/uploads\/2022\/04\/contact-image-utl.jpg","type":"","width":"","height":""}],"twitter_card":"summary_large_image","twitter_misc":{"Est. reading time":"1 minute"},"schema":{"@context":"https:\/\/schema.org","@graph":[{"@type":"WebPage","@id":"https:\/\/www.fastfrate.com\/en\/contactez-united-transfer-saskatchewan\/","url":"https:\/\/www.fastfrate.com\/en\/contactez-united-transfer-saskatchewan\/","name":"Contactez United Transfer Saskatchewan | Groupe Fastfrate","isPartOf":{"@id":"https:\/\/www.fastfrate.com\/en\/#website"},"primaryImageOfPage":{"@id":"https:\/\/www.fastfrate.com\/en\/contactez-united-transfer-saskatchewan\/#primaryimage"},"image":{"@id":"https:\/\/www.fastfrate.com\/en\/contactez-united-transfer-saskatchewan\/#primaryimage"},"thumbnailUrl":"http:\/\/www.fastfrate.com\/wp-content\/uploads\/2022\/04\/contact-image-utl.jpg","datePublished":"2021-10-18T17:52:09+00:00","dateModified":"2024-04-24T20:51:39+00:00","description":"UTL est une entreprise de camionnage sp\u00e9cialis\u00e9e dans le transport ferroviaire intermodal, l'exp\u00e9dition de chargements complets et les services de logistique \u00e0 Regina.","breadcrumb":{"@id":"https:\/\/www.fastfrate.com\/en\/contactez-united-transfer-saskatchewan\/#breadcrumb"},"inLanguage":"en-CA","potentialAction":[{"@type":"ReadAction","target":["https:\/\/www.fastfrate.com\/en\/contactez-united-transfer-saskatchewan\/"]}]},{"@type":"ImageObject","inLanguage":"en-CA","@id":"https:\/\/www.fastfrate.com\/en\/contactez-united-transfer-saskatchewan\/#primaryimage","url":"http:\/\/www.fastfrate.com\/wp-content\/uploads\/2022\/04\/contact-image-utl.jpg","contentUrl":"http:\/\/www.fastfrate.com\/wp-content\/uploads\/2022\/04\/contact-image-utl.jpg"},{"@type":"BreadcrumbList","@id":"https:\/\/www.fastfrate.com\/en\/contactez-united-transfer-saskatchewan\/#breadcrumb","itemListElement":[{"@type":"ListItem","position":1,"name":"Home","item":"https:\/\/www.fastfrate.com\/"},{"@type":"ListItem","position":2,"name":"Contactez United Transfer Limited Saskatchewan"}]},{"@type":"WebSite","@id":"https:\/\/www.fastfrate.com\/en\/#website","url":"https:\/\/www.fastfrate.com\/en\/","name":"The FastFrate Group","description":"","potentialAction":[{"@type":"SearchAction","target":{"@type":"EntryPoint","urlTemplate":"https:\/\/www.fastfrate.com\/en\/?s={search_term_string}"},"query-input":{"@type":"PropertyValueSpecification","valueRequired":true,"valueName":"search_term_string"}}],"inLanguage":"en-CA"}]}},"_links":{"self":[{"href":"https:\/\/www.fastfrate.com\/en\/wp-json\/wp\/v2\/pages\/5363","targetHints":{"allow":["GET"]}}],"collection":[{"href":"https:\/\/www.fastfrate.com\/en\/wp-json\/wp\/v2\/pages"}],"about":[{"href":"https:\/\/www.fastfrate.com\/en\/wp-json\/wp\/v2\/types\/page"}],"author":[{"embeddable":true,"href":"https:\/\/www.fastfrate.com\/en\/wp-json\/wp\/v2\/users\/1"}],"replies":[{"embeddable":true,"href":"https:\/\/www.fastfrate.com\/en\/wp-json\/wp\/v2\/comments?post=5363"}],"version-history":[{"count":0,"href":"https:\/\/www.fastfrate.com\/en\/wp-json\/wp\/v2\/pages\/5363\/revisions"}],"wp:attachment":[{"href":"https:\/\/www.fastfrate.com\/en\/wp-json\/wp\/v2\/media?parent=5363"}],"wp:term":[{"taxonomy":"category","embeddable":true,"href":"https:\/\/www.fastfrate.com\/en\/wp-json\/wp\/v2\/categories?post=5363"},{"taxonomy":"post_tag","embeddable":true,"href":"https:\/\/www.fastfrate.com\/en\/wp-json\/wp\/v2\/tags?post=5363"}],"curies":[{"name":"wp","href":"https:\/\/api.w.org\/{rel}","templated":true}]}}