{"id":5361,"date":"2021-10-18T12:56:00","date_gmt":"2021-10-18T16:56:00","guid":{"rendered":"http:\/\/fastfrate-dev.local\/?page_id=5361"},"modified":"2024-04-24T17:39:20","modified_gmt":"2024-04-24T21:39:20","slug":"societes-united-transfer","status":"publish","type":"page","link":"https:\/\/www.fastfrate.com\/en\/societes\/united-transfer\/","title":{"rendered":"Societes United Transfer"},"content":{"rendered":"<div id=\"PageWrapperHome\" class=\"Subpage SubpageWide Warehousing CrossbordercUTL subpageCompany\">\n<div class=\"SubpageWrapper\">\n<div class=\"ContentSubpageFeature\"><\/div>\n<div class=\"service-tab-wrapper\">\n<div class=\"container\">\n<div class=\"service-tab\">SOCI\u00c9T\u00c9S<span class=\"no-wrap vertical-line-wh\"><img decoding=\"async\" class=\"alignnone\" style=\"width: 96px;\" src=\"https:\/\/www.fastfrate.com\/wp-content\/uploads\/2022\/04\/utl-feature-company-logo.png\" alt=\"UTL logo\" width=\"237\" height=\"45\"><\/span><\/div>\n<\/div>\n<\/div>\n<div class=\"container breadcrumbs-container\"><span><span><a href=\"https:\/\/www.fastfrate.com\/\">Home<\/a><\/span><\/span><\/div>\n<div class=\"SubpageContentWrapper container\">\n<div class=\"ContentSubpageLeft col-md-9 col-sm-12 col-xs-12\">\n<div id=\"contentChange\" style=\"width: 94%;\">\n<h1 class=\"serviceWarehouse-h1\">Solutions d\u2019entreposage et de livraison reposant sur un engagement envers l\u2019excellence du service<\/h1>\n<div id=\"unique-page\" class=\"ContentBody\">\n<p>Fond\u00e9e par deux entrepreneurs du Royaume-Uni qui ont d\u00e9cid\u00e9 de miser sur leur expertise en transport, United Transfer Limited est r\u00e9put\u00e9e pour l\u2019ex\u00e9cution de strat\u00e9gies uniques d\u2019entreposage et de livraison. En 2008, nous avons ouvert notre premier si\u00e8ge social de 2000 pi2 \u00e0 Saskatoon, en Saskatchewan, et nous avons depuis \u00e9tendu nos activit\u00e9s et notre flotte et offrons d\u00e9sormais un vaste \u00e9ventail de services d\u2019entreposage, de distribution et de livraison dans tout l\u2019ouest du Canada.<\/p>\n<p><b>Plus de 37\u2009000 pi2 d\u2019espace d\u2019entreposage, des activit\u00e9s et une visibilit\u00e9 24\/7<\/b><br \/>\nNous sommes d\u00e9termin\u00e9s \u00e0 cr\u00e9er des exp\u00e9riences positives pour nos clients en leur proposant des services d\u2019entreposage et un soutien d\u2019expert 24 heures sur 24. Entre nos deux installations de Saskatoon et de Regina, nous offrons :<\/p>\n<ul class=\"bullets-red\">\n<li>Entreposage sur rayonnage<\/li>\n<li>Transbordement<\/li>\n<li>Programmes d\u2019inventaire dans le nuage<\/li>\n<li>Services de distribution adapt\u00e9s<\/li>\n<\/ul>\n<p><b>Souplesse de livraison dans tout l\u2019ouest du Canada<\/b><br \/>\nUnited Transfer est un fournisseur digne de confiance pour ce qui est la livraison ponctuelle et de la manutention de la marchandise en toute s\u00e9curit\u00e9. \u00c0 l\u2019aide de nos divers actifs qui comprennent des tracteurs et des semi-remorques de longueurs vari\u00e9es avec possibilit\u00e9 de hayon, nos camions porteurs de 26 pi \u00e0 rideaux lat\u00e9raux et nos fourgonnettes d\u00e9di\u00e9es et non d\u00e9di\u00e9es, nous transportons des millions de livres de marchandises tous les ans, partout en Saskatchewan et dans l\u2019ouest du Canada et offrons les services de livraison suivants :<\/p>\n<ul class=\"bullets-red\">\n<li> Dernier kilom\u00e8tre<\/li>\n<li>Chargements complets et partiels<\/li>\n<li>Tri et transport urbain<\/li>\n<li>Livraisons acc\u00e9l\u00e9r\u00e9es le jour m\u00eame<\/li>\n<li>Unit\u00e9s de transport int\u00e9rieur et transfrontalier de colis urgent et unit\u00e9s d\u00e9di\u00e9es<\/li>\n<\/ul>\n<p>Visitez le site Web de United Transfer pour en savoir plus ou communiquer avec nous d\u00e8s aujourd\u2019hui : <a href=\"https:\/\/www.unitedtransfer.ca\" target=\"_blank\" rel=\"noopener\">https:\/\/www.unitedtransfer.ca<\/a><\/p>\n<p class=\"pad-15\">\n<\/div>\n<\/div>\n<\/div>\n<div class=\"col-md-2 col-sm-12 col-xs-12 black-col\">\n<div class=\"bg-menu\">\n<ul class=\"bg-ul\" style=\"margin-top: 15px;\">\n<li class=\"hover-cls btn-clk0 hover-cls-li-active first\"><a class=\"first\">services United Transfer<\/a><\/li>\n<li class=\"hover-cls btn-clk0\"><a>ENTREPOSAGE<\/a><\/li>\n<li class=\"hover-cls btn-clk1\"><a>DISTRIBUTION<\/a><\/li>\n<li class=\"hover-cls btn-clk2\"><a>CHARGEMENTS PARTIELS ET COMPLETS<\/a><\/li>\n<li class=\"hover-cls btn-clk4\"><a>DERNIER KILOM\u00c8TRE<\/a><\/li>\n<li class=\"hover-cls btn-clk4\"><a>SERVICE D\u00c9DI\u00c9<br \/>\n<\/a><a><\/a><\/li>\n<\/ul>\n<\/div>\n<div class=\"bg-person\">\n<div>\n<h2 class=\"bg-h2\"> MA\u00ceTRISE ET VISIBILIT\u00c9 DE<br \/>\nBOUT EN BOUT<\/h2>\n<ul>\n<li>MISES \u00c0 JOUR ET SUIVIS EN TEMPS R\u00c9EL<\/li>\n<li>RAPPORTS ET ANALYSES \u00c9VOLU\u00c9S<\/li>\n<li>TRAITEMENT \u00c9LECTRONIQUE DES DONN\u00c9ES ET CONNECTIVIT\u00c9 WEB<\/li>\n<li>CAPACIT\u00c9S FUTURES POUR LA CHA\u00ceNE DE BLOCS ET L\u2019INTELLIGENCE ARTIFICIELLE<\/li>\n<\/ul>\n<\/div>\n<\/div>\n<p><a href=\"#example\" data-toggle=\"modal\"><br \/>\n<button class=\"formStyle input-xlarge LargeInput right-side-button\" style=\"margin-top: 8px;\">Formulaire de demande<\/button><br \/>\n<\/a><\/p>\n<\/div>\n<\/div>\n<\/div>\n<\/div>\n","protected":false},"excerpt":{"rendered":"<p>SOCI\u00c9T\u00c9S Solutions d\u2019entreposage et de livraison reposant sur un engagement envers l\u2019excellence du service Fond\u00e9e par deux entrepreneurs du Royaume-Uni qui ont d\u00e9cid\u00e9 de miser sur leur expertise en transport, United Transfer Limited est r\u00e9put\u00e9e pour l\u2019ex\u00e9cution de strat\u00e9gies uniques d\u2019entreposage et de livraison. En 2008, nous avons ouvert notre premier si\u00e8ge social de 2000&hellip; <a class=\"more-link\" href=\"https:\/\/www.fastfrate.com\/en\/societes\/united-transfer\/\">Continue reading <span class=\"screen-reader-text\">Societes United Transfer<\/span><\/a><\/p>\n","protected":false},"author":1,"featured_media":0,"parent":0,"menu_order":0,"comment_status":"closed","ping_status":"closed","template":"page-main-fr.php","meta":{"_acf_changed":false,"footnotes":""},"categories":[8],"tags":[],"class_list":["post-5361","page","type-page","status-publish","hentry","category-fr","entry"],"acf":[],"yoast_head":"<!-- This site is optimized with the Yoast SEO plugin v27.3 - https:\/\/yoast.com\/product\/yoast-seo-wordpress\/ -->\n<title>United Transfer Ltd. Entreposage et Distribution | Fastfrate<\/title>\n<meta name=\"description\" content=\"Gr\u00e2ce \u00e0 sa flotte et \u00e0 son espace d\u2019entreposage, United Transfer propose des solutions adapt\u00e9es d\u2019entreposage et de distribution pour l\u2019ouest du Canada.\" \/>\n<meta name=\"robots\" content=\"index, follow, max-snippet:-1, max-image-preview:large, max-video-preview:-1\" \/>\n<link rel=\"canonical\" href=\"https:\/\/www.fastfrate.com\/en\/societes\/united-transfer\/\" \/>\n<meta property=\"og:locale\" content=\"en_US\" \/>\n<meta property=\"og:type\" content=\"article\" \/>\n<meta property=\"og:title\" content=\"United Transfer Ltd. Entreposage et Distribution | Fastfrate\" \/>\n<meta property=\"og:description\" content=\"Gr\u00e2ce \u00e0 sa flotte et \u00e0 son espace d\u2019entreposage, United Transfer propose des solutions adapt\u00e9es d\u2019entreposage et de distribution pour l\u2019ouest du Canada.\" \/>\n<meta property=\"og:url\" content=\"https:\/\/www.fastfrate.com\/en\/societes\/united-transfer\/\" \/>\n<meta property=\"og:site_name\" content=\"The FastFrate Group\" \/>\n<meta property=\"article:modified_time\" content=\"2024-04-24T21:39:20+00:00\" \/>\n<meta property=\"og:image\" content=\"http:\/\/www.fastfrate.com\/wp-content\/uploads\/2022\/04\/utl-feature-company-logo.png\" \/>\n<meta name=\"twitter:card\" content=\"summary_large_image\" \/>\n<meta name=\"twitter:label1\" content=\"Est. reading time\" \/>\n\t<meta name=\"twitter:data1\" content=\"2 minutes\" \/>\n<script type=\"application\/ld+json\" class=\"yoast-schema-graph\">{\"@context\":\"https:\\\/\\\/schema.org\",\"@graph\":[{\"@type\":\"WebPage\",\"@id\":\"https:\\\/\\\/www.fastfrate.com\\\/en\\\/societes\\\/united-transfer\\\/\",\"url\":\"https:\\\/\\\/www.fastfrate.com\\\/en\\\/societes\\\/united-transfer\\\/\",\"name\":\"United Transfer Ltd. Entreposage et Distribution | Fastfrate\",\"isPartOf\":{\"@id\":\"https:\\\/\\\/www.fastfrate.com\\\/en\\\/#website\"},\"primaryImageOfPage\":{\"@id\":\"https:\\\/\\\/www.fastfrate.com\\\/en\\\/societes\\\/united-transfer\\\/#primaryimage\"},\"image\":{\"@id\":\"https:\\\/\\\/www.fastfrate.com\\\/en\\\/societes\\\/united-transfer\\\/#primaryimage\"},\"thumbnailUrl\":\"http:\\\/\\\/www.fastfrate.com\\\/wp-content\\\/uploads\\\/2022\\\/04\\\/utl-feature-company-logo.png\",\"datePublished\":\"2021-10-18T16:56:00+00:00\",\"dateModified\":\"2024-04-24T21:39:20+00:00\",\"description\":\"Gr\u00e2ce \u00e0 sa flotte et \u00e0 son espace d\u2019entreposage, United Transfer propose des solutions adapt\u00e9es d\u2019entreposage et de distribution pour l\u2019ouest du Canada.\",\"breadcrumb\":{\"@id\":\"https:\\\/\\\/www.fastfrate.com\\\/en\\\/societes\\\/united-transfer\\\/#breadcrumb\"},\"inLanguage\":\"en-CA\",\"potentialAction\":[{\"@type\":\"ReadAction\",\"target\":[\"https:\\\/\\\/www.fastfrate.com\\\/en\\\/societes\\\/united-transfer\\\/\"]}]},{\"@type\":\"ImageObject\",\"inLanguage\":\"en-CA\",\"@id\":\"https:\\\/\\\/www.fastfrate.com\\\/en\\\/societes\\\/united-transfer\\\/#primaryimage\",\"url\":\"http:\\\/\\\/www.fastfrate.com\\\/wp-content\\\/uploads\\\/2022\\\/04\\\/utl-feature-company-logo.png\",\"contentUrl\":\"http:\\\/\\\/www.fastfrate.com\\\/wp-content\\\/uploads\\\/2022\\\/04\\\/utl-feature-company-logo.png\"},{\"@type\":\"BreadcrumbList\",\"@id\":\"https:\\\/\\\/www.fastfrate.com\\\/en\\\/societes\\\/united-transfer\\\/#breadcrumb\",\"itemListElement\":[{\"@type\":\"ListItem\",\"position\":1,\"name\":\"Home\",\"item\":\"https:\\\/\\\/www.fastfrate.com\\\/\"},{\"@type\":\"ListItem\",\"position\":2,\"name\":\"Societes United Transfer\"}]},{\"@type\":\"WebSite\",\"@id\":\"https:\\\/\\\/www.fastfrate.com\\\/en\\\/#website\",\"url\":\"https:\\\/\\\/www.fastfrate.com\\\/en\\\/\",\"name\":\"The FastFrate Group\",\"description\":\"\",\"potentialAction\":[{\"@type\":\"SearchAction\",\"target\":{\"@type\":\"EntryPoint\",\"urlTemplate\":\"https:\\\/\\\/www.fastfrate.com\\\/en\\\/?s={search_term_string}\"},\"query-input\":{\"@type\":\"PropertyValueSpecification\",\"valueRequired\":true,\"valueName\":\"search_term_string\"}}],\"inLanguage\":\"en-CA\"}]}<\/script>\n<!-- \/ Yoast SEO plugin. -->","yoast_head_json":{"title":"United Transfer Ltd. Entreposage et Distribution | Fastfrate","description":"Gr\u00e2ce \u00e0 sa flotte et \u00e0 son espace d\u2019entreposage, United Transfer propose des solutions adapt\u00e9es d\u2019entreposage et de distribution pour l\u2019ouest du Canada.","robots":{"index":"index","follow":"follow","max-snippet":"max-snippet:-1","max-image-preview":"max-image-preview:large","max-video-preview":"max-video-preview:-1"},"canonical":"https:\/\/www.fastfrate.com\/en\/societes\/united-transfer\/","og_locale":"en_US","og_type":"article","og_title":"United Transfer Ltd. Entreposage et Distribution | Fastfrate","og_description":"Gr\u00e2ce \u00e0 sa flotte et \u00e0 son espace d\u2019entreposage, United Transfer propose des solutions adapt\u00e9es d\u2019entreposage et de distribution pour l\u2019ouest du Canada.","og_url":"https:\/\/www.fastfrate.com\/en\/societes\/united-transfer\/","og_site_name":"The FastFrate Group","article_modified_time":"2024-04-24T21:39:20+00:00","og_image":[{"url":"http:\/\/www.fastfrate.com\/wp-content\/uploads\/2022\/04\/utl-feature-company-logo.png","type":"","width":"","height":""}],"twitter_card":"summary_large_image","twitter_misc":{"Est. reading time":"2 minutes"},"schema":{"@context":"https:\/\/schema.org","@graph":[{"@type":"WebPage","@id":"https:\/\/www.fastfrate.com\/en\/societes\/united-transfer\/","url":"https:\/\/www.fastfrate.com\/en\/societes\/united-transfer\/","name":"United Transfer Ltd. Entreposage et Distribution | Fastfrate","isPartOf":{"@id":"https:\/\/www.fastfrate.com\/en\/#website"},"primaryImageOfPage":{"@id":"https:\/\/www.fastfrate.com\/en\/societes\/united-transfer\/#primaryimage"},"image":{"@id":"https:\/\/www.fastfrate.com\/en\/societes\/united-transfer\/#primaryimage"},"thumbnailUrl":"http:\/\/www.fastfrate.com\/wp-content\/uploads\/2022\/04\/utl-feature-company-logo.png","datePublished":"2021-10-18T16:56:00+00:00","dateModified":"2024-04-24T21:39:20+00:00","description":"Gr\u00e2ce \u00e0 sa flotte et \u00e0 son espace d\u2019entreposage, United Transfer propose des solutions adapt\u00e9es d\u2019entreposage et de distribution pour l\u2019ouest du Canada.","breadcrumb":{"@id":"https:\/\/www.fastfrate.com\/en\/societes\/united-transfer\/#breadcrumb"},"inLanguage":"en-CA","potentialAction":[{"@type":"ReadAction","target":["https:\/\/www.fastfrate.com\/en\/societes\/united-transfer\/"]}]},{"@type":"ImageObject","inLanguage":"en-CA","@id":"https:\/\/www.fastfrate.com\/en\/societes\/united-transfer\/#primaryimage","url":"http:\/\/www.fastfrate.com\/wp-content\/uploads\/2022\/04\/utl-feature-company-logo.png","contentUrl":"http:\/\/www.fastfrate.com\/wp-content\/uploads\/2022\/04\/utl-feature-company-logo.png"},{"@type":"BreadcrumbList","@id":"https:\/\/www.fastfrate.com\/en\/societes\/united-transfer\/#breadcrumb","itemListElement":[{"@type":"ListItem","position":1,"name":"Home","item":"https:\/\/www.fastfrate.com\/"},{"@type":"ListItem","position":2,"name":"Societes United Transfer"}]},{"@type":"WebSite","@id":"https:\/\/www.fastfrate.com\/en\/#website","url":"https:\/\/www.fastfrate.com\/en\/","name":"The FastFrate Group","description":"","potentialAction":[{"@type":"SearchAction","target":{"@type":"EntryPoint","urlTemplate":"https:\/\/www.fastfrate.com\/en\/?s={search_term_string}"},"query-input":{"@type":"PropertyValueSpecification","valueRequired":true,"valueName":"search_term_string"}}],"inLanguage":"en-CA"}]}},"_links":{"self":[{"href":"https:\/\/www.fastfrate.com\/en\/wp-json\/wp\/v2\/pages\/5361","targetHints":{"allow":["GET"]}}],"collection":[{"href":"https:\/\/www.fastfrate.com\/en\/wp-json\/wp\/v2\/pages"}],"about":[{"href":"https:\/\/www.fastfrate.com\/en\/wp-json\/wp\/v2\/types\/page"}],"author":[{"embeddable":true,"href":"https:\/\/www.fastfrate.com\/en\/wp-json\/wp\/v2\/users\/1"}],"replies":[{"embeddable":true,"href":"https:\/\/www.fastfrate.com\/en\/wp-json\/wp\/v2\/comments?post=5361"}],"version-history":[{"count":0,"href":"https:\/\/www.fastfrate.com\/en\/wp-json\/wp\/v2\/pages\/5361\/revisions"}],"wp:attachment":[{"href":"https:\/\/www.fastfrate.com\/en\/wp-json\/wp\/v2\/media?parent=5361"}],"wp:term":[{"taxonomy":"category","embeddable":true,"href":"https:\/\/www.fastfrate.com\/en\/wp-json\/wp\/v2\/categories?post=5361"},{"taxonomy":"post_tag","embeddable":true,"href":"https:\/\/www.fastfrate.com\/en\/wp-json\/wp\/v2\/tags?post=5361"}],"curies":[{"name":"wp","href":"https:\/\/api.w.org\/{rel}","templated":true}]}}