{"id":20851,"date":"2022-10-19T12:49:35","date_gmt":"2022-10-19T16:49:35","guid":{"rendered":"http:\/\/fastfrate-dev.local\/?page_id=20851"},"modified":"2025-05-13T09:46:43","modified_gmt":"2025-05-13T13:46:43","slug":"societes-challenger","status":"publish","type":"page","link":"https:\/\/www.fastfrate.com\/en\/societes\/challenger\/","title":{"rendered":"Soci\u00e9t\u00e9s CHALLENGER"},"content":{"rendered":"<div id=\"PageWrapperHome\" class=\"Subpage SubpageWide Warehousing challenger-company subpageCompany\">\n<div class=\"SubpageWrapper\">\n<div class=\"ContentSubpageFeature\"><\/div>\n<div class=\"service-tab-wrapper\">\n<div class=\"container\">\n<div class=\"service-tab\">Soci\u00e9t\u00e9s<span class=\"no-wrap vertical-line-wh\"><img decoding=\"async\" class=\"alignnone\" src=\"https:\/\/www.fastfrate.com\/wp-content\/themes\/fastfrate\/assets\/images\/F - CMF Red White Logo.png\" alt=\"challenger logo\" width=\"141\" height=\"54\" \/><\/span><\/div>\n<\/div>\n<\/div>\n<div class=\"container breadcrumbs-container\"><span><span><a href=\"https:\/\/www.fastfrate.com\/\">Home<\/a><\/span><\/span><\/div>\n<div class=\"SubpageContentWrapper container\">\n<div class=\"ContentSubpageLeft col-md-9 col-sm-12 col-xs-12\">\n<div id=\"contentChange\" style=\"width: 94%;\">\n<h1 class=\"serviceWarehouse-h1\">Challenger TRANSPORT ROUTIER DE MARCHANDISES<\/h1>\n<div id=\"unique-page\" class=\"ContentBody\">\n<p>Challenger est l\u2019une des plus grandes entreprises priv\u00e9es de transport et de logistique en Am\u00e9rique du Nord. Nous transportons des marchandises partout en Am\u00e9rique du Nord et ailleurs dans le monde et offrons une gamme compl\u00e8te de services de transport, de logistique, d\u2019entreposage et de gestion de la cha\u00eene d\u2019approvisionnement.<\/p>\n<p><b> Depuis 1975, <\/b>, nous cherchons constamment \u00e0 surpasser les normes de qualit\u00e9 et de rendement en int\u00e9grant l\u2019innovation au sein de notre culture d\u2019entreprise. Nous avons toujours \u00e9t\u00e9 \u00e0 l\u2019avant-garde des avanc\u00e9es op\u00e9rationnelles et technologiques, ce qui nous a permis de r\u00e9pondre aux besoins changeants de nos clients, de cr\u00e9er des retomb\u00e9es pour l\u2019industrie du transport et d\u2019obtenir un dossier impressionnant en mati\u00e8re de satisfaction de la client\u00e8le.<\/p>\n<p><b> Chez Challenger, l\u2019humain est au c\u0153ur de notre culture. <\/b><br \/>\nEn tant qu\u2019entreprise de transport, nous savons que nos clients et nos conducteurs sont notre force motrice. Voil\u00e0 pourquoi nous veillons \u00e0 leur accorder notre priorit\u00e9. Notre mission: vous servir. <b> Chez Challenger, nous livrons la marchandise. <\/b><\/p>\n<p class=\"p-red\">Services d\u2019exp\u00e9dition en chargement complet (ECC)<\/p>\n<p>Nous transportons des marchandises en chargement complet (Full Truck Load) partout en Am\u00e9rique du Nord.<br \/>\nGr\u00e2ce au r\u00e9seau Challenger, qui comprend plus de <b>1200 camions et 3500 remorques<\/b>, nous sommes bien plac\u00e9s pour r\u00e9pondre aux besoins de votre cha\u00eene d\u2019approvisionnement, quels que soient la complexit\u00e9, la destination ou le d\u00e9lai de votre projet.<\/p>\n<p>Notre mod\u00e8le <b>Challenger Flex<\/b> offre \u00e0 nos clients une solution flexible de transports illimit\u00e9s. De plus, Challenger travaille en partenariat avec d\u2019autres entreprises de transport afin de faire face aux situations impr\u00e9vues comme des probl\u00e8mes li\u00e9s \u00e0 la capacit\u00e9 op\u00e9rationnelle, des retards et des pannes m\u00e9caniques.<\/p>\n<p class=\"p-red\">Les avantages du mod\u00e8le Flex:<\/p>\n<ul class=\"bullets-red\">\n<li>\u00c9limination des contraintes de capacit\u00e9<\/li>\n<li>Service de niveau sup\u00e9rieur<\/li>\n<li>Solutions tout-en-un \u2013 Nous r\u00e9pondons \u00e0 tous les besoins de votre entreprise li\u00e9s aux emplacements, aux trajets populaires, au temps de chargement, aux relations avec les conducteurs et aux co\u00fbts suppl\u00e9mentaires.<\/li>\n<li>Acquisition du titre d\u2019exp\u00e9diteur de choix (Shipper of Choice)<\/li>\n<li>Plus grande flexibilit\u00e9 (horaires, transit, livraisons de remorques, chargements r\u00e9els)<\/li>\n<\/ul>\n<p class=\"p-red\">Challenger &#8211; les experts de l\u2019exp\u00e9dition transfrontali\u00e8re en Am\u00e9rique du Nord<\/p>\n<p>Chez Challenger, nous g\u00e9rons de <b> 500 \u00e0 700 passages de fronti\u00e8res par jour. <\/b>. Notre \u00e9quipe sp\u00e9cialis\u00e9e en douanes veille au respect des r\u00e9glementations gouvernementales et communique avec les clients pour conna\u00eetre leurs besoins en mati\u00e8re de transport transfrontalier. Nous participons \u00e0 diverses initiatives douani\u00e8res et pr\u00e9parons les demandes de cautionnement \u00e0 l\u2019interne. Notre syst\u00e8me interne directement reli\u00e9 aux services douaniers permet de g\u00e9rer la soumission des manifestes \u00e0 l\u2019ACE ou \u00e0 l\u2019ASFC\u00a0(IPEC) de fa\u00e7on \u00e0 ce que votre envoi passe la fronti\u00e8re sans retard.<\/p>\n<p class=\"p-red\">Challenger participe \u00e0 des programmes de l\u2019Agence des services frontaliers du Canada\u00a0(ASFC) et de la Customs and Border Protection\u00a0(CBP) ainsi qu\u2019\u00e0 des initiatives visant \u00e0 r\u00e9duire la pr\u00e9carit\u00e9 du transport frontalier:<\/p>\n<p><b>ACE<\/b> Automated Commercial Environment<br \/>\n<b>IPEC<\/b> Information pr\u00e9alable sur les exp\u00e9ditions commerciales<br \/>\n<b>C-TPAT<\/b> Customs-Trade Partnership Against Terrorism<br \/>\n<b>Programme EXPRES<\/b> Autorisation d\u2019entr\u00e9e aux \u00c9tats-Unis et au Canada (exp\u00e9ditions rapides et s\u00e9curitaires)<br \/>\n<b>PAT\/PEP<\/b> Partners Against Terrorism\/Partenaires en protection<br \/>\n<b>Bonded<\/b> Autorisation d\u2019entr\u00e9e aux \u00c9tats-Unis et au Canada<br \/>\n<b>PAD<\/b> Autorisation d\u2019entr\u00e9e au Canada (Programme d\u2019autocotisation des douanes)<br \/>\n<b>IRSC<\/b> Initiative relative \u00e0 la s\u00e9curit\u00e9 des conteneurs<br \/>\n<b>FDA<\/b> Food and Drug Administration<br \/>\n<b>NCAP<\/b> National Customs Automation Program into USA<br \/>\n<b>PAPS<\/b> Autorisation d\u2019entr\u00e9e aux \u00c9tats-Unis (syst\u00e8me d\u2019examen avant l\u2019arriv\u00e9e aux \u00c9tats-Unis)<br \/>\n<b>SEA<\/b> (Syst\u00e8me d\u2019examen avant l\u2019arriv\u00e9e au Canada)<\/p>\n<div class=\"downloadPDF pdf-cls\">\n<h2 class=\"form-header\">Contact Us<\/h2>\n\n<div class=\"wpcf7 no-js\" id=\"wpcf7-f777-o1\" lang=\"en-CA\" dir=\"ltr\" data-wpcf7-id=\"777\">\n<div class=\"screen-reader-response\"><p role=\"status\" aria-live=\"polite\" aria-atomic=\"true\"><\/p> <ul><\/ul><\/div>\n<form action=\"\/en\/wp-json\/wp\/v2\/pages\/20851#wpcf7-f777-o1\" method=\"post\" class=\"wpcf7-form init\" aria-label=\"Contact form\" novalidate=\"novalidate\" data-status=\"init\">\n<fieldset class=\"hidden-fields-container\"><input type=\"hidden\" name=\"_wpcf7\" value=\"777\" \/><input type=\"hidden\" name=\"_wpcf7_version\" value=\"6.1.5\" \/><input type=\"hidden\" name=\"_wpcf7_locale\" value=\"en_CA\" \/><input type=\"hidden\" name=\"_wpcf7_unit_tag\" value=\"wpcf7-f777-o1\" \/><input type=\"hidden\" name=\"_wpcf7_container_post\" value=\"0\" \/><input type=\"hidden\" name=\"_wpcf7_posted_data_hash\" value=\"\" \/><input type=\"hidden\" name=\"_wpcf7dtx_version\" value=\"5.0.5\" \/><input type=\"hidden\" name=\"_wpcf7_recaptcha_response\" value=\"\" \/>\n<\/fieldset>\n<p><label> <span class=\"asterix\">*<\/span>First name<br \/>\n<span class=\"wpcf7-form-control-wrap\" data-name=\"your-fname\"><input size=\"40\" maxlength=\"400\" class=\"wpcf7-form-control wpcf7-text wpcf7-validates-as-required\" aria-required=\"true\" aria-invalid=\"false\" value=\"\" type=\"text\" name=\"your-fname\" \/><\/span> <\/label><br \/>\n<label> <span class=\"asterix\">*<\/span>Last name<br \/>\n<span class=\"wpcf7-form-control-wrap\" data-name=\"your-lname\"><input size=\"40\" maxlength=\"400\" class=\"wpcf7-form-control wpcf7-text wpcf7-validates-as-required\" aria-required=\"true\" aria-invalid=\"false\" value=\"\" type=\"text\" name=\"your-lname\" \/><\/span> <\/label><br \/>\n<label> <span class=\"asterix\">*<\/span>Company name<br \/>\n<span class=\"wpcf7-form-control-wrap\" data-name=\"your-company\"><input size=\"40\" maxlength=\"400\" class=\"wpcf7-form-control wpcf7-text wpcf7-validates-as-required\" aria-required=\"true\" aria-invalid=\"false\" value=\"\" type=\"text\" name=\"your-company\" \/><\/span> <\/label><br \/>\n<label> <span class=\"asterix\">*<\/span>Province <\/label><br \/>\n<span class=\"wpcf7-form-control-wrap\" data-name=\"Province\"><select class=\"wpcf7-form-control wpcf7-select wpcf7-validates-as-required\" aria-required=\"true\" aria-invalid=\"false\" name=\"Province\"><option value=\"\">&#8212;Please choose an option&#8212;<\/option><option value=\"Alberta\">Alberta<\/option><option value=\"British Columbia\">British Columbia<\/option><option value=\"Manitoba\">Manitoba<\/option><option value=\"New Brunswick\">New Brunswick<\/option><option value=\"Newfoundland and Labrador\">Newfoundland and Labrador<\/option><option value=\"Northwest Territories\">Northwest Territories<\/option><option value=\"Nova Scotia\">Nova Scotia<\/option><option value=\"Nunavut\">Nunavut<\/option><option value=\"Ontario\">Ontario<\/option><option value=\"Prince Edward Island\">Prince Edward Island<\/option><option value=\"Quebec\">Quebec<\/option><option value=\"Saskatchewan\">Saskatchewan<\/option><option value=\"Yukon\">Yukon<\/option><option value=\"Other (US)\">Other (US)<\/option><\/select><\/span><br \/>\n<label> <span class=\"asterix\">*<\/span>City<br \/>\n<span class=\"wpcf7-form-control-wrap\" data-name=\"your-city\"><input size=\"40\" maxlength=\"400\" class=\"wpcf7-form-control wpcf7-text wpcf7-validates-as-required\" aria-required=\"true\" aria-invalid=\"false\" value=\"\" type=\"text\" name=\"your-city\" \/><\/span> <\/label><br \/>\n<label> Postal Code<br \/>\n<span class=\"wpcf7-form-control-wrap\" data-name=\"your-p-code\"><input size=\"40\" maxlength=\"400\" class=\"wpcf7-form-control wpcf7-text\" aria-invalid=\"false\" value=\"\" type=\"text\" name=\"your-p-code\" \/><\/span> <\/label><br \/>\n<label> Phone number<br \/>\n<span class=\"wpcf7-form-control-wrap\" data-name=\"your-phone\"><input size=\"40\" maxlength=\"400\" class=\"wpcf7-form-control wpcf7-text\" aria-invalid=\"false\" value=\"\" type=\"text\" name=\"your-phone\" \/><\/span> <\/label><br \/>\n<label> <span class=\"asterix\">*<\/span>Email Address<br \/>\n<span class=\"wpcf7-form-control-wrap\" data-name=\"your-email\"><input size=\"40\" maxlength=\"400\" class=\"wpcf7-form-control wpcf7-email wpcf7-validates-as-required wpcf7-text wpcf7-validates-as-email\" aria-required=\"true\" aria-invalid=\"false\" value=\"\" type=\"email\" name=\"your-email\" \/><\/span> <\/label><br \/>\n<label> Message<br \/>\n<span class=\"wpcf7-form-control-wrap\" data-name=\"your-message\"><textarea cols=\"40\" rows=\"10\" maxlength=\"2000\" class=\"wpcf7-form-control wpcf7-textarea\" aria-invalid=\"false\" name=\"your-message\"><\/textarea><\/span> <\/label><br \/>\n<span id=\"wpcf7-69d78d0a295a4-wrapper\" class=\"wpcf7-form-control-wrap honeypot-339-wrap\" style=\"display:none !important; visibility:hidden !important;\"><label for=\"wpcf7-69d78d0a295a4-field\" class=\"hp-message\">Please leave this field empty.<\/label><input id=\"wpcf7-69d78d0a295a4-field\"  class=\"wpcf7-form-control wpcf7-text\" type=\"text\" name=\"honeypot-339\" value=\"\" size=\"40\" tabindex=\"-1\" autocomplete=\"new-password\" \/><\/span><br \/>\n<input class=\"wpcf7-form-control wpcf7-submit has-spinner\" type=\"submit\" value=\"Submit\" \/>\n<\/p>\n<p class=\"rc-Disclaimer\"><br \/>\nThis site is protected by reCAPTCHA and the Google <a href=\"https:\/\/policies.google.com\/privacy\" target=\"_blank\">Privacy Policy<\/a> and <a href=\"https:\/\/policies.google.com\/terms\" target=_blank>Terms of Service<\/a> apply.\n<\/p>\n<input class=\"wpcf7-form-control wpcf7-hidden\" value=\"\" type=\"hidden\" name=\"utm_source\" \/>\n<input class=\"wpcf7-form-control wpcf7-hidden\" value=\"\" type=\"hidden\" name=\"utm_medium\" \/>\n<input class=\"wpcf7-form-control wpcf7-hidden\" value=\"\" type=\"hidden\" name=\"utm_campaign\" \/>\n<input class=\"wpcf7-form-control wpcf7-hidden\" value=\"\" type=\"hidden\" name=\"utm_term\" \/>\n<input class=\"wpcf7-form-control wpcf7-hidden\" value=\"\" type=\"hidden\" name=\"utm_content\" \/><input type='hidden' class='wpcf7-pum' value='{\"closepopup\":false,\"closedelay\":0,\"openpopup\":false,\"openpopup_id\":0}' \/><div class=\"wpcf7-response-output\" aria-hidden=\"true\"><\/div>\n<\/form>\n<\/div>\n\n<\/div>\n<\/div>\n<\/div>\n<\/div>\n<div class=\"col-md-2 col-sm-12 col-xs-12 black-col\">\n<div class=\"bg-menu\">\n<ul class=\"bg-ul\" style=\"margin-top: 15px;\">\n<li class=\"hover-cls btn-clk0 hover-cls-li-active first\"><a class=\"first\">Challenger services<\/a><\/li>\n<li class=\"hover-cls btn-clk0\"><a>Exp\u00e9dition en chargement complet <\/a><\/li>\n<li class=\"hover-cls btn-clk1\"><a>Mod\u00e8le Flex<\/a><\/li>\n<li class=\"hover-cls btn-clk2\"><a>Transport Transfrontali\u00e8re <\/a><\/li>\n<li class=\"hover-cls btn-clk3\"><a>Transport de ligne<\/a><\/li>\n<\/ul>\n<h2 class=\"form-header\">Pour Nous Joindre<\/h2>\n\n<div class=\"wpcf7 no-js\" id=\"wpcf7-f1108-o2\" lang=\"en-CA\" dir=\"ltr\" data-wpcf7-id=\"1108\">\n<div class=\"screen-reader-response\"><p role=\"status\" aria-live=\"polite\" aria-atomic=\"true\"><\/p> <ul><\/ul><\/div>\n<form action=\"\/en\/wp-json\/wp\/v2\/pages\/20851#wpcf7-f1108-o2\" method=\"post\" class=\"wpcf7-form init\" aria-label=\"Contact form\" novalidate=\"novalidate\" data-status=\"init\">\n<fieldset class=\"hidden-fields-container\"><input type=\"hidden\" name=\"_wpcf7\" value=\"1108\" \/><input type=\"hidden\" name=\"_wpcf7_version\" value=\"6.1.5\" \/><input type=\"hidden\" name=\"_wpcf7_locale\" value=\"en_CA\" \/><input type=\"hidden\" name=\"_wpcf7_unit_tag\" value=\"wpcf7-f1108-o2\" \/><input type=\"hidden\" name=\"_wpcf7_container_post\" value=\"0\" \/><input type=\"hidden\" name=\"_wpcf7_posted_data_hash\" value=\"\" \/><input type=\"hidden\" name=\"_wpcf7dtx_version\" value=\"5.0.5\" \/><input type=\"hidden\" name=\"_wpcf7_recaptcha_response\" value=\"\" \/>\n<\/fieldset>\n<p><label> <span class=\"asterix\">*<\/span>Pr\u00e9nom<br \/>\n<span class=\"wpcf7-form-control-wrap\" data-name=\"your-fname\"><input size=\"40\" maxlength=\"400\" class=\"wpcf7-form-control wpcf7-text wpcf7-validates-as-required\" aria-required=\"true\" aria-invalid=\"false\" value=\"\" type=\"text\" name=\"your-fname\" \/><\/span> <\/label><br \/>\n<label> <span class=\"asterix\">*<\/span>Nom de famille<br \/>\n<span class=\"wpcf7-form-control-wrap\" data-name=\"your-lname\"><input size=\"40\" maxlength=\"400\" class=\"wpcf7-form-control wpcf7-text wpcf7-validates-as-required\" aria-required=\"true\" aria-invalid=\"false\" value=\"\" type=\"text\" name=\"your-lname\" \/><\/span> <\/label><br \/>\n<label> <span class=\"asterix\">*<\/span>Nom de l'entreprise<br \/>\n<span class=\"wpcf7-form-control-wrap\" data-name=\"your-company\"><input size=\"40\" maxlength=\"400\" class=\"wpcf7-form-control wpcf7-text wpcf7-validates-as-required\" aria-required=\"true\" aria-invalid=\"false\" value=\"\" type=\"text\" name=\"your-company\" \/><\/span> <\/label><br \/>\n<label> Num\u00e9ro de t\u00e9l\u00e9phone<br \/>\n<span class=\"wpcf7-form-control-wrap\" data-name=\"your-phone\"><input size=\"40\" maxlength=\"400\" class=\"wpcf7-form-control wpcf7-text\" aria-invalid=\"false\" value=\"\" type=\"text\" name=\"your-phone\" \/><\/span> <\/label><br \/>\n<label> <span class=\"asterix\">*<\/span>Courriel<br \/>\n<span class=\"wpcf7-form-control-wrap\" data-name=\"your-email\"><input size=\"40\" maxlength=\"400\" class=\"wpcf7-form-control wpcf7-email wpcf7-validates-as-required wpcf7-text wpcf7-validates-as-email\" aria-required=\"true\" aria-invalid=\"false\" value=\"\" type=\"email\" name=\"your-email\" \/><\/span> <\/label><br \/>\n<label> Commentaires<br \/>\n<span class=\"wpcf7-form-control-wrap\" data-name=\"your-message\"><textarea cols=\"40\" rows=\"10\" maxlength=\"2000\" class=\"wpcf7-form-control wpcf7-textarea\" aria-invalid=\"false\" name=\"your-message\"><\/textarea><\/span> <\/label><br \/>\n<span id=\"wpcf7-69d78d0a29dac-wrapper\" class=\"wpcf7-form-control-wrap honeypot-81-wrap\" style=\"display:none !important; visibility:hidden !important;\"><label for=\"wpcf7-69d78d0a29dac-field\" class=\"hp-message\">Please leave this field empty.<\/label><input id=\"wpcf7-69d78d0a29dac-field\"  class=\"wpcf7-form-control wpcf7-text\" type=\"text\" name=\"honeypot-81\" value=\"\" size=\"40\" tabindex=\"-1\" autocomplete=\"new-password\" \/><\/span><br \/>\n<input class=\"wpcf7-form-control wpcf7-submit has-spinner\" type=\"submit\" value=\"Soumettre\" \/>\n<\/p>\n<p class=\"rc-Disclaimer\"><br \/>\nCe site est prot\u00e9g\u00e9 par <strong>reCAPTCHA<\/strong>. <a href=\"https:\/\/policies.google.com\/privacy\"><strong>Les r\u00e8gles de confidentialit\u00e9<\/strong><\/a> et les <a href=\"https:\/\/policies.google.com\/terms\"><strong>conditions d\u2019utilisation<\/strong><\/a> de Google s\u2019appliquent.\n<\/p>\n<input class=\"wpcf7-form-control wpcf7-hidden\" value=\"\" type=\"hidden\" name=\"utm_source\" \/>\n<input class=\"wpcf7-form-control wpcf7-hidden\" value=\"\" type=\"hidden\" name=\"utm_medium\" \/>\n<input class=\"wpcf7-form-control wpcf7-hidden\" value=\"\" type=\"hidden\" name=\"utm_campaign\" \/>\n<input class=\"wpcf7-form-control wpcf7-hidden\" value=\"\" type=\"hidden\" name=\"utm_term\" \/>\n<input class=\"wpcf7-form-control wpcf7-hidden\" value=\"\" type=\"hidden\" name=\"utm_content\" \/><input type='hidden' class='wpcf7-pum' value='{\"closepopup\":false,\"closedelay\":0,\"openpopup\":false,\"openpopup_id\":0}' \/><div class=\"wpcf7-response-output\" aria-hidden=\"true\"><\/div>\n<\/form>\n<\/div>\n\n<\/div>\n<\/div>\n<\/div>\n<\/div>\n<\/div>\n","protected":false},"excerpt":{"rendered":"<p>Soci\u00e9t\u00e9s Challenger TRANSPORT ROUTIER DE MARCHANDISES Challenger est l\u2019une des plus grandes entreprises priv\u00e9es de transport et de logistique en Am\u00e9rique du Nord. Nous transportons des marchandises partout en Am\u00e9rique du Nord et ailleurs dans le monde et offrons une gamme compl\u00e8te de services de transport, de logistique, d\u2019entreposage et de gestion de la cha\u00eene&hellip; <a class=\"more-link\" href=\"https:\/\/www.fastfrate.com\/en\/societes\/challenger\/\">Continue reading <span class=\"screen-reader-text\">Soci\u00e9t\u00e9s CHALLENGER<\/span><\/a><\/p>\n","protected":false},"author":4,"featured_media":0,"parent":0,"menu_order":0,"comment_status":"closed","ping_status":"closed","template":"page-main-fr.php","meta":{"_acf_changed":false,"footnotes":""},"categories":[8],"tags":[],"class_list":["post-20851","page","type-page","status-publish","hentry","category-fr","entry"],"acf":[],"yoast_head":"<!-- This site is optimized with the Yoast SEO plugin v27.3 - https:\/\/yoast.com\/product\/yoast-seo-wordpress\/ -->\n<title>CHALLENGER \u2013 TRANSPORT ROUTIER DE MARCHANDISES | Groupe Fastfrate<\/title>\n<meta name=\"description\" content=\"Challenger est l\u2019une des plus grandes entreprises priv\u00e9es de transport et de logistique en Am\u00e9rique du Nord.\" \/>\n<meta name=\"robots\" content=\"index, follow, max-snippet:-1, max-image-preview:large, max-video-preview:-1\" \/>\n<link rel=\"canonical\" href=\"https:\/\/www.fastfrate.com\/en\/societes\/challenger\/\" \/>\n<meta property=\"og:locale\" content=\"en_US\" \/>\n<meta property=\"og:type\" content=\"article\" \/>\n<meta property=\"og:title\" content=\"CHALLENGER \u2013 TRANSPORT ROUTIER DE MARCHANDISES | Groupe Fastfrate\" \/>\n<meta property=\"og:description\" content=\"Challenger est l\u2019une des plus grandes entreprises priv\u00e9es de transport et de logistique en Am\u00e9rique du Nord.\" \/>\n<meta property=\"og:url\" content=\"https:\/\/www.fastfrate.com\/en\/societes\/challenger\/\" \/>\n<meta property=\"og:site_name\" content=\"The FastFrate Group\" \/>\n<meta property=\"article:modified_time\" content=\"2025-05-13T13:46:43+00:00\" \/>\n<meta name=\"twitter:card\" content=\"summary_large_image\" \/>\n<meta name=\"twitter:label1\" content=\"Est. reading time\" \/>\n\t<meta name=\"twitter:data1\" content=\"3 minutes\" \/>\n<script type=\"application\/ld+json\" class=\"yoast-schema-graph\">{\"@context\":\"https:\\\/\\\/schema.org\",\"@graph\":[{\"@type\":\"WebPage\",\"@id\":\"https:\\\/\\\/www.fastfrate.com\\\/en\\\/societes\\\/challenger\\\/\",\"url\":\"https:\\\/\\\/www.fastfrate.com\\\/en\\\/societes\\\/challenger\\\/\",\"name\":\"CHALLENGER \u2013 TRANSPORT ROUTIER DE MARCHANDISES | Groupe Fastfrate\",\"isPartOf\":{\"@id\":\"https:\\\/\\\/www.fastfrate.com\\\/en\\\/#website\"},\"datePublished\":\"2022-10-19T16:49:35+00:00\",\"dateModified\":\"2025-05-13T13:46:43+00:00\",\"description\":\"Challenger est l\u2019une des plus grandes entreprises priv\u00e9es de transport et de logistique en Am\u00e9rique du Nord.\",\"breadcrumb\":{\"@id\":\"https:\\\/\\\/www.fastfrate.com\\\/en\\\/societes\\\/challenger\\\/#breadcrumb\"},\"inLanguage\":\"en-CA\",\"potentialAction\":[{\"@type\":\"ReadAction\",\"target\":[\"https:\\\/\\\/www.fastfrate.com\\\/en\\\/societes\\\/challenger\\\/\"]}]},{\"@type\":\"BreadcrumbList\",\"@id\":\"https:\\\/\\\/www.fastfrate.com\\\/en\\\/societes\\\/challenger\\\/#breadcrumb\",\"itemListElement\":[{\"@type\":\"ListItem\",\"position\":1,\"name\":\"Home\",\"item\":\"https:\\\/\\\/www.fastfrate.com\\\/\"},{\"@type\":\"ListItem\",\"position\":2,\"name\":\"Soci\u00e9t\u00e9s CHALLENGER\"}]},{\"@type\":\"WebSite\",\"@id\":\"https:\\\/\\\/www.fastfrate.com\\\/en\\\/#website\",\"url\":\"https:\\\/\\\/www.fastfrate.com\\\/en\\\/\",\"name\":\"The FastFrate Group\",\"description\":\"\",\"potentialAction\":[{\"@type\":\"SearchAction\",\"target\":{\"@type\":\"EntryPoint\",\"urlTemplate\":\"https:\\\/\\\/www.fastfrate.com\\\/en\\\/?s={search_term_string}\"},\"query-input\":{\"@type\":\"PropertyValueSpecification\",\"valueRequired\":true,\"valueName\":\"search_term_string\"}}],\"inLanguage\":\"en-CA\"}]}<\/script>\n<!-- \/ Yoast SEO plugin. -->","yoast_head_json":{"title":"CHALLENGER \u2013 TRANSPORT ROUTIER DE MARCHANDISES | Groupe Fastfrate","description":"Challenger est l\u2019une des plus grandes entreprises priv\u00e9es de transport et de logistique en Am\u00e9rique du Nord.","robots":{"index":"index","follow":"follow","max-snippet":"max-snippet:-1","max-image-preview":"max-image-preview:large","max-video-preview":"max-video-preview:-1"},"canonical":"https:\/\/www.fastfrate.com\/en\/societes\/challenger\/","og_locale":"en_US","og_type":"article","og_title":"CHALLENGER \u2013 TRANSPORT ROUTIER DE MARCHANDISES | Groupe Fastfrate","og_description":"Challenger est l\u2019une des plus grandes entreprises priv\u00e9es de transport et de logistique en Am\u00e9rique du Nord.","og_url":"https:\/\/www.fastfrate.com\/en\/societes\/challenger\/","og_site_name":"The FastFrate Group","article_modified_time":"2025-05-13T13:46:43+00:00","twitter_card":"summary_large_image","twitter_misc":{"Est. reading time":"3 minutes"},"schema":{"@context":"https:\/\/schema.org","@graph":[{"@type":"WebPage","@id":"https:\/\/www.fastfrate.com\/en\/societes\/challenger\/","url":"https:\/\/www.fastfrate.com\/en\/societes\/challenger\/","name":"CHALLENGER \u2013 TRANSPORT ROUTIER DE MARCHANDISES | Groupe Fastfrate","isPartOf":{"@id":"https:\/\/www.fastfrate.com\/en\/#website"},"datePublished":"2022-10-19T16:49:35+00:00","dateModified":"2025-05-13T13:46:43+00:00","description":"Challenger est l\u2019une des plus grandes entreprises priv\u00e9es de transport et de logistique en Am\u00e9rique du Nord.","breadcrumb":{"@id":"https:\/\/www.fastfrate.com\/en\/societes\/challenger\/#breadcrumb"},"inLanguage":"en-CA","potentialAction":[{"@type":"ReadAction","target":["https:\/\/www.fastfrate.com\/en\/societes\/challenger\/"]}]},{"@type":"BreadcrumbList","@id":"https:\/\/www.fastfrate.com\/en\/societes\/challenger\/#breadcrumb","itemListElement":[{"@type":"ListItem","position":1,"name":"Home","item":"https:\/\/www.fastfrate.com\/"},{"@type":"ListItem","position":2,"name":"Soci\u00e9t\u00e9s CHALLENGER"}]},{"@type":"WebSite","@id":"https:\/\/www.fastfrate.com\/en\/#website","url":"https:\/\/www.fastfrate.com\/en\/","name":"The FastFrate Group","description":"","potentialAction":[{"@type":"SearchAction","target":{"@type":"EntryPoint","urlTemplate":"https:\/\/www.fastfrate.com\/en\/?s={search_term_string}"},"query-input":{"@type":"PropertyValueSpecification","valueRequired":true,"valueName":"search_term_string"}}],"inLanguage":"en-CA"}]}},"_links":{"self":[{"href":"https:\/\/www.fastfrate.com\/en\/wp-json\/wp\/v2\/pages\/20851","targetHints":{"allow":["GET"]}}],"collection":[{"href":"https:\/\/www.fastfrate.com\/en\/wp-json\/wp\/v2\/pages"}],"about":[{"href":"https:\/\/www.fastfrate.com\/en\/wp-json\/wp\/v2\/types\/page"}],"author":[{"embeddable":true,"href":"https:\/\/www.fastfrate.com\/en\/wp-json\/wp\/v2\/users\/4"}],"replies":[{"embeddable":true,"href":"https:\/\/www.fastfrate.com\/en\/wp-json\/wp\/v2\/comments?post=20851"}],"version-history":[{"count":0,"href":"https:\/\/www.fastfrate.com\/en\/wp-json\/wp\/v2\/pages\/20851\/revisions"}],"wp:attachment":[{"href":"https:\/\/www.fastfrate.com\/en\/wp-json\/wp\/v2\/media?parent=20851"}],"wp:term":[{"taxonomy":"category","embeddable":true,"href":"https:\/\/www.fastfrate.com\/en\/wp-json\/wp\/v2\/categories?post=20851"},{"taxonomy":"post_tag","embeddable":true,"href":"https:\/\/www.fastfrate.com\/en\/wp-json\/wp\/v2\/tags?post=20851"}],"curies":[{"name":"wp","href":"https:\/\/api.w.org\/{rel}","templated":true}]}}