{"id":1769,"date":"2021-10-18T13:07:08","date_gmt":"2021-10-18T17:07:08","guid":{"rendered":"http:\/\/fastfrate-dev.local\/?page_id=1769"},"modified":"2024-04-24T16:53:04","modified_gmt":"2024-04-24T20:53:04","slug":"contactez-fastfrate-etats-unis","status":"publish","type":"page","link":"https:\/\/www.fastfrate.com\/en\/contactez-fastfrate-etats-unis\/","title":{"rendered":"contactez Fastfrate \u00e9tats-unis"},"content":{"rendered":"<div id=\"PageWrapperHome\" class=\"section1 Subpage SubpageStandard\">\n<div class=\"SubpageWrapper\">\n<div class=\"SubpageContentWrapper container\">\n<div class=\"ContentSubpageRight col-md-6 col-sm-12 col-xs-12\">\n<div class=\"ContentSubpageFeature hidden-xs hidden-sm\"><img decoding=\"async\" class=\"alignnone wp-image-1767 size-full\" src=\"https:\/\/www.fastfrate.com\/wp-content\/uploads\/2022\/02\/feature-image-contact-fastfrate-chicago.jpg\" alt=\"Sears Tower, Chicago Illinois\" width=\"573\" height=\"780\" srcset=\"https:\/\/www.fastfrate.com\/wp-content\/uploads\/2022\/02\/feature-image-contact-fastfrate-chicago.jpg 573w, https:\/\/www.fastfrate.com\/wp-content\/uploads\/2022\/02\/feature-image-contact-fastfrate-chicago-220x300.jpg 220w, https:\/\/www.fastfrate.com\/wp-content\/uploads\/2022\/02\/feature-image-contact-fastfrate-chicago-9x12.jpg 9w\" sizes=\"(max-width: 573px) 100vw, 573px\" \/><\/div>\n<\/div>\n<div class=\"ContentSubpageLeft col-md-6 col-sm-12 col-xs-12\">\n<div class=\"breadcrum-top\">Contactez Fastfrate<\/div>\n<div class=\"breadcrum-bottom\">\u00c9TATS-UNIS<\/div>\n<div class=\"ContentBody\">\n<h3 class=\"contact-h3 fr-font red\">CHICAGO<\/h3>\n<div class=\"column col-md-6 col-sm-6 col-xs-12 no-padding-left\">\n<p>1821 Walden Office Square<br \/>\nSuite #400<br \/>\nSchaumburg, IL 60173<\/p>\n<p><strong>TF:<\/strong>&nbsp;844.465.0884<\/p>\n<p><strong>T\u00e9l:<\/strong>&nbsp;312.319.9315<\/p>\n<p><strong>F:<\/strong>&nbsp;224.801.8178<\/p>\n<p><strong>Carrier Manager:<\/strong> <a href=\"mailto:princem@www.fastfrate.com\">Max Prince<\/a><\/p>\n<p><strong>Customer Sales Manager:<\/strong> <a href=\"mailto:CurryJ@www.fastfrate.com\">Jason A Curry<\/a><\/p>\n<\/div>\n<div class=\"column col-md-6 col-sm-6 col-xs-6 no-padding-left\"><\/div>\n<\/div>\n<\/div>\n<\/div>\n<\/div>\n<\/div>\n","protected":false},"excerpt":{"rendered":"<p>Contactez Fastfrate \u00c9TATS-UNIS CHICAGO 1821 Walden Office Square Suite #400 Schaumburg, IL 60173 TF:&nbsp;844.465.0884 T\u00e9l:&nbsp;312.319.9315 F:&nbsp;224.801.8178 Carrier Manager: Max Prince Customer Sales Manager: Jason A Curry<\/p>\n","protected":false},"author":1,"featured_media":0,"parent":0,"menu_order":0,"comment_status":"closed","ping_status":"closed","template":"page-about.php","meta":{"_acf_changed":false,"footnotes":""},"categories":[8],"tags":[],"class_list":["post-1769","page","type-page","status-publish","hentry","category-fr","entry"],"acf":[],"yoast_head":"<!-- This site is optimized with the Yoast SEO plugin v27.5 - https:\/\/yoast.com\/product\/yoast-seo-wordpress\/ -->\n<title>Services d&#039;exp\u00e9dition aux \u00c9tats-Unis | Fastfrate<\/title>\n<meta name=\"description\" content=\"Fastfrate est sp\u00e9cialis\u00e9 dans les services de transport et de cha\u00eene d&#039;approvisionnement, y compris les services intermodaux, LTL, TL pour les \u00c9tats-Unis.\" \/>\n<meta name=\"robots\" content=\"index, follow, max-snippet:-1, max-image-preview:large, max-video-preview:-1\" \/>\n<link rel=\"canonical\" href=\"https:\/\/www.fastfrate.com\/en\/contactez-fastfrate-etats-unis\/\" \/>\n<meta property=\"og:locale\" content=\"en_US\" \/>\n<meta property=\"og:type\" content=\"article\" \/>\n<meta property=\"og:title\" content=\"Services d&#039;exp\u00e9dition aux \u00c9tats-Unis | Fastfrate\" \/>\n<meta property=\"og:description\" content=\"Fastfrate est sp\u00e9cialis\u00e9 dans les services de transport et de cha\u00eene d&#039;approvisionnement, y compris les services intermodaux, LTL, TL pour les \u00c9tats-Unis.\" \/>\n<meta property=\"og:url\" content=\"https:\/\/www.fastfrate.com\/en\/contactez-fastfrate-etats-unis\/\" \/>\n<meta property=\"og:site_name\" content=\"The FastFrate Group\" \/>\n<meta property=\"article:modified_time\" content=\"2024-04-24T20:53:04+00:00\" \/>\n<meta property=\"og:image\" content=\"http:\/\/www.fastfrate.com\/wp-content\/uploads\/2022\/02\/feature-image-contact-fastfrate-chicago.jpg\" \/>\n<meta name=\"twitter:card\" content=\"summary_large_image\" \/>\n<meta name=\"twitter:label1\" content=\"Est. reading time\" \/>\n\t<meta name=\"twitter:data1\" content=\"1 minute\" \/>\n<script type=\"application\/ld+json\" class=\"yoast-schema-graph\">{\"@context\":\"https:\\\/\\\/schema.org\",\"@graph\":[{\"@type\":\"WebPage\",\"@id\":\"https:\\\/\\\/www.fastfrate.com\\\/en\\\/contactez-fastfrate-etats-unis\\\/\",\"url\":\"https:\\\/\\\/www.fastfrate.com\\\/en\\\/contactez-fastfrate-etats-unis\\\/\",\"name\":\"Services d'exp\u00e9dition aux \u00c9tats-Unis | Fastfrate\",\"isPartOf\":{\"@id\":\"https:\\\/\\\/www.fastfrate.com\\\/en\\\/#website\"},\"primaryImageOfPage\":{\"@id\":\"https:\\\/\\\/www.fastfrate.com\\\/en\\\/contactez-fastfrate-etats-unis\\\/#primaryimage\"},\"image\":{\"@id\":\"https:\\\/\\\/www.fastfrate.com\\\/en\\\/contactez-fastfrate-etats-unis\\\/#primaryimage\"},\"thumbnailUrl\":\"http:\\\/\\\/www.fastfrate.com\\\/wp-content\\\/uploads\\\/2022\\\/02\\\/feature-image-contact-fastfrate-chicago.jpg\",\"datePublished\":\"2021-10-18T17:07:08+00:00\",\"dateModified\":\"2024-04-24T20:53:04+00:00\",\"description\":\"Fastfrate est sp\u00e9cialis\u00e9 dans les services de transport et de cha\u00eene d'approvisionnement, y compris les services intermodaux, LTL, TL pour les \u00c9tats-Unis.\",\"breadcrumb\":{\"@id\":\"https:\\\/\\\/www.fastfrate.com\\\/en\\\/contactez-fastfrate-etats-unis\\\/#breadcrumb\"},\"inLanguage\":\"en-CA\",\"potentialAction\":[{\"@type\":\"ReadAction\",\"target\":[\"https:\\\/\\\/www.fastfrate.com\\\/en\\\/contactez-fastfrate-etats-unis\\\/\"]}]},{\"@type\":\"ImageObject\",\"inLanguage\":\"en-CA\",\"@id\":\"https:\\\/\\\/www.fastfrate.com\\\/en\\\/contactez-fastfrate-etats-unis\\\/#primaryimage\",\"url\":\"http:\\\/\\\/www.fastfrate.com\\\/wp-content\\\/uploads\\\/2022\\\/02\\\/feature-image-contact-fastfrate-chicago.jpg\",\"contentUrl\":\"http:\\\/\\\/www.fastfrate.com\\\/wp-content\\\/uploads\\\/2022\\\/02\\\/feature-image-contact-fastfrate-chicago.jpg\"},{\"@type\":\"BreadcrumbList\",\"@id\":\"https:\\\/\\\/www.fastfrate.com\\\/en\\\/contactez-fastfrate-etats-unis\\\/#breadcrumb\",\"itemListElement\":[{\"@type\":\"ListItem\",\"position\":1,\"name\":\"Home\",\"item\":\"https:\\\/\\\/www.fastfrate.com\\\/\"},{\"@type\":\"ListItem\",\"position\":2,\"name\":\"contactez Fastfrate \u00e9tats-unis\"}]},{\"@type\":\"WebSite\",\"@id\":\"https:\\\/\\\/www.fastfrate.com\\\/en\\\/#website\",\"url\":\"https:\\\/\\\/www.fastfrate.com\\\/en\\\/\",\"name\":\"The FastFrate Group\",\"description\":\"\",\"potentialAction\":[{\"@type\":\"SearchAction\",\"target\":{\"@type\":\"EntryPoint\",\"urlTemplate\":\"https:\\\/\\\/www.fastfrate.com\\\/en\\\/?s={search_term_string}\"},\"query-input\":{\"@type\":\"PropertyValueSpecification\",\"valueRequired\":true,\"valueName\":\"search_term_string\"}}],\"inLanguage\":\"en-CA\"}]}<\/script>\n<!-- \/ Yoast SEO plugin. -->","yoast_head_json":{"title":"Services d'exp\u00e9dition aux \u00c9tats-Unis | Fastfrate","description":"Fastfrate est sp\u00e9cialis\u00e9 dans les services de transport et de cha\u00eene d'approvisionnement, y compris les services intermodaux, LTL, TL pour les \u00c9tats-Unis.","robots":{"index":"index","follow":"follow","max-snippet":"max-snippet:-1","max-image-preview":"max-image-preview:large","max-video-preview":"max-video-preview:-1"},"canonical":"https:\/\/www.fastfrate.com\/en\/contactez-fastfrate-etats-unis\/","og_locale":"en_US","og_type":"article","og_title":"Services d'exp\u00e9dition aux \u00c9tats-Unis | Fastfrate","og_description":"Fastfrate est sp\u00e9cialis\u00e9 dans les services de transport et de cha\u00eene d'approvisionnement, y compris les services intermodaux, LTL, TL pour les \u00c9tats-Unis.","og_url":"https:\/\/www.fastfrate.com\/en\/contactez-fastfrate-etats-unis\/","og_site_name":"The FastFrate Group","article_modified_time":"2024-04-24T20:53:04+00:00","og_image":[{"url":"http:\/\/www.fastfrate.com\/wp-content\/uploads\/2022\/02\/feature-image-contact-fastfrate-chicago.jpg","type":"","width":"","height":""}],"twitter_card":"summary_large_image","twitter_misc":{"Est. reading time":"1 minute"},"schema":{"@context":"https:\/\/schema.org","@graph":[{"@type":"WebPage","@id":"https:\/\/www.fastfrate.com\/en\/contactez-fastfrate-etats-unis\/","url":"https:\/\/www.fastfrate.com\/en\/contactez-fastfrate-etats-unis\/","name":"Services d'exp\u00e9dition aux \u00c9tats-Unis | Fastfrate","isPartOf":{"@id":"https:\/\/www.fastfrate.com\/en\/#website"},"primaryImageOfPage":{"@id":"https:\/\/www.fastfrate.com\/en\/contactez-fastfrate-etats-unis\/#primaryimage"},"image":{"@id":"https:\/\/www.fastfrate.com\/en\/contactez-fastfrate-etats-unis\/#primaryimage"},"thumbnailUrl":"http:\/\/www.fastfrate.com\/wp-content\/uploads\/2022\/02\/feature-image-contact-fastfrate-chicago.jpg","datePublished":"2021-10-18T17:07:08+00:00","dateModified":"2024-04-24T20:53:04+00:00","description":"Fastfrate est sp\u00e9cialis\u00e9 dans les services de transport et de cha\u00eene d'approvisionnement, y compris les services intermodaux, LTL, TL pour les \u00c9tats-Unis.","breadcrumb":{"@id":"https:\/\/www.fastfrate.com\/en\/contactez-fastfrate-etats-unis\/#breadcrumb"},"inLanguage":"en-CA","potentialAction":[{"@type":"ReadAction","target":["https:\/\/www.fastfrate.com\/en\/contactez-fastfrate-etats-unis\/"]}]},{"@type":"ImageObject","inLanguage":"en-CA","@id":"https:\/\/www.fastfrate.com\/en\/contactez-fastfrate-etats-unis\/#primaryimage","url":"http:\/\/www.fastfrate.com\/wp-content\/uploads\/2022\/02\/feature-image-contact-fastfrate-chicago.jpg","contentUrl":"http:\/\/www.fastfrate.com\/wp-content\/uploads\/2022\/02\/feature-image-contact-fastfrate-chicago.jpg"},{"@type":"BreadcrumbList","@id":"https:\/\/www.fastfrate.com\/en\/contactez-fastfrate-etats-unis\/#breadcrumb","itemListElement":[{"@type":"ListItem","position":1,"name":"Home","item":"https:\/\/www.fastfrate.com\/"},{"@type":"ListItem","position":2,"name":"contactez Fastfrate \u00e9tats-unis"}]},{"@type":"WebSite","@id":"https:\/\/www.fastfrate.com\/en\/#website","url":"https:\/\/www.fastfrate.com\/en\/","name":"The FastFrate Group","description":"","potentialAction":[{"@type":"SearchAction","target":{"@type":"EntryPoint","urlTemplate":"https:\/\/www.fastfrate.com\/en\/?s={search_term_string}"},"query-input":{"@type":"PropertyValueSpecification","valueRequired":true,"valueName":"search_term_string"}}],"inLanguage":"en-CA"}]}},"_links":{"self":[{"href":"https:\/\/www.fastfrate.com\/en\/wp-json\/wp\/v2\/pages\/1769","targetHints":{"allow":["GET"]}}],"collection":[{"href":"https:\/\/www.fastfrate.com\/en\/wp-json\/wp\/v2\/pages"}],"about":[{"href":"https:\/\/www.fastfrate.com\/en\/wp-json\/wp\/v2\/types\/page"}],"author":[{"embeddable":true,"href":"https:\/\/www.fastfrate.com\/en\/wp-json\/wp\/v2\/users\/1"}],"replies":[{"embeddable":true,"href":"https:\/\/www.fastfrate.com\/en\/wp-json\/wp\/v2\/comments?post=1769"}],"version-history":[{"count":0,"href":"https:\/\/www.fastfrate.com\/en\/wp-json\/wp\/v2\/pages\/1769\/revisions"}],"wp:attachment":[{"href":"https:\/\/www.fastfrate.com\/en\/wp-json\/wp\/v2\/media?parent=1769"}],"wp:term":[{"taxonomy":"category","embeddable":true,"href":"https:\/\/www.fastfrate.com\/en\/wp-json\/wp\/v2\/categories?post=1769"},{"taxonomy":"post_tag","embeddable":true,"href":"https:\/\/www.fastfrate.com\/en\/wp-json\/wp\/v2\/tags?post=1769"}],"curies":[{"name":"wp","href":"https:\/\/api.w.org\/{rel}","templated":true}]}}