{"id":1088,"date":"2021-10-18T13:07:08","date_gmt":"2021-10-18T17:07:08","guid":{"rendered":"http:\/\/fastfrate-dev.local\/opportunities-careers-transportation-2\/"},"modified":"2024-04-24T16:56:32","modified_gmt":"2024-04-24T20:56:32","slug":"carrieres","status":"publish","type":"page","link":"https:\/\/www.fastfrate.com\/en\/carrieres\/","title":{"rendered":"Carrieres"},"content":{"rendered":"<div id=\"PageWrapperHome\" class=\"section1 Subpage SubpageStandard\">\n<div class=\"SubpageWrapper\">\n<div class=\"SubpageContentWrapper container\">\n<div class=\"ContentSubpageRight col-md-6 col-sm-12 col-xs-12\">\n<div class=\"ContentSubpageFeature hidden-xs hidden-sm\"><img decoding=\"async\" class=\"img-responsive\" src=\"https:\/\/www.fastfrate.com\/wp-content\/uploads\/2021\/10\/feature-image-opportunities-careers.jpg\" alt=\"chauffeur de camion debout \u00e0 c\u00f4t\u00e9 d\u2019un camion, tenant une tablette dans ses mains\"><\/div>\n<\/div>\n<div class=\"ContentSubpageLeft col-md-6 col-sm-12 col-xs-12\">\n<div class=\"breadcrum-top\">OFFRES D\u2019EMPLOI<\/div>\n<div class=\"breadcrum-bottom\">CARRI\u00c8RES<\/div>\n<div class=\"ContentBody\">\n<h2>Faites partie d\u2019une \u00e9quipe qui offre stabilit\u00e9, s\u00e9curit\u00e9 et des possibilit\u00e9s d\u2019un oc\u00e9an \u00e0 l\u2019autre<\/h2>\n<p>Le groupe Fastfrate est l\u2019une des plus importantes soci\u00e9t\u00e9s de transport au Canada, d\u2019un oc\u00e9an \u00e0 l\u2019autre. Nous \u00e9largissons sans cesse notre vaste r\u00e9seau structur\u00e9 par l\u2019ajout de nouvelles installations et <a href=\"http:\/\/www.fastfrate.com\/fr\/carte-des-services-au-canada\">de nouveaux services<\/a>; nous sommes par cons\u00e9quent toujours \u00e0 la recherche de personnes qui sauront nous aider \u00e0 grandir.<\/p>\n<p>Nous offrons des possibilit\u00e9s de carri\u00e8re int\u00e9ressantes en transport dans tous les secteurs de notre entreprise. Nous sommes activement \u00e0 la recherche de candidats \u00e0 des postes en administration, technologie, ventes, exploitation, service \u00e0 la client\u00e8le, manutention ainsi que des chauffeurs, pour n\u2019en nommer que quelques-uns.<\/p>\n<h2>Emplois \u00e0 pourvoir<\/h2>\n<p>Pour consulter une description plus d\u00e9taill\u00e9e du poste, cliquez sur le lien ci-dessous :<\/p>\n<h3>Travailleur de quai (tous les terminaux)<\/h3>\n<p>Pour soumettre votre candidature, faites-nous parvenir votre curriculum vitae \u00e0 titre confidentiel \u00e0 <a href=\"mailto:careers@www.fastfrate.com?subject=Dockworker\">careers@www.fastfrate.com <\/a>en indiquant le titre du poste qui vous int\u00e9resse dans la ligne d\u2019objet de votre message. Veuillez indiquer le lieu d\u2019emploi de votre choix pour que le bon membre de notre \u00e9quipe puisse entrer en communication avec vous.<\/p>\n<div class=\"button-download learn-more float-left\">Pour en savoir plus<\/div>\n<div class=\"clear\"><\/div>\n<\/div>\n<\/div>\n<\/div>\n<\/div>\n<\/div>\n","protected":false},"excerpt":{"rendered":"<p>OFFRES D\u2019EMPLOI CARRI\u00c8RES Faites partie d\u2019une \u00e9quipe qui offre stabilit\u00e9, s\u00e9curit\u00e9 et des possibilit\u00e9s d\u2019un oc\u00e9an \u00e0 l\u2019autre Le groupe Fastfrate est l\u2019une des plus importantes soci\u00e9t\u00e9s de transport au Canada, d\u2019un oc\u00e9an \u00e0 l\u2019autre. Nous \u00e9largissons sans cesse notre vaste r\u00e9seau structur\u00e9 par l\u2019ajout de nouvelles installations et de nouveaux services; nous sommes par&hellip; <a class=\"more-link\" href=\"https:\/\/www.fastfrate.com\/en\/carrieres\/\">Continue reading <span class=\"screen-reader-text\">Carrieres<\/span><\/a><\/p>\n","protected":false},"author":1,"featured_media":398,"parent":0,"menu_order":0,"comment_status":"closed","ping_status":"closed","template":"page-about-fr.php","meta":{"_acf_changed":false,"footnotes":""},"categories":[8],"tags":[],"class_list":["post-1088","page","type-page","status-publish","has-post-thumbnail","hentry","category-fr","entry"],"acf":[],"yoast_head":"<!-- This site is optimized with the Yoast SEO plugin v27.5 - https:\/\/yoast.com\/product\/yoast-seo-wordpress\/ -->\n<title>Possibilit\u00e9s de carri\u00e8re | Groupe Fastfrate | Offres d\u2019emploi<\/title>\n<meta name=\"description\" content=\"Entrez au service de Fastfrate et faites partie d\u2019une \u00e9quipe qui offre stabilit\u00e9, s\u00e9curit\u00e9 et des possibilit\u00e9s d\u2019un oc\u00e9an \u00e0 l\u2019autre alors que nous poursuivons notre croissance en compagnie de gens de qualit\u00e9.\" \/>\n<meta name=\"robots\" content=\"index, follow, max-snippet:-1, max-image-preview:large, max-video-preview:-1\" \/>\n<link rel=\"canonical\" href=\"https:\/\/www.fastfrate.com\/en\/carrieres\/\" \/>\n<meta property=\"og:locale\" content=\"en_US\" \/>\n<meta property=\"og:type\" content=\"article\" \/>\n<meta property=\"og:title\" content=\"Possibilit\u00e9s de carri\u00e8re | Groupe Fastfrate | Offres d\u2019emploi\" \/>\n<meta property=\"og:description\" content=\"Entrez au service de Fastfrate et faites partie d\u2019une \u00e9quipe qui offre stabilit\u00e9, s\u00e9curit\u00e9 et des possibilit\u00e9s d\u2019un oc\u00e9an \u00e0 l\u2019autre alors que nous poursuivons notre croissance en compagnie de gens de qualit\u00e9.\" \/>\n<meta property=\"og:url\" content=\"https:\/\/www.fastfrate.com\/en\/carrieres\/\" \/>\n<meta property=\"og:site_name\" content=\"The FastFrate Group\" \/>\n<meta property=\"article:modified_time\" content=\"2024-04-24T20:56:32+00:00\" \/>\n<meta property=\"og:image\" content=\"https:\/\/www.fastfrate.com\/wp-content\/uploads\/2021\/10\/feature-image-opportunities-careers.jpg\" \/>\n\t<meta property=\"og:image:width\" content=\"600\" \/>\n\t<meta property=\"og:image:height\" content=\"816\" \/>\n\t<meta property=\"og:image:type\" content=\"image\/jpeg\" \/>\n<meta name=\"twitter:card\" content=\"summary_large_image\" \/>\n<meta name=\"twitter:label1\" content=\"Est. reading time\" \/>\n\t<meta name=\"twitter:data1\" content=\"2 minutes\" \/>\n<script type=\"application\/ld+json\" class=\"yoast-schema-graph\">{\"@context\":\"https:\\\/\\\/schema.org\",\"@graph\":[{\"@type\":\"WebPage\",\"@id\":\"https:\\\/\\\/www.fastfrate.com\\\/en\\\/carrieres\\\/\",\"url\":\"https:\\\/\\\/www.fastfrate.com\\\/en\\\/carrieres\\\/\",\"name\":\"Possibilit\u00e9s de carri\u00e8re | Groupe Fastfrate | Offres d\u2019emploi\",\"isPartOf\":{\"@id\":\"https:\\\/\\\/www.fastfrate.com\\\/en\\\/#website\"},\"primaryImageOfPage\":{\"@id\":\"https:\\\/\\\/www.fastfrate.com\\\/en\\\/carrieres\\\/#primaryimage\"},\"image\":{\"@id\":\"https:\\\/\\\/www.fastfrate.com\\\/en\\\/carrieres\\\/#primaryimage\"},\"thumbnailUrl\":\"https:\\\/\\\/www.fastfrate.com\\\/wp-content\\\/uploads\\\/2021\\\/10\\\/feature-image-opportunities-careers.jpg\",\"datePublished\":\"2021-10-18T17:07:08+00:00\",\"dateModified\":\"2024-04-24T20:56:32+00:00\",\"description\":\"Entrez au service de Fastfrate et faites partie d\u2019une \u00e9quipe qui offre stabilit\u00e9, s\u00e9curit\u00e9 et des possibilit\u00e9s d\u2019un oc\u00e9an \u00e0 l\u2019autre alors que nous poursuivons notre croissance en compagnie de gens de qualit\u00e9.\",\"breadcrumb\":{\"@id\":\"https:\\\/\\\/www.fastfrate.com\\\/en\\\/carrieres\\\/#breadcrumb\"},\"inLanguage\":\"en-CA\",\"potentialAction\":[{\"@type\":\"ReadAction\",\"target\":[\"https:\\\/\\\/www.fastfrate.com\\\/en\\\/carrieres\\\/\"]}]},{\"@type\":\"ImageObject\",\"inLanguage\":\"en-CA\",\"@id\":\"https:\\\/\\\/www.fastfrate.com\\\/en\\\/carrieres\\\/#primaryimage\",\"url\":\"https:\\\/\\\/www.fastfrate.com\\\/wp-content\\\/uploads\\\/2021\\\/10\\\/feature-image-opportunities-careers.jpg\",\"contentUrl\":\"https:\\\/\\\/www.fastfrate.com\\\/wp-content\\\/uploads\\\/2021\\\/10\\\/feature-image-opportunities-careers.jpg\",\"width\":600,\"height\":816,\"caption\":\"truck driver standing beside a transport truck, holding a tablet\"},{\"@type\":\"BreadcrumbList\",\"@id\":\"https:\\\/\\\/www.fastfrate.com\\\/en\\\/carrieres\\\/#breadcrumb\",\"itemListElement\":[{\"@type\":\"ListItem\",\"position\":1,\"name\":\"Home\",\"item\":\"https:\\\/\\\/www.fastfrate.com\\\/\"},{\"@type\":\"ListItem\",\"position\":2,\"name\":\"Carrieres\"}]},{\"@type\":\"WebSite\",\"@id\":\"https:\\\/\\\/www.fastfrate.com\\\/en\\\/#website\",\"url\":\"https:\\\/\\\/www.fastfrate.com\\\/en\\\/\",\"name\":\"The FastFrate Group\",\"description\":\"\",\"potentialAction\":[{\"@type\":\"SearchAction\",\"target\":{\"@type\":\"EntryPoint\",\"urlTemplate\":\"https:\\\/\\\/www.fastfrate.com\\\/en\\\/?s={search_term_string}\"},\"query-input\":{\"@type\":\"PropertyValueSpecification\",\"valueRequired\":true,\"valueName\":\"search_term_string\"}}],\"inLanguage\":\"en-CA\"}]}<\/script>\n<!-- \/ Yoast SEO plugin. -->","yoast_head_json":{"title":"Possibilit\u00e9s de carri\u00e8re | Groupe Fastfrate | Offres d\u2019emploi","description":"Entrez au service de Fastfrate et faites partie d\u2019une \u00e9quipe qui offre stabilit\u00e9, s\u00e9curit\u00e9 et des possibilit\u00e9s d\u2019un oc\u00e9an \u00e0 l\u2019autre alors que nous poursuivons notre croissance en compagnie de gens de qualit\u00e9.","robots":{"index":"index","follow":"follow","max-snippet":"max-snippet:-1","max-image-preview":"max-image-preview:large","max-video-preview":"max-video-preview:-1"},"canonical":"https:\/\/www.fastfrate.com\/en\/carrieres\/","og_locale":"en_US","og_type":"article","og_title":"Possibilit\u00e9s de carri\u00e8re | Groupe Fastfrate | Offres d\u2019emploi","og_description":"Entrez au service de Fastfrate et faites partie d\u2019une \u00e9quipe qui offre stabilit\u00e9, s\u00e9curit\u00e9 et des possibilit\u00e9s d\u2019un oc\u00e9an \u00e0 l\u2019autre alors que nous poursuivons notre croissance en compagnie de gens de qualit\u00e9.","og_url":"https:\/\/www.fastfrate.com\/en\/carrieres\/","og_site_name":"The FastFrate Group","article_modified_time":"2024-04-24T20:56:32+00:00","og_image":[{"width":600,"height":816,"url":"https:\/\/www.fastfrate.com\/wp-content\/uploads\/2021\/10\/feature-image-opportunities-careers.jpg","type":"image\/jpeg"}],"twitter_card":"summary_large_image","twitter_misc":{"Est. reading time":"2 minutes"},"schema":{"@context":"https:\/\/schema.org","@graph":[{"@type":"WebPage","@id":"https:\/\/www.fastfrate.com\/en\/carrieres\/","url":"https:\/\/www.fastfrate.com\/en\/carrieres\/","name":"Possibilit\u00e9s de carri\u00e8re | Groupe Fastfrate | Offres d\u2019emploi","isPartOf":{"@id":"https:\/\/www.fastfrate.com\/en\/#website"},"primaryImageOfPage":{"@id":"https:\/\/www.fastfrate.com\/en\/carrieres\/#primaryimage"},"image":{"@id":"https:\/\/www.fastfrate.com\/en\/carrieres\/#primaryimage"},"thumbnailUrl":"https:\/\/www.fastfrate.com\/wp-content\/uploads\/2021\/10\/feature-image-opportunities-careers.jpg","datePublished":"2021-10-18T17:07:08+00:00","dateModified":"2024-04-24T20:56:32+00:00","description":"Entrez au service de Fastfrate et faites partie d\u2019une \u00e9quipe qui offre stabilit\u00e9, s\u00e9curit\u00e9 et des possibilit\u00e9s d\u2019un oc\u00e9an \u00e0 l\u2019autre alors que nous poursuivons notre croissance en compagnie de gens de qualit\u00e9.","breadcrumb":{"@id":"https:\/\/www.fastfrate.com\/en\/carrieres\/#breadcrumb"},"inLanguage":"en-CA","potentialAction":[{"@type":"ReadAction","target":["https:\/\/www.fastfrate.com\/en\/carrieres\/"]}]},{"@type":"ImageObject","inLanguage":"en-CA","@id":"https:\/\/www.fastfrate.com\/en\/carrieres\/#primaryimage","url":"https:\/\/www.fastfrate.com\/wp-content\/uploads\/2021\/10\/feature-image-opportunities-careers.jpg","contentUrl":"https:\/\/www.fastfrate.com\/wp-content\/uploads\/2021\/10\/feature-image-opportunities-careers.jpg","width":600,"height":816,"caption":"truck driver standing beside a transport truck, holding a tablet"},{"@type":"BreadcrumbList","@id":"https:\/\/www.fastfrate.com\/en\/carrieres\/#breadcrumb","itemListElement":[{"@type":"ListItem","position":1,"name":"Home","item":"https:\/\/www.fastfrate.com\/"},{"@type":"ListItem","position":2,"name":"Carrieres"}]},{"@type":"WebSite","@id":"https:\/\/www.fastfrate.com\/en\/#website","url":"https:\/\/www.fastfrate.com\/en\/","name":"The FastFrate Group","description":"","potentialAction":[{"@type":"SearchAction","target":{"@type":"EntryPoint","urlTemplate":"https:\/\/www.fastfrate.com\/en\/?s={search_term_string}"},"query-input":{"@type":"PropertyValueSpecification","valueRequired":true,"valueName":"search_term_string"}}],"inLanguage":"en-CA"}]}},"_links":{"self":[{"href":"https:\/\/www.fastfrate.com\/en\/wp-json\/wp\/v2\/pages\/1088","targetHints":{"allow":["GET"]}}],"collection":[{"href":"https:\/\/www.fastfrate.com\/en\/wp-json\/wp\/v2\/pages"}],"about":[{"href":"https:\/\/www.fastfrate.com\/en\/wp-json\/wp\/v2\/types\/page"}],"author":[{"embeddable":true,"href":"https:\/\/www.fastfrate.com\/en\/wp-json\/wp\/v2\/users\/1"}],"replies":[{"embeddable":true,"href":"https:\/\/www.fastfrate.com\/en\/wp-json\/wp\/v2\/comments?post=1088"}],"version-history":[{"count":0,"href":"https:\/\/www.fastfrate.com\/en\/wp-json\/wp\/v2\/pages\/1088\/revisions"}],"wp:featuredmedia":[{"embeddable":true,"href":"https:\/\/www.fastfrate.com\/en\/wp-json\/wp\/v2\/media\/398"}],"wp:attachment":[{"href":"https:\/\/www.fastfrate.com\/en\/wp-json\/wp\/v2\/media?parent=1088"}],"wp:term":[{"taxonomy":"category","embeddable":true,"href":"https:\/\/www.fastfrate.com\/en\/wp-json\/wp\/v2\/categories?post=1088"},{"taxonomy":"post_tag","embeddable":true,"href":"https:\/\/www.fastfrate.com\/en\/wp-json\/wp\/v2\/tags?post=1088"}],"curies":[{"name":"wp","href":"https:\/\/api.w.org\/{rel}","templated":true}]}}